    {"id":191,"date":"2016-09-20T14:50:31","date_gmt":"2016-09-20T13:50:31","guid":{"rendered":"http:\/\/vacances-seasonova.com\/?page_id=191"},"modified":"2025-08-29T10:35:41","modified_gmt":"2025-08-29T08:35:41","slug":"comites-dentreprise","status":"publish","type":"page","link":"https:\/\/vacances-seasonova.com\/fr\/offres-comites-dentreprise\/","title":{"rendered":"Offres Comit\u00e9s d&#8217;entreprise"},"content":{"rendered":"<p><\/p>\n<h2>LES VACANCES PARTAGEES EN TOUTE SERENITE<\/h2>\n<p>Offrir \u00e0 vos collaborateurs des vacances dans l\u2019une des\u00a0<strong><a href=\"https:\/\/vacances-seasonova.com\/campings\/\">destinations SEASONOVA<\/a><\/strong>, c\u2019est l\u2019assurance de partager des moments de d\u00e9tente et de convivialit\u00e9 dans un environnement pr\u00e9serv\u00e9 et de profiter de prestations de qualit\u00e9.<\/p>\n<h3>Des Campings 3 et 4 \u00e9toiles pour le bonheur de tous<\/h3>\n<p>Les vacances d\u2019une nouvelle saison, en couple, en familles ou entre amis, nous vous proposons des escapades au sein de <strong>camping \u00e0 taille humaine<\/strong> o\u00f9 bien \u00eatre et nature sont toujours privil\u00e9gi\u00e9 &#8230;<\/p>\n<p><strong>Camping de bord de mer<\/strong> ou <strong>camping de campagne<\/strong> pour<strong> des vacances familiales<\/strong> \u00e9panouissante. Faites profiter \u00e0 vos collaborateurs de <strong>camping avec piscine couverte<\/strong> des vacances de P\u00e2ques aux vacances de la Toussaint<\/p>\n<h3>L&rsquo; OFFRE COMITE D&rsquo;ENTREPRISE<\/h3>\n<p><a href=\"https:\/\/vacances-seasonova.com\/wp-content\/uploads\/2019\/02\/plaquette-CE.pdf\" download=\"plaquette-CE\">T\u00e9l\u00e9charger notre brochure i\u00e7i<\/a><\/p>\n<div class=\"col-lg-4 col-md-4 block-offre-tarif\">\n<p class=\"block-img\"><img loading=\"lazy\" class=\"alignnone wp-image-9854\" src=\"https:\/\/vacances-seasonova.com\/wp-content\/uploads\/2019\/02\/VIGNETTE-Formule-Privile\u0300ge-CE.jpg\" alt=\"\" width=\"300\" height=\"211\" \/><\/p>\n<h3 class=\"titre-promo-tarif\">Formule Privilege CE<\/h3>\n<p class=\"block-img\">Elle vous permet d\u2019obtenir des r\u00e9ductions sur tous les campings SEASONOVA et tout au long de la saison.<\/p>\n<p><a href=\"\/formule-privilege-ce\"><button class=\"btn-acoce\" type=\"button\">En Savoir Plus<\/button><\/a><\/p>\n<\/div>\n<div class=\"col-lg-4 col-md-4 block-offre-tarif\">\n<p class=\"block-img\"><img loading=\"lazy\" class=\"alignnone wp-image-9853\" src=\"https:\/\/vacances-seasonova.com\/wp-content\/uploads\/2019\/02\/VIGNETTE-BOUQUET-DE-SEMAINE-CE.jpg\" alt=\"\" width=\"300\" height=\"211\" \/><\/p>\n<h3 class=\"titre-promo-tarif\">Bouquet de Semaine<\/h3>\n<p class=\"block-img\">Profitez de cette offre \u00ab\u00a0bouquet de semaine\u00a0\u00bb pour proposer \u00e0 vos salari\u00e9s de partir en vacances \u00e0 des prix tr\u00e8s avantageux.<\/p>\n<p><a href=\"\/bouquet-de-semaines\"><button class=\"btn-acoce\" type=\"button\">En Savoir Plus<\/button><\/a><\/p>\n<\/div>\n<div class=\"col-lg-4 col-md-4 block-offre-tarif\">\n<p class=\"block-img\"><img loading=\"lazy\" class=\"alignnone wp-image-9855\" src=\"https:\/\/vacances-seasonova.com\/wp-content\/uploads\/2019\/02\/VIGNETTE-LINEAIRE-CE.jpg\" alt=\"\" width=\"300\" height=\"211\" \/><\/p>\n<h3 class=\"titre-promo-tarif\">Lin\u00e9aire<\/h3>\n<p class=\"block-img\">Envie de garantir \u00e0 vos salari\u00e9s un h\u00e9bergement de vacances pendant l\u2019\u00e9t\u00e9 ou hors saison\u00a0?\u00a0 choisissez l\u2019option du Lin\u00e9aire.<\/p>\n<p><a href=\"\/lineaire\/\"><button class=\"btn-acoce\" type=\"button\">Contactez-nous<\/button><\/a><\/p>\n<\/div>\n<p><\/p>","protected":false},"excerpt":{"rendered":"<p>LES VACANCES PARTAGEES EN TOUTE SERENITE Offrir \u00e0 vos collaborateurs des vacances dans l\u2019une des\u00a0destinations SEASONOVA, c\u2019est l\u2019assurance de partager des moments de d\u00e9tente et de convivialit\u00e9 dans un [&#8230;]<\/p>\n","protected":false},"author":3,"featured_media":52,"parent":0,"menu_order":0,"comment_status":"closed","ping_status":"closed","template":"page-promo.php","meta":[],"yoast_head":"<!-- This site is optimized with the Yoast SEO plugin v18.1 - https:\/\/yoast.com\/wordpress\/plugins\/seo\/ -->\n<meta name=\"robots\" content=\"index, follow, max-snippet:-1, max-image-preview:large, max-video-preview:-1\" \/>\n<link rel=\"canonical\" href=\"https:\/\/vacances-seasonova.com\/fr\/lodging-employee-committees\/\" \/>\n<meta property=\"og:locale\" content=\"fr_FR\" \/>\n<meta property=\"og:type\" content=\"article\" \/>\n<meta property=\"og:title\" content=\"Offres Comit\u00e9s d&rsquo;entreprise - Seasonova | Campings Normandie, Bretagne, Pays de La Loire et Alsace\" \/>\n<meta property=\"og:description\" content=\"LES VACANCES PARTAGEES EN TOUTE SERENITE Offrir \u00e0 vos collaborateurs des vacances dans l\u2019une des\u00a0destinations SEASONOVA, c\u2019est l\u2019assurance de partager des moments de d\u00e9tente et de convivialit\u00e9 dans un [...]\" \/>\n<meta property=\"og:url\" content=\"https:\/\/vacances-seasonova.com\/en\/lodging-employee-committees\/\" \/>\n<meta property=\"og:site_name\" content=\"Seasonova | Campings Normandie, Bretagne, Pays de La Loire et Alsace\" \/>\n<meta property=\"article:modified_time\" content=\"2025-08-29T08:35:41+00:00\" \/>\n<meta property=\"og:image\" content=\"https:\/\/vacances-seasonova.com\/wp-content\/uploads\/2016\/09\/bg-esprit-seasonova.jpg\" \/>\n\t<meta property=\"og:image:width\" content=\"1480\" \/>\n\t<meta property=\"og:image:height\" content=\"450\" \/>\n\t<meta property=\"og:image:type\" content=\"image\/jpeg\" \/>\n<meta name=\"twitter:card\" content=\"summary\" \/>\n<meta name=\"twitter:label1\" content=\"Dur\u00e9e de lecture estim\u00e9e\" \/>\n\t<meta name=\"twitter:data1\" content=\"4 minutes\" \/>\n<script type=\"application\/ld+json\" class=\"yoast-schema-graph\">{\"@context\":\"https:\/\/schema.org\",\"@graph\":[{\"@type\":\"WebSite\",\"@id\":\"https:\/\/vacances-seasonova.com\/fr\/#website\",\"url\":\"https:\/\/vacances-seasonova.com\/fr\/\",\"name\":\"Seasonova | Campings Normandie, Bretagne, Pays de La Loire et Alsace\",\"description\":\"\",\"potentialAction\":[{\"@type\":\"SearchAction\",\"target\":{\"@type\":\"EntryPoint\",\"urlTemplate\":\"https:\/\/vacances-seasonova.com\/fr\/?s={search_term_string}\"},\"query-input\":\"required name=search_term_string\"}],\"inLanguage\":\"fr-FR\"},{\"@type\":\"ImageObject\",\"@id\":\"https:\/\/vacances-seasonova.com\/en\/lodging-employee-committees\/#primaryimage\",\"inLanguage\":\"fr-FR\",\"url\":\"https:\/\/vacances-seasonova.com\/wp-content\/uploads\/2016\/09\/bg-esprit-seasonova.jpg\",\"contentUrl\":\"https:\/\/vacances-seasonova.com\/wp-content\/uploads\/2016\/09\/bg-esprit-seasonova.jpg\",\"width\":1480,\"height\":450,\"caption\":\"FAQ camping nature Seasonova\"},{\"@type\":\"WebPage\",\"@id\":\"https:\/\/vacances-seasonova.com\/en\/lodging-employee-committees\/#webpage\",\"url\":\"https:\/\/vacances-seasonova.com\/en\/lodging-employee-committees\/\",\"name\":\"Offres Comit\u00e9s d&rsquo;entreprise - Seasonova | Campings Normandie, Bretagne, Pays de La Loire et Alsace\",\"isPartOf\":{\"@id\":\"https:\/\/vacances-seasonova.com\/fr\/#website\"},\"primaryImageOfPage\":{\"@id\":\"https:\/\/vacances-seasonova.com\/en\/lodging-employee-committees\/#primaryimage\"},\"datePublished\":\"2016-09-20T13:50:31+00:00\",\"dateModified\":\"2025-08-29T08:35:41+00:00\",\"breadcrumb\":{\"@id\":\"https:\/\/vacances-seasonova.com\/en\/lodging-employee-committees\/#breadcrumb\"},\"inLanguage\":\"fr-FR\",\"potentialAction\":[{\"@type\":\"ReadAction\",\"target\":[\"https:\/\/vacances-seasonova.com\/en\/lodging-employee-committees\/\"]}]},{\"@type\":\"BreadcrumbList\",\"@id\":\"https:\/\/vacances-seasonova.com\/en\/lodging-employee-committees\/#breadcrumb\",\"itemListElement\":[{\"@type\":\"ListItem\",\"position\":1,\"name\":\"Accueil\",\"item\":\"https:\/\/vacances-seasonova.com\/nl\/\"},{\"@type\":\"ListItem\",\"position\":2,\"name\":\"Offres Comit\u00e9s d&#8217;entreprise\"}]}]}<\/script>\n<!-- \/ Yoast SEO plugin. -->","yoast_head_json":{"robots":{"index":"index","follow":"follow","max-snippet":"max-snippet:-1","max-image-preview":"max-image-preview:large","max-video-preview":"max-video-preview:-1"},"canonical":"https:\/\/vacances-seasonova.com\/fr\/lodging-employee-committees\/","og_locale":"fr_FR","og_type":"article","og_title":"Offres Comit\u00e9s d&rsquo;entreprise - Seasonova | Campings Normandie, Bretagne, Pays de La Loire et Alsace","og_description":"LES VACANCES PARTAGEES EN TOUTE SERENITE Offrir \u00e0 vos collaborateurs des vacances dans l\u2019une des\u00a0destinations SEASONOVA, c\u2019est l\u2019assurance de partager des moments de d\u00e9tente et de convivialit\u00e9 dans un [...]","og_url":"https:\/\/vacances-seasonova.com\/en\/lodging-employee-committees\/","og_site_name":"Seasonova | Campings Normandie, Bretagne, Pays de La Loire et Alsace","article_modified_time":"2025-08-29T08:35:41+00:00","og_image":[{"width":1480,"height":450,"url":"https:\/\/vacances-seasonova.com\/wp-content\/uploads\/2016\/09\/bg-esprit-seasonova.jpg","type":"image\/jpeg"}],"twitter_card":"summary","twitter_misc":{"Dur\u00e9e de lecture estim\u00e9e":"4 minutes"},"schema":{"@context":"https:\/\/schema.org","@graph":[{"@type":"WebSite","@id":"https:\/\/vacances-seasonova.com\/fr\/#website","url":"https:\/\/vacances-seasonova.com\/fr\/","name":"Seasonova | Campings Normandie, Bretagne, Pays de La Loire et Alsace","description":"","potentialAction":[{"@type":"SearchAction","target":{"@type":"EntryPoint","urlTemplate":"https:\/\/vacances-seasonova.com\/fr\/?s={search_term_string}"},"query-input":"required name=search_term_string"}],"inLanguage":"fr-FR"},{"@type":"ImageObject","@id":"https:\/\/vacances-seasonova.com\/en\/lodging-employee-committees\/#primaryimage","inLanguage":"fr-FR","url":"https:\/\/vacances-seasonova.com\/wp-content\/uploads\/2016\/09\/bg-esprit-seasonova.jpg","contentUrl":"https:\/\/vacances-seasonova.com\/wp-content\/uploads\/2016\/09\/bg-esprit-seasonova.jpg","width":1480,"height":450,"caption":"FAQ camping nature Seasonova"},{"@type":"WebPage","@id":"https:\/\/vacances-seasonova.com\/en\/lodging-employee-committees\/#webpage","url":"https:\/\/vacances-seasonova.com\/en\/lodging-employee-committees\/","name":"Offres Comit\u00e9s d&rsquo;entreprise - Seasonova | Campings Normandie, Bretagne, Pays de La Loire et Alsace","isPartOf":{"@id":"https:\/\/vacances-seasonova.com\/fr\/#website"},"primaryImageOfPage":{"@id":"https:\/\/vacances-seasonova.com\/en\/lodging-employee-committees\/#primaryimage"},"datePublished":"2016-09-20T13:50:31+00:00","dateModified":"2025-08-29T08:35:41+00:00","breadcrumb":{"@id":"https:\/\/vacances-seasonova.com\/en\/lodging-employee-committees\/#breadcrumb"},"inLanguage":"fr-FR","potentialAction":[{"@type":"ReadAction","target":["https:\/\/vacances-seasonova.com\/en\/lodging-employee-committees\/"]}]},{"@type":"BreadcrumbList","@id":"https:\/\/vacances-seasonova.com\/en\/lodging-employee-committees\/#breadcrumb","itemListElement":[{"@type":"ListItem","position":1,"name":"Accueil","item":"https:\/\/vacances-seasonova.com\/nl\/"},{"@type":"ListItem","position":2,"name":"Offres Comit\u00e9s d&#8217;entreprise"}]}]}},"_links":{"self":[{"href":"https:\/\/vacances-seasonova.com\/fr\/wp-json\/wp\/v2\/pages\/191"}],"collection":[{"href":"https:\/\/vacances-seasonova.com\/fr\/wp-json\/wp\/v2\/pages"}],"about":[{"href":"https:\/\/vacances-seasonova.com\/fr\/wp-json\/wp\/v2\/types\/page"}],"author":[{"embeddable":true,"href":"https:\/\/vacances-seasonova.com\/fr\/wp-json\/wp\/v2\/users\/3"}],"replies":[{"embeddable":true,"href":"https:\/\/vacances-seasonova.com\/fr\/wp-json\/wp\/v2\/comments?post=191"}],"version-history":[{"count":2,"href":"https:\/\/vacances-seasonova.com\/fr\/wp-json\/wp\/v2\/pages\/191\/revisions"}],"predecessor-version":[{"id":51864,"href":"https:\/\/vacances-seasonova.com\/fr\/wp-json\/wp\/v2\/pages\/191\/revisions\/51864"}],"wp:featuredmedia":[{"embeddable":true,"href":"https:\/\/vacances-seasonova.com\/fr\/wp-json\/wp\/v2\/media\/52"}],"wp:attachment":[{"href":"https:\/\/vacances-seasonova.com\/fr\/wp-json\/wp\/v2\/media?parent=191"}],"curies":[{"name":"wp","href":"https:\/\/api.w.org\/{rel}","templated":true}]}}