    {"id":19193,"date":"2020-06-29T12:14:27","date_gmt":"2020-06-29T10:14:27","guid":{"rendered":"https:\/\/vacances-seasonova.com\/fr\/?page_id=19193"},"modified":"2021-05-19T16:16:01","modified_gmt":"2021-05-19T14:16:01","slug":"chers-vacanciers","status":"publish","type":"page","link":"https:\/\/vacances-seasonova.com\/fr\/chers-vacanciers\/","title":{"rendered":"Chers vacanciers"},"content":{"rendered":"<p><\/p>\n<h2 style=\"text-align: center;\"><\/h2>\n<h3 style=\"text-align: center;\">Nous esp\u00e9rons que vous passez un bon s\u00e9jour au sein de notre <strong>camping Seasonova.<\/strong><\/h3>\n<h4 style=\"text-align: center;\">Avant votre d\u00e9part, nous vous remercions de :<\/h4>\n<ul>\n<li>prendre rendez-vous d\u00e8s que possible pour l\u2019<strong>\u00e9tat des lieux<\/strong> de d\u00e9part \u00e0 la r\u00e9ception. (<strong>d\u00e9part avant 10 h<\/strong>).<\/li>\n<\/ul>\n<ul>\n<li>Enlever les <strong>protections jetables<\/strong>, les mettre dans un sac poubelle ferm\u00e9, et les d\u00e9poser au container.<\/li>\n<\/ul>\n<ul>\n<li>Laisser chaque <strong>fen\u00eatre du locatif ouverte<\/strong> ainsi que les portes de placard.<\/li>\n<\/ul>\n<ul>\n<li>Sortir la <strong>vaisselle sur la table<\/strong>.<\/li>\n<\/ul>\n<ul>\n<li>Si nous vous avons fournis des <strong>draps<\/strong>, nous vous remercions de les enlever et de les d\u00e9poser \u00e0 l\u2019abris sur la terrasse.<\/li>\n<\/ul>\n<p style=\"text-align: center;\">Enfin, n\u2019oubliez pas de nous remettre votre <strong>questionnaire satisfaction<\/strong> &#x1f60a;<\/p>\n<p style=\"text-align: center;\">Toute l\u2019\u00e9quipe vous remercie pour votre collaboration !<br \/>\nA tr\u00e8s vite au sein de nos <strong>campings Seasonova<\/strong> !<\/p>\n<p><\/p>","protected":false},"excerpt":{"rendered":"<p>Nous esp\u00e9rons que vous passez un bon s\u00e9jour au sein de notre camping Seasonova. Avant votre d\u00e9part, nous vous remercions de : prendre rendez-vous d\u00e8s que possible pour l\u2019\u00e9tat des lieux de d\u00e9part \u00e0 la r\u00e9ception. [&#8230;]<\/p>\n","protected":false},"author":2,"featured_media":16831,"parent":0,"menu_order":0,"comment_status":"closed","ping_status":"closed","template":"","meta":[],"yoast_head":"<!-- This site is optimized with the Yoast SEO plugin v18.1 - https:\/\/yoast.com\/wordpress\/plugins\/seo\/ -->\n<meta name=\"robots\" content=\"index, follow, max-snippet:-1, max-image-preview:large, max-video-preview:-1\" \/>\n<link rel=\"canonical\" href=\"https:\/\/vacances-seasonova.com\/fr\/chers-vacanciers\/\" \/>\n<meta property=\"og:locale\" content=\"fr_FR\" \/>\n<meta property=\"og:type\" content=\"article\" \/>\n<meta property=\"og:title\" content=\"Chers vacanciers - Seasonova | Campings Normandie, Bretagne, Pays de La Loire et Alsace\" \/>\n<meta property=\"og:description\" content=\"Nous esp\u00e9rons que vous passez un bon s\u00e9jour au sein de notre camping Seasonova. Avant votre d\u00e9part, nous vous remercions de : prendre rendez-vous d\u00e8s que possible pour l\u2019\u00e9tat des lieux de d\u00e9part \u00e0 la r\u00e9ception. [...]\" \/>\n<meta property=\"og:url\" content=\"https:\/\/vacances-seasonova.com\/nl\/chers-vacanciers\/\" \/>\n<meta property=\"og:site_name\" content=\"Seasonova | Campings Normandie, Bretagne, Pays de La Loire et Alsace\" \/>\n<meta property=\"article:modified_time\" content=\"2021-05-19T14:16:01+00:00\" \/>\n<meta property=\"og:image\" content=\"https:\/\/vacances-seasonova.com\/wp-content\/uploads\/2020\/02\/vacances-hamac-654x450.jpeg\" \/>\n\t<meta property=\"og:image:width\" content=\"654\" \/>\n\t<meta property=\"og:image:height\" content=\"450\" \/>\n\t<meta property=\"og:image:type\" content=\"image\/jpeg\" \/>\n<meta name=\"twitter:card\" content=\"summary\" \/>\n<meta name=\"twitter:label1\" content=\"Dur\u00e9e de lecture estim\u00e9e\" \/>\n\t<meta name=\"twitter:data1\" content=\"3 minutes\" \/>\n<script type=\"application\/ld+json\" class=\"yoast-schema-graph\">{\"@context\":\"https:\/\/schema.org\",\"@graph\":[{\"@type\":\"WebSite\",\"@id\":\"https:\/\/vacances-seasonova.com\/fr\/#website\",\"url\":\"https:\/\/vacances-seasonova.com\/fr\/\",\"name\":\"Seasonova | Campings Normandie, Bretagne, Pays de La Loire et Alsace\",\"description\":\"\",\"potentialAction\":[{\"@type\":\"SearchAction\",\"target\":{\"@type\":\"EntryPoint\",\"urlTemplate\":\"https:\/\/vacances-seasonova.com\/fr\/?s={search_term_string}\"},\"query-input\":\"required name=search_term_string\"}],\"inLanguage\":\"fr-FR\"},{\"@type\":\"ImageObject\",\"@id\":\"https:\/\/vacances-seasonova.com\/nl\/chers-vacanciers\/#primaryimage\",\"inLanguage\":\"fr-FR\",\"url\":\"https:\/\/vacances-seasonova.com\/wp-content\/uploads\/2020\/02\/vacances-hamac-e1654607851528.jpeg\",\"contentUrl\":\"https:\/\/vacances-seasonova.com\/wp-content\/uploads\/2020\/02\/vacances-hamac-e1654607851528.jpeg\",\"width\":1920,\"height\":1321,\"caption\":\"hamac Seasonova\"},{\"@type\":\"WebPage\",\"@id\":\"https:\/\/vacances-seasonova.com\/nl\/chers-vacanciers\/#webpage\",\"url\":\"https:\/\/vacances-seasonova.com\/nl\/chers-vacanciers\/\",\"name\":\"Chers vacanciers - Seasonova | Campings Normandie, Bretagne, Pays de La Loire et Alsace\",\"isPartOf\":{\"@id\":\"https:\/\/vacances-seasonova.com\/fr\/#website\"},\"primaryImageOfPage\":{\"@id\":\"https:\/\/vacances-seasonova.com\/nl\/chers-vacanciers\/#primaryimage\"},\"datePublished\":\"2020-06-29T10:14:27+00:00\",\"dateModified\":\"2021-05-19T14:16:01+00:00\",\"breadcrumb\":{\"@id\":\"https:\/\/vacances-seasonova.com\/nl\/chers-vacanciers\/#breadcrumb\"},\"inLanguage\":\"fr-FR\",\"potentialAction\":[{\"@type\":\"ReadAction\",\"target\":[\"https:\/\/vacances-seasonova.com\/nl\/chers-vacanciers\/\"]}]},{\"@type\":\"BreadcrumbList\",\"@id\":\"https:\/\/vacances-seasonova.com\/nl\/chers-vacanciers\/#breadcrumb\",\"itemListElement\":[{\"@type\":\"ListItem\",\"position\":1,\"name\":\"Accueil\",\"item\":\"https:\/\/vacances-seasonova.com\/nl\/\"},{\"@type\":\"ListItem\",\"position\":2,\"name\":\"Chers vacanciers\"}]}]}<\/script>\n<!-- \/ Yoast SEO plugin. -->","yoast_head_json":{"robots":{"index":"index","follow":"follow","max-snippet":"max-snippet:-1","max-image-preview":"max-image-preview:large","max-video-preview":"max-video-preview:-1"},"canonical":"https:\/\/vacances-seasonova.com\/fr\/chers-vacanciers\/","og_locale":"fr_FR","og_type":"article","og_title":"Chers vacanciers - Seasonova | Campings Normandie, Bretagne, Pays de La Loire et Alsace","og_description":"Nous esp\u00e9rons que vous passez un bon s\u00e9jour au sein de notre camping Seasonova. Avant votre d\u00e9part, nous vous remercions de : prendre rendez-vous d\u00e8s que possible pour l\u2019\u00e9tat des lieux de d\u00e9part \u00e0 la r\u00e9ception. [...]","og_url":"https:\/\/vacances-seasonova.com\/nl\/chers-vacanciers\/","og_site_name":"Seasonova | Campings Normandie, Bretagne, Pays de La Loire et Alsace","article_modified_time":"2021-05-19T14:16:01+00:00","og_image":[{"width":654,"height":450,"url":"https:\/\/vacances-seasonova.com\/wp-content\/uploads\/2020\/02\/vacances-hamac-654x450.jpeg","type":"image\/jpeg"}],"twitter_card":"summary","twitter_misc":{"Dur\u00e9e de lecture estim\u00e9e":"3 minutes"},"schema":{"@context":"https:\/\/schema.org","@graph":[{"@type":"WebSite","@id":"https:\/\/vacances-seasonova.com\/fr\/#website","url":"https:\/\/vacances-seasonova.com\/fr\/","name":"Seasonova | Campings Normandie, Bretagne, Pays de La Loire et Alsace","description":"","potentialAction":[{"@type":"SearchAction","target":{"@type":"EntryPoint","urlTemplate":"https:\/\/vacances-seasonova.com\/fr\/?s={search_term_string}"},"query-input":"required name=search_term_string"}],"inLanguage":"fr-FR"},{"@type":"ImageObject","@id":"https:\/\/vacances-seasonova.com\/nl\/chers-vacanciers\/#primaryimage","inLanguage":"fr-FR","url":"https:\/\/vacances-seasonova.com\/wp-content\/uploads\/2020\/02\/vacances-hamac-e1654607851528.jpeg","contentUrl":"https:\/\/vacances-seasonova.com\/wp-content\/uploads\/2020\/02\/vacances-hamac-e1654607851528.jpeg","width":1920,"height":1321,"caption":"hamac Seasonova"},{"@type":"WebPage","@id":"https:\/\/vacances-seasonova.com\/nl\/chers-vacanciers\/#webpage","url":"https:\/\/vacances-seasonova.com\/nl\/chers-vacanciers\/","name":"Chers vacanciers - Seasonova | Campings Normandie, Bretagne, Pays de La Loire et Alsace","isPartOf":{"@id":"https:\/\/vacances-seasonova.com\/fr\/#website"},"primaryImageOfPage":{"@id":"https:\/\/vacances-seasonova.com\/nl\/chers-vacanciers\/#primaryimage"},"datePublished":"2020-06-29T10:14:27+00:00","dateModified":"2021-05-19T14:16:01+00:00","breadcrumb":{"@id":"https:\/\/vacances-seasonova.com\/nl\/chers-vacanciers\/#breadcrumb"},"inLanguage":"fr-FR","potentialAction":[{"@type":"ReadAction","target":["https:\/\/vacances-seasonova.com\/nl\/chers-vacanciers\/"]}]},{"@type":"BreadcrumbList","@id":"https:\/\/vacances-seasonova.com\/nl\/chers-vacanciers\/#breadcrumb","itemListElement":[{"@type":"ListItem","position":1,"name":"Accueil","item":"https:\/\/vacances-seasonova.com\/nl\/"},{"@type":"ListItem","position":2,"name":"Chers vacanciers"}]}]}},"_links":{"self":[{"href":"https:\/\/vacances-seasonova.com\/fr\/wp-json\/wp\/v2\/pages\/19193"}],"collection":[{"href":"https:\/\/vacances-seasonova.com\/fr\/wp-json\/wp\/v2\/pages"}],"about":[{"href":"https:\/\/vacances-seasonova.com\/fr\/wp-json\/wp\/v2\/types\/page"}],"author":[{"embeddable":true,"href":"https:\/\/vacances-seasonova.com\/fr\/wp-json\/wp\/v2\/users\/2"}],"replies":[{"embeddable":true,"href":"https:\/\/vacances-seasonova.com\/fr\/wp-json\/wp\/v2\/comments?post=19193"}],"version-history":[{"count":0,"href":"https:\/\/vacances-seasonova.com\/fr\/wp-json\/wp\/v2\/pages\/19193\/revisions"}],"wp:featuredmedia":[{"embeddable":true,"href":"https:\/\/vacances-seasonova.com\/fr\/wp-json\/wp\/v2\/media\/16831"}],"wp:attachment":[{"href":"https:\/\/vacances-seasonova.com\/fr\/wp-json\/wp\/v2\/media?parent=19193"}],"curies":[{"name":"wp","href":"https:\/\/api.w.org\/{rel}","templated":true}]}}