    {"id":20434,"date":"2021-01-06T12:25:27","date_gmt":"2021-01-06T11:25:27","guid":{"rendered":"https:\/\/vacances-seasonova.com\/fr\/?page_id=20434"},"modified":"2026-03-02T11:47:48","modified_gmt":"2026-03-02T10:47:48","slug":"eco-friendly","status":"publish","type":"page","link":"https:\/\/vacances-seasonova.com\/fr\/eco-friendly\/","title":{"rendered":"Eco Friendly et RSE"},"content":{"rendered":"<p><\/p>\n<h2>La transition \u00e9cologique repr\u00e9sente aussi la raison d&rsquo;\u00eatre des campings Seasonova, c&rsquo;est la raison pour laquelle ils s\u2019engagent, depuis leurs cr\u00e9ations, \u00e0 d\u00e9velopper un tourisme responsable. Pour se faire, nous souhaitons apporter notre soutien et travailler main dans la main avec les acteurs les plus engag\u00e9s pour les causes qui nous tiennent \u00e0 c\u0153ur<\/h2>\n<p>La responsabilit\u00e9 soci\u00e9tale est au c\u0153ur de nos enjeux depuis de nombreuses ann\u00e9es. En effet, nous cherchons \u00e0 avoir un impact positif sur la soci\u00e9t\u00e9 mais aussi sur l&rsquo;environnement. C&rsquo;est pourquoi, nous \u0153uvrons tous les jours pour d\u00e9velopper des actions en faveurs des piliers du d\u00e9veloppement durable.<\/p>\n<p><img loading=\"lazy\" class=\"alignnone size-full wp-image-56030\" src=\"https:\/\/vacances-seasonova.com\/wp-content\/uploads\/2026\/03\/charte-environnementale-de-seasonova-3.png\" alt=\"\" width=\"2000\" height=\"1414\" srcset=\"https:\/\/vacances-seasonova.com\/wp-content\/uploads\/2026\/03\/charte-environnementale-de-seasonova-3.png 2000w, https:\/\/vacances-seasonova.com\/wp-content\/uploads\/2026\/03\/charte-environnementale-de-seasonova-3-300x212.png 300w, https:\/\/vacances-seasonova.com\/wp-content\/uploads\/2026\/03\/charte-environnementale-de-seasonova-3-636x450.png 636w, https:\/\/vacances-seasonova.com\/wp-content\/uploads\/2026\/03\/charte-environnementale-de-seasonova-3-768x543.png 768w, https:\/\/vacances-seasonova.com\/wp-content\/uploads\/2026\/03\/charte-environnementale-de-seasonova-3-600x424.png 600w, https:\/\/vacances-seasonova.com\/wp-content\/uploads\/2026\/03\/charte-environnementale-de-seasonova-3-1536x1086.png 1536w\" sizes=\"(max-width: 2000px) 100vw, 2000px\" \/><\/p>","protected":false},"excerpt":{"rendered":"<p>La transition \u00e9cologique repr\u00e9sente aussi la raison d&rsquo;\u00eatre des campings Seasonova, c&rsquo;est la raison pour laquelle ils s\u2019engagent, depuis leurs cr\u00e9ations, \u00e0 d\u00e9velopper un tourisme responsable. Pour se [&#8230;]<\/p>\n","protected":false},"author":2,"featured_media":20437,"parent":0,"menu_order":0,"comment_status":"closed","ping_status":"closed","template":"template-alternance-text-image.php","meta":[],"yoast_head":"<!-- This site is optimized with the Yoast SEO plugin v18.1 - https:\/\/yoast.com\/wordpress\/plugins\/seo\/ -->\n<meta name=\"robots\" content=\"index, follow, max-snippet:-1, max-image-preview:large, max-video-preview:-1\" \/>\n<link rel=\"canonical\" href=\"https:\/\/vacances-seasonova.com\/fr\/eco-friendly\/\" \/>\n<meta property=\"og:locale\" content=\"fr_FR\" \/>\n<meta property=\"og:type\" content=\"article\" \/>\n<meta property=\"og:title\" content=\"Eco Friendly et RSE - Seasonova | Campings Normandie, Bretagne, Pays de La Loire et Alsace\" \/>\n<meta property=\"og:description\" content=\"La transition \u00e9cologique repr\u00e9sente aussi la raison d&rsquo;\u00eatre des campings Seasonova, c&rsquo;est la raison pour laquelle ils s\u2019engagent, depuis leurs cr\u00e9ations, \u00e0 d\u00e9velopper un tourisme responsable. Pour se [...]\" \/>\n<meta property=\"og:url\" content=\"https:\/\/vacances-seasonova.com\/fr\/eco-friendly\/\" \/>\n<meta property=\"og:site_name\" content=\"Seasonova | Campings Normandie, Bretagne, Pays de La Loire et Alsace\" \/>\n<meta property=\"article:modified_time\" content=\"2026-03-02T10:47:48+00:00\" \/>\n<meta property=\"og:image\" content=\"https:\/\/vacances-seasonova.com\/wp-content\/uploads\/2021\/01\/adobestock_280779114-675x450.jpeg\" \/>\n\t<meta property=\"og:image:width\" content=\"675\" \/>\n\t<meta property=\"og:image:height\" content=\"450\" \/>\n\t<meta property=\"og:image:type\" content=\"image\/jpeg\" \/>\n<meta name=\"twitter:card\" content=\"summary\" \/>\n<meta name=\"twitter:label1\" content=\"Dur\u00e9e de lecture estim\u00e9e\" \/>\n\t<meta name=\"twitter:data1\" content=\"1 minute\" \/>\n<script type=\"application\/ld+json\" class=\"yoast-schema-graph\">{\"@context\":\"https:\/\/schema.org\",\"@graph\":[{\"@type\":\"WebSite\",\"@id\":\"https:\/\/vacances-seasonova.com\/fr\/#website\",\"url\":\"https:\/\/vacances-seasonova.com\/fr\/\",\"name\":\"Seasonova | Campings Normandie, Bretagne, Pays de La Loire et Alsace\",\"description\":\"\",\"potentialAction\":[{\"@type\":\"SearchAction\",\"target\":{\"@type\":\"EntryPoint\",\"urlTemplate\":\"https:\/\/vacances-seasonova.com\/fr\/?s={search_term_string}\"},\"query-input\":\"required name=search_term_string\"}],\"inLanguage\":\"fr-FR\"},{\"@type\":\"ImageObject\",\"@id\":\"https:\/\/vacances-seasonova.com\/fr\/eco-friendly\/#primaryimage\",\"inLanguage\":\"fr-FR\",\"url\":\"https:\/\/vacances-seasonova.com\/wp-content\/uploads\/2021\/01\/adobestock_280779114.jpeg\",\"contentUrl\":\"https:\/\/vacances-seasonova.com\/wp-content\/uploads\/2021\/01\/adobestock_280779114.jpeg\",\"width\":5760,\"height\":3840,\"caption\":\"A woman hand holding a little hedgehog\"},{\"@type\":\"WebPage\",\"@id\":\"https:\/\/vacances-seasonova.com\/fr\/eco-friendly\/#webpage\",\"url\":\"https:\/\/vacances-seasonova.com\/fr\/eco-friendly\/\",\"name\":\"Eco Friendly et RSE - Seasonova | Campings Normandie, Bretagne, Pays de La Loire et Alsace\",\"isPartOf\":{\"@id\":\"https:\/\/vacances-seasonova.com\/fr\/#website\"},\"primaryImageOfPage\":{\"@id\":\"https:\/\/vacances-seasonova.com\/fr\/eco-friendly\/#primaryimage\"},\"datePublished\":\"2021-01-06T11:25:27+00:00\",\"dateModified\":\"2026-03-02T10:47:48+00:00\",\"breadcrumb\":{\"@id\":\"https:\/\/vacances-seasonova.com\/fr\/eco-friendly\/#breadcrumb\"},\"inLanguage\":\"fr-FR\",\"potentialAction\":[{\"@type\":\"ReadAction\",\"target\":[\"https:\/\/vacances-seasonova.com\/fr\/eco-friendly\/\"]}]},{\"@type\":\"BreadcrumbList\",\"@id\":\"https:\/\/vacances-seasonova.com\/fr\/eco-friendly\/#breadcrumb\",\"itemListElement\":[{\"@type\":\"ListItem\",\"position\":1,\"name\":\"Accueil\",\"item\":\"https:\/\/vacances-seasonova.com\/nl\/\"},{\"@type\":\"ListItem\",\"position\":2,\"name\":\"Eco Friendly et RSE\"}]}]}<\/script>\n<!-- \/ Yoast SEO plugin. -->","yoast_head_json":{"robots":{"index":"index","follow":"follow","max-snippet":"max-snippet:-1","max-image-preview":"max-image-preview:large","max-video-preview":"max-video-preview:-1"},"canonical":"https:\/\/vacances-seasonova.com\/fr\/eco-friendly\/","og_locale":"fr_FR","og_type":"article","og_title":"Eco Friendly et RSE - Seasonova | Campings Normandie, Bretagne, Pays de La Loire et Alsace","og_description":"La transition \u00e9cologique repr\u00e9sente aussi la raison d&rsquo;\u00eatre des campings Seasonova, c&rsquo;est la raison pour laquelle ils s\u2019engagent, depuis leurs cr\u00e9ations, \u00e0 d\u00e9velopper un tourisme responsable. Pour se [...]","og_url":"https:\/\/vacances-seasonova.com\/fr\/eco-friendly\/","og_site_name":"Seasonova | Campings Normandie, Bretagne, Pays de La Loire et Alsace","article_modified_time":"2026-03-02T10:47:48+00:00","og_image":[{"width":675,"height":450,"url":"https:\/\/vacances-seasonova.com\/wp-content\/uploads\/2021\/01\/adobestock_280779114-675x450.jpeg","type":"image\/jpeg"}],"twitter_card":"summary","twitter_misc":{"Dur\u00e9e de lecture estim\u00e9e":"1 minute"},"schema":{"@context":"https:\/\/schema.org","@graph":[{"@type":"WebSite","@id":"https:\/\/vacances-seasonova.com\/fr\/#website","url":"https:\/\/vacances-seasonova.com\/fr\/","name":"Seasonova | Campings Normandie, Bretagne, Pays de La Loire et Alsace","description":"","potentialAction":[{"@type":"SearchAction","target":{"@type":"EntryPoint","urlTemplate":"https:\/\/vacances-seasonova.com\/fr\/?s={search_term_string}"},"query-input":"required name=search_term_string"}],"inLanguage":"fr-FR"},{"@type":"ImageObject","@id":"https:\/\/vacances-seasonova.com\/fr\/eco-friendly\/#primaryimage","inLanguage":"fr-FR","url":"https:\/\/vacances-seasonova.com\/wp-content\/uploads\/2021\/01\/adobestock_280779114.jpeg","contentUrl":"https:\/\/vacances-seasonova.com\/wp-content\/uploads\/2021\/01\/adobestock_280779114.jpeg","width":5760,"height":3840,"caption":"A woman hand holding a little hedgehog"},{"@type":"WebPage","@id":"https:\/\/vacances-seasonova.com\/fr\/eco-friendly\/#webpage","url":"https:\/\/vacances-seasonova.com\/fr\/eco-friendly\/","name":"Eco Friendly et RSE - Seasonova | Campings Normandie, Bretagne, Pays de La Loire et Alsace","isPartOf":{"@id":"https:\/\/vacances-seasonova.com\/fr\/#website"},"primaryImageOfPage":{"@id":"https:\/\/vacances-seasonova.com\/fr\/eco-friendly\/#primaryimage"},"datePublished":"2021-01-06T11:25:27+00:00","dateModified":"2026-03-02T10:47:48+00:00","breadcrumb":{"@id":"https:\/\/vacances-seasonova.com\/fr\/eco-friendly\/#breadcrumb"},"inLanguage":"fr-FR","potentialAction":[{"@type":"ReadAction","target":["https:\/\/vacances-seasonova.com\/fr\/eco-friendly\/"]}]},{"@type":"BreadcrumbList","@id":"https:\/\/vacances-seasonova.com\/fr\/eco-friendly\/#breadcrumb","itemListElement":[{"@type":"ListItem","position":1,"name":"Accueil","item":"https:\/\/vacances-seasonova.com\/nl\/"},{"@type":"ListItem","position":2,"name":"Eco Friendly et RSE"}]}]}},"_links":{"self":[{"href":"https:\/\/vacances-seasonova.com\/fr\/wp-json\/wp\/v2\/pages\/20434"}],"collection":[{"href":"https:\/\/vacances-seasonova.com\/fr\/wp-json\/wp\/v2\/pages"}],"about":[{"href":"https:\/\/vacances-seasonova.com\/fr\/wp-json\/wp\/v2\/types\/page"}],"author":[{"embeddable":true,"href":"https:\/\/vacances-seasonova.com\/fr\/wp-json\/wp\/v2\/users\/2"}],"replies":[{"embeddable":true,"href":"https:\/\/vacances-seasonova.com\/fr\/wp-json\/wp\/v2\/comments?post=20434"}],"version-history":[{"count":33,"href":"https:\/\/vacances-seasonova.com\/fr\/wp-json\/wp\/v2\/pages\/20434\/revisions"}],"predecessor-version":[{"id":56031,"href":"https:\/\/vacances-seasonova.com\/fr\/wp-json\/wp\/v2\/pages\/20434\/revisions\/56031"}],"wp:featuredmedia":[{"embeddable":true,"href":"https:\/\/vacances-seasonova.com\/fr\/wp-json\/wp\/v2\/media\/20437"}],"wp:attachment":[{"href":"https:\/\/vacances-seasonova.com\/fr\/wp-json\/wp\/v2\/media?parent=20434"}],"curies":[{"name":"wp","href":"https:\/\/api.w.org\/{rel}","templated":true}]}}