    {"id":22338,"date":"2021-04-14T09:37:10","date_gmt":"2021-04-14T07:37:10","guid":{"rendered":"https:\/\/vacances-seasonova.com\/fr\/?page_id=22338"},"modified":"2025-08-29T10:29:47","modified_gmt":"2025-08-29T08:29:47","slug":"testeurs-campeurs","status":"publish","type":"page","link":"https:\/\/vacances-seasonova.com\/fr\/testeurs-campeurs\/","title":{"rendered":"Testeurs campeurs"},"content":{"rendered":"<p><\/p>\n<h3><strong>Gagner vos vacances en testant nos campings Slow life\u2026<\/strong><\/h3>\n<p>L\u2019OFFRE SEASONOVA<\/p>\n<p>L\u2019offre du groupe se compose aujourd\u2019hui de 18 campings \u00e0 taille humaine d\u2019une moyenne de 160 emplacements, r\u00e9partis de mani\u00e8re coh\u00e9rente et strat\u00e9gique sur la partie Nord Est et Ouest de la France.<\/p>\n<p>Depuis l\u2019Alsace, Normandie, vers la Bretagne, Maine et Loire, Pays de Loire et Nouvelle Aquitaine<\/p>\n<p>Notre offre est captive des march\u00e9s \u00e9trangers avec une pr\u00e9sence aux portes d\u2019entr\u00e9e du march\u00e9 britannique (Merville Franceville &#8211; Normandie) et du march\u00e9 Nord Europ\u00e9en (Saverne \u2013 Alsace)<\/p>\n<p>Notre offre porte sur des campings de qualit\u00e9 situ\u00e9s \u00e0 proximit\u00e9 d&rsquo;espaces naturels prot\u00e9g\u00e9s et propices \u00e0 la pratique d\u2019activit\u00e9s de plein air et de bien-\u00eatre.<\/p>\n<p>Ainsi, nous portons une attention particuli\u00e8re \u00e0 l&rsquo;int\u00e9gration paysag\u00e8re de nos \u00e9quipements et h\u00e9bergements.<\/p>\n<p>Nous garantissons prestations de qualit\u00e9, calme, propret\u00e9 \u00e0 l&rsquo;ensemble de nos vacanciers et notamment les familles avec jeunes enfants.<\/p>\n<p>Vous aimez les <a href=\"https:\/\/vacances-seasonova.com\/fr\/campings\/\">camping nature<\/a> et souhaitez faire partager vos exp\u00e9riences \u00e0 votre tribu, vous adorerez la mission.<\/p>\n<p>&nbsp;<\/p>\n<h4>Alors, serez-vous les prochains Campeurs testeurs des Campings Seasonova\u00a0?<\/h4>\n<p>&nbsp;<\/p>\n<p><strong>Vous profiterez durant une semaine\u00a0:<\/strong><\/p>\n<ul>\n<li>d\u2019un emplacement nu pour caravane, camping car, tente avec \u00e9lectricit\u00e9 ou location<\/li>\n<li>l\u2019acc\u00e8s \u00e0 l\u2019ensemble des services et prestations du camping audit\u00e9<\/li>\n<li>l\u2019acc\u00e8s internet durant toute la dur\u00e9e de votre s\u00e9jour<\/li>\n<\/ul>\n<p><strong>\u00a0<\/strong><\/p>\n<p><strong>Ne sont pas inclus\u00a0:<\/strong><\/p>\n<ul>\n<li>Les frais de transport vers nos campings nature, de bouche et d\u00e9penses personnelles<\/li>\n<\/ul>\n<p>&nbsp;<\/p>\n<p><strong>Votre mission\u00a0:<\/strong><\/p>\n<ul>\n<li>R\u00e9pondre au questionnaire qualitatif (environ 100 crit\u00e8res)<\/li>\n<li><strong>R\u00e9aliser un r\u00e9sum\u00e9 de 10\/15 lignes\u00a0<\/strong>des points forts de votre exp\u00e9rience au Camping Seasonova ainsi qu\u2019un bref tableau r\u00e9capitulant bri\u00e8vement ce que vous avez aim\u00e9\/ce que vous avez moins aim\u00e9.<\/li>\n<li><strong>un r\u00e9cit d\u00e9taill\u00e9\u00a0<\/strong>de votre s\u00e9jour, incluant un retour:<\/li>\n<\/ul>\n<ul>\n<li>sur le camping, les services et les \u00e9quipements<\/li>\n<li>sur vos activit\u00e9s faites durant votre s\u00e9jour<\/li>\n<\/ul>\n<ul>\n<li><strong>des photos et des vid\u00e9os\u00a0<\/strong>du camping et de vos activit\u00e9s pour accompagner le r\u00e9cit.<\/li>\n<\/ul>\n<ul>\n<li>Nous envoyer des\u00a0photos et vid\u00e9os\u00a0pendant\u00a0votre s\u00e9jour qui seront relay\u00e9es sur les r\u00e9seaux sociaux Seasonova<\/li>\n<\/ul>\n<p><strong>Comment devenir Testeur Seasonova\u00a0?<\/strong><\/p>\n<ul>\n<li>Aimer les activit\u00e9s de pleine nature<\/li>\n<li>Correspondre au profil recherch\u00e9 et aimant les activit\u00e9s de pleine nature:<\/li>\n<li>Famille de\u00a0<strong>2 adultes et 4 enfants maximum<\/strong><\/li>\n<li>Couple sans enfant.<\/li>\n<li>S\u2019engager \u00e0 faire les retours demand\u00e9s par Seasonova \u2013 une lettre d\u2019engagement ainsi qu\u2019une cession de droit \u00e0 l\u2019image vous seront envoy\u00e9es pour signature avant votre d\u00e9part.<\/li>\n<\/ul>\n<p>&nbsp;<\/p>\n<p><strong>Pour participer, c\u2019est simple\u00a0:<\/strong><\/p>\n<p><span style=\"color: #008c8b;\">R\u00e9pondez \u00e0 toute les questions de notre formulaire ci-dessous.<\/span><\/p>\n<div role=\"form\" class=\"wpcf7\" id=\"wpcf7-f10469-o1\" lang=\"fr-FR\" dir=\"ltr\">\n<div class=\"screen-reader-response\"><p role=\"status\" aria-live=\"polite\" aria-atomic=\"true\"><\/p> <ul><\/ul><\/div>\n<form action=\"\/fr\/wp-json\/wp\/v2\/pages\/22338#wpcf7-f10469-o1\" method=\"post\" class=\"wpcf7-form init\" enctype=\"multipart\/form-data\" novalidate=\"novalidate\" data-status=\"init\">\n<div style=\"display: none;\">\n<input type=\"hidden\" name=\"_wpcf7\" value=\"10469\" \/>\n<input type=\"hidden\" name=\"_wpcf7_version\" value=\"5.4.2\" \/>\n<input type=\"hidden\" name=\"_wpcf7_locale\" value=\"fr_FR\" \/>\n<input type=\"hidden\" name=\"_wpcf7_unit_tag\" value=\"wpcf7-f10469-o1\" \/>\n<input type=\"hidden\" name=\"_wpcf7_container_post\" value=\"0\" \/>\n<input type=\"hidden\" name=\"_wpcf7_posted_data_hash\" value=\"\" \/>\n<input type=\"hidden\" name=\"_wpcf7_recaptcha_response\" value=\"\" \/>\n<\/div>\n<fieldset>\n<legend class=\"legend-recrutement\">Vos coordonn\u00e9es<\/legend>\n<p class=\"labelRequired\">Afin de soumettre le formulaire veuillez remplir tous les champs ci-dessous*\n<p>\n<label> Quel est votre nom* ?<br \/>\n    <span class=\"wpcf7-form-control-wrap your-name\"><input type=\"text\" name=\"your-name\" value=\"\" size=\"40\" class=\"wpcf7-form-control wpcf7-text wpcf7-validates-as-required\" aria-required=\"true\" aria-invalid=\"false\" \/><\/span> <\/label><\/p>\n<p><label> Quel est votre pr\u00e9nom* ?<br \/>\n    <span class=\"wpcf7-form-control-wrap firstname\"><input type=\"text\" name=\"firstname\" value=\"\" size=\"40\" class=\"wpcf7-form-control wpcf7-text wpcf7-validates-as-required\" aria-required=\"true\" aria-invalid=\"false\" \/><\/span> <\/label><br \/>\n<label><br \/>\nQuel est votre e-mail* ?<br \/>\n<span class=\"wpcf7-form-control-wrap email\"><input type=\"email\" name=\"email\" value=\"\" size=\"40\" class=\"wpcf7-form-control wpcf7-text wpcf7-email wpcf7-validates-as-required wpcf7-validates-as-email\" aria-required=\"true\" aria-invalid=\"false\" \/><\/span><br \/>\n<\/label><\/p>\n<fieldset>\n<legend class=\"legend-recrutement\">Votre profil<\/legend class=\"legend-recrutement\">\n<p><label>Dans quel pays habitez-vous ?<br \/>\n<span class=\"wpcf7-form-control-wrap your-country\"><select name=\"your-country\" class=\"wpcf7-form-control wpcf7-select wpcf7-validates-as-required\" aria-required=\"true\" aria-invalid=\"false\"><option value=\"France\">France<\/option><option value=\"Belgique\">Belgique<\/option><option value=\"Pays Bas\">Pays Bas<\/option><option value=\"Royaume-Uni\">Royaume-Uni<\/option><\/select><\/span><br \/>\n<\/label><br \/>\n<label>De combien de personne se compose votre famille ?<br \/>\n<span class=\"wpcf7-form-control-wrap number-\"><input type=\"number\" name=\"number-\" value=\"2\" class=\"wpcf7-form-control wpcf7-number wpcf7-validates-as-required wpcf7-validates-as-number\" aria-required=\"true\" aria-invalid=\"false\" \/><\/span><\/label><br \/>\n<label>Dans quelle tranche d'\u00e2ge vous situez-vous ?<br \/>\n<span class=\"wpcf7-form-control-wrap menu-456\"><select name=\"menu-456\" class=\"wpcf7-form-control wpcf7-select wpcf7-validates-as-required\" aria-required=\"true\" aria-invalid=\"false\"><option value=\"18-30 ans\">18-30 ans<\/option><option value=\"30-45 ans\">30-45 ans<\/option><option value=\"45-55 ans\">45-55 ans<\/option><option value=\"+ de 55 ans\">+ de 55 ans<\/option><\/select><\/span><\/label><\/p>\n<p><label>D\u00e9crivez votre profil campeur :<br \/>\n <span class=\"wpcf7-form-control-wrap textarea-309\"><textarea name=\"textarea-309\" cols=\"40\" rows=\"10\" class=\"wpcf7-form-control wpcf7-textarea wpcf7-validates-as-required\" aria-required=\"true\" aria-invalid=\"false\"><\/textarea><\/span> <\/label><\/p>\n<legend class=\"legend-recrutement\">Votre type d'h\u00e9bergement id\u00e9al<\/legend class=\"legend-recrutement\"><!-- Titre du fieldset --><\/p>\n<p><label>Vous voyagez en :<br \/>\n<span class=\"wpcf7-form-control-wrap checkbox-176\"><span class=\"wpcf7-form-control wpcf7-checkbox wpcf7-validates-as-required\"><span class=\"wpcf7-list-item first\"><input type=\"checkbox\" name=\"checkbox-176[]\" value=\"tente\" \/><span class=\"wpcf7-list-item-label\">tente<\/span><\/span><span class=\"wpcf7-list-item\"><input type=\"checkbox\" name=\"checkbox-176[]\" value=\"camping-car\" \/><span class=\"wpcf7-list-item-label\">camping-car<\/span><\/span><span class=\"wpcf7-list-item\"><input type=\"checkbox\" name=\"checkbox-176[]\" value=\"location\" \/><span class=\"wpcf7-list-item-label\">location<\/span><\/span><span class=\"wpcf7-list-item last\"><input type=\"checkbox\" name=\"checkbox-176[]\" value=\"autre\" \/><span class=\"wpcf7-list-item-label\">autre<\/span><\/span><\/span><\/span><\/label><\/p>\n<p><label>Si autre :<br \/>\n<span class=\"wpcf7-form-control-wrap textarea-310\"><textarea name=\"textarea-310\" cols=\"40\" rows=\"10\" class=\"wpcf7-form-control wpcf7-textarea wpcf7-validates-as-required\" aria-required=\"true\" aria-invalid=\"false\"><\/textarea><\/span><\/label><\/p>\n<legend class=\"legend-recrutement\">Votre meilleur souvenir de vacances<\/legend>\n<p><!-- Titre du fieldset --><\/p>\n<p><label>Racontez nous en quelques lignes votre meilleur souvenir de vacances :<br \/>\n<span class=\"wpcf7-form-control-wrap textarea-311\"><textarea name=\"textarea-311\" cols=\"40\" rows=\"10\" class=\"wpcf7-form-control wpcf7-textarea wpcf7-validates-as-required\" aria-required=\"true\" aria-invalid=\"false\"><\/textarea><\/span>  <\/label><\/p>\n<legend class=\"legend-recrutement\">Vos disponibilit\u00e9s<\/legend>\n<p><!-- Titre du fieldset --><br \/>\n<span class=\"wpcf7-form-control-wrap date-970\"><input type=\"date\" name=\"date-970\" value=\"\" class=\"wpcf7-form-control wpcf7-date wpcf7-validates-as-required wpcf7-validates-as-date\" aria-required=\"true\" aria-invalid=\"false\" \/><\/span> au <span class=\"wpcf7-form-control-wrap date-971\"><input type=\"date\" name=\"date-971\" value=\"\" class=\"wpcf7-form-control wpcf7-date wpcf7-validates-as-required wpcf7-validates-as-date\" aria-required=\"true\" aria-invalid=\"false\" \/><\/span><\/p>\n<legend class=\"legend-recrutement\">Votre photo de vacances<\/legend>\n<p><!-- Titre du fieldset --><\/p>\n<p><span class=\"wpcf7-form-control-wrap file-57\"><input type=\"file\" name=\"file-57\" size=\"40\" class=\"wpcf7-form-control wpcf7-file wpcf7-validates-as-required\" accept=\".jpg,.jpeg,.png,.gif,.pdf,.doc,.docx,.ppt,.pptx,.odt,.avi,.ogg,.m4a,.mov,.mp3,.mp4,.mpg,.wav,.wmv\" aria-required=\"true\" aria-invalid=\"false\" \/><\/span><\/p>\n<p><input type=\"submit\" value=\"Envoyer\" class=\"wpcf7-form-control wpcf7-submit\" \/><\/p>\n<div class=\"wpcf7-response-output\" aria-hidden=\"true\"><\/div><\/form><\/div>\n<hr \/>\n<p><\/p>","protected":false},"excerpt":{"rendered":"<p>Gagner vos vacances en testant nos campings Slow life\u2026 L\u2019OFFRE SEASONOVA L\u2019offre du groupe se compose aujourd\u2019hui de 18 campings \u00e0 taille humaine d\u2019une moyenne de 160 emplacements, r\u00e9partis de mani\u00e8re [&#8230;]<\/p>\n","protected":false},"author":2,"featured_media":16882,"parent":0,"menu_order":0,"comment_status":"closed","ping_status":"closed","template":"","meta":[],"yoast_head":"<!-- This site is optimized with the Yoast SEO plugin v18.1 - https:\/\/yoast.com\/wordpress\/plugins\/seo\/ -->\n<meta name=\"description\" content=\"Tester les Campings Seasonova en d\u00e9couvrant nos destinations Slow life. Bonne id\u00e9e pour voyager gratuitement!\" \/>\n<meta name=\"robots\" content=\"index, follow, max-snippet:-1, max-image-preview:large, max-video-preview:-1\" \/>\n<link rel=\"canonical\" href=\"https:\/\/vacances-seasonova.com\/fr\/testeurs-campeurs\/\" \/>\n<meta property=\"og:locale\" content=\"fr_FR\" \/>\n<meta property=\"og:type\" content=\"article\" \/>\n<meta property=\"og:title\" content=\"Testeurs campeurs - Seasonova | Campings Normandie, Bretagne, Pays de La Loire et Alsace\" \/>\n<meta property=\"og:description\" content=\"Tester les Campings Seasonova en d\u00e9couvrant nos destinations Slow life. Bonne id\u00e9e pour voyager gratuitement!\" \/>\n<meta property=\"og:url\" content=\"https:\/\/vacances-seasonova.com\/nl\/testeurs-campeurs\/\" \/>\n<meta property=\"og:site_name\" content=\"Seasonova | Campings Normandie, Bretagne, Pays de La Loire et Alsace\" \/>\n<meta property=\"article:modified_time\" content=\"2025-08-29T08:29:47+00:00\" \/>\n<meta property=\"og:image\" content=\"https:\/\/vacances-seasonova.com\/wp-content\/uploads\/2020\/02\/vacances-famille-665x450.jpeg\" \/>\n\t<meta property=\"og:image:width\" content=\"665\" \/>\n\t<meta property=\"og:image:height\" content=\"450\" \/>\n\t<meta property=\"og:image:type\" content=\"image\/jpeg\" \/>\n<meta name=\"twitter:card\" content=\"summary\" \/>\n<meta name=\"twitter:label1\" content=\"Dur\u00e9e de lecture estim\u00e9e\" \/>\n\t<meta name=\"twitter:data1\" content=\"7 minutes\" \/>\n<script type=\"application\/ld+json\" class=\"yoast-schema-graph\">{\"@context\":\"https:\/\/schema.org\",\"@graph\":[{\"@type\":\"WebSite\",\"@id\":\"https:\/\/vacances-seasonova.com\/fr\/#website\",\"url\":\"https:\/\/vacances-seasonova.com\/fr\/\",\"name\":\"Seasonova | Campings Normandie, Bretagne, Pays de La Loire et Alsace\",\"description\":\"\",\"potentialAction\":[{\"@type\":\"SearchAction\",\"target\":{\"@type\":\"EntryPoint\",\"urlTemplate\":\"https:\/\/vacances-seasonova.com\/fr\/?s={search_term_string}\"},\"query-input\":\"required name=search_term_string\"}],\"inLanguage\":\"fr-FR\"},{\"@type\":\"ImageObject\",\"@id\":\"https:\/\/vacances-seasonova.com\/nl\/testeurs-campeurs\/#primaryimage\",\"inLanguage\":\"fr-FR\",\"url\":\"https:\/\/vacances-seasonova.com\/wp-content\/uploads\/2020\/02\/vacances-famille.jpeg\",\"contentUrl\":\"https:\/\/vacances-seasonova.com\/wp-content\/uploads\/2020\/02\/vacances-famille.jpeg\",\"width\":5054,\"height\":3421,\"caption\":\"enfant au bord de l'eau\"},{\"@type\":\"WebPage\",\"@id\":\"https:\/\/vacances-seasonova.com\/nl\/testeurs-campeurs\/#webpage\",\"url\":\"https:\/\/vacances-seasonova.com\/nl\/testeurs-campeurs\/\",\"name\":\"Testeurs campeurs - Seasonova | Campings Normandie, Bretagne, Pays de La Loire et Alsace\",\"isPartOf\":{\"@id\":\"https:\/\/vacances-seasonova.com\/fr\/#website\"},\"primaryImageOfPage\":{\"@id\":\"https:\/\/vacances-seasonova.com\/nl\/testeurs-campeurs\/#primaryimage\"},\"datePublished\":\"2021-04-14T07:37:10+00:00\",\"dateModified\":\"2025-08-29T08:29:47+00:00\",\"description\":\"Tester les Campings Seasonova en d\u00e9couvrant nos destinations Slow life. Bonne id\u00e9e pour voyager gratuitement!\",\"breadcrumb\":{\"@id\":\"https:\/\/vacances-seasonova.com\/nl\/testeurs-campeurs\/#breadcrumb\"},\"inLanguage\":\"fr-FR\",\"potentialAction\":[{\"@type\":\"ReadAction\",\"target\":[\"https:\/\/vacances-seasonova.com\/nl\/testeurs-campeurs\/\"]}]},{\"@type\":\"BreadcrumbList\",\"@id\":\"https:\/\/vacances-seasonova.com\/nl\/testeurs-campeurs\/#breadcrumb\",\"itemListElement\":[{\"@type\":\"ListItem\",\"position\":1,\"name\":\"Accueil\",\"item\":\"https:\/\/vacances-seasonova.com\/nl\/\"},{\"@type\":\"ListItem\",\"position\":2,\"name\":\"Testeurs campeurs\"}]}]}<\/script>\n<!-- \/ Yoast SEO plugin. -->","yoast_head_json":{"description":"Tester les Campings Seasonova en d\u00e9couvrant nos destinations Slow life. Bonne id\u00e9e pour voyager gratuitement!","robots":{"index":"index","follow":"follow","max-snippet":"max-snippet:-1","max-image-preview":"max-image-preview:large","max-video-preview":"max-video-preview:-1"},"canonical":"https:\/\/vacances-seasonova.com\/fr\/testeurs-campeurs\/","og_locale":"fr_FR","og_type":"article","og_title":"Testeurs campeurs - Seasonova | Campings Normandie, Bretagne, Pays de La Loire et Alsace","og_description":"Tester les Campings Seasonova en d\u00e9couvrant nos destinations Slow life. Bonne id\u00e9e pour voyager gratuitement!","og_url":"https:\/\/vacances-seasonova.com\/nl\/testeurs-campeurs\/","og_site_name":"Seasonova | Campings Normandie, Bretagne, Pays de La Loire et Alsace","article_modified_time":"2025-08-29T08:29:47+00:00","og_image":[{"width":665,"height":450,"url":"https:\/\/vacances-seasonova.com\/wp-content\/uploads\/2020\/02\/vacances-famille-665x450.jpeg","type":"image\/jpeg"}],"twitter_card":"summary","twitter_misc":{"Dur\u00e9e de lecture estim\u00e9e":"7 minutes"},"schema":{"@context":"https:\/\/schema.org","@graph":[{"@type":"WebSite","@id":"https:\/\/vacances-seasonova.com\/fr\/#website","url":"https:\/\/vacances-seasonova.com\/fr\/","name":"Seasonova | Campings Normandie, Bretagne, Pays de La Loire et Alsace","description":"","potentialAction":[{"@type":"SearchAction","target":{"@type":"EntryPoint","urlTemplate":"https:\/\/vacances-seasonova.com\/fr\/?s={search_term_string}"},"query-input":"required name=search_term_string"}],"inLanguage":"fr-FR"},{"@type":"ImageObject","@id":"https:\/\/vacances-seasonova.com\/nl\/testeurs-campeurs\/#primaryimage","inLanguage":"fr-FR","url":"https:\/\/vacances-seasonova.com\/wp-content\/uploads\/2020\/02\/vacances-famille.jpeg","contentUrl":"https:\/\/vacances-seasonova.com\/wp-content\/uploads\/2020\/02\/vacances-famille.jpeg","width":5054,"height":3421,"caption":"enfant au bord de l'eau"},{"@type":"WebPage","@id":"https:\/\/vacances-seasonova.com\/nl\/testeurs-campeurs\/#webpage","url":"https:\/\/vacances-seasonova.com\/nl\/testeurs-campeurs\/","name":"Testeurs campeurs - Seasonova | Campings Normandie, Bretagne, Pays de La Loire et Alsace","isPartOf":{"@id":"https:\/\/vacances-seasonova.com\/fr\/#website"},"primaryImageOfPage":{"@id":"https:\/\/vacances-seasonova.com\/nl\/testeurs-campeurs\/#primaryimage"},"datePublished":"2021-04-14T07:37:10+00:00","dateModified":"2025-08-29T08:29:47+00:00","description":"Tester les Campings Seasonova en d\u00e9couvrant nos destinations Slow life. Bonne id\u00e9e pour voyager gratuitement!","breadcrumb":{"@id":"https:\/\/vacances-seasonova.com\/nl\/testeurs-campeurs\/#breadcrumb"},"inLanguage":"fr-FR","potentialAction":[{"@type":"ReadAction","target":["https:\/\/vacances-seasonova.com\/nl\/testeurs-campeurs\/"]}]},{"@type":"BreadcrumbList","@id":"https:\/\/vacances-seasonova.com\/nl\/testeurs-campeurs\/#breadcrumb","itemListElement":[{"@type":"ListItem","position":1,"name":"Accueil","item":"https:\/\/vacances-seasonova.com\/nl\/"},{"@type":"ListItem","position":2,"name":"Testeurs campeurs"}]}]}},"_links":{"self":[{"href":"https:\/\/vacances-seasonova.com\/fr\/wp-json\/wp\/v2\/pages\/22338"}],"collection":[{"href":"https:\/\/vacances-seasonova.com\/fr\/wp-json\/wp\/v2\/pages"}],"about":[{"href":"https:\/\/vacances-seasonova.com\/fr\/wp-json\/wp\/v2\/types\/page"}],"author":[{"embeddable":true,"href":"https:\/\/vacances-seasonova.com\/fr\/wp-json\/wp\/v2\/users\/2"}],"replies":[{"embeddable":true,"href":"https:\/\/vacances-seasonova.com\/fr\/wp-json\/wp\/v2\/comments?post=22338"}],"version-history":[{"count":4,"href":"https:\/\/vacances-seasonova.com\/fr\/wp-json\/wp\/v2\/pages\/22338\/revisions"}],"predecessor-version":[{"id":51860,"href":"https:\/\/vacances-seasonova.com\/fr\/wp-json\/wp\/v2\/pages\/22338\/revisions\/51860"}],"wp:featuredmedia":[{"embeddable":true,"href":"https:\/\/vacances-seasonova.com\/fr\/wp-json\/wp\/v2\/media\/16882"}],"wp:attachment":[{"href":"https:\/\/vacances-seasonova.com\/fr\/wp-json\/wp\/v2\/media?parent=22338"}],"curies":[{"name":"wp","href":"https:\/\/api.w.org\/{rel}","templated":true}]}}