    {"id":23135,"date":"2021-06-14T10:09:07","date_gmt":"2021-06-14T08:09:07","guid":{"rendered":"https:\/\/vacances-seasonova.com\/fr\/?page_id=23135"},"modified":"2025-08-28T16:50:29","modified_gmt":"2025-08-28T14:50:29","slug":"ils-ont-teste-les-campings-seasonova","status":"publish","type":"page","link":"https:\/\/vacances-seasonova.com\/fr\/ils-ont-teste-les-campings-seasonova\/","title":{"rendered":"They tested Seasonova campsites"},"content":{"rendered":"<p><\/p>\n<h4 style=\"text-align: center;\">Tester un camping Seasonova c&rsquo;est bien plus que de simples vacances<\/h4>\n<p style=\"text-align: center;\">Si vous \u00eates encore incertains concernant le choix de Seasonova pour vos vacances entres amis, en famille ou en amoureux, cette page est faite pour vous.<\/p>\n<p style=\"text-align: center;\">Vous y d\u00e9couvrirez des t\u00e9moignages qui vous permettrons de visualiser un peu plus le petit coin de paradis qui vous attend.<\/p>\n<p style=\"text-align: center;\">D\u00e9tente, sport, nature, baignade, randonn\u00e9es, pic-nique, plage, for\u00eat &#8230; Sont tout autant de mots qui raisonneront en vous apr\u00e8s votre passage chez nous.<\/p>\n<p style=\"text-align: center;\"><em>\u00ab\u00a0Pour un week-end nature et d\u00e9tente, nous avons pris la direction de la Sarthe. Plus pr\u00e9cis\u00e9ment, nous \u00e9tions dans le Pays de Sill\u00e9, au sud du Parc Naturel R\u00e9gional Normandie Maine et des Alpes Mancelles. Nous avons pass\u00e9 ici deux jolis jours en famille, en mode \u00ab slow life \u00bb dans\u00a0le camping de La For\u00eat de Seasonova. Un petit air de vacances avant l\u2019heure..\u00a0\u00bb<\/em><\/p>\n<p style=\"text-align: center;\">Vous souhaitez en savoir plus sur le camping de La For\u00eat ? Direction le blog <a href=\"https:\/\/www.etpourtantelletourne.fr\/2021\/07\/06\/week-end-nature-famille-sarthe\/\">\u00ab\u00a0et pourtant elle tourne\u00a0\u00bb\u00a0<\/a><\/p>\n<p style=\"text-align: center;\"><em>\u00ab\u00a0Vous cherchez \u00e0 vous \u00e9vader et \u00e0 vivre des moments de d\u00e9tente et de bien-\u00eatre dans une nature pr\u00e9serv\u00e9 ?<\/em><br \/>\n<em>Alors vous aimerez certainement Seasonova, le site qui propose toute une gamme de s\u00e9jours en campings et en locations de vacances dans un \u00e9tat d&rsquo;esprit 100% \u00ab\u00a0Slow Life\u00a0\u00bb et Eco-friendly&#8230;\u00a0\u00bb<\/em><\/p>\n<p style=\"text-align: center;\">Pour d\u00e9couvrir la suite de notre premier t\u00e9moignage de l&rsquo;Oiseau rose,\u00a0 c&rsquo;est par <a href=\"https:\/\/oiseaurose.com\/campings-seasonova-slow-life\/\">ICI<\/a><\/p>\n<p style=\"text-align: center;\"><em>\u00ab\u00a0Le camping Seasonova Ile de R\u00e9\u00a0est situ\u00e9 aux\u00a0Portes-en-R\u00e9, \u00e0 200m de la plage et non loin de la r\u00e9serve naturelle de Lilleau des Niges.\u00a0\u00bb<\/em><\/p>\n<p style=\"text-align: center;\">Pour en lire un peu plus, rendez-vous sur le site de <a href=\"https:\/\/www.hello-famille.com\/hebergements\/camping-seasonova-ile-de-re\/\">hello-famille<\/a><\/p>\n<p>&nbsp;<\/p>","protected":false},"excerpt":{"rendered":"<p>Tester un camping Seasonova c&rsquo;est bien plus que de simples vacances Si vous \u00eates encore incertains concernant le choix de Seasonova pour vos vacances entres amis, en famille ou en amoureux, cette page est faite pour [&#8230;]<\/p>\n","protected":false},"author":2,"featured_media":23136,"parent":0,"menu_order":0,"comment_status":"closed","ping_status":"closed","template":"","meta":[],"yoast_head":"<!-- This site is optimized with the Yoast SEO plugin v18.1 - https:\/\/yoast.com\/wordpress\/plugins\/seo\/ -->\n<meta name=\"robots\" content=\"index, follow, max-snippet:-1, max-image-preview:large, max-video-preview:-1\" \/>\n<link rel=\"canonical\" href=\"https:\/\/vacances-seasonova.com\/fr\/ils-ont-teste-les-campings-seasonova\/\" \/>\n<meta property=\"og:locale\" content=\"fr_FR\" \/>\n<meta property=\"og:type\" content=\"article\" \/>\n<meta property=\"og:title\" content=\"Ils ont test\u00e9 les campings Seasonova - Seasonova | Campings Normandie, Bretagne, Pays de La Loire et Alsace\" \/>\n<meta property=\"og:description\" content=\"Tester un camping Seasonova c&rsquo;est bien plus que de simples vacances Si vous \u00eates encore incertains concernant le choix de Seasonova pour vos vacances entres amis, en famille ou en amoureux, cette page est faite pour [...]\" \/>\n<meta property=\"og:url\" content=\"https:\/\/vacances-seasonova.com\/nl\/ils-ont-teste-les-campings-seasonova\/\" \/>\n<meta property=\"og:site_name\" content=\"Seasonova | Campings Normandie, Bretagne, Pays de La Loire et Alsace\" \/>\n<meta property=\"article:modified_time\" content=\"2025-08-28T14:50:29+00:00\" \/>\n<meta property=\"og:image\" content=\"https:\/\/vacances-seasonova.com\/wp-content\/uploads\/2021\/06\/adobestock_299774645-675x450.jpeg\" \/>\n\t<meta property=\"og:image:width\" content=\"675\" \/>\n\t<meta property=\"og:image:height\" content=\"450\" \/>\n\t<meta property=\"og:image:type\" content=\"image\/jpeg\" \/>\n<meta name=\"twitter:card\" content=\"summary\" \/>\n<meta name=\"twitter:label1\" content=\"Dur\u00e9e de lecture estim\u00e9e\" \/>\n\t<meta name=\"twitter:data1\" content=\"5 minutes\" \/>\n<script type=\"application\/ld+json\" class=\"yoast-schema-graph\">{\"@context\":\"https:\/\/schema.org\",\"@graph\":[{\"@type\":\"WebSite\",\"@id\":\"https:\/\/vacances-seasonova.com\/fr\/#website\",\"url\":\"https:\/\/vacances-seasonova.com\/fr\/\",\"name\":\"Seasonova | Campings Normandie, Bretagne, Pays de La Loire et Alsace\",\"description\":\"\",\"potentialAction\":[{\"@type\":\"SearchAction\",\"target\":{\"@type\":\"EntryPoint\",\"urlTemplate\":\"https:\/\/vacances-seasonova.com\/fr\/?s={search_term_string}\"},\"query-input\":\"required name=search_term_string\"}],\"inLanguage\":\"fr-FR\"},{\"@type\":\"ImageObject\",\"@id\":\"https:\/\/vacances-seasonova.com\/nl\/ils-ont-teste-les-campings-seasonova\/#primaryimage\",\"inLanguage\":\"fr-FR\",\"url\":\"https:\/\/vacances-seasonova.com\/wp-content\/uploads\/2021\/06\/adobestock_299774645.jpeg\",\"contentUrl\":\"https:\/\/vacances-seasonova.com\/wp-content\/uploads\/2021\/06\/adobestock_299774645.jpeg\",\"width\":3629,\"height\":2419,\"caption\":\"Traveler couple camping in the forest and relaxing near campfire after a hard day. Concept of trekking, adventure and seasonal vacation.\"},{\"@type\":\"WebPage\",\"@id\":\"https:\/\/vacances-seasonova.com\/nl\/ils-ont-teste-les-campings-seasonova\/#webpage\",\"url\":\"https:\/\/vacances-seasonova.com\/nl\/ils-ont-teste-les-campings-seasonova\/\",\"name\":\"Ils ont test\u00e9 les campings Seasonova - Seasonova | Campings Normandie, Bretagne, Pays de La Loire et Alsace\",\"isPartOf\":{\"@id\":\"https:\/\/vacances-seasonova.com\/fr\/#website\"},\"primaryImageOfPage\":{\"@id\":\"https:\/\/vacances-seasonova.com\/nl\/ils-ont-teste-les-campings-seasonova\/#primaryimage\"},\"datePublished\":\"2021-06-14T08:09:07+00:00\",\"dateModified\":\"2025-08-28T14:50:29+00:00\",\"breadcrumb\":{\"@id\":\"https:\/\/vacances-seasonova.com\/nl\/ils-ont-teste-les-campings-seasonova\/#breadcrumb\"},\"inLanguage\":\"fr-FR\",\"potentialAction\":[{\"@type\":\"ReadAction\",\"target\":[\"https:\/\/vacances-seasonova.com\/nl\/ils-ont-teste-les-campings-seasonova\/\"]}]},{\"@type\":\"BreadcrumbList\",\"@id\":\"https:\/\/vacances-seasonova.com\/nl\/ils-ont-teste-les-campings-seasonova\/#breadcrumb\",\"itemListElement\":[{\"@type\":\"ListItem\",\"position\":1,\"name\":\"Accueil\",\"item\":\"https:\/\/vacances-seasonova.com\/nl\/\"},{\"@type\":\"ListItem\",\"position\":2,\"name\":\"They tested Seasonova campsites\"}]}]}<\/script>\n<!-- \/ Yoast SEO plugin. -->","yoast_head_json":{"robots":{"index":"index","follow":"follow","max-snippet":"max-snippet:-1","max-image-preview":"max-image-preview:large","max-video-preview":"max-video-preview:-1"},"canonical":"https:\/\/vacances-seasonova.com\/fr\/ils-ont-teste-les-campings-seasonova\/","og_locale":"fr_FR","og_type":"article","og_title":"Ils ont test\u00e9 les campings Seasonova - Seasonova | Campings Normandie, Bretagne, Pays de La Loire et Alsace","og_description":"Tester un camping Seasonova c&rsquo;est bien plus que de simples vacances Si vous \u00eates encore incertains concernant le choix de Seasonova pour vos vacances entres amis, en famille ou en amoureux, cette page est faite pour [...]","og_url":"https:\/\/vacances-seasonova.com\/nl\/ils-ont-teste-les-campings-seasonova\/","og_site_name":"Seasonova | Campings Normandie, Bretagne, Pays de La Loire et Alsace","article_modified_time":"2025-08-28T14:50:29+00:00","og_image":[{"width":675,"height":450,"url":"https:\/\/vacances-seasonova.com\/wp-content\/uploads\/2021\/06\/adobestock_299774645-675x450.jpeg","type":"image\/jpeg"}],"twitter_card":"summary","twitter_misc":{"Dur\u00e9e de lecture estim\u00e9e":"5 minutes"},"schema":{"@context":"https:\/\/schema.org","@graph":[{"@type":"WebSite","@id":"https:\/\/vacances-seasonova.com\/fr\/#website","url":"https:\/\/vacances-seasonova.com\/fr\/","name":"Seasonova | Campings Normandie, Bretagne, Pays de La Loire et Alsace","description":"","potentialAction":[{"@type":"SearchAction","target":{"@type":"EntryPoint","urlTemplate":"https:\/\/vacances-seasonova.com\/fr\/?s={search_term_string}"},"query-input":"required name=search_term_string"}],"inLanguage":"fr-FR"},{"@type":"ImageObject","@id":"https:\/\/vacances-seasonova.com\/nl\/ils-ont-teste-les-campings-seasonova\/#primaryimage","inLanguage":"fr-FR","url":"https:\/\/vacances-seasonova.com\/wp-content\/uploads\/2021\/06\/adobestock_299774645.jpeg","contentUrl":"https:\/\/vacances-seasonova.com\/wp-content\/uploads\/2021\/06\/adobestock_299774645.jpeg","width":3629,"height":2419,"caption":"Traveler couple camping in the forest and relaxing near campfire after a hard day. Concept of trekking, adventure and seasonal vacation."},{"@type":"WebPage","@id":"https:\/\/vacances-seasonova.com\/nl\/ils-ont-teste-les-campings-seasonova\/#webpage","url":"https:\/\/vacances-seasonova.com\/nl\/ils-ont-teste-les-campings-seasonova\/","name":"Ils ont test\u00e9 les campings Seasonova - Seasonova | Campings Normandie, Bretagne, Pays de La Loire et Alsace","isPartOf":{"@id":"https:\/\/vacances-seasonova.com\/fr\/#website"},"primaryImageOfPage":{"@id":"https:\/\/vacances-seasonova.com\/nl\/ils-ont-teste-les-campings-seasonova\/#primaryimage"},"datePublished":"2021-06-14T08:09:07+00:00","dateModified":"2025-08-28T14:50:29+00:00","breadcrumb":{"@id":"https:\/\/vacances-seasonova.com\/nl\/ils-ont-teste-les-campings-seasonova\/#breadcrumb"},"inLanguage":"fr-FR","potentialAction":[{"@type":"ReadAction","target":["https:\/\/vacances-seasonova.com\/nl\/ils-ont-teste-les-campings-seasonova\/"]}]},{"@type":"BreadcrumbList","@id":"https:\/\/vacances-seasonova.com\/nl\/ils-ont-teste-les-campings-seasonova\/#breadcrumb","itemListElement":[{"@type":"ListItem","position":1,"name":"Accueil","item":"https:\/\/vacances-seasonova.com\/nl\/"},{"@type":"ListItem","position":2,"name":"They tested Seasonova campsites"}]}]}},"_links":{"self":[{"href":"https:\/\/vacances-seasonova.com\/fr\/wp-json\/wp\/v2\/pages\/23135"}],"collection":[{"href":"https:\/\/vacances-seasonova.com\/fr\/wp-json\/wp\/v2\/pages"}],"about":[{"href":"https:\/\/vacances-seasonova.com\/fr\/wp-json\/wp\/v2\/types\/page"}],"author":[{"embeddable":true,"href":"https:\/\/vacances-seasonova.com\/fr\/wp-json\/wp\/v2\/users\/2"}],"replies":[{"embeddable":true,"href":"https:\/\/vacances-seasonova.com\/fr\/wp-json\/wp\/v2\/comments?post=23135"}],"version-history":[{"count":5,"href":"https:\/\/vacances-seasonova.com\/fr\/wp-json\/wp\/v2\/pages\/23135\/revisions"}],"predecessor-version":[{"id":51796,"href":"https:\/\/vacances-seasonova.com\/fr\/wp-json\/wp\/v2\/pages\/23135\/revisions\/51796"}],"wp:featuredmedia":[{"embeddable":true,"href":"https:\/\/vacances-seasonova.com\/fr\/wp-json\/wp\/v2\/media\/23136"}],"wp:attachment":[{"href":"https:\/\/vacances-seasonova.com\/fr\/wp-json\/wp\/v2\/media?parent=23135"}],"curies":[{"name":"wp","href":"https:\/\/api.w.org\/{rel}","templated":true}]}}