    {"id":27644,"date":"2022-05-18T10:30:49","date_gmt":"2022-05-18T08:30:49","guid":{"rendered":"https:\/\/vacances-seasonova.com\/fr\/?page_id=27644"},"modified":"2026-01-12T15:04:26","modified_gmt":"2026-01-12T14:04:26","slug":"les-enveloppes-slow-day","status":"publish","type":"page","link":"https:\/\/vacances-seasonova.com\/fr\/les-enveloppes-slow-day\/","title":{"rendered":"Les Enveloppes Slow Day"},"content":{"rendered":"<p><img loading=\"lazy\" class=\"alignnone size-full wp-image-20882\" src=\"https:\/\/vacances-seasonova.com\/wp-content\/uploads\/2022\/05\/a.png\" alt=\"\" width=\"1000\" height=\"800\" \/><\/p>\n<h3>Enveloppe \u00ab Slow Day \u00bb<\/h3>\n<p><span style=\"font-weight: 400;\">Embarquez dans une Exp\u00e9rience Slow Life \u00bb le temps d\u2019une journ\u00e9e sur l\u2019un de nos campings Seasonova ! <\/span><\/p>\n<p><span style=\"font-weight: 400;\">Loin du tumulte de votre vie effr\u00e9n\u00e9e, avez-vous d\u00e9j\u00e0 r\u00eav\u00e9 de vivre une journ\u00e9e \u00e0 votre rythme ? Si la r\u00e9ponse<br \/>\nest oui, alors nous avons une initiation cl\u00e9s en main \u00e0 vous faire d\u00e9couvrir ! Notre groupe s\u2019associe \u00e0 \u00ab Une Vie Slow \u00bb repr\u00e9sent\u00e9e par Chlo\u00e9 &amp; Nicolas Blin Maginot dans la conception d\u2019enveloppe \u00ab Slow Day \u00bb afin de vous permettre de savourer l\u2019instant pr\u00e9sent en suivantdes \u00e9tapes cl\u00e9s, le temps d\u2019une journ\u00e9e sur l\u2019un de nos campings. <\/span><\/p>\n<h2>Mais alors, qu\u2019est-ce que la Slow Life ?<\/h2>\n<p>C\u2019est avant tout une qu\u00eate de sens afin d\u2019apprendre \u00e0 d\u00e9c\u00e9l\u00e9rer, se lib\u00e9rer de la charge mentale, se connecter aux essentiels, faire de la place \u00e0 nos inspirations et aspirations, vivre l\u2019instant tranquillement\u2026<\/p>\n<h2>Pourquoi cette collaboration avec \u00abUne Vie Slow\u00bb ?<\/h2>\n<p>Notre Groupe Seasonova, convaincu que le bien-\u00eatre est une priorit\u00e9, d\u00e9cide de m\u00ealer ses convictions sur la \u00ab <a href=\"https:\/\/vacances-seasonova.com\/fr\/vacances-en-camping-seasonova\/lempreinte-seasonova-2-2\/\">Slow Life<\/a> \u00bb avec \u00ab Une Vie Slow\u00bb afin d\u2019inviter et d\u2019initier nos curieux campeurs \u00e0 faire une introspection sur leur envie et besoin. Ce que nous vous proposons c\u2019est de vivre des moments pour prendre soin des corps, des c\u0153urs et profiter des vacances en pleine nature ! Des surprises au fil des enveloppes pour nourrir la complicit\u00e9 et l\u2019humour en famille ou en couple. Revenir aux essentiels, le temps d\u2019une journ\u00e9e, c\u2019est aussi comme un bon slow !<\/p>\n<p><img loading=\"lazy\" class=\"\" src=\"https:\/\/vacances-seasonova.com\/wp-content\/uploads\/2022\/05\/visuel-slow-day-1-1.png\" alt=\"\" width=\"900\" height=\"300\" \/><\/p>\n<h3>Des enveloppes \u00ab Slow Day \u00bb sign\u00e9es \u00ab Une Vie Slow x Seasonova \u00bb !<\/h3>\n<p>En couple ou en famille, laissez-vous tenter par une journ\u00e9e de reconnexion avec vous-m\u00eame<br \/>\net de partage avec vos proches ! \u00c0 l\u2019aide de votre enveloppe \u00ab Slow Day \u00bb, acc\u00e9dez \u00e0 un programme 100% lib\u00e9rateur d\u00e8s l\u2019aube jusqu\u2019au coucher. Sous forme de guide d\u2019\u00e9veil, vous y retrouverez des recettes, des activit\u00e9s, des temps de repos\u2026 Vous aurez simplement comme mission de vous laisser guider.<\/p>\n<h3>O\u00f9 se procurer les enveloppes \u00ab Slow Day \u00bb ?<\/h3>\n<p>Envie d\u2019exp\u00e9rimenter le rythme \u00ab slow \u00bb ?! Il vous suffit tout d\u2019abord de r\u00e9server votre s\u00e9jour dans<br \/>\nl\u2019un des nombreux <a href=\"https:\/\/vacances-seasonova.com\/fr\/\">Campings Seasonova<\/a> puis de s\u00e9lectionner le package \u00ab Slow Day \u00bb couple ou<br \/>\nfamille lors de la finalisation de la r\u00e9servation. Vivre une Exp\u00e9rience Slow Life. Votre enveloppe vous attendra directement au camping et il ne vous restera plus qu\u2019\u00e0 profiter !<\/p>\n<p>&nbsp;<\/p>\n<h2>Alors, pr\u00eat(e) \u00e0 tenter l\u2019exp\u00e9rience \u00ab Slow Day \u00bb ?!<\/h2>\n<div><a href=\"https:\/\/bookingpremium.secureholiday.net\/group\/FR\/22\/search\/estab-list?SearchForm.EngineId=1164&amp;SearchForm.BeginDate=&amp;SearchForm.EndDate=&amp;SearchForm.PersonNumber=&amp;SearchForm.EstablishmentIdList%5B0%5D=-1&amp;SearchForm.ProductTypeCodeList%5B0%5D=E&amp;_ga=2.189353128.2045039423.1651827742-1591471337.1651827742&amp;showMap=true&amp;to=~%28n~%27Zone%2a20sur%2a20la%2a20carte~lat~47.331377157798244~lng~2.0983886718750004%29&amp;radius=992\" target=\"_blank\" rel=\"noopener\">Cliquez ici <\/a><\/div>\n<p><\/p>","protected":false},"excerpt":{"rendered":"<p>Enveloppe \u00ab Slow Day \u00bb Embarquez dans une Exp\u00e9rience Slow Life \u00bb le temps d\u2019une journ\u00e9e sur l\u2019un de nos campings Seasonova ! Loin du tumulte de votre vie effr\u00e9n\u00e9e, avez-vous d\u00e9j\u00e0 r\u00eav\u00e9 de vivre une journ\u00e9e \u00e0 [&#8230;]<\/p>\n","protected":false},"author":2,"featured_media":27566,"parent":0,"menu_order":0,"comment_status":"closed","ping_status":"closed","template":"","meta":[],"yoast_head":"<!-- This site is optimized with the Yoast SEO plugin v18.1 - https:\/\/yoast.com\/wordpress\/plugins\/seo\/ -->\n<meta name=\"description\" content=\"Profitez de vos vacances pour vivre une Exp\u00e9rience Slow Life dans les Campings SEASONOVA. Nous avons con\u00e7u pour vous un programme in\u00e9dit...\" \/>\n<meta name=\"robots\" content=\"index, follow, max-snippet:-1, max-image-preview:large, max-video-preview:-1\" \/>\n<link rel=\"canonical\" href=\"https:\/\/vacances-seasonova.com\/fr\/les-enveloppes-slow-day\/\" \/>\n<meta property=\"og:locale\" content=\"fr_FR\" \/>\n<meta property=\"og:type\" content=\"article\" \/>\n<meta property=\"og:title\" content=\"Exp\u00e9rience Slow Life\" \/>\n<meta property=\"og:description\" content=\"Profitez de vos vacances pour vivre une Exp\u00e9rience Slow Life dans les Campings SEASONOVA. Nous avons con\u00e7u pour vous un programme in\u00e9dit...\" \/>\n<meta property=\"og:url\" content=\"https:\/\/vacances-seasonova.com\/fr\/les-enveloppes-slow-day\/\" \/>\n<meta property=\"og:site_name\" content=\"Seasonova | Campings Normandie, Bretagne, Pays de La Loire et Alsace\" \/>\n<meta property=\"article:modified_time\" content=\"2026-01-12T14:04:26+00:00\" \/>\n<meta property=\"og:image\" content=\"https:\/\/vacances-seasonova.com\/wp-content\/uploads\/2022\/05\/dsc05985-scaled.jpg\" \/>\n\t<meta property=\"og:image:width\" content=\"2560\" \/>\n\t<meta property=\"og:image:height\" content=\"1707\" \/>\n\t<meta property=\"og:image:type\" content=\"image\/jpeg\" \/>\n<meta name=\"twitter:card\" content=\"summary\" \/>\n<meta name=\"twitter:label1\" content=\"Dur\u00e9e de lecture estim\u00e9e\" \/>\n\t<meta name=\"twitter:data1\" content=\"7 minutes\" \/>\n<script type=\"application\/ld+json\" class=\"yoast-schema-graph\">{\"@context\":\"https:\/\/schema.org\",\"@graph\":[{\"@type\":\"WebSite\",\"@id\":\"https:\/\/vacances-seasonova.com\/fr\/#website\",\"url\":\"https:\/\/vacances-seasonova.com\/fr\/\",\"name\":\"Seasonova | Campings Normandie, Bretagne, Pays de La Loire et Alsace\",\"description\":\"\",\"potentialAction\":[{\"@type\":\"SearchAction\",\"target\":{\"@type\":\"EntryPoint\",\"urlTemplate\":\"https:\/\/vacances-seasonova.com\/fr\/?s={search_term_string}\"},\"query-input\":\"required name=search_term_string\"}],\"inLanguage\":\"fr-FR\"},{\"@type\":\"ImageObject\",\"@id\":\"https:\/\/vacances-seasonova.com\/fr\/les-enveloppes-slow-day\/#primaryimage\",\"inLanguage\":\"fr-FR\",\"url\":\"https:\/\/vacances-seasonova.com\/wp-content\/uploads\/2022\/05\/dsc05985-scaled.jpg\",\"contentUrl\":\"https:\/\/vacances-seasonova.com\/wp-content\/uploads\/2022\/05\/dsc05985-scaled.jpg\",\"width\":2560,\"height\":1707},{\"@type\":\"WebPage\",\"@id\":\"https:\/\/vacances-seasonova.com\/fr\/les-enveloppes-slow-day\/#webpage\",\"url\":\"https:\/\/vacances-seasonova.com\/fr\/les-enveloppes-slow-day\/\",\"name\":\"Exp\u00e9rience Slow Life\",\"isPartOf\":{\"@id\":\"https:\/\/vacances-seasonova.com\/fr\/#website\"},\"primaryImageOfPage\":{\"@id\":\"https:\/\/vacances-seasonova.com\/fr\/les-enveloppes-slow-day\/#primaryimage\"},\"datePublished\":\"2022-05-18T08:30:49+00:00\",\"dateModified\":\"2026-01-12T14:04:26+00:00\",\"description\":\"Profitez de vos vacances pour vivre une Exp\u00e9rience Slow Life dans les Campings SEASONOVA. Nous avons con\u00e7u pour vous un programme in\u00e9dit...\",\"breadcrumb\":{\"@id\":\"https:\/\/vacances-seasonova.com\/fr\/les-enveloppes-slow-day\/#breadcrumb\"},\"inLanguage\":\"fr-FR\",\"potentialAction\":[{\"@type\":\"ReadAction\",\"target\":[\"https:\/\/vacances-seasonova.com\/fr\/les-enveloppes-slow-day\/\"]}]},{\"@type\":\"BreadcrumbList\",\"@id\":\"https:\/\/vacances-seasonova.com\/fr\/les-enveloppes-slow-day\/#breadcrumb\",\"itemListElement\":[{\"@type\":\"ListItem\",\"position\":1,\"name\":\"Accueil\",\"item\":\"https:\/\/vacances-seasonova.com\/nl\/\"},{\"@type\":\"ListItem\",\"position\":2,\"name\":\"Les Enveloppes Slow Day\"}]}]}<\/script>\n<!-- \/ Yoast SEO plugin. -->","yoast_head_json":{"description":"Profitez de vos vacances pour vivre une Exp\u00e9rience Slow Life dans les Campings SEASONOVA. Nous avons con\u00e7u pour vous un programme in\u00e9dit...","robots":{"index":"index","follow":"follow","max-snippet":"max-snippet:-1","max-image-preview":"max-image-preview:large","max-video-preview":"max-video-preview:-1"},"canonical":"https:\/\/vacances-seasonova.com\/fr\/les-enveloppes-slow-day\/","og_locale":"fr_FR","og_type":"article","og_title":"Exp\u00e9rience Slow Life","og_description":"Profitez de vos vacances pour vivre une Exp\u00e9rience Slow Life dans les Campings SEASONOVA. Nous avons con\u00e7u pour vous un programme in\u00e9dit...","og_url":"https:\/\/vacances-seasonova.com\/fr\/les-enveloppes-slow-day\/","og_site_name":"Seasonova | Campings Normandie, Bretagne, Pays de La Loire et Alsace","article_modified_time":"2026-01-12T14:04:26+00:00","og_image":[{"width":2560,"height":1707,"url":"https:\/\/vacances-seasonova.com\/wp-content\/uploads\/2022\/05\/dsc05985-scaled.jpg","type":"image\/jpeg"}],"twitter_card":"summary","twitter_misc":{"Dur\u00e9e de lecture estim\u00e9e":"7 minutes"},"schema":{"@context":"https:\/\/schema.org","@graph":[{"@type":"WebSite","@id":"https:\/\/vacances-seasonova.com\/fr\/#website","url":"https:\/\/vacances-seasonova.com\/fr\/","name":"Seasonova | Campings Normandie, Bretagne, Pays de La Loire et Alsace","description":"","potentialAction":[{"@type":"SearchAction","target":{"@type":"EntryPoint","urlTemplate":"https:\/\/vacances-seasonova.com\/fr\/?s={search_term_string}"},"query-input":"required name=search_term_string"}],"inLanguage":"fr-FR"},{"@type":"ImageObject","@id":"https:\/\/vacances-seasonova.com\/fr\/les-enveloppes-slow-day\/#primaryimage","inLanguage":"fr-FR","url":"https:\/\/vacances-seasonova.com\/wp-content\/uploads\/2022\/05\/dsc05985-scaled.jpg","contentUrl":"https:\/\/vacances-seasonova.com\/wp-content\/uploads\/2022\/05\/dsc05985-scaled.jpg","width":2560,"height":1707},{"@type":"WebPage","@id":"https:\/\/vacances-seasonova.com\/fr\/les-enveloppes-slow-day\/#webpage","url":"https:\/\/vacances-seasonova.com\/fr\/les-enveloppes-slow-day\/","name":"Exp\u00e9rience Slow Life","isPartOf":{"@id":"https:\/\/vacances-seasonova.com\/fr\/#website"},"primaryImageOfPage":{"@id":"https:\/\/vacances-seasonova.com\/fr\/les-enveloppes-slow-day\/#primaryimage"},"datePublished":"2022-05-18T08:30:49+00:00","dateModified":"2026-01-12T14:04:26+00:00","description":"Profitez de vos vacances pour vivre une Exp\u00e9rience Slow Life dans les Campings SEASONOVA. Nous avons con\u00e7u pour vous un programme in\u00e9dit...","breadcrumb":{"@id":"https:\/\/vacances-seasonova.com\/fr\/les-enveloppes-slow-day\/#breadcrumb"},"inLanguage":"fr-FR","potentialAction":[{"@type":"ReadAction","target":["https:\/\/vacances-seasonova.com\/fr\/les-enveloppes-slow-day\/"]}]},{"@type":"BreadcrumbList","@id":"https:\/\/vacances-seasonova.com\/fr\/les-enveloppes-slow-day\/#breadcrumb","itemListElement":[{"@type":"ListItem","position":1,"name":"Accueil","item":"https:\/\/vacances-seasonova.com\/nl\/"},{"@type":"ListItem","position":2,"name":"Les Enveloppes Slow Day"}]}]}},"_links":{"self":[{"href":"https:\/\/vacances-seasonova.com\/fr\/wp-json\/wp\/v2\/pages\/27644"}],"collection":[{"href":"https:\/\/vacances-seasonova.com\/fr\/wp-json\/wp\/v2\/pages"}],"about":[{"href":"https:\/\/vacances-seasonova.com\/fr\/wp-json\/wp\/v2\/types\/page"}],"author":[{"embeddable":true,"href":"https:\/\/vacances-seasonova.com\/fr\/wp-json\/wp\/v2\/users\/2"}],"replies":[{"embeddable":true,"href":"https:\/\/vacances-seasonova.com\/fr\/wp-json\/wp\/v2\/comments?post=27644"}],"version-history":[{"count":64,"href":"https:\/\/vacances-seasonova.com\/fr\/wp-json\/wp\/v2\/pages\/27644\/revisions"}],"predecessor-version":[{"id":51764,"href":"https:\/\/vacances-seasonova.com\/fr\/wp-json\/wp\/v2\/pages\/27644\/revisions\/51764"}],"wp:featuredmedia":[{"embeddable":true,"href":"https:\/\/vacances-seasonova.com\/fr\/wp-json\/wp\/v2\/media\/27566"}],"wp:attachment":[{"href":"https:\/\/vacances-seasonova.com\/fr\/wp-json\/wp\/v2\/media?parent=27644"}],"curies":[{"name":"wp","href":"https:\/\/api.w.org\/{rel}","templated":true}]}}