    {"id":27686,"date":"2023-08-29T11:42:26","date_gmt":"2023-08-29T09:42:26","guid":{"rendered":"https:\/\/vacances-seasonova.com\/fr\/?page_id=27686"},"modified":"2025-08-14T15:12:27","modified_gmt":"2025-08-14T13:12:27","slug":"l-empreinte-seasonova","status":"publish","type":"page","link":"https:\/\/vacances-seasonova.com\/fr\/vacances-en-camping-seasonova\/lempreinte-seasonova-2\/","title":{"rendered":"Slow Life"},"content":{"rendered":"<p><img loading=\"lazy\" class=\"alignnone size-full wp-image-20882\" src=\"https:\/\/vacances-seasonova.com\/wp-content\/uploads\/2021\/03\/valeurs.png\" alt=\"\" width=\"2590\" height=\"2106\" srcset=\"https:\/\/vacances-seasonova.com\/wp-content\/uploads\/2021\/03\/valeurs.png 2590w, https:\/\/vacances-seasonova.com\/wp-content\/uploads\/2021\/03\/valeurs-300x244.png 300w, https:\/\/vacances-seasonova.com\/wp-content\/uploads\/2021\/03\/valeurs-768x624.png 768w, https:\/\/vacances-seasonova.com\/wp-content\/uploads\/2021\/03\/valeurs-553x450.png 553w, https:\/\/vacances-seasonova.com\/wp-content\/uploads\/2021\/03\/valeurs-600x488.png 600w\" sizes=\"(max-width: 2590px) 100vw, 2590px\" \/><\/p>\n<h3>Donner un nouveau rythme \u00e0 votre vie<\/h3>\n<p><span style=\"font-weight: 400;\">L\u2019id\u00e9e de Slow Life est de plus en plus pr\u00e9sente aujourd&rsquo;hui. Le concept continu de convaincre les personnes soucieuses de leur bien-\u00eatre.<\/span><\/p>\n<p><span style=\"font-weight: 400;\">En effet, reconsid\u00e9rer ses priorit\u00e9s et se recentrer sur l\u2019essentiel n\u2019a jamais \u00e9t\u00e9 aussi recherch\u00e9. Cette mani\u00e8re d\u2019envisager son quotidien, se d\u00e9cline sous de nombreuses formes que s\u2019appliquent \u00e0 chaque aspect de nos journ\u00e9es.<\/span><\/p>\n<div class=\"row row-no-gutters\">\n<div class=\"col-xs-12 col-md-4\">\n<p><img loading=\"lazy\" class=\"size-medium wp-image-17191\" src=\"https:\/\/vacances-seasonova.com\/wp-content\/uploads\/2020\/03\/slow-seasonova-300x257.jpg\" alt=\"yoga\" width=\"300\" height=\"257\" srcset=\"https:\/\/vacances-seasonova.com\/wp-content\/uploads\/2020\/03\/slow-seasonova-300x257.jpg 300w, https:\/\/vacances-seasonova.com\/wp-content\/uploads\/2020\/03\/slow-seasonova-768x658.jpg 768w, https:\/\/vacances-seasonova.com\/wp-content\/uploads\/2020\/03\/slow-seasonova-525x450.jpg 525w, https:\/\/vacances-seasonova.com\/wp-content\/uploads\/2020\/03\/slow-seasonova-600x514.jpg 600w, https:\/\/vacances-seasonova.com\/wp-content\/uploads\/2020\/03\/slow-seasonova.jpg 1399w\" sizes=\"(max-width: 300px) 100vw, 300px\" \/><\/p>\n<h2>La Slow Attitude<\/h2>\n<h3>Oser ralentir, prendre le temps d&rsquo;appr\u00e9cier chaque moment<\/h3>\n<p style=\"text-align: justify;\">La slow attitude c\u2019est le fait d\u2019aborder les diff\u00e9rents aspects de son quotidien d\u2019une mani\u00e8re simplifi\u00e9e. L\u2019objectif\u00a0? Un retour \u00e0 l\u2019essentiel.<\/p>\n<p style=\"text-align: justify;\"><span style=\"font-weight: 400;\">Mais pourquoi faire\u00a0? Aujourd\u2019hui, nous ne prenons plus le temps de savourer, nous ne savons plus attendre sans regarder notre smartphone, nous achetons sans r\u00e9fl\u00e9chir, nous mangeons m\u00e9caniquement.<\/span><\/p>\n<p style=\"text-align: justify;\">Le but est de donner \u00e0 nouveau de l\u2019importance \u00e0 ces moments de vie qui animent nos journ\u00e9es comme jouer avec ses <a href=\"https:\/\/vacances-seasonova.com\/fr\/vacances-en-camping-seasonova\/lexperience-seasonova\/parents-enfants\/\" target=\"_blank\" rel=\"noopener noreferrer\">enfants<\/a>.\u00a0un nouveau mode de vie qui souligne les bienfaits de la lenteur.<\/p>\n<p style=\"text-align: justify;\">Dans un monde marqu\u00e9 par la vitesse et l&rsquo;efficacit\u00e9, le fait de prendre son temps, de paresser est souvent vu comme n\u00e9gatif alors qu&rsquo;il n&rsquo;y a rien de mieux pour se ressourcer et \u00eatre productif quand il le faut.<\/p>\n<p style=\"text-align: justify;\">\u201cLa qualit\u00e9 de la vie est toujours proportionnelle \u00e0 la capacit\u00e9 de la savourer. La capacit\u00e9 de la savourer est directement li\u00e9e \u00e0 la facult\u00e9 de pr\u00eater attention.\u201d Julia Cameron<\/p>\n<\/div>\n<div class=\"col-xs-12 col-md-4\">\n<p><img loading=\"lazy\" class=\"size-medium wp-image-17189\" src=\"https:\/\/vacances-seasonova.com\/wp-content\/uploads\/2020\/03\/fromages-image-300x257.jpg\" alt=\"fromage\" width=\"300\" height=\"257\" srcset=\"https:\/\/vacances-seasonova.com\/wp-content\/uploads\/2020\/03\/fromages-image-300x257.jpg 300w, https:\/\/vacances-seasonova.com\/wp-content\/uploads\/2020\/03\/fromages-image-768x658.jpg 768w, https:\/\/vacances-seasonova.com\/wp-content\/uploads\/2020\/03\/fromages-image-525x450.jpg 525w, https:\/\/vacances-seasonova.com\/wp-content\/uploads\/2020\/03\/fromages-image-600x514.jpg 600w, https:\/\/vacances-seasonova.com\/wp-content\/uploads\/2020\/03\/fromages-image.jpg 1399w\" sizes=\"(max-width: 300px) 100vw, 300px\" \/><\/p>\n<h2>La Slow Food<\/h2>\n<h3>L\u2019art de bien manger, r\u00e9(apprendre) \u00e0 savourer<\/h3>\n<p style=\"text-align: justify;\"><span style=\"font-weight: 400;\">C\u2019est dans les ann\u00e9es 1980 que le mouvement slow food est n\u00e9. C\u2019est un groupe d\u2019amis, men\u00e9 par Carlo Petrini, qui est \u00e0 l\u2019origine de cette philosophie. Ces amoureux des bonnes choses ont exprim\u00e9 leur attachement aux bons produits ainsi qu\u2019au temps qu\u2019il fallait accorder \u00e0 un repas. Cette mani\u00e8re de percevoir le quotidien a \u00e9t\u00e9 reprise sous de nombreuses formes, comme par exemple le slow travel.\u00a0<\/span><\/p>\n<p style=\"text-align: justify;\"><span style=\"font-weight: 400;\">C\u2019est bien beau, mais en quoi \u00e7a consiste\u00a0?<\/span><\/p>\n<p style=\"text-align: justify;\"><span style=\"font-weight: 400;\">Vous visualisez un fastfood aval\u00e9 en deux minutes\u00a0? Et bien le slow food, c\u2019est exactement l\u2019inverse, c\u2019est apporter de l\u2019importance aux aliments qui vont composer <a href=\"https:\/\/vacances-seasonova.com\/fr\/vacances-en-camping-seasonova\/lexperience-seasonova\/coin-chill\/\" target=\"_blank\" rel=\"noopener noreferrer\">votre repas<\/a>, \u00e0 leur provenance, \u00e0 leur qualit\u00e9 et \u00e0 la mani\u00e8re dont ils sont cuisin\u00e9s, c\u2019est faire confiance aux producteurs locaux.<\/span><\/p>\n<p style=\"text-align: justify;\"><span style=\"font-weight: 400;\">Ensuite, il vous faut un lieu agr\u00e9able pour le d\u00e9guster, un endroit ad\u00e9quat pour savourer en famille, entre amis ou seul de bons petits plats cuisin\u00e9s avec amour.<\/span><\/p>\n<p style=\"text-align: justify;\"><span style=\"font-weight: 400;\">La touche finale consiste \u00e0 \u00ab\u00a0prendre le temps\u00a0\u00bb de manger, tout simplement.<\/span><\/p>\n<\/div>\n<div class=\"col-xs-12 col-md-4\">\n<p><img loading=\"lazy\" class=\"size-medium wp-image-17194\" src=\"https:\/\/vacances-seasonova.com\/wp-content\/uploads\/2020\/03\/caravane-300x257.jpg\" alt=\"caravane\" width=\"300\" height=\"257\" srcset=\"https:\/\/vacances-seasonova.com\/wp-content\/uploads\/2020\/03\/caravane-300x257.jpg 300w, https:\/\/vacances-seasonova.com\/wp-content\/uploads\/2020\/03\/caravane-768x658.jpg 768w, https:\/\/vacances-seasonova.com\/wp-content\/uploads\/2020\/03\/caravane-525x450.jpg 525w, https:\/\/vacances-seasonova.com\/wp-content\/uploads\/2020\/03\/caravane-600x514.jpg 600w, https:\/\/vacances-seasonova.com\/wp-content\/uploads\/2020\/03\/caravane.jpg 1399w\" sizes=\"(max-width: 300px) 100vw, 300px\" \/><\/p>\n<h2>Slow Travel<\/h2>\n<h3>Voyager lentement, profiter de chaque instant<\/h3>\n<p style=\"text-align: justify;\"><span style=\"font-weight: 400;\">L\u2019id\u00e9e du slow travel, c\u2019est \u00e0 dire de voyager lentement, fait r\u00e9f\u00e9rence au mouvement slow life qui invite les gens \u00e0 ralentir leur rythme de vie dans un monde o\u00f9 tout va toujours de plus en plus vite.<\/span><\/p>\n<p style=\"text-align: justify;\"><span style=\"font-weight: 400;\">L\u2019objectif est de privil\u00e9gier un retour aux sources et de pr\u00e9f\u00e9rer la simplicit\u00e9 \u00e0 la complexit\u00e9<\/span><\/p>\n<p style=\"text-align: justify;\"><span style=\"font-weight: 400;\">Le slow travel consiste \u00e0 s\u2019octroyer le temps n\u00e9cessaire pour profiter de son s\u00e9jour<\/span><\/p>\n<p style=\"text-align: justify;\"><span style=\"font-weight: 400;\">C\u2019est s\u2019accorder la possibilit\u00e9 de s\u2019impr\u00e9gner des lieux o\u00f9 l\u2019on voyage et de rencontrer les locaux. C\u2019est \u00e9galement choisir ses activit\u00e9s en fonction de leur qualit\u00e9 et non de leur quantit\u00e9.<\/span><\/p>\n<p style=\"text-align: justify;\"><span style=\"font-weight: 400;\">Cette vision des choses invite \u00e0 \u00eatre plus \u00e9co-responsable et sensible \u00e0 son environnement.<\/span><\/p>\n<p style=\"text-align: justify;\"><span style=\"font-weight: 400;\">Cela passe par l\u2019utilisation de moyens de transports moins polluants et favorables \u00e0 l\u2019\u00e9conomie locale, comme par exemple le v\u00e9lo ou encore les transports en commun.<\/span><\/p>\n<\/div>\n<\/div>\n<h2 style=\"text-align: center;\">Nos paniers Seasonova pour un pique-nique r\u00e9ussi<\/h2>\n<p style=\"text-align: center;\"><img loading=\"lazy\" class=\"wp-image-20931 aligncenter\" src=\"https:\/\/vacances-seasonova.com\/wp-content\/uploads\/2021\/03\/panier.png\" alt=\"\" width=\"897\" height=\"596\" srcset=\"https:\/\/vacances-seasonova.com\/wp-content\/uploads\/2021\/03\/panier.png 3008w, https:\/\/vacances-seasonova.com\/wp-content\/uploads\/2021\/03\/panier-300x199.png 300w, https:\/\/vacances-seasonova.com\/wp-content\/uploads\/2021\/03\/panier-768x511.png 768w, https:\/\/vacances-seasonova.com\/wp-content\/uploads\/2021\/03\/panier-677x450.png 677w, https:\/\/vacances-seasonova.com\/wp-content\/uploads\/2021\/03\/panier-600x399.png 600w\" sizes=\"(max-width: 897px) 100vw, 897px\" \/><br \/>\n<a title=\"Nos paniers pique-nique\" href=\"https:\/\/vacances-seasonova.com\/fr\/nos-paniers-pique-nique\/\">En savoir plus<\/a><\/p>\n<p><\/p>","protected":false},"excerpt":{"rendered":"<p>Donner un nouveau rythme \u00e0 votre vie L\u2019id\u00e9e de Slow Life est de plus en plus pr\u00e9sente aujourd&rsquo;hui. Le concept continu de convaincre les personnes soucieuses de leur bien-\u00eatre. En effet, reconsid\u00e9rer ses [&#8230;]<\/p>\n","protected":false},"author":2,"featured_media":16500,"parent":53,"menu_order":1,"comment_status":"closed","ping_status":"closed","template":"page.php","meta":[],"yoast_head":"<!-- This site is optimized with the Yoast SEO plugin v18.1 - https:\/\/yoast.com\/wordpress\/plugins\/seo\/ -->\n<meta name=\"robots\" content=\"index, follow, max-snippet:-1, max-image-preview:large, max-video-preview:-1\" \/>\n<link rel=\"canonical\" href=\"https:\/\/vacances-seasonova.com\/fr\/kampeervakantiein-frankrijk\/devoetafdruk-2\/\" \/>\n<meta property=\"og:locale\" content=\"fr_FR\" \/>\n<meta property=\"og:type\" content=\"article\" \/>\n<meta property=\"og:title\" content=\"Slow Life - Seasonova | Campings Normandie, Bretagne, Pays de La Loire et Alsace\" \/>\n<meta property=\"og:description\" content=\"Donner un nouveau rythme \u00e0 votre vie L\u2019id\u00e9e de Slow Life est de plus en plus pr\u00e9sente aujourd&rsquo;hui. Le concept continu de convaincre les personnes soucieuses de leur bien-\u00eatre. En effet, reconsid\u00e9rer ses [...]\" \/>\n<meta property=\"og:url\" content=\"https:\/\/vacances-seasonova.com\/nl\/kampeervakantiein-frankrijk\/devoetafdruk-2\/\" \/>\n<meta property=\"og:site_name\" content=\"Seasonova | Campings Normandie, Bretagne, Pays de La Loire et Alsace\" \/>\n<meta property=\"article:modified_time\" content=\"2025-08-14T13:12:27+00:00\" \/>\n<meta property=\"og:image\" content=\"https:\/\/vacances-seasonova.com\/wp-content\/uploads\/2020\/02\/camper-bon-sante.jpg\" \/>\n\t<meta property=\"og:image:width\" content=\"5915\" \/>\n\t<meta property=\"og:image:height\" content=\"3942\" \/>\n\t<meta property=\"og:image:type\" content=\"image\/jpeg\" \/>\n<meta name=\"twitter:card\" content=\"summary\" \/>\n<meta name=\"twitter:label1\" content=\"Dur\u00e9e de lecture estim\u00e9e\" \/>\n\t<meta name=\"twitter:data1\" content=\"14 minutes\" \/>\n<script type=\"application\/ld+json\" class=\"yoast-schema-graph\">{\"@context\":\"https:\/\/schema.org\",\"@graph\":[{\"@type\":\"WebSite\",\"@id\":\"https:\/\/vacances-seasonova.com\/fr\/#website\",\"url\":\"https:\/\/vacances-seasonova.com\/fr\/\",\"name\":\"Seasonova | Campings Normandie, Bretagne, Pays de La Loire et Alsace\",\"description\":\"\",\"potentialAction\":[{\"@type\":\"SearchAction\",\"target\":{\"@type\":\"EntryPoint\",\"urlTemplate\":\"https:\/\/vacances-seasonova.com\/fr\/?s={search_term_string}\"},\"query-input\":\"required name=search_term_string\"}],\"inLanguage\":\"fr-FR\"},{\"@type\":\"ImageObject\",\"@id\":\"https:\/\/vacances-seasonova.com\/nl\/kampeervakantiein-frankrijk\/devoetafdruk-2\/#primaryimage\",\"inLanguage\":\"fr-FR\",\"url\":\"https:\/\/vacances-seasonova.com\/wp-content\/uploads\/2020\/02\/camper-bon-sante.jpg\",\"contentUrl\":\"https:\/\/vacances-seasonova.com\/wp-content\/uploads\/2020\/02\/camper-bon-sante.jpg\",\"width\":5915,\"height\":3942,\"caption\":\"camping\"},{\"@type\":\"WebPage\",\"@id\":\"https:\/\/vacances-seasonova.com\/nl\/kampeervakantiein-frankrijk\/devoetafdruk-2\/#webpage\",\"url\":\"https:\/\/vacances-seasonova.com\/nl\/kampeervakantiein-frankrijk\/devoetafdruk-2\/\",\"name\":\"Slow Life - Seasonova | Campings Normandie, Bretagne, Pays de La Loire et Alsace\",\"isPartOf\":{\"@id\":\"https:\/\/vacances-seasonova.com\/fr\/#website\"},\"primaryImageOfPage\":{\"@id\":\"https:\/\/vacances-seasonova.com\/nl\/kampeervakantiein-frankrijk\/devoetafdruk-2\/#primaryimage\"},\"datePublished\":\"2023-08-29T09:42:26+00:00\",\"dateModified\":\"2025-08-14T13:12:27+00:00\",\"breadcrumb\":{\"@id\":\"https:\/\/vacances-seasonova.com\/nl\/kampeervakantiein-frankrijk\/devoetafdruk-2\/#breadcrumb\"},\"inLanguage\":\"fr-FR\",\"potentialAction\":[{\"@type\":\"ReadAction\",\"target\":[\"https:\/\/vacances-seasonova.com\/nl\/kampeervakantiein-frankrijk\/devoetafdruk-2\/\"]}]},{\"@type\":\"BreadcrumbList\",\"@id\":\"https:\/\/vacances-seasonova.com\/nl\/kampeervakantiein-frankrijk\/devoetafdruk-2\/#breadcrumb\",\"itemListElement\":[{\"@type\":\"ListItem\",\"position\":1,\"name\":\"Accueil\",\"item\":\"https:\/\/vacances-seasonova.com\/nl\/\"},{\"@type\":\"ListItem\",\"position\":2,\"name\":\"Vacances en camping Seasonova\",\"item\":\"https:\/\/vacances-seasonova.com\/nl\/kampeervakantiein-frankrijk\/\"},{\"@type\":\"ListItem\",\"position\":3,\"name\":\"Slow Life\"}]}]}<\/script>\n<!-- \/ Yoast SEO plugin. -->","yoast_head_json":{"robots":{"index":"index","follow":"follow","max-snippet":"max-snippet:-1","max-image-preview":"max-image-preview:large","max-video-preview":"max-video-preview:-1"},"canonical":"https:\/\/vacances-seasonova.com\/fr\/kampeervakantiein-frankrijk\/devoetafdruk-2\/","og_locale":"fr_FR","og_type":"article","og_title":"Slow Life - Seasonova | Campings Normandie, Bretagne, Pays de La Loire et Alsace","og_description":"Donner un nouveau rythme \u00e0 votre vie L\u2019id\u00e9e de Slow Life est de plus en plus pr\u00e9sente aujourd&rsquo;hui. Le concept continu de convaincre les personnes soucieuses de leur bien-\u00eatre. En effet, reconsid\u00e9rer ses [...]","og_url":"https:\/\/vacances-seasonova.com\/nl\/kampeervakantiein-frankrijk\/devoetafdruk-2\/","og_site_name":"Seasonova | Campings Normandie, Bretagne, Pays de La Loire et Alsace","article_modified_time":"2025-08-14T13:12:27+00:00","og_image":[{"width":5915,"height":3942,"url":"https:\/\/vacances-seasonova.com\/wp-content\/uploads\/2020\/02\/camper-bon-sante.jpg","type":"image\/jpeg"}],"twitter_card":"summary","twitter_misc":{"Dur\u00e9e de lecture estim\u00e9e":"14 minutes"},"schema":{"@context":"https:\/\/schema.org","@graph":[{"@type":"WebSite","@id":"https:\/\/vacances-seasonova.com\/fr\/#website","url":"https:\/\/vacances-seasonova.com\/fr\/","name":"Seasonova | Campings Normandie, Bretagne, Pays de La Loire et Alsace","description":"","potentialAction":[{"@type":"SearchAction","target":{"@type":"EntryPoint","urlTemplate":"https:\/\/vacances-seasonova.com\/fr\/?s={search_term_string}"},"query-input":"required name=search_term_string"}],"inLanguage":"fr-FR"},{"@type":"ImageObject","@id":"https:\/\/vacances-seasonova.com\/nl\/kampeervakantiein-frankrijk\/devoetafdruk-2\/#primaryimage","inLanguage":"fr-FR","url":"https:\/\/vacances-seasonova.com\/wp-content\/uploads\/2020\/02\/camper-bon-sante.jpg","contentUrl":"https:\/\/vacances-seasonova.com\/wp-content\/uploads\/2020\/02\/camper-bon-sante.jpg","width":5915,"height":3942,"caption":"camping"},{"@type":"WebPage","@id":"https:\/\/vacances-seasonova.com\/nl\/kampeervakantiein-frankrijk\/devoetafdruk-2\/#webpage","url":"https:\/\/vacances-seasonova.com\/nl\/kampeervakantiein-frankrijk\/devoetafdruk-2\/","name":"Slow Life - Seasonova | Campings Normandie, Bretagne, Pays de La Loire et Alsace","isPartOf":{"@id":"https:\/\/vacances-seasonova.com\/fr\/#website"},"primaryImageOfPage":{"@id":"https:\/\/vacances-seasonova.com\/nl\/kampeervakantiein-frankrijk\/devoetafdruk-2\/#primaryimage"},"datePublished":"2023-08-29T09:42:26+00:00","dateModified":"2025-08-14T13:12:27+00:00","breadcrumb":{"@id":"https:\/\/vacances-seasonova.com\/nl\/kampeervakantiein-frankrijk\/devoetafdruk-2\/#breadcrumb"},"inLanguage":"fr-FR","potentialAction":[{"@type":"ReadAction","target":["https:\/\/vacances-seasonova.com\/nl\/kampeervakantiein-frankrijk\/devoetafdruk-2\/"]}]},{"@type":"BreadcrumbList","@id":"https:\/\/vacances-seasonova.com\/nl\/kampeervakantiein-frankrijk\/devoetafdruk-2\/#breadcrumb","itemListElement":[{"@type":"ListItem","position":1,"name":"Accueil","item":"https:\/\/vacances-seasonova.com\/nl\/"},{"@type":"ListItem","position":2,"name":"Vacances en camping Seasonova","item":"https:\/\/vacances-seasonova.com\/nl\/kampeervakantiein-frankrijk\/"},{"@type":"ListItem","position":3,"name":"Slow Life"}]}]}},"_links":{"self":[{"href":"https:\/\/vacances-seasonova.com\/fr\/wp-json\/wp\/v2\/pages\/27686"}],"collection":[{"href":"https:\/\/vacances-seasonova.com\/fr\/wp-json\/wp\/v2\/pages"}],"about":[{"href":"https:\/\/vacances-seasonova.com\/fr\/wp-json\/wp\/v2\/types\/page"}],"author":[{"embeddable":true,"href":"https:\/\/vacances-seasonova.com\/fr\/wp-json\/wp\/v2\/users\/2"}],"replies":[{"embeddable":true,"href":"https:\/\/vacances-seasonova.com\/fr\/wp-json\/wp\/v2\/comments?post=27686"}],"version-history":[{"count":3,"href":"https:\/\/vacances-seasonova.com\/fr\/wp-json\/wp\/v2\/pages\/27686\/revisions"}],"predecessor-version":[{"id":51218,"href":"https:\/\/vacances-seasonova.com\/fr\/wp-json\/wp\/v2\/pages\/27686\/revisions\/51218"}],"up":[{"embeddable":true,"href":"https:\/\/vacances-seasonova.com\/fr\/wp-json\/wp\/v2\/pages\/53"}],"wp:featuredmedia":[{"embeddable":true,"href":"https:\/\/vacances-seasonova.com\/fr\/wp-json\/wp\/v2\/media\/16500"}],"wp:attachment":[{"href":"https:\/\/vacances-seasonova.com\/fr\/wp-json\/wp\/v2\/media?parent=27686"}],"curies":[{"name":"wp","href":"https:\/\/api.w.org\/{rel}","templated":true}]}}