    {"id":29992,"date":"2022-12-05T15:25:07","date_gmt":"2022-12-05T14:25:07","guid":{"rendered":"https:\/\/vacances-seasonova.com\/fr\/?page_id=29992"},"modified":"2025-08-28T16:23:49","modified_gmt":"2025-08-28T14:23:49","slug":"seasonova-store","status":"publish","type":"page","link":"https:\/\/vacances-seasonova.com\/fr\/seasonova-store\/","title":{"rendered":"Seasonova Store"},"content":{"rendered":"<p><\/p>\n<h2>Qu&rsquo;est-ce que le Seasonova Store ?<\/h2>\n<p>Seasonova est une marque \u00e0 l\u2019image de tous nos <a href=\"https:\/\/vacances-seasonova.com\/fr\/campings\/\"><strong>camping nature<\/strong><\/a>, des endroits avec une ambiance Slow \u00e9veillant vos sens et qui vous donne l\u2019occasion de d\u00e9couvrir les diff\u00e9rentes r\u00e9gions de France. De quoi vous cr\u00e9er une multitude de souvenirs en famille, entre amis ou encore en amoureux.<\/p>\n<p>&nbsp;<\/p>\n<h2>Qu\u2019est-ce que propose le Seasonova Store ?<\/h2>\n<p>Le Seasonova Store vous propose une multitude de produits, de quoi faire plaisir \u00e0 vos proches lorsque les f\u00eates de fin d\u2019ann\u00e9e arrivent.<br \/>\nAlors venez profiter :<\/p>\n<ul>\n<li>d\u2019une ligne de pr\u00eat-\u00e0-porter avec des sweat-shirts et des tee-shirts en Cotton bio<\/li>\n<li>de goodies : batteries externes, brosses \u00e0 dents, jeux d\u2019ombres\u2026<\/li>\n<li>d\u2019accessoires campings : malle a pique-nique, hamac\u2026<\/li>\n<li>de coffrets cadeaux, vous permettant de partir une nuit en <a href=\"https:\/\/vacances-seasonova.com\/fr\/locations-de-vacances\/insolite\/\">h\u00e9bergement insolite<\/a> dans le camping slow life de votre choix<\/li>\n<\/ul>\n<p>&nbsp;<\/p>\n<div style=\"text-align: center;\"><a href=\"https:\/\/www.seasonova-store.com\/\" target=\"_blank\" rel=\"noopener\"> <img loading=\"lazy\" class=\"\" src=\"https:\/\/vacances-seasonova.com\/wp-content\/uploads\/2022\/12\/bouton-decouvrez-le-seasonova-store.png\" width=\"290\" height=\"80\" \/><\/a><\/div>\n<p><\/p>","protected":false},"excerpt":{"rendered":"<p>Qu&rsquo;est-ce que le Seasonova Store ? Seasonova est une marque \u00e0 l\u2019image de tous nos camping nature, des endroits avec une ambiance Slow \u00e9veillant vos sens et qui vous donne l\u2019occasion de d\u00e9couvrir les [&#8230;]<\/p>\n","protected":false},"author":2,"featured_media":29934,"parent":0,"menu_order":0,"comment_status":"closed","ping_status":"closed","template":"","meta":[],"yoast_head":"<!-- This site is optimized with the Yoast SEO plugin v18.1 - https:\/\/yoast.com\/wordpress\/plugins\/seo\/ -->\n<meta name=\"description\" content=\"Prolongez l&#039;aventure Seasonova en (vous) offrant goodies, sport wear ou autre \u00e9quipement pour camper nature.\" \/>\n<meta name=\"robots\" content=\"index, follow, max-snippet:-1, max-image-preview:large, max-video-preview:-1\" \/>\n<link rel=\"canonical\" href=\"https:\/\/vacances-seasonova.com\/fr\/seasonova-store\/\" \/>\n<meta property=\"og:locale\" content=\"fr_FR\" \/>\n<meta property=\"og:type\" content=\"article\" \/>\n<meta property=\"og:title\" content=\"Seasonova Store - Seasonova | Campings Normandie, Bretagne, Pays de La Loire et Alsace\" \/>\n<meta property=\"og:description\" content=\"Prolongez l&#039;aventure Seasonova en (vous) offrant goodies, sport wear ou autre \u00e9quipement pour camper nature.\" \/>\n<meta property=\"og:url\" content=\"https:\/\/vacances-seasonova.com\/en\/seasonova-store\/\" \/>\n<meta property=\"og:site_name\" content=\"Seasonova | Campings Normandie, Bretagne, Pays de La Loire et Alsace\" \/>\n<meta property=\"article:modified_time\" content=\"2025-08-28T14:23:49+00:00\" \/>\n<meta property=\"og:image\" content=\"https:\/\/vacances-seasonova.com\/wp-content\/uploads\/2022\/11\/dscf0787-scaled-1-1-810x450.png\" \/>\n\t<meta property=\"og:image:width\" content=\"810\" \/>\n\t<meta property=\"og:image:height\" content=\"450\" \/>\n\t<meta property=\"og:image:type\" content=\"image\/png\" \/>\n<meta name=\"twitter:card\" content=\"summary\" \/>\n<meta name=\"twitter:label1\" content=\"Dur\u00e9e de lecture estim\u00e9e\" \/>\n\t<meta name=\"twitter:data1\" content=\"3 minutes\" \/>\n<script type=\"application\/ld+json\" class=\"yoast-schema-graph\">{\"@context\":\"https:\/\/schema.org\",\"@graph\":[{\"@type\":\"WebSite\",\"@id\":\"https:\/\/vacances-seasonova.com\/fr\/#website\",\"url\":\"https:\/\/vacances-seasonova.com\/fr\/\",\"name\":\"Seasonova | Campings Normandie, Bretagne, Pays de La Loire et Alsace\",\"description\":\"\",\"potentialAction\":[{\"@type\":\"SearchAction\",\"target\":{\"@type\":\"EntryPoint\",\"urlTemplate\":\"https:\/\/vacances-seasonova.com\/fr\/?s={search_term_string}\"},\"query-input\":\"required name=search_term_string\"}],\"inLanguage\":\"fr-FR\"},{\"@type\":\"ImageObject\",\"@id\":\"https:\/\/vacances-seasonova.com\/en\/seasonova-store\/#primaryimage\",\"inLanguage\":\"fr-FR\",\"url\":\"https:\/\/vacances-seasonova.com\/wp-content\/uploads\/2022\/11\/dscf0787-scaled-1-1.png\",\"contentUrl\":\"https:\/\/vacances-seasonova.com\/wp-content\/uploads\/2022\/11\/dscf0787-scaled-1-1.png\",\"width\":12479,\"height\":6930,\"caption\":\"Sport wear en Coton bio pour millenials\"},{\"@type\":\"WebPage\",\"@id\":\"https:\/\/vacances-seasonova.com\/en\/seasonova-store\/#webpage\",\"url\":\"https:\/\/vacances-seasonova.com\/en\/seasonova-store\/\",\"name\":\"Seasonova Store - Seasonova | Campings Normandie, Bretagne, Pays de La Loire et Alsace\",\"isPartOf\":{\"@id\":\"https:\/\/vacances-seasonova.com\/fr\/#website\"},\"primaryImageOfPage\":{\"@id\":\"https:\/\/vacances-seasonova.com\/en\/seasonova-store\/#primaryimage\"},\"datePublished\":\"2022-12-05T14:25:07+00:00\",\"dateModified\":\"2025-08-28T14:23:49+00:00\",\"description\":\"Prolongez l'aventure Seasonova en (vous) offrant goodies, sport wear ou autre \u00e9quipement pour camper nature.\",\"breadcrumb\":{\"@id\":\"https:\/\/vacances-seasonova.com\/en\/seasonova-store\/#breadcrumb\"},\"inLanguage\":\"fr-FR\",\"potentialAction\":[{\"@type\":\"ReadAction\",\"target\":[\"https:\/\/vacances-seasonova.com\/en\/seasonova-store\/\"]}]},{\"@type\":\"BreadcrumbList\",\"@id\":\"https:\/\/vacances-seasonova.com\/en\/seasonova-store\/#breadcrumb\",\"itemListElement\":[{\"@type\":\"ListItem\",\"position\":1,\"name\":\"Accueil\",\"item\":\"https:\/\/vacances-seasonova.com\/nl\/\"},{\"@type\":\"ListItem\",\"position\":2,\"name\":\"Seasonova Store\"}]}]}<\/script>\n<!-- \/ Yoast SEO plugin. -->","yoast_head_json":{"description":"Prolongez l'aventure Seasonova en (vous) offrant goodies, sport wear ou autre \u00e9quipement pour camper nature.","robots":{"index":"index","follow":"follow","max-snippet":"max-snippet:-1","max-image-preview":"max-image-preview:large","max-video-preview":"max-video-preview:-1"},"canonical":"https:\/\/vacances-seasonova.com\/fr\/seasonova-store\/","og_locale":"fr_FR","og_type":"article","og_title":"Seasonova Store - Seasonova | Campings Normandie, Bretagne, Pays de La Loire et Alsace","og_description":"Prolongez l'aventure Seasonova en (vous) offrant goodies, sport wear ou autre \u00e9quipement pour camper nature.","og_url":"https:\/\/vacances-seasonova.com\/en\/seasonova-store\/","og_site_name":"Seasonova | Campings Normandie, Bretagne, Pays de La Loire et Alsace","article_modified_time":"2025-08-28T14:23:49+00:00","og_image":[{"width":810,"height":450,"url":"https:\/\/vacances-seasonova.com\/wp-content\/uploads\/2022\/11\/dscf0787-scaled-1-1-810x450.png","type":"image\/png"}],"twitter_card":"summary","twitter_misc":{"Dur\u00e9e de lecture estim\u00e9e":"3 minutes"},"schema":{"@context":"https:\/\/schema.org","@graph":[{"@type":"WebSite","@id":"https:\/\/vacances-seasonova.com\/fr\/#website","url":"https:\/\/vacances-seasonova.com\/fr\/","name":"Seasonova | Campings Normandie, Bretagne, Pays de La Loire et Alsace","description":"","potentialAction":[{"@type":"SearchAction","target":{"@type":"EntryPoint","urlTemplate":"https:\/\/vacances-seasonova.com\/fr\/?s={search_term_string}"},"query-input":"required name=search_term_string"}],"inLanguage":"fr-FR"},{"@type":"ImageObject","@id":"https:\/\/vacances-seasonova.com\/en\/seasonova-store\/#primaryimage","inLanguage":"fr-FR","url":"https:\/\/vacances-seasonova.com\/wp-content\/uploads\/2022\/11\/dscf0787-scaled-1-1.png","contentUrl":"https:\/\/vacances-seasonova.com\/wp-content\/uploads\/2022\/11\/dscf0787-scaled-1-1.png","width":12479,"height":6930,"caption":"Sport wear en Coton bio pour millenials"},{"@type":"WebPage","@id":"https:\/\/vacances-seasonova.com\/en\/seasonova-store\/#webpage","url":"https:\/\/vacances-seasonova.com\/en\/seasonova-store\/","name":"Seasonova Store - Seasonova | Campings Normandie, Bretagne, Pays de La Loire et Alsace","isPartOf":{"@id":"https:\/\/vacances-seasonova.com\/fr\/#website"},"primaryImageOfPage":{"@id":"https:\/\/vacances-seasonova.com\/en\/seasonova-store\/#primaryimage"},"datePublished":"2022-12-05T14:25:07+00:00","dateModified":"2025-08-28T14:23:49+00:00","description":"Prolongez l'aventure Seasonova en (vous) offrant goodies, sport wear ou autre \u00e9quipement pour camper nature.","breadcrumb":{"@id":"https:\/\/vacances-seasonova.com\/en\/seasonova-store\/#breadcrumb"},"inLanguage":"fr-FR","potentialAction":[{"@type":"ReadAction","target":["https:\/\/vacances-seasonova.com\/en\/seasonova-store\/"]}]},{"@type":"BreadcrumbList","@id":"https:\/\/vacances-seasonova.com\/en\/seasonova-store\/#breadcrumb","itemListElement":[{"@type":"ListItem","position":1,"name":"Accueil","item":"https:\/\/vacances-seasonova.com\/nl\/"},{"@type":"ListItem","position":2,"name":"Seasonova Store"}]}]}},"_links":{"self":[{"href":"https:\/\/vacances-seasonova.com\/fr\/wp-json\/wp\/v2\/pages\/29992"}],"collection":[{"href":"https:\/\/vacances-seasonova.com\/fr\/wp-json\/wp\/v2\/pages"}],"about":[{"href":"https:\/\/vacances-seasonova.com\/fr\/wp-json\/wp\/v2\/types\/page"}],"author":[{"embeddable":true,"href":"https:\/\/vacances-seasonova.com\/fr\/wp-json\/wp\/v2\/users\/2"}],"replies":[{"embeddable":true,"href":"https:\/\/vacances-seasonova.com\/fr\/wp-json\/wp\/v2\/comments?post=29992"}],"version-history":[{"count":16,"href":"https:\/\/vacances-seasonova.com\/fr\/wp-json\/wp\/v2\/pages\/29992\/revisions"}],"predecessor-version":[{"id":51761,"href":"https:\/\/vacances-seasonova.com\/fr\/wp-json\/wp\/v2\/pages\/29992\/revisions\/51761"}],"wp:featuredmedia":[{"embeddable":true,"href":"https:\/\/vacances-seasonova.com\/fr\/wp-json\/wp\/v2\/media\/29934"}],"wp:attachment":[{"href":"https:\/\/vacances-seasonova.com\/fr\/wp-json\/wp\/v2\/media?parent=29992"}],"curies":[{"name":"wp","href":"https:\/\/api.w.org\/{rel}","templated":true}]}}