    {"id":3543,"date":"2017-07-12T12:37:37","date_gmt":"2017-07-12T11:37:37","guid":{"rendered":"http:\/\/vacances-seasonova.com\/?page_id=3543"},"modified":"2025-08-28T16:45:05","modified_gmt":"2025-08-28T14:45:05","slug":"le-bien-etre","status":"publish","type":"page","link":"https:\/\/vacances-seasonova.com\/fr\/vacances-en-camping-seasonova\/le-bien-etre\/","title":{"rendered":"Nos espaces bien-\u00eatre"},"content":{"rendered":"<p><img loading=\"lazy\" class=\"alignnone size-full wp-image-3530\" src=\"https:\/\/vacances-seasonova.com\/wp-content\/uploads\/2017\/07\/bien-etre-spa.png\" alt=\"bien-\u00eatre Spa\" width=\"1400\" height=\"500\" srcset=\"https:\/\/vacances-seasonova.com\/wp-content\/uploads\/2017\/07\/bien-etre-spa.png 1400w, https:\/\/vacances-seasonova.com\/wp-content\/uploads\/2017\/07\/bien-etre-spa-300x107.png 300w, https:\/\/vacances-seasonova.com\/wp-content\/uploads\/2017\/07\/bien-etre-spa-768x274.png 768w, https:\/\/vacances-seasonova.com\/wp-content\/uploads\/2017\/07\/bien-etre-spa-1260x450.png 1260w, https:\/\/vacances-seasonova.com\/wp-content\/uploads\/2017\/07\/bien-etre-spa-600x214.png 600w\" sizes=\"(max-width: 1400px) 100vw, 1400px\" \/><\/p>\n<h2>D\u00e9couvrez nos espaces bien-\u00eatre pour votre d\u00e9tente<\/h2>\n<p style=\"text-align: justify;\">Pour que vos vacances soient toujours des moments de d\u00e9tente et de bien-\u00eatre, d\u00e9couvrez <strong>nos campings Seasonova<\/strong> avec <strong>espace bien-\u00eatre<\/strong>, pour vivre des s\u00e9jours d&rsquo;exception de loisirs et de d\u00e9tente, au sein de nos campings \u00e0 taille humaine ou le bien-\u00eatre et la nature sont au coeur de nos pr\u00e9occupations.<\/p>\n<blockquote><p><em>Pendant toute la dur\u00e9e de la saison, nos \u00e9quipes vous accueilleront et s&rsquo;occuperont de votre bien-\u00eatre.<\/em><\/p><\/blockquote>\n<div class=\"container-fluid\" style=\"margin-bottom: 2%;\">\n<h3>\u00c9quipements &amp; Services<\/h3>\n<ul>\n<li>Spa <span style=\"font-size: 12px;\"> <sup>(1)<\/sup><\/span><\/li>\n<li>Sauna <span style=\"font-size: 12px;\"> <sup>(1)<\/sup><\/span><\/li>\n<li>Jacuzzi <span style=\"font-size: 12px;\"> <sup>(1)<\/sup><\/span><\/li>\n<li>salle de massage et soins corporels <span style=\"font-size: 12px;\"> <sup>(1)<\/sup><\/span><\/li>\n<li>Espace aquatique couvert et chauff\u00e9 <span style=\"font-size: 12px;\"> <sup>(2)<\/sup><\/span><\/li>\n<\/ul>\n<p><span style=\"font-size: 13px;\"> (1) Retrouvez ces activit\u00e9s dans nos campings: <a href=\"https:\/\/vacances-seasonova.com\/camping\/camping-le-point-du-jour\/\">Le Point Du Jour (Normandie)<\/a>, <a href=\"https:\/\/vacances-seasonova.com\/fr\/camping\/camping-les-mouettes\/\">Les Mouettes (Normandie)<\/a>, <a href=\"https:\/\/vacances-seasonova.com\/camping\/camping-les-plages-de-loire\/\">Les plages de Loire (Rochefort-sur-loire)<\/a><\/span><br \/>\n<span style=\"font-size: 13px;\"> (2) Sauf au camping \u00ab\u00a0les Plages De Loire\u00a0\u00bb, le camping dispose d&rsquo;un acc\u00e8s \u00e0 la piscine municipale.<\/span><\/p>\n<\/div>\n<div class=\"row\">\n<div class=\"col-lg-12\"><div id=\"metaslider-id-3539\" style=\"width: 100%; margin: 0 auto;\" class=\"ml-slider-3-61-0 metaslider metaslider-flex metaslider-3539 ml-slider ms-theme-default\" role=\"region\" aria-roledescription=\"Slideshow\" aria-label=\"Espace bien-\u00eatre\">\n    <div id=\"metaslider_container_3539\">\n        <div id=\"metaslider_3539\">\n            <ul aria-live=\"polite\" class=\"slides\">\n                <li style=\"display: block; width: 100%;\" class=\"slide-3597 ms-image \" aria-roledescription=\"slide\" aria-label=\"slide-3597\"><a href=\"http:\/\/vacances-seasonova.com\/fr\/camping\/camping-le-point-du-jour\/\" target=\"_self\"><img src=\"https:\/\/vacances-seasonova.com\/wp-content\/uploads\/2017\/07\/spa-point-du-jour-1.png\" height=\"400\" width=\"850\" alt=\"\" class=\"slider-3539 slide-3597\" \/><\/a><\/li>\n                <li style=\"display: none; width: 100%;\" class=\"slide-3589 ms-image \" aria-roledescription=\"slide\" aria-label=\"slide-3589\"><a href=\"http:\/\/vacances-seasonova.com\/fr\/camping\/camping-les-plages-de-loire\/\" target=\"_self\"><img src=\"https:\/\/vacances-seasonova.com\/wp-content\/uploads\/2017\/07\/bien-e\u0302tre-massage.png\" height=\"400\" width=\"850\" alt=\"\" class=\"slider-3539 slide-3589\" \/><\/a><\/li>\n                <li style=\"display: none; width: 100%;\" class=\"slide-3595 ms-image \" aria-roledescription=\"slide\" aria-label=\"slide-3595\"><a href=\"http:\/\/vacances-seasonova.com\/fr\/camping\/camping-le-point-du-jour\/\" target=\"_self\"><img src=\"https:\/\/vacances-seasonova.com\/wp-content\/uploads\/2017\/07\/salle-massage-1.png\" height=\"400\" width=\"850\" alt=\"\" class=\"slider-3539 slide-3595\" \/><\/a><\/li>\n                <li style=\"display: none; width: 100%;\" class=\"slide-3591 ms-image \" aria-roledescription=\"slide\" aria-label=\"slide-3591\"><a href=\"http:\/\/vacances-seasonova.com\/fr\/camping\/camping-les-plages-de-loire\/\" target=\"_self\"><img src=\"https:\/\/vacances-seasonova.com\/wp-content\/uploads\/2017\/07\/espace-bien-e\u0302tre-porte-loire-1.png\" height=\"400\" width=\"850\" alt=\"\" class=\"slider-3539 slide-3591\" \/><\/a><\/li>\n                <li style=\"display: none; width: 100%;\" class=\"slide-3599 ms-image \" aria-roledescription=\"slide\" aria-label=\"slide-3599\"><a href=\"http:\/\/vacances-seasonova.com\/fr\/camping\/camping-le-point-du-jour\/\" target=\"_self\"><img src=\"https:\/\/vacances-seasonova.com\/wp-content\/uploads\/2017\/07\/espace-sauna-massage-1.png\" height=\"400\" width=\"850\" alt=\"\" class=\"slider-3539 slide-3599\" \/><\/a><\/li>\n                <li style=\"display: none; width: 100%;\" class=\"slide-3593 ms-image \" aria-roledescription=\"slide\" aria-label=\"slide-3593\"><a href=\"http:\/\/vacances-seasonova.com\/fr\/camping\/camping-les-plages-de-loire\/\" target=\"_self\"><img src=\"https:\/\/vacances-seasonova.com\/wp-content\/uploads\/2017\/07\/espace-bien-e\u0302tre-1.png\" height=\"400\" width=\"850\" alt=\"\" class=\"slider-3539 slide-3593\" \/><\/a><\/li>\n            <\/ul>\n        <\/div>\n        \n    <\/div>\n<\/div><\/div>\n<\/div>\n<h2>D\u00e9couvrez nos ateliers bien-\u00eatre<\/h2>\n<hr \/>\n<div class=\"container-fluid\" style=\"margin-bottom: 2%;\">\n<div class=\"col-lg-4 col-md-4 col-sm-4\"><img loading=\"lazy\" class=\"alignnone size-full wp-image-3532\" src=\"https:\/\/vacances-seasonova.com\/wp-content\/uploads\/2017\/07\/pilate.png\" alt=\"Activit\u00e9 Pilate\" width=\"500\" height=\"398\" srcset=\"https:\/\/vacances-seasonova.com\/wp-content\/uploads\/2017\/07\/pilate.png 500w, https:\/\/vacances-seasonova.com\/wp-content\/uploads\/2017\/07\/pilate-300x239.png 300w\" sizes=\"(max-width: 500px) 100vw, 500px\" \/><\/div>\n<div class=\"col-lg-8 col-md-8 col-sm-8\">\n<h3>Pilates<\/h3>\n<p style=\"text-align: justify;\">Le Pilate est une m\u00e9thode d\u2019entra\u00eenement physique qui s\u2019inspire du yoga. \u00c9quilibre et maintient sont les ma\u00eetres mots de ce sport qui repose beaucoup sur la respiration et les bonnes postures. Elle se pratique au sol, sur un tapis, ou \u00e0 l\u2019aide de ballons, ressorts, \u00e9lastiques. Retrouvez cette activit\u00e9 au camping <a href=\"https:\/\/vacances-seasonova.com\/camping\/camping-le-point-du-jour\/\">Le Point Du Jour<\/a><\/p>\n<\/div>\n<\/div>\n<hr \/>\n<div class=\"container-fluid\" style=\"margin-bottom: 2%;\">\n<div class=\"col-lg-4 col-md-4 col-sm-4\"><img loading=\"lazy\" class=\"alignnone size-full wp-image-3536\" src=\"https:\/\/vacances-seasonova.com\/wp-content\/uploads\/2017\/07\/taichi.png\" alt=\"Activit\u00e9 Taichi\" width=\"500\" height=\"332\" srcset=\"https:\/\/vacances-seasonova.com\/wp-content\/uploads\/2017\/07\/taichi.png 500w, https:\/\/vacances-seasonova.com\/wp-content\/uploads\/2017\/07\/taichi-300x199.png 300w\" sizes=\"(max-width: 500px) 100vw, 500px\" \/><\/div>\n<div class=\"col-lg-8 col-md-8 col-sm-8\">\n<h3>Tai-Chi<\/h3>\n<p style=\"text-align: justify;\">Le Tai-Chi est un art martial chinois comportant un ensemble de mouvements continus et circulaires ex\u00e9cut\u00e9s avec lenteur et pr\u00e9cision dans un ordre pr\u00e9\u00e9tabli. il est appr\u00e9ci\u00e9 pour son effet b\u00e9n\u00e9fique sur le corps et la sant\u00e9. Le Tai-Chi c&rsquo;est l\u2019art de m\u00e9diter en mouvement et de maintenir une bonne sant\u00e9 physique, mentale et spirituelle.\u00a0<a href=\"https:\/\/vacances-seasonova.com\/camping\/camping-le-point-du-jour\/\">Retrouvez cette activit\u00e9 au camping Le Point Du Jour<\/a>.<\/p>\n<\/div>\n<\/div>\n<hr \/>\n<div class=\"container-fluid\" style=\"margin-bottom: 2%;\">\n<div class=\"col-lg-4 col-md-4 col-sm-4\"><img loading=\"lazy\" class=\"alignnone size-full wp-image-3538\" src=\"https:\/\/vacances-seasonova.com\/wp-content\/uploads\/2017\/07\/yoga.png\" alt=\"Activit\u00e9 Yoga\" width=\"500\" height=\"335\" srcset=\"https:\/\/vacances-seasonova.com\/wp-content\/uploads\/2017\/07\/yoga.png 500w, https:\/\/vacances-seasonova.com\/wp-content\/uploads\/2017\/07\/yoga-300x201.png 300w\" sizes=\"(max-width: 500px) 100vw, 500px\" \/><\/div>\n<div class=\"col-lg-8 col-md-8 col-sm-8\">\n<h3>Yoga<\/h3>\n<p style=\"text-align: justify;\">Le Yoga est une discipline n\u00e9e en Inde. Cette pratique ancestrale propose d\u2019unifier le corps et l\u2019esprit \u00e0 travers des exercices physiques et une m\u00e9ditation pour parvenir \u00e0 la prise de conscience de soi. D\u00e9couvrez sans plus attendre cette discipline dans nos camping Seasonova qui fait du bien au corps et \u00e0 l&rsquo;esprit.\u00a0Retrouvez cette activit\u00e9 au camping <a href=\"https:\/\/vacances-seasonova.com\/fr\/camping\/camping-le-point-du-jour\/\">\u00a0Le Point Du Jour<\/a>\u00a0\u00e0 Merville Franceville Plage ou sur l&rsquo;Ile de R\u00e9 au <a href=\"https:\/\/vacances-seasonova.com\/fr\/camping\/camping-ile-de-re\/\">Camping des Portes en R\u00e9<\/a><\/p>\n<\/div>\n<\/div>\n<hr \/>\n<div class=\"container-fluid\" style=\"margin-bottom: 2%;\">\n<div class=\"col-lg-4 col-md-4 col-sm-4\"><img loading=\"lazy\" class=\"alignnone size-full wp-image-3529\" src=\"https:\/\/vacances-seasonova.com\/wp-content\/uploads\/2017\/07\/AquaGym.png\" alt=\"activit\u00e9 r\u00e9veil musculaire AquaGym\" width=\"500\" height=\"331\" srcset=\"https:\/\/vacances-seasonova.com\/wp-content\/uploads\/2017\/07\/AquaGym.png 500w, https:\/\/vacances-seasonova.com\/wp-content\/uploads\/2017\/07\/AquaGym-300x199.png 300w\" sizes=\"(max-width: 500px) 100vw, 500px\" \/><\/div>\n<div class=\"col-lg-8 col-md-8 col-sm-8\">\n<h3>R\u00e9veil Musculaire<\/h3>\n<p style=\"text-align: justify;\">C&rsquo;est un excellent moyen d\u2019allier les aspects d\u00e9tente et plaisir de la piscine et les bienfaits d\u2019une activit\u00e9 sportive. L&rsquo;activit\u00e9 aquatique est l&rsquo;alli\u00e9 de ceux qui souhaitent reprendre une activit\u00e9 sportive apr\u00e8s une longue pause, sans crainte de se blesser. Retrouvez cette activit\u00e9 dans nos campings*.<\/p>\n<p style=\"font-size: 13px;\">* Sauf au camping: Aquarev<\/p>\n<\/div>\n<\/div>\n<hr \/>\n<div class=\"container-fluid\" style=\"margin-bottom: 2%;\">\n<div class=\"col-lg-4 col-md-4 col-sm-4\"><img loading=\"lazy\" class=\"alignnone size-full wp-image-3537\" src=\"https:\/\/vacances-seasonova.com\/wp-content\/uploads\/2017\/07\/tchikong.png\" alt=\"Activit\u00e9 Tchi-Kong\" width=\"500\" height=\"332\" srcset=\"https:\/\/vacances-seasonova.com\/wp-content\/uploads\/2017\/07\/tchikong.png 500w, https:\/\/vacances-seasonova.com\/wp-content\/uploads\/2017\/07\/tchikong-300x199.png 300w\" sizes=\"(max-width: 500px) 100vw, 500px\" \/><\/div>\n<div class=\"col-lg-8 col-md-8 col-sm-8\">\n<h3>Tchi-kong<\/h3>\n<p style=\"text-align: justify;\">La pratique r\u00e9guli\u00e8re du Tchi-kong est destin\u00e9e \u00e0 renforcer et assouplir la structure musculosquelettique du corps dans le but d&rsquo;entretenir la sant\u00e9 et de promouvoir la long\u00e9vit\u00e9. Il se d\u00e9finit comme une \u00ab\u00a0gymnastique de l&rsquo;\u00e9nergie\u00a0\u00bb qui associe des mouvements lents.\u00a0<a href=\"https:\/\/vacances-seasonova.com\/camping\/camping-le-point-du-jour\/\">Retrouvez cette activit\u00e9 au camping Le Point Du Jour<\/a>.<\/p>\n<\/div>\n<\/div>\n<hr \/>\n<div class=\"container-fluid\" style=\"margin-bottom: 2%;\">\n<div class=\"col-lg-4 col-md-4 col-sm-4\"><img loading=\"lazy\" class=\"alignnone size-full wp-image-3537\" src=\"https:\/\/vacances-seasonova.com\/wp-content\/uploads\/2017\/07\/fitness-540263_1920-e1499946318163.jpg\" alt=\"Activit\u00e9 Tchi-Kong\" width=\"500\" height=\"332\" \/><\/div>\n<div class=\"col-lg-8 col-md-8 col-sm-8\">\n<h3>Caoch Sportif, programme personnalis\u00e9<\/h3>\n<p style=\"text-align: justify;\">Profitez de vos vacances pour maintenir ou retrouver la forme (course \u00e0 pied, pr\u00e9paration physique).\u00a0\u00c9RIC VAUVERT, caoch personnel, vous accompagne avec un programme qui vous est adapt\u00e9 l&rsquo;espace d&rsquo;1 heure.<\/p>\n<p>Retrouvez \u00c9ric Vauvert sur sa page <a href=\"https:\/\/www.facebook.com\/pg\/MonCoachEric\">Facebook<\/a><\/p>\n<p>Pour plus d&rsquo;informations T\u00e9l. : 06 75 13 08 07<\/p>\n<p>Retrouvez cette activit\u00e9 au <a href=\"https:\/\/vacances-seasonova.com\/camping\/camping-le-point-du-jour\/\">camping \u00ab\u00a0Le Point Du Jour\u00a0\u00bb<\/a><\/p>\n<\/div>\n<\/div>\n<p><\/p>","protected":false},"excerpt":{"rendered":"<p>D\u00e9couvrez nos espaces bien-\u00eatre pour votre d\u00e9tente Pour que vos vacances soient toujours des moments de d\u00e9tente et de bien-\u00eatre, d\u00e9couvrez nos campings Seasonova avec espace bien-\u00eatre, pour vivre des s\u00e9jours [&#8230;]<\/p>\n","protected":false},"author":2,"featured_media":3579,"parent":53,"menu_order":3,"comment_status":"closed","ping_status":"closed","template":"page.php","meta":[],"yoast_head":"<!-- This site is optimized with the Yoast SEO plugin v18.1 - https:\/\/yoast.com\/wordpress\/plugins\/seo\/ -->\n<meta name=\"robots\" content=\"index, follow, max-snippet:-1, max-image-preview:large, max-video-preview:-1\" \/>\n<link rel=\"canonical\" href=\"https:\/\/vacances-seasonova.com\/fr\/camping-holidays-france\/wellness-offer-in-our-campsitespilates-yoga-massage\/\" \/>\n<meta property=\"og:locale\" content=\"fr_FR\" \/>\n<meta property=\"og:type\" content=\"article\" \/>\n<meta property=\"og:title\" content=\"Nos espaces bien-\u00eatre - Seasonova | Campings Normandie, Bretagne, Pays de La Loire et Alsace\" \/>\n<meta property=\"og:description\" content=\"D\u00e9couvrez nos espaces bien-\u00eatre pour votre d\u00e9tente Pour que vos vacances soient toujours des moments de d\u00e9tente et de bien-\u00eatre, d\u00e9couvrez nos campings Seasonova avec espace bien-\u00eatre, pour vivre des s\u00e9jours [...]\" \/>\n<meta property=\"og:url\" content=\"https:\/\/vacances-seasonova.com\/en\/camping-holidays-france\/wellness-offer-in-our-campsitespilates-yoga-massage\/\" \/>\n<meta property=\"og:site_name\" content=\"Seasonova | Campings Normandie, Bretagne, Pays de La Loire et Alsace\" \/>\n<meta property=\"article:modified_time\" content=\"2025-08-28T14:45:05+00:00\" \/>\n<meta property=\"og:image\" content=\"https:\/\/vacances-seasonova.com\/wp-content\/uploads\/2017\/07\/espace-bien-etre-detente-2.png\" \/>\n\t<meta property=\"og:image:width\" content=\"1500\" \/>\n\t<meta property=\"og:image:height\" content=\"400\" \/>\n\t<meta property=\"og:image:type\" content=\"image\/png\" \/>\n<meta name=\"twitter:card\" content=\"summary\" \/>\n<meta name=\"twitter:label1\" content=\"Dur\u00e9e de lecture estim\u00e9e\" \/>\n\t<meta name=\"twitter:data1\" content=\"4 minutes\" \/>\n<script type=\"application\/ld+json\" class=\"yoast-schema-graph\">{\"@context\":\"https:\/\/schema.org\",\"@graph\":[{\"@type\":\"WebSite\",\"@id\":\"https:\/\/vacances-seasonova.com\/fr\/#website\",\"url\":\"https:\/\/vacances-seasonova.com\/fr\/\",\"name\":\"Seasonova | Campings Normandie, Bretagne, Pays de La Loire et Alsace\",\"description\":\"\",\"potentialAction\":[{\"@type\":\"SearchAction\",\"target\":{\"@type\":\"EntryPoint\",\"urlTemplate\":\"https:\/\/vacances-seasonova.com\/fr\/?s={search_term_string}\"},\"query-input\":\"required name=search_term_string\"}],\"inLanguage\":\"fr-FR\"},{\"@type\":\"ImageObject\",\"@id\":\"https:\/\/vacances-seasonova.com\/en\/camping-holidays-france\/wellness-offer-in-our-campsitespilates-yoga-massage\/#primaryimage\",\"inLanguage\":\"fr-FR\",\"url\":\"https:\/\/vacances-seasonova.com\/wp-content\/uploads\/2017\/07\/espace-bien-etre-detente-2.png\",\"contentUrl\":\"https:\/\/vacances-seasonova.com\/wp-content\/uploads\/2017\/07\/espace-bien-etre-detente-2.png\",\"width\":1500,\"height\":400,\"caption\":\"espace-bien-etre-detente-camping-seasonova\"},{\"@type\":\"WebPage\",\"@id\":\"https:\/\/vacances-seasonova.com\/en\/camping-holidays-france\/wellness-offer-in-our-campsitespilates-yoga-massage\/#webpage\",\"url\":\"https:\/\/vacances-seasonova.com\/en\/camping-holidays-france\/wellness-offer-in-our-campsitespilates-yoga-massage\/\",\"name\":\"Nos espaces bien-\u00eatre - Seasonova | Campings Normandie, Bretagne, Pays de La Loire et Alsace\",\"isPartOf\":{\"@id\":\"https:\/\/vacances-seasonova.com\/fr\/#website\"},\"primaryImageOfPage\":{\"@id\":\"https:\/\/vacances-seasonova.com\/en\/camping-holidays-france\/wellness-offer-in-our-campsitespilates-yoga-massage\/#primaryimage\"},\"datePublished\":\"2017-07-12T11:37:37+00:00\",\"dateModified\":\"2025-08-28T14:45:05+00:00\",\"breadcrumb\":{\"@id\":\"https:\/\/vacances-seasonova.com\/en\/camping-holidays-france\/wellness-offer-in-our-campsitespilates-yoga-massage\/#breadcrumb\"},\"inLanguage\":\"fr-FR\",\"potentialAction\":[{\"@type\":\"ReadAction\",\"target\":[\"https:\/\/vacances-seasonova.com\/en\/camping-holidays-france\/wellness-offer-in-our-campsitespilates-yoga-massage\/\"]}]},{\"@type\":\"BreadcrumbList\",\"@id\":\"https:\/\/vacances-seasonova.com\/en\/camping-holidays-france\/wellness-offer-in-our-campsitespilates-yoga-massage\/#breadcrumb\",\"itemListElement\":[{\"@type\":\"ListItem\",\"position\":1,\"name\":\"Accueil\",\"item\":\"https:\/\/vacances-seasonova.com\/nl\/\"},{\"@type\":\"ListItem\",\"position\":2,\"name\":\"Vacances en camping Seasonova\",\"item\":\"https:\/\/vacances-seasonova.com\/nl\/kampeervakantiein-frankrijk\/\"},{\"@type\":\"ListItem\",\"position\":3,\"name\":\"Nos espaces bien-\u00eatre\"}]}]}<\/script>\n<!-- \/ Yoast SEO plugin. -->","yoast_head_json":{"robots":{"index":"index","follow":"follow","max-snippet":"max-snippet:-1","max-image-preview":"max-image-preview:large","max-video-preview":"max-video-preview:-1"},"canonical":"https:\/\/vacances-seasonova.com\/fr\/camping-holidays-france\/wellness-offer-in-our-campsitespilates-yoga-massage\/","og_locale":"fr_FR","og_type":"article","og_title":"Nos espaces bien-\u00eatre - Seasonova | Campings Normandie, Bretagne, Pays de La Loire et Alsace","og_description":"D\u00e9couvrez nos espaces bien-\u00eatre pour votre d\u00e9tente Pour que vos vacances soient toujours des moments de d\u00e9tente et de bien-\u00eatre, d\u00e9couvrez nos campings Seasonova avec espace bien-\u00eatre, pour vivre des s\u00e9jours [...]","og_url":"https:\/\/vacances-seasonova.com\/en\/camping-holidays-france\/wellness-offer-in-our-campsitespilates-yoga-massage\/","og_site_name":"Seasonova | Campings Normandie, Bretagne, Pays de La Loire et Alsace","article_modified_time":"2025-08-28T14:45:05+00:00","og_image":[{"width":1500,"height":400,"url":"https:\/\/vacances-seasonova.com\/wp-content\/uploads\/2017\/07\/espace-bien-etre-detente-2.png","type":"image\/png"}],"twitter_card":"summary","twitter_misc":{"Dur\u00e9e de lecture estim\u00e9e":"4 minutes"},"schema":{"@context":"https:\/\/schema.org","@graph":[{"@type":"WebSite","@id":"https:\/\/vacances-seasonova.com\/fr\/#website","url":"https:\/\/vacances-seasonova.com\/fr\/","name":"Seasonova | Campings Normandie, Bretagne, Pays de La Loire et Alsace","description":"","potentialAction":[{"@type":"SearchAction","target":{"@type":"EntryPoint","urlTemplate":"https:\/\/vacances-seasonova.com\/fr\/?s={search_term_string}"},"query-input":"required name=search_term_string"}],"inLanguage":"fr-FR"},{"@type":"ImageObject","@id":"https:\/\/vacances-seasonova.com\/en\/camping-holidays-france\/wellness-offer-in-our-campsitespilates-yoga-massage\/#primaryimage","inLanguage":"fr-FR","url":"https:\/\/vacances-seasonova.com\/wp-content\/uploads\/2017\/07\/espace-bien-etre-detente-2.png","contentUrl":"https:\/\/vacances-seasonova.com\/wp-content\/uploads\/2017\/07\/espace-bien-etre-detente-2.png","width":1500,"height":400,"caption":"espace-bien-etre-detente-camping-seasonova"},{"@type":"WebPage","@id":"https:\/\/vacances-seasonova.com\/en\/camping-holidays-france\/wellness-offer-in-our-campsitespilates-yoga-massage\/#webpage","url":"https:\/\/vacances-seasonova.com\/en\/camping-holidays-france\/wellness-offer-in-our-campsitespilates-yoga-massage\/","name":"Nos espaces bien-\u00eatre - Seasonova | Campings Normandie, Bretagne, Pays de La Loire et Alsace","isPartOf":{"@id":"https:\/\/vacances-seasonova.com\/fr\/#website"},"primaryImageOfPage":{"@id":"https:\/\/vacances-seasonova.com\/en\/camping-holidays-france\/wellness-offer-in-our-campsitespilates-yoga-massage\/#primaryimage"},"datePublished":"2017-07-12T11:37:37+00:00","dateModified":"2025-08-28T14:45:05+00:00","breadcrumb":{"@id":"https:\/\/vacances-seasonova.com\/en\/camping-holidays-france\/wellness-offer-in-our-campsitespilates-yoga-massage\/#breadcrumb"},"inLanguage":"fr-FR","potentialAction":[{"@type":"ReadAction","target":["https:\/\/vacances-seasonova.com\/en\/camping-holidays-france\/wellness-offer-in-our-campsitespilates-yoga-massage\/"]}]},{"@type":"BreadcrumbList","@id":"https:\/\/vacances-seasonova.com\/en\/camping-holidays-france\/wellness-offer-in-our-campsitespilates-yoga-massage\/#breadcrumb","itemListElement":[{"@type":"ListItem","position":1,"name":"Accueil","item":"https:\/\/vacances-seasonova.com\/nl\/"},{"@type":"ListItem","position":2,"name":"Vacances en camping Seasonova","item":"https:\/\/vacances-seasonova.com\/nl\/kampeervakantiein-frankrijk\/"},{"@type":"ListItem","position":3,"name":"Nos espaces bien-\u00eatre"}]}]}},"_links":{"self":[{"href":"https:\/\/vacances-seasonova.com\/fr\/wp-json\/wp\/v2\/pages\/3543"}],"collection":[{"href":"https:\/\/vacances-seasonova.com\/fr\/wp-json\/wp\/v2\/pages"}],"about":[{"href":"https:\/\/vacances-seasonova.com\/fr\/wp-json\/wp\/v2\/types\/page"}],"author":[{"embeddable":true,"href":"https:\/\/vacances-seasonova.com\/fr\/wp-json\/wp\/v2\/users\/2"}],"replies":[{"embeddable":true,"href":"https:\/\/vacances-seasonova.com\/fr\/wp-json\/wp\/v2\/comments?post=3543"}],"version-history":[{"count":28,"href":"https:\/\/vacances-seasonova.com\/fr\/wp-json\/wp\/v2\/pages\/3543\/revisions"}],"predecessor-version":[{"id":51787,"href":"https:\/\/vacances-seasonova.com\/fr\/wp-json\/wp\/v2\/pages\/3543\/revisions\/51787"}],"up":[{"embeddable":true,"href":"https:\/\/vacances-seasonova.com\/fr\/wp-json\/wp\/v2\/pages\/53"}],"wp:featuredmedia":[{"embeddable":true,"href":"https:\/\/vacances-seasonova.com\/fr\/wp-json\/wp\/v2\/media\/3579"}],"wp:attachment":[{"href":"https:\/\/vacances-seasonova.com\/fr\/wp-json\/wp\/v2\/media?parent=3543"}],"curies":[{"name":"wp","href":"https:\/\/api.w.org\/{rel}","templated":true}]}}