    {"id":36,"date":"2016-09-03T18:03:03","date_gmt":"2016-09-03T16:03:03","guid":{"rendered":"http:\/\/vacances-seasonova.com\/?page_id=36"},"modified":"2025-04-22T09:20:04","modified_gmt":"2025-04-22T07:20:04","slug":"idees-sejour-camping","status":"publish","type":"page","link":"https:\/\/vacances-seasonova.com\/fr\/idees-sejour-camping\/","title":{"rendered":"Que peut-on faire pendant des vacances en camping en France ?"},"content":{"rendered":"<p>Vous recherchez des id\u00e9es s\u00e9jour camping et souhaitez passer des vacances enrichissante, ressour\u00e7ante et reposante, vous trouverez dans les <a href=\"https:\/\/vacances-seasonova.com\/campings\/\" target=\"_blank\" rel=\"noopener noreferrer\">campings Seasonova<\/a> l&rsquo;activit\u00e9 qui vous enchantera&#8230;<\/p>\n<h2>Saveurs et terroirs<\/h2>\n<p>Pour les gourmands mais pas que ! Restaurants, visites d&rsquo;entreprises, d\u00e9couvrez les sp\u00e9cialit\u00e9s culinaires et devenez friands de nos r\u00e9gions !<\/p>\n<h2>Culture et Patrimoine<\/h2>\n<p>Entre mus\u00e9es et ch\u00e2teaux, partez \u00e0 la d\u00e9couverte de l&rsquo;identit\u00e9 de nos r\u00e9gions et plongez vous dans l&rsquo;Histoire !<\/p>\n<h2>Sport et Nature<\/h2>\n<p>Les vacances c&rsquo;est aussi fait pour se d\u00e9fouler ! Cano\u00eb, \u00e9quitation, activit\u00e9s sportives en famille, rien de mieux pour profiter pleinement !<\/p>\n<h2>Fun &amp; Sensation<\/h2>\n<p>Karting, saut \u00e0 l&rsquo;\u00e9lastique, luge sur rail, jet ski, accrobranche, faites un plein de sensation et repoussez vos limites !<\/p>\n<h2>Kid&rsquo;s<\/h2>\n<p>Pour de merveilleux souvenirs durant les vacances de vos enfants, profitez des id\u00e9es s\u00e9jour camping Seasonova et emmenez les au mini golf, au bowling, visiter une ferme !<\/p>\n<h2>Bien-\u00eatre &amp; D\u00e9tente<\/h2>\n<p>Les vacances, c&rsquo;est aussi et surtout fait pour se d\u00e9tendre ! Alors accordez-vous des moments d\u00e9tentes en profitant d&rsquo;un bon massage ou d&rsquo;une <a href=\"https:\/\/vacances-seasonova.com\/le-bien-etre\/\" target=\"_blank\" rel=\"noopener noreferrer\">s\u00e9ance de Yoga<\/a> !<\/p>\n<p style=\"text-align: center;\"><div id=\"metaslider-id-511\" style=\"max-width: 850px;\" class=\"ml-slider-3-61-0 metaslider metaslider-flex metaslider-511 ml-slider ms-theme-default nav-hidden\" role=\"region\" aria-roledescription=\"Slideshow\" aria-label=\"activit\u00e9s\">\n    <div id=\"metaslider_container_511\">\n        <div id=\"metaslider_511\">\n            <ul aria-live=\"polite\" class=\"slides\">\n                <li style=\"display: block; width: 100%;\" class=\"slide-512 ms-image \" aria-roledescription=\"slide\" aria-label=\"slide-512\"><img src=\"https:\/\/vacances-seasonova.com\/wp-content\/uploads\/2016\/09\/camping_seasonova_activites_nature-545x385.jpg\" height=\"600\" width=\"850\" alt=\"camping-seasonova-activites-nature\" class=\"slider-511 slide-512\" \/><\/li>\n                <li style=\"display: none; width: 100%;\" class=\"slide-513 ms-image \" aria-roledescription=\"slide\" aria-label=\"slide-513\"><img src=\"https:\/\/vacances-seasonova.com\/wp-content\/uploads\/2016\/09\/velo_erdre-641x453.jpg\" height=\"600\" width=\"850\" alt=\"\" class=\"slider-511 slide-513\" \/><\/li>\n                <li style=\"display: none; width: 100%;\" class=\"slide-514 ms-image \" aria-roledescription=\"slide\" aria-label=\"slide-514\"><img src=\"https:\/\/vacances-seasonova.com\/wp-content\/uploads\/2016\/09\/canoe-_erdre-643x454.jpg\" height=\"600\" width=\"850\" alt=\"canoe-camping-port-mulon-nort-sur-erdre\" class=\"slider-511 slide-514\" \/><\/li>\n                <li style=\"display: none; width: 100%;\" class=\"slide-515 ms-image \" aria-roledescription=\"slide\" aria-label=\"slide-515\"><img src=\"https:\/\/vacances-seasonova.com\/wp-content\/uploads\/2016\/09\/camping_seasonova_randonnees-641x453.jpg\" height=\"600\" width=\"850\" alt=\"camping-seasonova-randonnees\" class=\"slider-511 slide-515\" \/><\/li>\n                <li style=\"display: none; width: 100%;\" class=\"slide-516 ms-image \" aria-roledescription=\"slide\" aria-label=\"slide-516\"><img src=\"https:\/\/vacances-seasonova.com\/wp-content\/uploads\/2016\/09\/ecureuil_port_mulon-643x454.jpg\" height=\"600\" width=\"850\" alt=\"ecureuil-camping-port-mulon-seasonova\" class=\"slider-511 slide-516\" \/><\/li>\n            <\/ul>\n        <\/div>\n        \n    <\/div>\n<\/div><\/p>\n<p><\/p>","protected":false},"excerpt":{"rendered":"<p>Vous recherchez des id\u00e9es s\u00e9jour camping et souhaitez passer des vacances enrichissante, ressour\u00e7ante et reposante, vous trouverez dans les campings Seasonova l&rsquo;activit\u00e9 qui vous enchantera&#8230; Saveurs et [&#8230;]<\/p>\n","protected":false},"author":3,"featured_media":3892,"parent":0,"menu_order":0,"comment_status":"closed","ping_status":"closed","template":"page.php","meta":[],"yoast_head":"<!-- This site is optimized with the Yoast SEO plugin v18.1 - https:\/\/yoast.com\/wordpress\/plugins\/seo\/ -->\n<meta name=\"robots\" content=\"index, follow, max-snippet:-1, max-image-preview:large, max-video-preview:-1\" \/>\n<link rel=\"canonical\" href=\"https:\/\/vacances-seasonova.com\/fr\/anregungen-fuer-ihren-campingurlaub\/\" \/>\n<meta property=\"og:locale\" content=\"fr_FR\" \/>\n<meta property=\"og:type\" content=\"article\" \/>\n<meta property=\"og:title\" content=\"Que peut-on faire pendant des vacances en camping en France ? - Seasonova | Campings Normandie, Bretagne, Pays de La Loire et Alsace\" \/>\n<meta property=\"og:description\" content=\"Vous recherchez des id\u00e9es s\u00e9jour camping et souhaitez passer des vacances enrichissante, ressour\u00e7ante et reposante, vous trouverez dans les campings Seasonova l&rsquo;activit\u00e9 qui vous enchantera&#8230; Saveurs et [...]\" \/>\n<meta property=\"og:url\" content=\"https:\/\/vacances-seasonova.com\/de\/anregungen-fuer-ihren-campingurlaub\/\" \/>\n<meta property=\"og:site_name\" content=\"Seasonova | Campings Normandie, Bretagne, Pays de La Loire et Alsace\" \/>\n<meta property=\"article:modified_time\" content=\"2025-04-22T07:20:04+00:00\" \/>\n<meta property=\"og:image\" content=\"https:\/\/vacances-seasonova.com\/wp-content\/uploads\/2017\/08\/clecy-suissenormande-orne-canoe-nautisme-personnage081011-CALVADOS-TOURISME-libre.jpg\" \/>\n\t<meta property=\"og:image:width\" content=\"2448\" \/>\n\t<meta property=\"og:image:height\" content=\"767\" \/>\n\t<meta property=\"og:image:type\" content=\"image\/jpeg\" \/>\n<meta name=\"twitter:card\" content=\"summary\" \/>\n<meta name=\"twitter:label1\" content=\"Dur\u00e9e de lecture estim\u00e9e\" \/>\n\t<meta name=\"twitter:data1\" content=\"4 minutes\" \/>\n<script type=\"application\/ld+json\" class=\"yoast-schema-graph\">{\"@context\":\"https:\/\/schema.org\",\"@graph\":[{\"@type\":\"WebSite\",\"@id\":\"https:\/\/vacances-seasonova.com\/fr\/#website\",\"url\":\"https:\/\/vacances-seasonova.com\/fr\/\",\"name\":\"Seasonova | Campings Normandie, Bretagne, Pays de La Loire et Alsace\",\"description\":\"\",\"potentialAction\":[{\"@type\":\"SearchAction\",\"target\":{\"@type\":\"EntryPoint\",\"urlTemplate\":\"https:\/\/vacances-seasonova.com\/fr\/?s={search_term_string}\"},\"query-input\":\"required name=search_term_string\"}],\"inLanguage\":\"fr-FR\"},{\"@type\":\"ImageObject\",\"@id\":\"https:\/\/vacances-seasonova.com\/de\/anregungen-fuer-ihren-campingurlaub\/#primaryimage\",\"inLanguage\":\"fr-FR\",\"url\":\"https:\/\/vacances-seasonova.com\/wp-content\/uploads\/2017\/08\/clecy-suissenormande-orne-canoe-nautisme-personnage081011-CALVADOS-TOURISME-libre.jpg\",\"contentUrl\":\"https:\/\/vacances-seasonova.com\/wp-content\/uploads\/2017\/08\/clecy-suissenormande-orne-canoe-nautisme-personnage081011-CALVADOS-TOURISME-libre.jpg\",\"width\":2448,\"height\":767,\"caption\":\"clecy-suissenormande-orne-canoe-nautisme-personnage081011-CALVADOS-TOURISME-libre\"},{\"@type\":\"WebPage\",\"@id\":\"https:\/\/vacances-seasonova.com\/de\/anregungen-fuer-ihren-campingurlaub\/#webpage\",\"url\":\"https:\/\/vacances-seasonova.com\/de\/anregungen-fuer-ihren-campingurlaub\/\",\"name\":\"Que peut-on faire pendant des vacances en camping en France ? - Seasonova | Campings Normandie, Bretagne, Pays de La Loire et Alsace\",\"isPartOf\":{\"@id\":\"https:\/\/vacances-seasonova.com\/fr\/#website\"},\"primaryImageOfPage\":{\"@id\":\"https:\/\/vacances-seasonova.com\/de\/anregungen-fuer-ihren-campingurlaub\/#primaryimage\"},\"datePublished\":\"2016-09-03T16:03:03+00:00\",\"dateModified\":\"2025-04-22T07:20:04+00:00\",\"breadcrumb\":{\"@id\":\"https:\/\/vacances-seasonova.com\/de\/anregungen-fuer-ihren-campingurlaub\/#breadcrumb\"},\"inLanguage\":\"fr-FR\",\"potentialAction\":[{\"@type\":\"ReadAction\",\"target\":[\"https:\/\/vacances-seasonova.com\/de\/anregungen-fuer-ihren-campingurlaub\/\"]}]},{\"@type\":\"BreadcrumbList\",\"@id\":\"https:\/\/vacances-seasonova.com\/de\/anregungen-fuer-ihren-campingurlaub\/#breadcrumb\",\"itemListElement\":[{\"@type\":\"ListItem\",\"position\":1,\"name\":\"Accueil\",\"item\":\"https:\/\/vacances-seasonova.com\/nl\/\"},{\"@type\":\"ListItem\",\"position\":2,\"name\":\"Que peut-on faire pendant des vacances en camping en France ?\"}]}]}<\/script>\n<!-- \/ Yoast SEO plugin. -->","yoast_head_json":{"robots":{"index":"index","follow":"follow","max-snippet":"max-snippet:-1","max-image-preview":"max-image-preview:large","max-video-preview":"max-video-preview:-1"},"canonical":"https:\/\/vacances-seasonova.com\/fr\/anregungen-fuer-ihren-campingurlaub\/","og_locale":"fr_FR","og_type":"article","og_title":"Que peut-on faire pendant des vacances en camping en France ? - Seasonova | Campings Normandie, Bretagne, Pays de La Loire et Alsace","og_description":"Vous recherchez des id\u00e9es s\u00e9jour camping et souhaitez passer des vacances enrichissante, ressour\u00e7ante et reposante, vous trouverez dans les campings Seasonova l&rsquo;activit\u00e9 qui vous enchantera&#8230; Saveurs et [...]","og_url":"https:\/\/vacances-seasonova.com\/de\/anregungen-fuer-ihren-campingurlaub\/","og_site_name":"Seasonova | Campings Normandie, Bretagne, Pays de La Loire et Alsace","article_modified_time":"2025-04-22T07:20:04+00:00","og_image":[{"width":2448,"height":767,"url":"https:\/\/vacances-seasonova.com\/wp-content\/uploads\/2017\/08\/clecy-suissenormande-orne-canoe-nautisme-personnage081011-CALVADOS-TOURISME-libre.jpg","type":"image\/jpeg"}],"twitter_card":"summary","twitter_misc":{"Dur\u00e9e de lecture estim\u00e9e":"4 minutes"},"schema":{"@context":"https:\/\/schema.org","@graph":[{"@type":"WebSite","@id":"https:\/\/vacances-seasonova.com\/fr\/#website","url":"https:\/\/vacances-seasonova.com\/fr\/","name":"Seasonova | Campings Normandie, Bretagne, Pays de La Loire et Alsace","description":"","potentialAction":[{"@type":"SearchAction","target":{"@type":"EntryPoint","urlTemplate":"https:\/\/vacances-seasonova.com\/fr\/?s={search_term_string}"},"query-input":"required name=search_term_string"}],"inLanguage":"fr-FR"},{"@type":"ImageObject","@id":"https:\/\/vacances-seasonova.com\/de\/anregungen-fuer-ihren-campingurlaub\/#primaryimage","inLanguage":"fr-FR","url":"https:\/\/vacances-seasonova.com\/wp-content\/uploads\/2017\/08\/clecy-suissenormande-orne-canoe-nautisme-personnage081011-CALVADOS-TOURISME-libre.jpg","contentUrl":"https:\/\/vacances-seasonova.com\/wp-content\/uploads\/2017\/08\/clecy-suissenormande-orne-canoe-nautisme-personnage081011-CALVADOS-TOURISME-libre.jpg","width":2448,"height":767,"caption":"clecy-suissenormande-orne-canoe-nautisme-personnage081011-CALVADOS-TOURISME-libre"},{"@type":"WebPage","@id":"https:\/\/vacances-seasonova.com\/de\/anregungen-fuer-ihren-campingurlaub\/#webpage","url":"https:\/\/vacances-seasonova.com\/de\/anregungen-fuer-ihren-campingurlaub\/","name":"Que peut-on faire pendant des vacances en camping en France ? - Seasonova | Campings Normandie, Bretagne, Pays de La Loire et Alsace","isPartOf":{"@id":"https:\/\/vacances-seasonova.com\/fr\/#website"},"primaryImageOfPage":{"@id":"https:\/\/vacances-seasonova.com\/de\/anregungen-fuer-ihren-campingurlaub\/#primaryimage"},"datePublished":"2016-09-03T16:03:03+00:00","dateModified":"2025-04-22T07:20:04+00:00","breadcrumb":{"@id":"https:\/\/vacances-seasonova.com\/de\/anregungen-fuer-ihren-campingurlaub\/#breadcrumb"},"inLanguage":"fr-FR","potentialAction":[{"@type":"ReadAction","target":["https:\/\/vacances-seasonova.com\/de\/anregungen-fuer-ihren-campingurlaub\/"]}]},{"@type":"BreadcrumbList","@id":"https:\/\/vacances-seasonova.com\/de\/anregungen-fuer-ihren-campingurlaub\/#breadcrumb","itemListElement":[{"@type":"ListItem","position":1,"name":"Accueil","item":"https:\/\/vacances-seasonova.com\/nl\/"},{"@type":"ListItem","position":2,"name":"Que peut-on faire pendant des vacances en camping en France ?"}]}]}},"_links":{"self":[{"href":"https:\/\/vacances-seasonova.com\/fr\/wp-json\/wp\/v2\/pages\/36"}],"collection":[{"href":"https:\/\/vacances-seasonova.com\/fr\/wp-json\/wp\/v2\/pages"}],"about":[{"href":"https:\/\/vacances-seasonova.com\/fr\/wp-json\/wp\/v2\/types\/page"}],"author":[{"embeddable":true,"href":"https:\/\/vacances-seasonova.com\/fr\/wp-json\/wp\/v2\/users\/3"}],"replies":[{"embeddable":true,"href":"https:\/\/vacances-seasonova.com\/fr\/wp-json\/wp\/v2\/comments?post=36"}],"version-history":[{"count":13,"href":"https:\/\/vacances-seasonova.com\/fr\/wp-json\/wp\/v2\/pages\/36\/revisions"}],"predecessor-version":[{"id":46720,"href":"https:\/\/vacances-seasonova.com\/fr\/wp-json\/wp\/v2\/pages\/36\/revisions\/46720"}],"wp:featuredmedia":[{"embeddable":true,"href":"https:\/\/vacances-seasonova.com\/fr\/wp-json\/wp\/v2\/media\/3892"}],"wp:attachment":[{"href":"https:\/\/vacances-seasonova.com\/fr\/wp-json\/wp\/v2\/media?parent=36"}],"curies":[{"name":"wp","href":"https:\/\/api.w.org\/{rel}","templated":true}]}}