    {"id":38647,"date":"2023-12-21T13:04:31","date_gmt":"2023-12-21T12:04:31","guid":{"rendered":"https:\/\/vacances-seasonova.com\/fr\/?page_id=38647"},"modified":"2023-12-21T13:04:31","modified_gmt":"2023-12-21T12:04:31","slug":"camping-in-west-frankrijk-2-3-2-2-2","status":"publish","type":"page","link":"https:\/\/vacances-seasonova.com\/fr\/kamperen-meivakantie-frankrijk\/","title":{"rendered":"Kamperen meivakantie Frankrijk"},"content":{"rendered":"<p class=\"qtranxs-available-languages-message qtranxs-available-languages-message-fr\">D\u00e9sol\u00e9, cet article est seulement disponible en <a href=\"https:\/\/vacances-seasonova.com\/nl\/wp-json\/wp\/v2\/pages\/38647\" class=\"qtranxs-available-language-link qtranxs-available-language-link-nl\" title=\"Nederlands\">N\u00e9erlandais<\/a>.<\/p><p>De meivakantie is de perfecte tijd om er met het gezin op uit te trekken en te genieten van de prachtige Franse natuur. Kamperen in Frankrijk met kinderen in de lente biedt een schat aan mogelijkheden voor avontuur, ontspanning en quality time met het gezin. Hier zijn enkele redenen waarom kamperen bij Seasonova in de meivakantie in Frankrijk zo aantrekkelijk is.<\/p>\n<p><strong>Meivakantie 2024 in Nederland:<\/strong><\/p>\n<li>Alle regio\u2019s: 27 april t\/m 5 mei 2024<\/li>\n<h2>Met de kinderen naar de camping in de meivakantie<\/h2>\n<p>In de meivakantie beginnen de temperaturen in Frankrijk aangenaam te stijgen, waardoor het een ideale periode is voor buitenactiviteiten. De dagen zijn langer en de avonden zijn aangenaam, wat betekent dat je veel tijd in de buitenlucht kunt doorbrengen. De lente is het seizoen van vernieuwing, en de Franse natuur komt tot leven met kleurrijke bloemen, weelderige bossen en groene velden. Het is de perfecte tijd om te wandelen, fietsen en de natuur te verkennen.<\/p>\n<p>Proef de lentesmaken van Frankrijk door lokale markten te bezoeken en te genieten van seizoensgebonden producten zoals aardbeien, asperges en kazen. Picknicken in de natuur is ook een geweldige optie. <\/p>\n<p>Frankrijk is doordrenkt van geschiedenis en cultuur. Bezoek middeleeuwse stadjes, kastelen en musea om de rijke erfenis van het land te verkennen. Ga kajakken op schilderachtige rivieren, maak fietstochten door glooiende heuvels of maak een wandeling langs de kust. De lente biedt volop mogelijkheden voor buitenavonturen.<\/p>\n<p>Ver te rijden of je niet altijd als je wilt kamperen in de meivakantie. De campings van Seasonova in Noord-Frankrijk zijn prima in 6 uur aan te rijden vanuit Utrecht. Bezoek bijvoorbeeld de regio Normandi\u00eb of in de Elzas.<\/p>\n<h2>Boek hier jouw kampeervakantie in Frankrijk in de meivakantie<\/h2>\n<p>Kamperen in de meivakantie in Frankrijk is een geweldige manier om quality time met het gezin door te brengen en samen onvergetelijke herinneringen te cre\u00ebren. De lente is een seizoen vol belofte, en wat is er nu mooier dan deze belofte te ontdekken te midden van de prachtige Franse landschappen met je dierbaren? Het is een avontuur voor zowel jong als oud. Boek hier jouw verblijf op een van de Seasonova campings en ontdek Frankrijk tijdens de meivakantie!<\/p>\n<p><img loading=\"lazy\" class=\"alignnone size-medium wp-image-37495\" src=\"https:\/\/vacances-seasonova.com\/wp-content\/uploads\/2016\/09\/baniere-enfant-web-1480x450.jpg\" alt=\"\" width=\"300\" height=\"196\" \/><\/p>","protected":false},"excerpt":{"rendered":"<p>D\u00e9sol\u00e9, cet article est seulement disponible en N\u00e9erlandais.De meivakantie is de perfecte tijd om er met het gezin op uit te trekken en te genieten van de prachtige Franse natuur. Kamperen in Frankrijk met kinderen in de [&#8230;]<\/p>\n","protected":false},"author":15,"featured_media":37488,"parent":0,"menu_order":0,"comment_status":"closed","ping_status":"closed","template":"page.php","meta":[],"yoast_head":"<!-- This site is optimized with the Yoast SEO plugin v18.1 - https:\/\/yoast.com\/wordpress\/plugins\/seo\/ -->\n<meta name=\"description\" content=\"Kom deze meivakantie kamperen in Frankrijk met het hele gezin! Staanplaatsen en accommodaties. Met zwembad. Boek hier jouw verblijf.\" \/>\n<meta name=\"robots\" content=\"index, follow, max-snippet:-1, max-image-preview:large, max-video-preview:-1\" \/>\n<link rel=\"canonical\" href=\"https:\/\/vacances-seasonova.com\/fr\/kamperen-meivakantie-frankrijk\/\" \/>\n<meta property=\"og:locale\" content=\"fr_FR\" \/>\n<meta property=\"og:type\" content=\"article\" \/>\n<meta property=\"og:title\" content=\"Kamperen meivakantie Frankrijk | Seasonova\" \/>\n<meta property=\"og:description\" content=\"Kom deze meivakantie kamperen in Frankrijk met het hele gezin! Staanplaatsen en accommodaties. Met zwembad. Boek hier jouw verblijf.\" \/>\n<meta property=\"og:url\" content=\"https:\/\/vacances-seasonova.com\/fr\/kamperen-meivakantie-frankrijk\/\" \/>\n<meta property=\"og:site_name\" content=\"Seasonova | Campings Normandie, Bretagne, Pays de La Loire et Alsace\" \/>\n<meta property=\"og:image\" content=\"https:\/\/vacances-seasonova.com\/wp-content\/uploads\/2023\/04\/les-enfants-.jpg\" \/>\n\t<meta property=\"og:image:width\" content=\"1440\" \/>\n\t<meta property=\"og:image:height\" content=\"1083\" \/>\n\t<meta property=\"og:image:type\" content=\"image\/jpeg\" \/>\n<meta name=\"twitter:card\" content=\"summary\" \/>\n<meta name=\"twitter:label1\" content=\"Dur\u00e9e de lecture estim\u00e9e\" \/>\n\t<meta name=\"twitter:data1\" content=\"2 minutes\" \/>\n<script type=\"application\/ld+json\" class=\"yoast-schema-graph\">{\"@context\":\"https:\/\/schema.org\",\"@graph\":[{\"@type\":\"WebSite\",\"@id\":\"https:\/\/vacances-seasonova.com\/fr\/#website\",\"url\":\"https:\/\/vacances-seasonova.com\/fr\/\",\"name\":\"Seasonova | Campings Normandie, Bretagne, Pays de La Loire et Alsace\",\"description\":\"\",\"potentialAction\":[{\"@type\":\"SearchAction\",\"target\":{\"@type\":\"EntryPoint\",\"urlTemplate\":\"https:\/\/vacances-seasonova.com\/fr\/?s={search_term_string}\"},\"query-input\":\"required name=search_term_string\"}],\"inLanguage\":\"fr-FR\"},{\"@type\":\"ImageObject\",\"@id\":\"https:\/\/vacances-seasonova.com\/fr\/kamperen-meivakantie-frankrijk\/#primaryimage\",\"inLanguage\":\"fr-FR\",\"url\":\"https:\/\/vacances-seasonova.com\/wp-content\/uploads\/2023\/04\/les-enfants-.jpg\",\"contentUrl\":\"https:\/\/vacances-seasonova.com\/wp-content\/uploads\/2023\/04\/les-enfants-.jpg\",\"width\":1440,\"height\":1083},{\"@type\":\"WebPage\",\"@id\":\"https:\/\/vacances-seasonova.com\/fr\/kamperen-meivakantie-frankrijk\/#webpage\",\"url\":\"https:\/\/vacances-seasonova.com\/fr\/kamperen-meivakantie-frankrijk\/\",\"name\":\"Kamperen meivakantie Frankrijk | Seasonova\",\"isPartOf\":{\"@id\":\"https:\/\/vacances-seasonova.com\/fr\/#website\"},\"primaryImageOfPage\":{\"@id\":\"https:\/\/vacances-seasonova.com\/fr\/kamperen-meivakantie-frankrijk\/#primaryimage\"},\"datePublished\":\"2023-12-21T12:04:31+00:00\",\"dateModified\":\"2023-12-21T12:04:31+00:00\",\"description\":\"Kom deze meivakantie kamperen in Frankrijk met het hele gezin! Staanplaatsen en accommodaties. Met zwembad. Boek hier jouw verblijf.\",\"breadcrumb\":{\"@id\":\"https:\/\/vacances-seasonova.com\/fr\/kamperen-meivakantie-frankrijk\/#breadcrumb\"},\"inLanguage\":\"fr-FR\",\"potentialAction\":[{\"@type\":\"ReadAction\",\"target\":[\"https:\/\/vacances-seasonova.com\/fr\/kamperen-meivakantie-frankrijk\/\"]}]},{\"@type\":\"BreadcrumbList\",\"@id\":\"https:\/\/vacances-seasonova.com\/fr\/kamperen-meivakantie-frankrijk\/#breadcrumb\",\"itemListElement\":[{\"@type\":\"ListItem\",\"position\":1,\"name\":\"Accueil\",\"item\":\"https:\/\/vacances-seasonova.com\/nl\/\"},{\"@type\":\"ListItem\",\"position\":2,\"name\":\"Kamperen meivakantie Frankrijk\"}]}]}<\/script>\n<!-- \/ Yoast SEO plugin. -->","yoast_head_json":{"description":"Kom deze meivakantie kamperen in Frankrijk met het hele gezin! Staanplaatsen en accommodaties. Met zwembad. Boek hier jouw verblijf.","robots":{"index":"index","follow":"follow","max-snippet":"max-snippet:-1","max-image-preview":"max-image-preview:large","max-video-preview":"max-video-preview:-1"},"canonical":"https:\/\/vacances-seasonova.com\/fr\/kamperen-meivakantie-frankrijk\/","og_locale":"fr_FR","og_type":"article","og_title":"Kamperen meivakantie Frankrijk | Seasonova","og_description":"Kom deze meivakantie kamperen in Frankrijk met het hele gezin! Staanplaatsen en accommodaties. Met zwembad. Boek hier jouw verblijf.","og_url":"https:\/\/vacances-seasonova.com\/fr\/kamperen-meivakantie-frankrijk\/","og_site_name":"Seasonova | Campings Normandie, Bretagne, Pays de La Loire et Alsace","og_image":[{"width":1440,"height":1083,"url":"https:\/\/vacances-seasonova.com\/wp-content\/uploads\/2023\/04\/les-enfants-.jpg","type":"image\/jpeg"}],"twitter_card":"summary","twitter_misc":{"Dur\u00e9e de lecture estim\u00e9e":"2 minutes"},"schema":{"@context":"https:\/\/schema.org","@graph":[{"@type":"WebSite","@id":"https:\/\/vacances-seasonova.com\/fr\/#website","url":"https:\/\/vacances-seasonova.com\/fr\/","name":"Seasonova | Campings Normandie, Bretagne, Pays de La Loire et Alsace","description":"","potentialAction":[{"@type":"SearchAction","target":{"@type":"EntryPoint","urlTemplate":"https:\/\/vacances-seasonova.com\/fr\/?s={search_term_string}"},"query-input":"required name=search_term_string"}],"inLanguage":"fr-FR"},{"@type":"ImageObject","@id":"https:\/\/vacances-seasonova.com\/fr\/kamperen-meivakantie-frankrijk\/#primaryimage","inLanguage":"fr-FR","url":"https:\/\/vacances-seasonova.com\/wp-content\/uploads\/2023\/04\/les-enfants-.jpg","contentUrl":"https:\/\/vacances-seasonova.com\/wp-content\/uploads\/2023\/04\/les-enfants-.jpg","width":1440,"height":1083},{"@type":"WebPage","@id":"https:\/\/vacances-seasonova.com\/fr\/kamperen-meivakantie-frankrijk\/#webpage","url":"https:\/\/vacances-seasonova.com\/fr\/kamperen-meivakantie-frankrijk\/","name":"Kamperen meivakantie Frankrijk | Seasonova","isPartOf":{"@id":"https:\/\/vacances-seasonova.com\/fr\/#website"},"primaryImageOfPage":{"@id":"https:\/\/vacances-seasonova.com\/fr\/kamperen-meivakantie-frankrijk\/#primaryimage"},"datePublished":"2023-12-21T12:04:31+00:00","dateModified":"2023-12-21T12:04:31+00:00","description":"Kom deze meivakantie kamperen in Frankrijk met het hele gezin! Staanplaatsen en accommodaties. Met zwembad. Boek hier jouw verblijf.","breadcrumb":{"@id":"https:\/\/vacances-seasonova.com\/fr\/kamperen-meivakantie-frankrijk\/#breadcrumb"},"inLanguage":"fr-FR","potentialAction":[{"@type":"ReadAction","target":["https:\/\/vacances-seasonova.com\/fr\/kamperen-meivakantie-frankrijk\/"]}]},{"@type":"BreadcrumbList","@id":"https:\/\/vacances-seasonova.com\/fr\/kamperen-meivakantie-frankrijk\/#breadcrumb","itemListElement":[{"@type":"ListItem","position":1,"name":"Accueil","item":"https:\/\/vacances-seasonova.com\/nl\/"},{"@type":"ListItem","position":2,"name":"Kamperen meivakantie Frankrijk"}]}]}},"_links":{"self":[{"href":"https:\/\/vacances-seasonova.com\/fr\/wp-json\/wp\/v2\/pages\/38647"}],"collection":[{"href":"https:\/\/vacances-seasonova.com\/fr\/wp-json\/wp\/v2\/pages"}],"about":[{"href":"https:\/\/vacances-seasonova.com\/fr\/wp-json\/wp\/v2\/types\/page"}],"author":[{"embeddable":true,"href":"https:\/\/vacances-seasonova.com\/fr\/wp-json\/wp\/v2\/users\/15"}],"replies":[{"embeddable":true,"href":"https:\/\/vacances-seasonova.com\/fr\/wp-json\/wp\/v2\/comments?post=38647"}],"version-history":[{"count":2,"href":"https:\/\/vacances-seasonova.com\/fr\/wp-json\/wp\/v2\/pages\/38647\/revisions"}],"predecessor-version":[{"id":38649,"href":"https:\/\/vacances-seasonova.com\/fr\/wp-json\/wp\/v2\/pages\/38647\/revisions\/38649"}],"wp:featuredmedia":[{"embeddable":true,"href":"https:\/\/vacances-seasonova.com\/fr\/wp-json\/wp\/v2\/media\/37488"}],"wp:attachment":[{"href":"https:\/\/vacances-seasonova.com\/fr\/wp-json\/wp\/v2\/media?parent=38647"}],"curies":[{"name":"wp","href":"https:\/\/api.w.org\/{rel}","templated":true}]}}