    {"id":3867,"date":"2017-08-11T15:01:37","date_gmt":"2017-08-11T14:01:37","guid":{"rendered":"http:\/\/vacances-seasonova.com\/?page_id=3867"},"modified":"2023-08-02T10:10:58","modified_gmt":"2023-08-02T08:10:58","slug":"fun-et-sensation","status":"publish","type":"page","link":"https:\/\/vacances-seasonova.com\/fr\/idees-sejour-camping\/fun-et-sensation\/","title":{"rendered":"Plezier en Sensatie"},"content":{"rendered":"<p>Envies de sensations fortes durant vos vacances, Seasonova vous propose des Camping fun et sensation<\/p>\n<h3>Kite surf, Escalade, saut \u00e0 l\u2019\u00e9lastique, luge sur rail, accrobranche, faites un plein de sensation et repoussez vos limites !<\/h3>\n<h2>Le\u00a0viaduc de la Souleuvre<\/h2>\n<div class=\"row\">\n<div class=\"col-lg-4\"><img src=\"https:\/\/vacances-seasonova.com\/wp-content\/uploads\/2017\/08\/FERRIEREHARANG-BOCAGENORMAND-VIADUC-SOULEUVRE-PAYSAGE-15005058-MC.LECAPITAINE-CALVADOS-TOURISME-LIBRE.jpg\" \/><\/div>\n<div class=\"col-lg-8\">\n<p>Depuis plus de 26 ans, le Viaduc de la Souleuvre propose des activit\u00e9s \u00e0 sensations pour petits et grands : luge sur rails, tyrolienne, balan\u00e7oire g\u00e9antes, jardin pieds nus, sauts pendulaire et sauts \u00e0 l\u2019\u00e9lastique.\u00a0Ce site naturel prot\u00e9g\u00e9 est am\u00e9nag\u00e9 pour passer une journ\u00e9e en famille. Pique-nique, bar-restauration, barbecue, jeux d\u2019enfants, randonn\u00e9es, circuits VTT, v\u00e9lo. Les parkings sont gratuits des deux c\u00f4t\u00e9s de la vall\u00e9e. Acc\u00e8s passerelle : 1\u20ac\/pers (-13ans gratuit).<br \/>\n<em><strong>En savoir plus :<\/strong><\/em>\u00a0<a href=\"https:\/\/www.viaducdelasouleuvre.com\">https:\/\/www.viaducdelasouleuvre.com<\/a><\/p>\n<\/div>\n<\/div>\n<h2>Club de voile<\/h2>\n<div class=\"row\">\n<div class=\"col-lg-4\"><img src=\"https:\/\/vacances-seasonova.com\/wp-content\/uploads\/2017\/08\/calvados-nautisme-voile50-CALVADOS-TOURISME-libre.png\" \/><\/div>\n<div class=\"col-lg-8\">\n<p>R\u00e9put\u00e9e pour sa longue plage de sable fin, la tr\u00e8s agr\u00e9able c\u00f4te de nacre propose plusieurs \u00c9coles de Voile Fran\u00e7aise, labellis\u00e9es et affili\u00e9es \u00e0 la F\u00e9d\u00e9ration.<\/p>\n<ul>\n<li><a href=\"https:\/\/www.calvados-tourisme.com\/diffusio\/fr\/bouger\/les-activites-du-calvados\/merville-franceville-plage\/club-de-voile-et-pagaie-de-franceville-cvpf_TFOASCNOR014FS000BK.php\">Club de Voile et Pagaie de Franceville (CVPF) &#8211; Tourisme Calvados<\/a><\/li>\n<li><a href=\"https:\/\/www.calvados-tourisme.com\/diffusio\/fr\/bouger\/les-activites-du-calvados\/saint-aubin-sur-mer\/club-de-voile-de-saint-aubin-sur-mer_TFOASCNOR014FS000ET.php\">Club de Voile de Saint-Aubin-sur-Mer &#8211; Tourisme Calvados<\/a><\/li>\n<li><a href=\"https:\/\/Centre de Char \u00e0 Voile de Cabourg - Tourisme Calvados\">Centre de Char \u00e0 Voile de Cabourg &#8211; Tourisme Calvados<\/a><\/li>\n<\/ul>\n<p>Du mois de mai \u00e0 la fin du mois d&rsquo;ao\u00fbt, les clubs de voile accueillent les amateurs de loisirs nautiques sur la plage. Suivant les clubs,\u00a0les services propos\u00e9s vont de la simple location de planche \u00e0 voile, paddle board, cano\u00eb ou encore de kayak, aux cours parfois tr\u00e8s particuliers \u00e0 bord de catamarans et d\u00e9riveurs. Des stages et initiations qui vous permettront d&rsquo;appr\u00e9hender de mani\u00e8re plus ludique ces sports de voile tr\u00e8s pris\u00e9s par les amateurs de nouvelles sensations.<\/p>\n<\/div>\n<\/div>\n<h2>Parc accrobranche de Normandie<\/h2>\n<div class=\"row\">\n<div class=\"col-lg-4\"><img src=\"https:\/\/vacances-seasonova.com\/wp-content\/uploads\/2017\/08\/accrobranche.png\" \/><\/div>\n<div class=\"col-lg-8\">\n<p>Le Parc d\u2019Aventure Accrobranche de Beauregard accueille petits et grands pour un moment de d\u00e9tente dans les arbres en toute s\u00e9curit\u00e9. Le parc est situ\u00e9 dans le domaine du ch\u00e2teau de Beauregard et le long de la piste cyclable du canal de Caen \u00e0 Ouistreham.<\/p>\n<p><em><strong>En savoir plus :<\/strong><\/em>\u00a0<a href=\"https:\/\/www.beauregard-aventure.com\/\">Parc accrobranche de Normandie<\/a><\/p>\n<\/div>\n<\/div>\n<p><\/p>","protected":false},"excerpt":{"rendered":"<p>Envies de sensations fortes durant vos vacances, Seasonova vous propose des Camping fun et sensation Kite surf, Escalade, saut \u00e0 l\u2019\u00e9lastique, luge sur rail, accrobranche, faites un plein de sensation et repoussez vos [&#8230;]<\/p>\n","protected":false},"author":2,"featured_media":3869,"parent":36,"menu_order":0,"comment_status":"closed","ping_status":"closed","template":"","meta":[],"yoast_head":"<!-- This site is optimized with the Yoast SEO plugin v18.1 - https:\/\/yoast.com\/wordpress\/plugins\/seo\/ -->\n<meta name=\"robots\" content=\"index, follow, max-snippet:-1, max-image-preview:large, max-video-preview:-1\" \/>\n<link rel=\"canonical\" href=\"https:\/\/vacances-seasonova.com\/fr\/anregungen-fuer-ihren-campingurlaub\/spass-und-attraktionen\/\" \/>\n<meta property=\"og:locale\" content=\"fr_FR\" \/>\n<meta property=\"og:type\" content=\"article\" \/>\n<meta property=\"og:title\" content=\"Plezier en Sensatie - Seasonova | Campings Normandie, Bretagne, Pays de La Loire et Alsace\" \/>\n<meta property=\"og:description\" content=\"Envies de sensations fortes durant vos vacances, Seasonova vous propose des Camping fun et sensation Kite surf, Escalade, saut \u00e0 l\u2019\u00e9lastique, luge sur rail, accrobranche, faites un plein de sensation et repoussez vos [...]\" \/>\n<meta property=\"og:url\" content=\"https:\/\/vacances-seasonova.com\/de\/anregungen-fuer-ihren-campingurlaub\/spass-und-attraktionen\/\" \/>\n<meta property=\"og:site_name\" content=\"Seasonova | Campings Normandie, Bretagne, Pays de La Loire et Alsace\" \/>\n<meta property=\"article:modified_time\" content=\"2023-08-02T08:10:58+00:00\" \/>\n<meta property=\"og:image\" content=\"https:\/\/vacances-seasonova.com\/wp-content\/uploads\/2017\/08\/fun-e1590135136855.png\" \/>\n\t<meta property=\"og:image:width\" content=\"1065\" \/>\n\t<meta property=\"og:image:height\" content=\"576\" \/>\n\t<meta property=\"og:image:type\" content=\"image\/png\" \/>\n<meta name=\"twitter:card\" content=\"summary\" \/>\n<meta name=\"twitter:label1\" content=\"Dur\u00e9e de lecture estim\u00e9e\" \/>\n\t<meta name=\"twitter:data1\" content=\"5 minutes\" \/>\n<script type=\"application\/ld+json\" class=\"yoast-schema-graph\">{\"@context\":\"https:\/\/schema.org\",\"@graph\":[{\"@type\":\"WebSite\",\"@id\":\"https:\/\/vacances-seasonova.com\/fr\/#website\",\"url\":\"https:\/\/vacances-seasonova.com\/fr\/\",\"name\":\"Seasonova | Campings Normandie, Bretagne, Pays de La Loire et Alsace\",\"description\":\"\",\"potentialAction\":[{\"@type\":\"SearchAction\",\"target\":{\"@type\":\"EntryPoint\",\"urlTemplate\":\"https:\/\/vacances-seasonova.com\/fr\/?s={search_term_string}\"},\"query-input\":\"required name=search_term_string\"}],\"inLanguage\":\"fr-FR\"},{\"@type\":\"ImageObject\",\"@id\":\"https:\/\/vacances-seasonova.com\/de\/anregungen-fuer-ihren-campingurlaub\/spass-und-attraktionen\/#primaryimage\",\"inLanguage\":\"fr-FR\",\"url\":\"https:\/\/vacances-seasonova.com\/wp-content\/uploads\/2017\/08\/fun-e1590135136855.png\",\"contentUrl\":\"https:\/\/vacances-seasonova.com\/wp-content\/uploads\/2017\/08\/fun-e1590135136855.png\",\"width\":1065,\"height\":576,\"caption\":\"fun-sport-seasonova\"},{\"@type\":\"WebPage\",\"@id\":\"https:\/\/vacances-seasonova.com\/de\/anregungen-fuer-ihren-campingurlaub\/spass-und-attraktionen\/#webpage\",\"url\":\"https:\/\/vacances-seasonova.com\/de\/anregungen-fuer-ihren-campingurlaub\/spass-und-attraktionen\/\",\"name\":\"Plezier en Sensatie - Seasonova | Campings Normandie, Bretagne, Pays de La Loire et Alsace\",\"isPartOf\":{\"@id\":\"https:\/\/vacances-seasonova.com\/fr\/#website\"},\"primaryImageOfPage\":{\"@id\":\"https:\/\/vacances-seasonova.com\/de\/anregungen-fuer-ihren-campingurlaub\/spass-und-attraktionen\/#primaryimage\"},\"datePublished\":\"2017-08-11T14:01:37+00:00\",\"dateModified\":\"2023-08-02T08:10:58+00:00\",\"breadcrumb\":{\"@id\":\"https:\/\/vacances-seasonova.com\/de\/anregungen-fuer-ihren-campingurlaub\/spass-und-attraktionen\/#breadcrumb\"},\"inLanguage\":\"fr-FR\",\"potentialAction\":[{\"@type\":\"ReadAction\",\"target\":[\"https:\/\/vacances-seasonova.com\/de\/anregungen-fuer-ihren-campingurlaub\/spass-und-attraktionen\/\"]}]},{\"@type\":\"BreadcrumbList\",\"@id\":\"https:\/\/vacances-seasonova.com\/de\/anregungen-fuer-ihren-campingurlaub\/spass-und-attraktionen\/#breadcrumb\",\"itemListElement\":[{\"@type\":\"ListItem\",\"position\":1,\"name\":\"Accueil\",\"item\":\"https:\/\/vacances-seasonova.com\/nl\/\"},{\"@type\":\"ListItem\",\"position\":2,\"name\":\"Que peut-on faire pendant des vacances en camping en France ?\",\"item\":\"https:\/\/vacances-seasonova.com\/de\/anregungen-fuer-ihren-campingurlaub\/\"},{\"@type\":\"ListItem\",\"position\":3,\"name\":\"Plezier en Sensatie\"}]}]}<\/script>\n<!-- \/ Yoast SEO plugin. -->","yoast_head_json":{"robots":{"index":"index","follow":"follow","max-snippet":"max-snippet:-1","max-image-preview":"max-image-preview:large","max-video-preview":"max-video-preview:-1"},"canonical":"https:\/\/vacances-seasonova.com\/fr\/anregungen-fuer-ihren-campingurlaub\/spass-und-attraktionen\/","og_locale":"fr_FR","og_type":"article","og_title":"Plezier en Sensatie - Seasonova | Campings Normandie, Bretagne, Pays de La Loire et Alsace","og_description":"Envies de sensations fortes durant vos vacances, Seasonova vous propose des Camping fun et sensation Kite surf, Escalade, saut \u00e0 l\u2019\u00e9lastique, luge sur rail, accrobranche, faites un plein de sensation et repoussez vos [...]","og_url":"https:\/\/vacances-seasonova.com\/de\/anregungen-fuer-ihren-campingurlaub\/spass-und-attraktionen\/","og_site_name":"Seasonova | Campings Normandie, Bretagne, Pays de La Loire et Alsace","article_modified_time":"2023-08-02T08:10:58+00:00","og_image":[{"width":1065,"height":576,"url":"https:\/\/vacances-seasonova.com\/wp-content\/uploads\/2017\/08\/fun-e1590135136855.png","type":"image\/png"}],"twitter_card":"summary","twitter_misc":{"Dur\u00e9e de lecture estim\u00e9e":"5 minutes"},"schema":{"@context":"https:\/\/schema.org","@graph":[{"@type":"WebSite","@id":"https:\/\/vacances-seasonova.com\/fr\/#website","url":"https:\/\/vacances-seasonova.com\/fr\/","name":"Seasonova | Campings Normandie, Bretagne, Pays de La Loire et Alsace","description":"","potentialAction":[{"@type":"SearchAction","target":{"@type":"EntryPoint","urlTemplate":"https:\/\/vacances-seasonova.com\/fr\/?s={search_term_string}"},"query-input":"required name=search_term_string"}],"inLanguage":"fr-FR"},{"@type":"ImageObject","@id":"https:\/\/vacances-seasonova.com\/de\/anregungen-fuer-ihren-campingurlaub\/spass-und-attraktionen\/#primaryimage","inLanguage":"fr-FR","url":"https:\/\/vacances-seasonova.com\/wp-content\/uploads\/2017\/08\/fun-e1590135136855.png","contentUrl":"https:\/\/vacances-seasonova.com\/wp-content\/uploads\/2017\/08\/fun-e1590135136855.png","width":1065,"height":576,"caption":"fun-sport-seasonova"},{"@type":"WebPage","@id":"https:\/\/vacances-seasonova.com\/de\/anregungen-fuer-ihren-campingurlaub\/spass-und-attraktionen\/#webpage","url":"https:\/\/vacances-seasonova.com\/de\/anregungen-fuer-ihren-campingurlaub\/spass-und-attraktionen\/","name":"Plezier en Sensatie - Seasonova | Campings Normandie, Bretagne, Pays de La Loire et Alsace","isPartOf":{"@id":"https:\/\/vacances-seasonova.com\/fr\/#website"},"primaryImageOfPage":{"@id":"https:\/\/vacances-seasonova.com\/de\/anregungen-fuer-ihren-campingurlaub\/spass-und-attraktionen\/#primaryimage"},"datePublished":"2017-08-11T14:01:37+00:00","dateModified":"2023-08-02T08:10:58+00:00","breadcrumb":{"@id":"https:\/\/vacances-seasonova.com\/de\/anregungen-fuer-ihren-campingurlaub\/spass-und-attraktionen\/#breadcrumb"},"inLanguage":"fr-FR","potentialAction":[{"@type":"ReadAction","target":["https:\/\/vacances-seasonova.com\/de\/anregungen-fuer-ihren-campingurlaub\/spass-und-attraktionen\/"]}]},{"@type":"BreadcrumbList","@id":"https:\/\/vacances-seasonova.com\/de\/anregungen-fuer-ihren-campingurlaub\/spass-und-attraktionen\/#breadcrumb","itemListElement":[{"@type":"ListItem","position":1,"name":"Accueil","item":"https:\/\/vacances-seasonova.com\/nl\/"},{"@type":"ListItem","position":2,"name":"Que peut-on faire pendant des vacances en camping en France ?","item":"https:\/\/vacances-seasonova.com\/de\/anregungen-fuer-ihren-campingurlaub\/"},{"@type":"ListItem","position":3,"name":"Plezier en Sensatie"}]}]}},"_links":{"self":[{"href":"https:\/\/vacances-seasonova.com\/fr\/wp-json\/wp\/v2\/pages\/3867"}],"collection":[{"href":"https:\/\/vacances-seasonova.com\/fr\/wp-json\/wp\/v2\/pages"}],"about":[{"href":"https:\/\/vacances-seasonova.com\/fr\/wp-json\/wp\/v2\/types\/page"}],"author":[{"embeddable":true,"href":"https:\/\/vacances-seasonova.com\/fr\/wp-json\/wp\/v2\/users\/2"}],"replies":[{"embeddable":true,"href":"https:\/\/vacances-seasonova.com\/fr\/wp-json\/wp\/v2\/comments?post=3867"}],"version-history":[{"count":6,"href":"https:\/\/vacances-seasonova.com\/fr\/wp-json\/wp\/v2\/pages\/3867\/revisions"}],"predecessor-version":[{"id":38244,"href":"https:\/\/vacances-seasonova.com\/fr\/wp-json\/wp\/v2\/pages\/3867\/revisions\/38244"}],"up":[{"embeddable":true,"href":"https:\/\/vacances-seasonova.com\/fr\/wp-json\/wp\/v2\/pages\/36"}],"wp:featuredmedia":[{"embeddable":true,"href":"https:\/\/vacances-seasonova.com\/fr\/wp-json\/wp\/v2\/media\/3869"}],"wp:attachment":[{"href":"https:\/\/vacances-seasonova.com\/fr\/wp-json\/wp\/v2\/media?parent=3867"}],"curies":[{"name":"wp","href":"https:\/\/api.w.org\/{rel}","templated":true}]}}