    {"id":38933,"date":"2024-01-30T15:00:45","date_gmt":"2024-01-30T14:00:45","guid":{"rendered":"https:\/\/vacances-seasonova.com\/fr\/?page_id=38933"},"modified":"2024-01-30T15:00:45","modified_gmt":"2024-01-30T14:00:45","slug":"familienfreundliches-camping-in-frankreich-jetzt-buchen","status":"publish","type":"page","link":"https:\/\/vacances-seasonova.com\/fr\/familienfreundliches-camping\/","title":{"rendered":"Familienfreundliches Camping in Frankreich jetzt buchen"},"content":{"rendered":"<p class=\"qtranxs-available-languages-message qtranxs-available-languages-message-fr\">D\u00e9sol\u00e9, cet article est seulement disponible en <a href=\"https:\/\/vacances-seasonova.com\/de\/wp-json\/wp\/v2\/pages\/38933\" class=\"qtranxs-available-language-link qtranxs-available-language-link-de\" title=\"Deutsch\">Allemand<\/a>.<\/p><p>Familienfreundliche Campingpl\u00e4tze in Frankreich noch heute buchen<\/p>\n<p>Lassen Sie nicht l\u00e4nger Ihren Traum von einem unvergesslichen Campingurlaub mit der Familie auf sich warten. Buchen Sie noch heute Ihren Aufenthalt auf einem der zahlreichen familienfreundlichen Campingpl\u00e4tze in Frankreich. Hier erwartet Sie nicht nur eine Vielfalt an atemberaubenden Natursch\u00f6nheiten, sondern auch eine F\u00fclle an kulturellen Highlights und regionale k\u00f6stliche Spezialit\u00e4ten.<\/p>\n<h2>Warum einen Familien-Campingurlaub in Frankreich?<\/h2>\n<p>Egal, ob Sie die majest\u00e4tischen Berge, die zerkl\u00fcfteten Str\u00e4nde, die malerischen Weinberge oder St\u00e4dte voller Geschichte und Kultur erleben m\u00f6chten \u2013 Frankreich hat so viel zu bieten! Ein Campingurlaub in Frankreich ist die perfekte Gelegenheit, das Land und seine unterschiedlichsten Regionen hautnah zu erleben. Sie k\u00f6nnen den Charme der franz\u00f6sischen Lebensart genie\u00dfen, sich kulinarischen Delikatessen hingeben und wundervolle Landschaften entdecken.<\/p>\n<h3>Erfahren Sie die Vorteile des Campings in Frankreich<\/h3>\n<p>Ein Campingurlaub bietet Ihnen ungeahnte Freiheit und Flexibilit\u00e4t. Sie entscheiden, wo Sie hin wollen, was Sie tun m\u00f6chten und welches Tempo Sie dabei an den Tag legen. Dabei k\u00f6nnen Sie die atemberaubende Natur erleben und die vielf\u00e4ltigen Regionen Frankreichs auf eine individuelle und authentische Art entdecken.<\/p>\n<h4>Kategorie<\/h4>\n<ul>\n<li>Vorteile des Familienurlaubs in Frankreich<\/li>\n<li>Aktivit\u00e4ten<\/li>\n<li>Essen &#038; Trinken<\/li>\n<li>Natur &#038; Landschaften<\/li>\n<li>Unterkunft<\/li>\n<li>Kultur &#038; Geschichte<\/li>\n<li>Erreichbarkeit<\/li>\n<\/ul>\n<h3>Entdecken Sie die Vielfalt der Campingpl\u00e4tze in Frankreich<\/h3>\n<p>Die Campingpl\u00e4tze in Frankreich spiegeln die reiche Diversit\u00e4t des Landes wider. Egal, ob Sie von traditionellen Zelten in der Natur oder dem Luxus eines voll ausgestatteten Glamping-Zelts tr\u00e4umen \u2013 Frankreich bietet Camping-Erlebnisse f\u00fcr jeden Geschmack und jedes Budget.<\/p>\n<h2>Familienfreundliches Camping in Frankreich<\/h2>\n<p>In Frankreich wird gro\u00dfer Wert auf die Zufriedenheit der j\u00fcngsten Besucher gelegt. Viele der Campingpl\u00e4tze sind speziell auf Familien ausgerichtet und bieten neben kinderfreundlichen Einrichtungen auch sicherheitsorientierte Ma\u00dfnahmen und Aktivit\u00e4ten, die darauf abzielen, einen stressfreien und vergn\u00fcglichen Urlaub f\u00fcr die gesamte Familie zu gew\u00e4hrleisten.<\/p>\n<h3>Kinderfreundliche Campingpl\u00e4tze in Frankreich<\/h3>\n<p>Vom Atlantik bis zu den Alpen &#8211; viele franz\u00f6sische Campingpl\u00e4tze verf\u00fcgen \u00fcber besondere kinderfreundliche Einrichtungen. Dazu z\u00e4hlen Spielpl\u00e4tze, altersgerechte Unterhaltungsprogramme und besondere Aktivit\u00e4ten und Veranstaltungen, die daf\u00fcr sorgen, dass auch die kleinsten Camper einen unvergesslichen Urlaub erleben k\u00f6nnen.<\/p>\n<h3>Sicherheit und Komfort f\u00fcr Familien auf dem Campingplatz<\/h3>\n<p>Die Campingpl\u00e4tze in Frankreich legen gro\u00dfen Wert auf die Sicherheit und den Komfort der Familien vor Ort. Viele bieten spezielle Dienstleistungen wie kinderfreundliche Pools, professionelle Kinderbetreuung und sogar medizinische Versorgung an, damit Sie Ihren Urlaub in Ruhe genie\u00dfen und sich entspannen k\u00f6nnen. Sie k\u00f6nnen sicher sein, dass Ihre Familie gut aufgehoben ist.<\/p>\n<h2>Buchen Sie jetzt Ihren Campingplatz in Frankreich<\/h2>\n<p>Ihr Traum von einem perfekten Familienurlaub ist nur wenige Klicks entfernt. Buchen Sie noch heute Ihren Campingurlaub in Frankreich und erleben Sie diese einzigartige Form des Urlaubs hautnah.<\/p>\n<h3>Finden Sie das perfekte Ziel f\u00fcr Ihren Campingurlaub<\/h3>\n<p>Ob Sie von einem Campingabenteuer unter den Sternen in den Alpen tr\u00e4umen, die malerische Provence erleben m\u00f6chten oder die unber\u00fchrte K\u00fcste der Bretagne ansteuern wollen &#8211; hier in Frankreich finden Sie f\u00fcr jede Vorstellung den passenden Campingplatz. Vergleichen Sie jetzt die umfangreichen Angebote und finden Sie den perfekten Campingplatz, der am besten zu Ihren W\u00fcnschen und Vorstellungen passt.<\/p>\n<p>Buchen Sie jetzt den perfekten Campingplatz f\u00fcr Ihren unvergesslichen Familienurlaub und erleben Sie die einzigartige Sch\u00f6nheit Frankreichs hautnah.<\/p>\n<p><\/p>","protected":false},"excerpt":{"rendered":"<p>D\u00e9sol\u00e9, cet article est seulement disponible en Allemand.Familienfreundliche Campingpl\u00e4tze in Frankreich noch heute buchen Lassen Sie nicht l\u00e4nger Ihren Traum von einem unvergesslichen Campingurlaub mit der Familie auf [&#8230;]<\/p>\n","protected":false},"author":15,"featured_media":37488,"parent":0,"menu_order":0,"comment_status":"closed","ping_status":"closed","template":"","meta":[],"yoast_head":"<!-- This site is optimized with the Yoast SEO plugin v18.1 - https:\/\/yoast.com\/wordpress\/plugins\/seo\/ -->\n<meta name=\"description\" content=\"Buchen Sie Ihren Aufenthalt auf einem der familienfreundlichen Campingpl\u00e4tze in Frankreich.\" \/>\n<meta name=\"robots\" content=\"index, follow, max-snippet:-1, max-image-preview:large, max-video-preview:-1\" \/>\n<link rel=\"canonical\" href=\"https:\/\/vacances-seasonova.com\/fr\/familienfreundliches-camping\/\" \/>\n<meta property=\"og:locale\" content=\"fr_FR\" \/>\n<meta property=\"og:type\" content=\"article\" \/>\n<meta property=\"og:title\" content=\"Familienfreundliches Camping in Frankreich jetzt buchen\" \/>\n<meta property=\"og:description\" content=\"Buchen Sie Ihren Aufenthalt auf einem der familienfreundlichen Campingpl\u00e4tze in Frankreich.\" \/>\n<meta property=\"og:url\" content=\"https:\/\/vacances-seasonova.com\/fr\/familienfreundliches-camping\/\" \/>\n<meta property=\"og:site_name\" content=\"Seasonova | Campings Normandie, Bretagne, Pays de La Loire et Alsace\" \/>\n<meta property=\"og:image\" content=\"https:\/\/vacances-seasonova.com\/wp-content\/uploads\/2023\/04\/les-enfants-.jpg\" \/>\n\t<meta property=\"og:image:width\" content=\"1440\" \/>\n\t<meta property=\"og:image:height\" content=\"1083\" \/>\n\t<meta property=\"og:image:type\" content=\"image\/jpeg\" \/>\n<meta name=\"twitter:card\" content=\"summary\" \/>\n<meta name=\"twitter:label1\" content=\"Dur\u00e9e de lecture estim\u00e9e\" \/>\n\t<meta name=\"twitter:data1\" content=\"3 minutes\" \/>\n<script type=\"application\/ld+json\" class=\"yoast-schema-graph\">{\"@context\":\"https:\/\/schema.org\",\"@graph\":[{\"@type\":\"WebSite\",\"@id\":\"https:\/\/vacances-seasonova.com\/fr\/#website\",\"url\":\"https:\/\/vacances-seasonova.com\/fr\/\",\"name\":\"Seasonova | Campings Normandie, Bretagne, Pays de La Loire et Alsace\",\"description\":\"\",\"potentialAction\":[{\"@type\":\"SearchAction\",\"target\":{\"@type\":\"EntryPoint\",\"urlTemplate\":\"https:\/\/vacances-seasonova.com\/fr\/?s={search_term_string}\"},\"query-input\":\"required name=search_term_string\"}],\"inLanguage\":\"fr-FR\"},{\"@type\":\"ImageObject\",\"@id\":\"https:\/\/vacances-seasonova.com\/fr\/familienfreundliches-camping\/#primaryimage\",\"inLanguage\":\"fr-FR\",\"url\":\"https:\/\/vacances-seasonova.com\/wp-content\/uploads\/2023\/04\/les-enfants-.jpg\",\"contentUrl\":\"https:\/\/vacances-seasonova.com\/wp-content\/uploads\/2023\/04\/les-enfants-.jpg\",\"width\":1440,\"height\":1083},{\"@type\":\"WebPage\",\"@id\":\"https:\/\/vacances-seasonova.com\/fr\/familienfreundliches-camping\/#webpage\",\"url\":\"https:\/\/vacances-seasonova.com\/fr\/familienfreundliches-camping\/\",\"name\":\"Familienfreundliches Camping in Frankreich jetzt buchen\",\"isPartOf\":{\"@id\":\"https:\/\/vacances-seasonova.com\/fr\/#website\"},\"primaryImageOfPage\":{\"@id\":\"https:\/\/vacances-seasonova.com\/fr\/familienfreundliches-camping\/#primaryimage\"},\"datePublished\":\"2024-01-30T14:00:45+00:00\",\"dateModified\":\"2024-01-30T14:00:45+00:00\",\"description\":\"Buchen Sie Ihren Aufenthalt auf einem der familienfreundlichen Campingpl\u00e4tze in Frankreich.\",\"breadcrumb\":{\"@id\":\"https:\/\/vacances-seasonova.com\/fr\/familienfreundliches-camping\/#breadcrumb\"},\"inLanguage\":\"fr-FR\",\"potentialAction\":[{\"@type\":\"ReadAction\",\"target\":[\"https:\/\/vacances-seasonova.com\/fr\/familienfreundliches-camping\/\"]}]},{\"@type\":\"BreadcrumbList\",\"@id\":\"https:\/\/vacances-seasonova.com\/fr\/familienfreundliches-camping\/#breadcrumb\",\"itemListElement\":[{\"@type\":\"ListItem\",\"position\":1,\"name\":\"Accueil\",\"item\":\"https:\/\/vacances-seasonova.com\/nl\/\"},{\"@type\":\"ListItem\",\"position\":2,\"name\":\"Familienfreundliches Camping in Frankreich jetzt buchen\"}]}]}<\/script>\n<!-- \/ Yoast SEO plugin. -->","yoast_head_json":{"description":"Buchen Sie Ihren Aufenthalt auf einem der familienfreundlichen Campingpl\u00e4tze in Frankreich.","robots":{"index":"index","follow":"follow","max-snippet":"max-snippet:-1","max-image-preview":"max-image-preview:large","max-video-preview":"max-video-preview:-1"},"canonical":"https:\/\/vacances-seasonova.com\/fr\/familienfreundliches-camping\/","og_locale":"fr_FR","og_type":"article","og_title":"Familienfreundliches Camping in Frankreich jetzt buchen","og_description":"Buchen Sie Ihren Aufenthalt auf einem der familienfreundlichen Campingpl\u00e4tze in Frankreich.","og_url":"https:\/\/vacances-seasonova.com\/fr\/familienfreundliches-camping\/","og_site_name":"Seasonova | Campings Normandie, Bretagne, Pays de La Loire et Alsace","og_image":[{"width":1440,"height":1083,"url":"https:\/\/vacances-seasonova.com\/wp-content\/uploads\/2023\/04\/les-enfants-.jpg","type":"image\/jpeg"}],"twitter_card":"summary","twitter_misc":{"Dur\u00e9e de lecture estim\u00e9e":"3 minutes"},"schema":{"@context":"https:\/\/schema.org","@graph":[{"@type":"WebSite","@id":"https:\/\/vacances-seasonova.com\/fr\/#website","url":"https:\/\/vacances-seasonova.com\/fr\/","name":"Seasonova | Campings Normandie, Bretagne, Pays de La Loire et Alsace","description":"","potentialAction":[{"@type":"SearchAction","target":{"@type":"EntryPoint","urlTemplate":"https:\/\/vacances-seasonova.com\/fr\/?s={search_term_string}"},"query-input":"required name=search_term_string"}],"inLanguage":"fr-FR"},{"@type":"ImageObject","@id":"https:\/\/vacances-seasonova.com\/fr\/familienfreundliches-camping\/#primaryimage","inLanguage":"fr-FR","url":"https:\/\/vacances-seasonova.com\/wp-content\/uploads\/2023\/04\/les-enfants-.jpg","contentUrl":"https:\/\/vacances-seasonova.com\/wp-content\/uploads\/2023\/04\/les-enfants-.jpg","width":1440,"height":1083},{"@type":"WebPage","@id":"https:\/\/vacances-seasonova.com\/fr\/familienfreundliches-camping\/#webpage","url":"https:\/\/vacances-seasonova.com\/fr\/familienfreundliches-camping\/","name":"Familienfreundliches Camping in Frankreich jetzt buchen","isPartOf":{"@id":"https:\/\/vacances-seasonova.com\/fr\/#website"},"primaryImageOfPage":{"@id":"https:\/\/vacances-seasonova.com\/fr\/familienfreundliches-camping\/#primaryimage"},"datePublished":"2024-01-30T14:00:45+00:00","dateModified":"2024-01-30T14:00:45+00:00","description":"Buchen Sie Ihren Aufenthalt auf einem der familienfreundlichen Campingpl\u00e4tze in Frankreich.","breadcrumb":{"@id":"https:\/\/vacances-seasonova.com\/fr\/familienfreundliches-camping\/#breadcrumb"},"inLanguage":"fr-FR","potentialAction":[{"@type":"ReadAction","target":["https:\/\/vacances-seasonova.com\/fr\/familienfreundliches-camping\/"]}]},{"@type":"BreadcrumbList","@id":"https:\/\/vacances-seasonova.com\/fr\/familienfreundliches-camping\/#breadcrumb","itemListElement":[{"@type":"ListItem","position":1,"name":"Accueil","item":"https:\/\/vacances-seasonova.com\/nl\/"},{"@type":"ListItem","position":2,"name":"Familienfreundliches Camping in Frankreich jetzt buchen"}]}]}},"_links":{"self":[{"href":"https:\/\/vacances-seasonova.com\/fr\/wp-json\/wp\/v2\/pages\/38933"}],"collection":[{"href":"https:\/\/vacances-seasonova.com\/fr\/wp-json\/wp\/v2\/pages"}],"about":[{"href":"https:\/\/vacances-seasonova.com\/fr\/wp-json\/wp\/v2\/types\/page"}],"author":[{"embeddable":true,"href":"https:\/\/vacances-seasonova.com\/fr\/wp-json\/wp\/v2\/users\/15"}],"replies":[{"embeddable":true,"href":"https:\/\/vacances-seasonova.com\/fr\/wp-json\/wp\/v2\/comments?post=38933"}],"version-history":[{"count":1,"href":"https:\/\/vacances-seasonova.com\/fr\/wp-json\/wp\/v2\/pages\/38933\/revisions"}],"predecessor-version":[{"id":38934,"href":"https:\/\/vacances-seasonova.com\/fr\/wp-json\/wp\/v2\/pages\/38933\/revisions\/38934"}],"wp:featuredmedia":[{"embeddable":true,"href":"https:\/\/vacances-seasonova.com\/fr\/wp-json\/wp\/v2\/media\/37488"}],"wp:attachment":[{"href":"https:\/\/vacances-seasonova.com\/fr\/wp-json\/wp\/v2\/media?parent=38933"}],"curies":[{"name":"wp","href":"https:\/\/api.w.org\/{rel}","templated":true}]}}