    {"id":3905,"date":"2017-08-14T16:15:38","date_gmt":"2017-08-14T15:15:38","guid":{"rendered":"http:\/\/vacances-seasonova.com\/?page_id=3905"},"modified":"2021-10-05T15:53:09","modified_gmt":"2021-10-05T13:53:09","slug":"camping-sport-nature","status":"publish","type":"page","link":"https:\/\/vacances-seasonova.com\/fr\/sport-nature\/","title":{"rendered":"Sport &#038; Nature"},"content":{"rendered":"<p><\/p>\n<h2>Les vacances c\u2019est aussi fait pour se d\u00e9fouler ! Cano\u00eb, \u00e9quitation, activit\u00e9s sportives en famille, rien de mieux pour profiter pleinement en s\u00e9journant dans un camping sport nature !<\/h2>\n<h3>Activit\u00e9s \u00e9questres<\/h3>\n<div class=\"row\">\n<div class=\"col-lg-4\"><img src=\"https:\/\/vacances-seasonova.com\/wp-content\/uploads\/2017\/08\/equitation.jpg\" \/><\/div>\n<div class=\"col-lg-8\">\n<p>D\u00e9couvrez le cheval, les centres \u00e9questres vous proposent des stages d&rsquo;initiation ou de perfectionnement, des balades \u00e0 cheval, sur la plage ou bien dans la campagne.<\/p>\n<p><em><strong>En savoir plus :<\/strong><\/em>\u00a0<a href=\"https:\/\/www.normandie-tourisme.fr\/sports-et-loisirs\/cheval-activites-equestres~~~~~\/offres-10-1.html\" target=\"_blank\" rel=\"noopener noreferrer\">Activit\u00e9s \u00e9questres en Normandie<\/a><br \/>\n<em><strong>En savoir plus :<\/strong><\/em>\u00a0<a href=\"https:\/\/osez.tourismebretagne.com\/tentez-l-experience\/tous-les-clubs\/(facet_2)\/equestre\" target=\"_blank\" rel=\"noopener noreferrer\">Activit\u00e9s \u00e9questres en Bretagne<\/a><\/p>\n<\/div>\n<\/div>\n<h3>Cano\u00eb Kayak<\/h3>\n<div class=\"row\">\n<div class=\"col-lg-4\"><img src=\"https:\/\/vacances-seasonova.com\/wp-content\/uploads\/2017\/08\/clecy-suissenormande-orne-canoe-nautisme-CALVADOS-TOURISME.png\" \/><\/div>\n<div class=\"col-lg-8\">\n<p>D\u00e9couvrez les clubs qui proposent la location de cano\u00eb kayak et\/ou une initiation. En Suisse normande, en Vall\u00e9e de l&rsquo;Eure, sur le littoral de la Manche, une autre fa\u00e7on de d\u00e9couvrir de tr\u00e8s beaux paysages.<\/p>\n<p><em><strong>En savoir plus :<\/strong><\/em>\u00a0<a href=\"https:\/\/www.normandie-tourisme.fr\/sports-et-loisirs\/sports-deau-et-de-voile%7Caviron-kayak~~~~~\/offres-10-1.html\">Les clubs de cano\u00eb kayak en Normandie<\/a><\/p>\n<\/div>\n<\/div>\n<h3>Randonn\u00e9es et balades<\/h3>\n<div class=\"row\">\n<div class=\"col-lg-4\"><img src=\"https:\/\/vacances-seasonova.com\/wp-content\/uploads\/2017\/08\/randonnee.png\" \/><\/div>\n<div class=\"col-lg-8\">\n<p>L&rsquo;important r\u00e9seau d&rsquo;itin\u00e9raires, plus de 3 000 km de GR (chemins de grandes randonn\u00e9es), permet la d\u00e9couverte de tous les milieux. retrouvez quelques pistes pour explorer la r\u00e9gion de mani\u00e8re active.<\/p>\n<p><em><strong>En savoir plus :<\/strong><\/em>\u00a0<a href=\"https:\/\/www.normandie-tourisme.fr\/a-voir-a-faire\/sports-et-loisirs\/randonnees-474-1.html\" target=\"_blanc\" rel=\"noopener noreferrer\">Randonn\u00e9es et balades en Normandie<\/a><\/p>\n<\/div>\n<\/div>\n<p><\/p>","protected":false},"excerpt":{"rendered":"<p>Les vacances c\u2019est aussi fait pour se d\u00e9fouler ! Cano\u00eb, \u00e9quitation, activit\u00e9s sportives en famille, rien de mieux pour profiter pleinement en s\u00e9journant dans un camping sport nature ! Activit\u00e9s \u00e9questres D\u00e9couvrez [&#8230;]<\/p>\n","protected":false},"author":2,"featured_media":3892,"parent":0,"menu_order":0,"comment_status":"closed","ping_status":"closed","template":"","meta":[],"yoast_head":"<!-- This site is optimized with the Yoast SEO plugin v18.1 - https:\/\/yoast.com\/wordpress\/plugins\/seo\/ -->\n<meta name=\"robots\" content=\"index, follow, max-snippet:-1, max-image-preview:large, max-video-preview:-1\" \/>\n<link rel=\"canonical\" href=\"https:\/\/vacances-seasonova.com\/fr\/sport-nature\/\" \/>\n<meta property=\"og:locale\" content=\"fr_FR\" \/>\n<meta property=\"og:type\" content=\"article\" \/>\n<meta property=\"og:title\" content=\"Sport &#038; Nature - Seasonova | Campings Normandie, Bretagne, Pays de La Loire et Alsace\" \/>\n<meta property=\"og:description\" content=\"Les vacances c\u2019est aussi fait pour se d\u00e9fouler ! Cano\u00eb, \u00e9quitation, activit\u00e9s sportives en famille, rien de mieux pour profiter pleinement en s\u00e9journant dans un camping sport nature ! Activit\u00e9s \u00e9questres D\u00e9couvrez [...]\" \/>\n<meta property=\"og:url\" content=\"https:\/\/vacances-seasonova.com\/en\/sport-nature\/\" \/>\n<meta property=\"og:site_name\" content=\"Seasonova | Campings Normandie, Bretagne, Pays de La Loire et Alsace\" \/>\n<meta property=\"article:modified_time\" content=\"2021-10-05T13:53:09+00:00\" \/>\n<meta property=\"og:image\" content=\"https:\/\/vacances-seasonova.com\/wp-content\/uploads\/2017\/08\/clecy-suissenormande-orne-canoe-nautisme-personnage081011-CALVADOS-TOURISME-libre.jpg\" \/>\n\t<meta property=\"og:image:width\" content=\"2448\" \/>\n\t<meta property=\"og:image:height\" content=\"767\" \/>\n\t<meta property=\"og:image:type\" content=\"image\/jpeg\" \/>\n<meta name=\"twitter:card\" content=\"summary\" \/>\n<meta name=\"twitter:label1\" content=\"Dur\u00e9e de lecture estim\u00e9e\" \/>\n\t<meta name=\"twitter:data1\" content=\"3 minutes\" \/>\n<script type=\"application\/ld+json\" class=\"yoast-schema-graph\">{\"@context\":\"https:\/\/schema.org\",\"@graph\":[{\"@type\":\"WebSite\",\"@id\":\"https:\/\/vacances-seasonova.com\/fr\/#website\",\"url\":\"https:\/\/vacances-seasonova.com\/fr\/\",\"name\":\"Seasonova | Campings Normandie, Bretagne, Pays de La Loire et Alsace\",\"description\":\"\",\"potentialAction\":[{\"@type\":\"SearchAction\",\"target\":{\"@type\":\"EntryPoint\",\"urlTemplate\":\"https:\/\/vacances-seasonova.com\/fr\/?s={search_term_string}\"},\"query-input\":\"required name=search_term_string\"}],\"inLanguage\":\"fr-FR\"},{\"@type\":\"ImageObject\",\"@id\":\"https:\/\/vacances-seasonova.com\/en\/sport-nature\/#primaryimage\",\"inLanguage\":\"fr-FR\",\"url\":\"https:\/\/vacances-seasonova.com\/wp-content\/uploads\/2017\/08\/clecy-suissenormande-orne-canoe-nautisme-personnage081011-CALVADOS-TOURISME-libre.jpg\",\"contentUrl\":\"https:\/\/vacances-seasonova.com\/wp-content\/uploads\/2017\/08\/clecy-suissenormande-orne-canoe-nautisme-personnage081011-CALVADOS-TOURISME-libre.jpg\",\"width\":2448,\"height\":767,\"caption\":\"clecy-suissenormande-orne-canoe-nautisme-personnage081011-CALVADOS-TOURISME-libre\"},{\"@type\":\"WebPage\",\"@id\":\"https:\/\/vacances-seasonova.com\/en\/sport-nature\/#webpage\",\"url\":\"https:\/\/vacances-seasonova.com\/en\/sport-nature\/\",\"name\":\"Sport &#038; Nature - Seasonova | Campings Normandie, Bretagne, Pays de La Loire et Alsace\",\"isPartOf\":{\"@id\":\"https:\/\/vacances-seasonova.com\/fr\/#website\"},\"primaryImageOfPage\":{\"@id\":\"https:\/\/vacances-seasonova.com\/en\/sport-nature\/#primaryimage\"},\"datePublished\":\"2017-08-14T15:15:38+00:00\",\"dateModified\":\"2021-10-05T13:53:09+00:00\",\"breadcrumb\":{\"@id\":\"https:\/\/vacances-seasonova.com\/en\/sport-nature\/#breadcrumb\"},\"inLanguage\":\"fr-FR\",\"potentialAction\":[{\"@type\":\"ReadAction\",\"target\":[\"https:\/\/vacances-seasonova.com\/en\/sport-nature\/\"]}]},{\"@type\":\"BreadcrumbList\",\"@id\":\"https:\/\/vacances-seasonova.com\/en\/sport-nature\/#breadcrumb\",\"itemListElement\":[{\"@type\":\"ListItem\",\"position\":1,\"name\":\"Accueil\",\"item\":\"https:\/\/vacances-seasonova.com\/nl\/\"},{\"@type\":\"ListItem\",\"position\":2,\"name\":\"Sport &#038; Nature\"}]}]}<\/script>\n<!-- \/ Yoast SEO plugin. -->","yoast_head_json":{"robots":{"index":"index","follow":"follow","max-snippet":"max-snippet:-1","max-image-preview":"max-image-preview:large","max-video-preview":"max-video-preview:-1"},"canonical":"https:\/\/vacances-seasonova.com\/fr\/sport-nature\/","og_locale":"fr_FR","og_type":"article","og_title":"Sport &#038; Nature - Seasonova | Campings Normandie, Bretagne, Pays de La Loire et Alsace","og_description":"Les vacances c\u2019est aussi fait pour se d\u00e9fouler ! Cano\u00eb, \u00e9quitation, activit\u00e9s sportives en famille, rien de mieux pour profiter pleinement en s\u00e9journant dans un camping sport nature ! Activit\u00e9s \u00e9questres D\u00e9couvrez [...]","og_url":"https:\/\/vacances-seasonova.com\/en\/sport-nature\/","og_site_name":"Seasonova | Campings Normandie, Bretagne, Pays de La Loire et Alsace","article_modified_time":"2021-10-05T13:53:09+00:00","og_image":[{"width":2448,"height":767,"url":"https:\/\/vacances-seasonova.com\/wp-content\/uploads\/2017\/08\/clecy-suissenormande-orne-canoe-nautisme-personnage081011-CALVADOS-TOURISME-libre.jpg","type":"image\/jpeg"}],"twitter_card":"summary","twitter_misc":{"Dur\u00e9e de lecture estim\u00e9e":"3 minutes"},"schema":{"@context":"https:\/\/schema.org","@graph":[{"@type":"WebSite","@id":"https:\/\/vacances-seasonova.com\/fr\/#website","url":"https:\/\/vacances-seasonova.com\/fr\/","name":"Seasonova | Campings Normandie, Bretagne, Pays de La Loire et Alsace","description":"","potentialAction":[{"@type":"SearchAction","target":{"@type":"EntryPoint","urlTemplate":"https:\/\/vacances-seasonova.com\/fr\/?s={search_term_string}"},"query-input":"required name=search_term_string"}],"inLanguage":"fr-FR"},{"@type":"ImageObject","@id":"https:\/\/vacances-seasonova.com\/en\/sport-nature\/#primaryimage","inLanguage":"fr-FR","url":"https:\/\/vacances-seasonova.com\/wp-content\/uploads\/2017\/08\/clecy-suissenormande-orne-canoe-nautisme-personnage081011-CALVADOS-TOURISME-libre.jpg","contentUrl":"https:\/\/vacances-seasonova.com\/wp-content\/uploads\/2017\/08\/clecy-suissenormande-orne-canoe-nautisme-personnage081011-CALVADOS-TOURISME-libre.jpg","width":2448,"height":767,"caption":"clecy-suissenormande-orne-canoe-nautisme-personnage081011-CALVADOS-TOURISME-libre"},{"@type":"WebPage","@id":"https:\/\/vacances-seasonova.com\/en\/sport-nature\/#webpage","url":"https:\/\/vacances-seasonova.com\/en\/sport-nature\/","name":"Sport &#038; Nature - Seasonova | Campings Normandie, Bretagne, Pays de La Loire et Alsace","isPartOf":{"@id":"https:\/\/vacances-seasonova.com\/fr\/#website"},"primaryImageOfPage":{"@id":"https:\/\/vacances-seasonova.com\/en\/sport-nature\/#primaryimage"},"datePublished":"2017-08-14T15:15:38+00:00","dateModified":"2021-10-05T13:53:09+00:00","breadcrumb":{"@id":"https:\/\/vacances-seasonova.com\/en\/sport-nature\/#breadcrumb"},"inLanguage":"fr-FR","potentialAction":[{"@type":"ReadAction","target":["https:\/\/vacances-seasonova.com\/en\/sport-nature\/"]}]},{"@type":"BreadcrumbList","@id":"https:\/\/vacances-seasonova.com\/en\/sport-nature\/#breadcrumb","itemListElement":[{"@type":"ListItem","position":1,"name":"Accueil","item":"https:\/\/vacances-seasonova.com\/nl\/"},{"@type":"ListItem","position":2,"name":"Sport &#038; Nature"}]}]}},"_links":{"self":[{"href":"https:\/\/vacances-seasonova.com\/fr\/wp-json\/wp\/v2\/pages\/3905"}],"collection":[{"href":"https:\/\/vacances-seasonova.com\/fr\/wp-json\/wp\/v2\/pages"}],"about":[{"href":"https:\/\/vacances-seasonova.com\/fr\/wp-json\/wp\/v2\/types\/page"}],"author":[{"embeddable":true,"href":"https:\/\/vacances-seasonova.com\/fr\/wp-json\/wp\/v2\/users\/2"}],"replies":[{"embeddable":true,"href":"https:\/\/vacances-seasonova.com\/fr\/wp-json\/wp\/v2\/comments?post=3905"}],"version-history":[{"count":0,"href":"https:\/\/vacances-seasonova.com\/fr\/wp-json\/wp\/v2\/pages\/3905\/revisions"}],"wp:featuredmedia":[{"embeddable":true,"href":"https:\/\/vacances-seasonova.com\/fr\/wp-json\/wp\/v2\/media\/3892"}],"wp:attachment":[{"href":"https:\/\/vacances-seasonova.com\/fr\/wp-json\/wp\/v2\/media?parent=3905"}],"curies":[{"name":"wp","href":"https:\/\/api.w.org\/{rel}","templated":true}]}}