    {"id":3944,"date":"2017-08-22T11:07:03","date_gmt":"2017-08-22T09:07:03","guid":{"rendered":"http:\/\/vacances-seasonova.com\/?page_id=3944"},"modified":"2025-08-28T15:16:41","modified_gmt":"2025-08-28T13:16:41","slug":"location-chalet-saint-sorlin-2","status":"publish","type":"page","link":"https:\/\/vacances-seasonova.com\/fr\/locations-de-vacances\/location-chalet-saint-sorlin\/","title":{"rendered":"Our Mountain Chalet"},"content":{"rendered":"<p><\/p>\n<p style=\"text-align: center;\">Face aux Aiguilles d\u2019Arves, au pied du glacier de l\u2019Etendard et du col de la croix de fer, <strong>Saint Sorlin d\u2019Arves<\/strong> se r\u00e9v\u00e8le comme une station village au coeur de la haute montagne. Typiquement savoyard avec ses 14 hameaux r\u00e9partis sur 3kms, son \u00e9glise baroque, ses chapelles, ses fermes, ses sp\u00e9cialit\u00e9s, Saint Sorlin est un lieu de s\u00e9jour simple et authentique. L\u2019hiver, profitez \u00e0 la fois d\u2019une ambiance village et d\u2019un domaine skiable d\u2019exception et l\u2019\u00e9t\u00e9, de toutes les activit\u00e9s de montagne ressour\u00e7antes.<\/p>\n<ul>\n<li><strong>3 Chalets\/16 personnes tarif de 4100\u20ac et 4 Chalet\/ 20 personnes tarif de 4990\u20ac, tarif des chalets durant les vacances d&rsquo;hiver. Le tarif est de 1550\u20ac la semaine\/20 personnes\/4 chalets durant les vacances scolaires de Juillet et Ao\u00fbt.\u00a0<\/strong><\/li>\n<\/ul>\n<ul>\n<li>Navette gratuite pour le centre de St Sorlin d\u2019Arves ( \u00e0 c\u00f4t\u00e9 de St Jean Maurienne).<\/li>\n<li>Supermarch\u00e9 \u00e0 30 min<\/li>\n<li>Centre ville \u00e0 10 min \u00e0 pieds ( pharmacie, boulangerie, fromagerie, bowling, cin\u00e9ma, restaurants\u2026)<\/li>\n<li>Village \u00e9tape du Tour de France<\/li>\n<li>Activit\u00e9s: raquette, ski\/ snowboard, balade, parapente, cours de ski, chiens de traineaux\u2026. Domaine Les Sybelles<\/li>\n<li><a href=\"https:\/\/www.saintsorlindarves.com\/fr\/index-ete.aspx\">Office du tourisme de St Sorlin<\/a><\/li>\n<\/ul>\n<ul>\n<li>raquette.<\/li>\n<li>ski\/ snowboard<\/li>\n<li>parapente<\/li>\n<li>cours de ski<\/li>\n<li>chiens de traineaux\u2026<\/li>\n<li>Plus d\u2019informations: Office du tourisme de St Sorlin<\/li>\n<\/ul>\n<h2>R\u00e9servations au 0236810001 ou sur contact@vacances-seasonova.com<\/h2>\n<p><\/p>","protected":false},"excerpt":{"rendered":"<p>Face aux Aiguilles d\u2019Arves, au pied du glacier de l\u2019Etendard et du col de la croix de fer, Saint Sorlin d\u2019Arves se r\u00e9v\u00e8le comme une station village au coeur de la haute montagne. Typiquement savoyard avec ses 14 [&#8230;]<\/p>\n","protected":false},"author":2,"featured_media":20726,"parent":61,"menu_order":0,"comment_status":"closed","ping_status":"closed","template":"template-alternance-text-image.php","meta":[],"yoast_head":"<!-- This site is optimized with the Yoast SEO plugin v18.1 - https:\/\/yoast.com\/wordpress\/plugins\/seo\/ -->\n<meta name=\"robots\" content=\"index, follow, max-snippet:-1, max-image-preview:large, max-video-preview:-1\" \/>\n<link rel=\"canonical\" href=\"https:\/\/vacances-seasonova.com\/fr\/vakantiewoningen-in-frankrijk\/location-chalet-saint-sorlin\/\" \/>\n<meta property=\"og:locale\" content=\"fr_FR\" \/>\n<meta property=\"og:type\" content=\"article\" \/>\n<meta property=\"og:title\" content=\"Notre chalet \u00e0 la montagne - Seasonova | Campings Normandie, Bretagne, Pays de La Loire et Alsace\" \/>\n<meta property=\"og:description\" content=\"Face aux Aiguilles d\u2019Arves, au pied du glacier de l\u2019Etendard et du col de la croix de fer, Saint Sorlin d\u2019Arves se r\u00e9v\u00e8le comme une station village au coeur de la haute montagne. Typiquement savoyard avec ses 14 [...]\" \/>\n<meta property=\"og:url\" content=\"https:\/\/vacances-seasonova.com\/nl\/vakantiewoningen-in-frankrijk\/location-chalet-saint-sorlin\/\" \/>\n<meta property=\"og:site_name\" content=\"Seasonova | Campings Normandie, Bretagne, Pays de La Loire et Alsace\" \/>\n<meta property=\"article:modified_time\" content=\"2025-08-28T13:16:41+00:00\" \/>\n<meta property=\"og:image\" content=\"https:\/\/vacances-seasonova.com\/wp-content\/uploads\/2021\/02\/img_6754-600x450.jpg\" \/>\n\t<meta property=\"og:image:width\" content=\"600\" \/>\n\t<meta property=\"og:image:height\" content=\"450\" \/>\n\t<meta property=\"og:image:type\" content=\"image\/jpeg\" \/>\n<meta name=\"twitter:card\" content=\"summary\" \/>\n<meta name=\"twitter:label1\" content=\"Dur\u00e9e de lecture estim\u00e9e\" \/>\n\t<meta name=\"twitter:data1\" content=\"2 minutes\" \/>\n<script type=\"application\/ld+json\" class=\"yoast-schema-graph\">{\"@context\":\"https:\/\/schema.org\",\"@graph\":[{\"@type\":\"WebSite\",\"@id\":\"https:\/\/vacances-seasonova.com\/fr\/#website\",\"url\":\"https:\/\/vacances-seasonova.com\/fr\/\",\"name\":\"Seasonova | Campings Normandie, Bretagne, Pays de La Loire et Alsace\",\"description\":\"\",\"potentialAction\":[{\"@type\":\"SearchAction\",\"target\":{\"@type\":\"EntryPoint\",\"urlTemplate\":\"https:\/\/vacances-seasonova.com\/fr\/?s={search_term_string}\"},\"query-input\":\"required name=search_term_string\"}],\"inLanguage\":\"fr-FR\"},{\"@type\":\"ImageObject\",\"@id\":\"https:\/\/vacances-seasonova.com\/nl\/vakantiewoningen-in-frankrijk\/location-chalet-saint-sorlin\/#primaryimage\",\"inLanguage\":\"fr-FR\",\"url\":\"https:\/\/vacances-seasonova.com\/wp-content\/uploads\/2021\/02\/img_6754.jpg\",\"contentUrl\":\"https:\/\/vacances-seasonova.com\/wp-content\/uploads\/2021\/02\/img_6754.jpg\",\"width\":4032,\"height\":3024},{\"@type\":\"WebPage\",\"@id\":\"https:\/\/vacances-seasonova.com\/nl\/vakantiewoningen-in-frankrijk\/location-chalet-saint-sorlin\/#webpage\",\"url\":\"https:\/\/vacances-seasonova.com\/nl\/vakantiewoningen-in-frankrijk\/location-chalet-saint-sorlin\/\",\"name\":\"Notre chalet \u00e0 la montagne - Seasonova | Campings Normandie, Bretagne, Pays de La Loire et Alsace\",\"isPartOf\":{\"@id\":\"https:\/\/vacances-seasonova.com\/fr\/#website\"},\"primaryImageOfPage\":{\"@id\":\"https:\/\/vacances-seasonova.com\/nl\/vakantiewoningen-in-frankrijk\/location-chalet-saint-sorlin\/#primaryimage\"},\"datePublished\":\"2017-08-22T09:07:03+00:00\",\"dateModified\":\"2025-08-28T13:16:41+00:00\",\"breadcrumb\":{\"@id\":\"https:\/\/vacances-seasonova.com\/nl\/vakantiewoningen-in-frankrijk\/location-chalet-saint-sorlin\/#breadcrumb\"},\"inLanguage\":\"fr-FR\",\"potentialAction\":[{\"@type\":\"ReadAction\",\"target\":[\"https:\/\/vacances-seasonova.com\/nl\/vakantiewoningen-in-frankrijk\/location-chalet-saint-sorlin\/\"]}]},{\"@type\":\"BreadcrumbList\",\"@id\":\"https:\/\/vacances-seasonova.com\/nl\/vakantiewoningen-in-frankrijk\/location-chalet-saint-sorlin\/#breadcrumb\",\"itemListElement\":[{\"@type\":\"ListItem\",\"position\":1,\"name\":\"Accueil\",\"item\":\"https:\/\/vacances-seasonova.com\/nl\/\"},{\"@type\":\"ListItem\",\"position\":2,\"name\":\"Locations de vacances\",\"item\":\"https:\/\/vacances-seasonova.com\/nl\/vakantiewoningen-in-frankrijk\/\"},{\"@type\":\"ListItem\",\"position\":3,\"name\":\"Our Mountain Chalet\"}]}]}<\/script>\n<!-- \/ Yoast SEO plugin. -->","yoast_head_json":{"robots":{"index":"index","follow":"follow","max-snippet":"max-snippet:-1","max-image-preview":"max-image-preview:large","max-video-preview":"max-video-preview:-1"},"canonical":"https:\/\/vacances-seasonova.com\/fr\/vakantiewoningen-in-frankrijk\/location-chalet-saint-sorlin\/","og_locale":"fr_FR","og_type":"article","og_title":"Notre chalet \u00e0 la montagne - Seasonova | Campings Normandie, Bretagne, Pays de La Loire et Alsace","og_description":"Face aux Aiguilles d\u2019Arves, au pied du glacier de l\u2019Etendard et du col de la croix de fer, Saint Sorlin d\u2019Arves se r\u00e9v\u00e8le comme une station village au coeur de la haute montagne. Typiquement savoyard avec ses 14 [...]","og_url":"https:\/\/vacances-seasonova.com\/nl\/vakantiewoningen-in-frankrijk\/location-chalet-saint-sorlin\/","og_site_name":"Seasonova | Campings Normandie, Bretagne, Pays de La Loire et Alsace","article_modified_time":"2025-08-28T13:16:41+00:00","og_image":[{"width":600,"height":450,"url":"https:\/\/vacances-seasonova.com\/wp-content\/uploads\/2021\/02\/img_6754-600x450.jpg","type":"image\/jpeg"}],"twitter_card":"summary","twitter_misc":{"Dur\u00e9e de lecture estim\u00e9e":"2 minutes"},"schema":{"@context":"https:\/\/schema.org","@graph":[{"@type":"WebSite","@id":"https:\/\/vacances-seasonova.com\/fr\/#website","url":"https:\/\/vacances-seasonova.com\/fr\/","name":"Seasonova | Campings Normandie, Bretagne, Pays de La Loire et Alsace","description":"","potentialAction":[{"@type":"SearchAction","target":{"@type":"EntryPoint","urlTemplate":"https:\/\/vacances-seasonova.com\/fr\/?s={search_term_string}"},"query-input":"required name=search_term_string"}],"inLanguage":"fr-FR"},{"@type":"ImageObject","@id":"https:\/\/vacances-seasonova.com\/nl\/vakantiewoningen-in-frankrijk\/location-chalet-saint-sorlin\/#primaryimage","inLanguage":"fr-FR","url":"https:\/\/vacances-seasonova.com\/wp-content\/uploads\/2021\/02\/img_6754.jpg","contentUrl":"https:\/\/vacances-seasonova.com\/wp-content\/uploads\/2021\/02\/img_6754.jpg","width":4032,"height":3024},{"@type":"WebPage","@id":"https:\/\/vacances-seasonova.com\/nl\/vakantiewoningen-in-frankrijk\/location-chalet-saint-sorlin\/#webpage","url":"https:\/\/vacances-seasonova.com\/nl\/vakantiewoningen-in-frankrijk\/location-chalet-saint-sorlin\/","name":"Notre chalet \u00e0 la montagne - Seasonova | Campings Normandie, Bretagne, Pays de La Loire et Alsace","isPartOf":{"@id":"https:\/\/vacances-seasonova.com\/fr\/#website"},"primaryImageOfPage":{"@id":"https:\/\/vacances-seasonova.com\/nl\/vakantiewoningen-in-frankrijk\/location-chalet-saint-sorlin\/#primaryimage"},"datePublished":"2017-08-22T09:07:03+00:00","dateModified":"2025-08-28T13:16:41+00:00","breadcrumb":{"@id":"https:\/\/vacances-seasonova.com\/nl\/vakantiewoningen-in-frankrijk\/location-chalet-saint-sorlin\/#breadcrumb"},"inLanguage":"fr-FR","potentialAction":[{"@type":"ReadAction","target":["https:\/\/vacances-seasonova.com\/nl\/vakantiewoningen-in-frankrijk\/location-chalet-saint-sorlin\/"]}]},{"@type":"BreadcrumbList","@id":"https:\/\/vacances-seasonova.com\/nl\/vakantiewoningen-in-frankrijk\/location-chalet-saint-sorlin\/#breadcrumb","itemListElement":[{"@type":"ListItem","position":1,"name":"Accueil","item":"https:\/\/vacances-seasonova.com\/nl\/"},{"@type":"ListItem","position":2,"name":"Locations de vacances","item":"https:\/\/vacances-seasonova.com\/nl\/vakantiewoningen-in-frankrijk\/"},{"@type":"ListItem","position":3,"name":"Our Mountain Chalet"}]}]}},"_links":{"self":[{"href":"https:\/\/vacances-seasonova.com\/fr\/wp-json\/wp\/v2\/pages\/3944"}],"collection":[{"href":"https:\/\/vacances-seasonova.com\/fr\/wp-json\/wp\/v2\/pages"}],"about":[{"href":"https:\/\/vacances-seasonova.com\/fr\/wp-json\/wp\/v2\/types\/page"}],"author":[{"embeddable":true,"href":"https:\/\/vacances-seasonova.com\/fr\/wp-json\/wp\/v2\/users\/2"}],"replies":[{"embeddable":true,"href":"https:\/\/vacances-seasonova.com\/fr\/wp-json\/wp\/v2\/comments?post=3944"}],"version-history":[{"count":13,"href":"https:\/\/vacances-seasonova.com\/fr\/wp-json\/wp\/v2\/pages\/3944\/revisions"}],"predecessor-version":[{"id":51744,"href":"https:\/\/vacances-seasonova.com\/fr\/wp-json\/wp\/v2\/pages\/3944\/revisions\/51744"}],"up":[{"embeddable":true,"href":"https:\/\/vacances-seasonova.com\/fr\/wp-json\/wp\/v2\/pages\/61"}],"wp:featuredmedia":[{"embeddable":true,"href":"https:\/\/vacances-seasonova.com\/fr\/wp-json\/wp\/v2\/media\/20726"}],"wp:attachment":[{"href":"https:\/\/vacances-seasonova.com\/fr\/wp-json\/wp\/v2\/media?parent=3944"}],"curies":[{"name":"wp","href":"https:\/\/api.w.org\/{rel}","templated":true}]}}