    {"id":3969,"date":"2017-08-22T13:10:00","date_gmt":"2017-08-22T12:10:00","guid":{"rendered":"http:\/\/vacances-seasonova.com\/?page_id=3969"},"modified":"2023-04-04T15:01:12","modified_gmt":"2023-04-04T13:01:12","slug":"location-chalet-saint-sorlin","status":"publish","type":"page","link":"https:\/\/vacances-seasonova.com\/fr\/comment-reserver-2\/","title":{"rendered":"Comment r\u00e9server le chalet Le Fanou \u00e0 Saint Sorlin"},"content":{"rendered":"<p>S&rsquo;assurer des disponibilit\u00e9s en appelant au 06 22 25 73 10 ou 02 36 81 00 01 ou par mail: <a href=\"mailto:contact@vacances-seasonova.com\">contact@vacances-seasonova.com<\/a><\/p>\n<p>Imprimer et retourner le contrat de r\u00e9servation par mail ou par courrier accompagn\u00e9 de l&rsquo;acompte.<\/p>\n<p><a href=\"https:\/\/vacances-seasonova.com\/wp-content\/uploads\/2017\/08\/CONTRAT-CHALET-LE-FANOU-1.pdf\" target=\"_blank\" rel=\"noopener noreferrer\">Imprimer le contrat de location<\/a><\/p>","protected":false},"excerpt":{"rendered":"<p>S&rsquo;assurer des disponibilit\u00e9s en appelant au 06 22 25 73 10 ou 02 36 81 00 01 ou par mail: contact@vacances-seasonova.com Imprimer et retourner le contrat de r\u00e9servation par mail ou par courrier accompagn\u00e9 de [&#8230;]<\/p>\n","protected":false},"author":2,"featured_media":3524,"parent":0,"menu_order":0,"comment_status":"closed","ping_status":"closed","template":"page-promo.php","meta":[],"yoast_head":"<!-- This site is optimized with the Yoast SEO plugin v18.1 - https:\/\/yoast.com\/wordpress\/plugins\/seo\/ -->\n<meta name=\"description\" content=\"Pour r\u00e9server votre location chalet Saint Sorlin au bord des pistes, rien de plus simple. V\u00e9rifier la disponibilit\u00e9, les tarifs...\" \/>\n<meta name=\"robots\" content=\"index, follow, max-snippet:-1, max-image-preview:large, max-video-preview:-1\" \/>\n<link rel=\"canonical\" href=\"https:\/\/vacances-seasonova.com\/fr\/comment-reserver-2\/\" \/>\n<meta property=\"og:locale\" content=\"fr_FR\" \/>\n<meta property=\"og:type\" content=\"article\" \/>\n<meta property=\"og:title\" content=\"location chalet Saint Sorlin\" \/>\n<meta property=\"og:description\" content=\"Pour r\u00e9server votre location chalet Saint Sorlin au bord des pistes, rien de plus simple. V\u00e9rifier la disponibilit\u00e9, les tarifs...\" \/>\n<meta property=\"og:url\" content=\"https:\/\/vacances-seasonova.com\/fr\/comment-reserver-2\/\" \/>\n<meta property=\"og:site_name\" content=\"Seasonova | Campings Normandie, Bretagne, Pays de La Loire et Alsace\" \/>\n<meta property=\"article:modified_time\" content=\"2023-04-04T13:01:12+00:00\" \/>\n<meta property=\"og:image\" content=\"https:\/\/vacances-seasonova.com\/wp-content\/uploads\/2016\/09\/comment-reserver-1.png\" \/>\n\t<meta property=\"og:image:width\" content=\"1400\" \/>\n\t<meta property=\"og:image:height\" content=\"549\" \/>\n\t<meta property=\"og:image:type\" content=\"image\/png\" \/>\n<meta name=\"twitter:card\" content=\"summary\" \/>\n<script type=\"application\/ld+json\" class=\"yoast-schema-graph\">{\"@context\":\"https:\/\/schema.org\",\"@graph\":[{\"@type\":\"WebSite\",\"@id\":\"https:\/\/vacances-seasonova.com\/fr\/#website\",\"url\":\"https:\/\/vacances-seasonova.com\/fr\/\",\"name\":\"Seasonova | Campings Normandie, Bretagne, Pays de La Loire et Alsace\",\"description\":\"\",\"potentialAction\":[{\"@type\":\"SearchAction\",\"target\":{\"@type\":\"EntryPoint\",\"urlTemplate\":\"https:\/\/vacances-seasonova.com\/fr\/?s={search_term_string}\"},\"query-input\":\"required name=search_term_string\"}],\"inLanguage\":\"fr-FR\"},{\"@type\":\"ImageObject\",\"@id\":\"https:\/\/vacances-seasonova.com\/fr\/comment-reserver-2\/#primaryimage\",\"inLanguage\":\"fr-FR\",\"url\":\"https:\/\/vacances-seasonova.com\/wp-content\/uploads\/2016\/09\/comment-reserver-1.png\",\"contentUrl\":\"https:\/\/vacances-seasonova.com\/wp-content\/uploads\/2016\/09\/comment-reserver-1.png\",\"width\":1400,\"height\":549,\"caption\":\"comment-reserver, r\u00e9servation_camping\"},{\"@type\":\"WebPage\",\"@id\":\"https:\/\/vacances-seasonova.com\/fr\/comment-reserver-2\/#webpage\",\"url\":\"https:\/\/vacances-seasonova.com\/fr\/comment-reserver-2\/\",\"name\":\"location chalet Saint Sorlin\",\"isPartOf\":{\"@id\":\"https:\/\/vacances-seasonova.com\/fr\/#website\"},\"primaryImageOfPage\":{\"@id\":\"https:\/\/vacances-seasonova.com\/fr\/comment-reserver-2\/#primaryimage\"},\"datePublished\":\"2017-08-22T12:10:00+00:00\",\"dateModified\":\"2023-04-04T13:01:12+00:00\",\"description\":\"Pour r\u00e9server votre location chalet Saint Sorlin au bord des pistes, rien de plus simple. V\u00e9rifier la disponibilit\u00e9, les tarifs...\",\"breadcrumb\":{\"@id\":\"https:\/\/vacances-seasonova.com\/fr\/comment-reserver-2\/#breadcrumb\"},\"inLanguage\":\"fr-FR\",\"potentialAction\":[{\"@type\":\"ReadAction\",\"target\":[\"https:\/\/vacances-seasonova.com\/fr\/comment-reserver-2\/\"]}]},{\"@type\":\"BreadcrumbList\",\"@id\":\"https:\/\/vacances-seasonova.com\/fr\/comment-reserver-2\/#breadcrumb\",\"itemListElement\":[{\"@type\":\"ListItem\",\"position\":1,\"name\":\"Accueil\",\"item\":\"https:\/\/vacances-seasonova.com\/nl\/\"},{\"@type\":\"ListItem\",\"position\":2,\"name\":\"Comment r\u00e9server le chalet Le Fanou \u00e0 Saint Sorlin\"}]}]}<\/script>\n<!-- \/ Yoast SEO plugin. -->","yoast_head_json":{"description":"Pour r\u00e9server votre location chalet Saint Sorlin au bord des pistes, rien de plus simple. V\u00e9rifier la disponibilit\u00e9, les tarifs...","robots":{"index":"index","follow":"follow","max-snippet":"max-snippet:-1","max-image-preview":"max-image-preview:large","max-video-preview":"max-video-preview:-1"},"canonical":"https:\/\/vacances-seasonova.com\/fr\/comment-reserver-2\/","og_locale":"fr_FR","og_type":"article","og_title":"location chalet Saint Sorlin","og_description":"Pour r\u00e9server votre location chalet Saint Sorlin au bord des pistes, rien de plus simple. V\u00e9rifier la disponibilit\u00e9, les tarifs...","og_url":"https:\/\/vacances-seasonova.com\/fr\/comment-reserver-2\/","og_site_name":"Seasonova | Campings Normandie, Bretagne, Pays de La Loire et Alsace","article_modified_time":"2023-04-04T13:01:12+00:00","og_image":[{"width":1400,"height":549,"url":"https:\/\/vacances-seasonova.com\/wp-content\/uploads\/2016\/09\/comment-reserver-1.png","type":"image\/png"}],"twitter_card":"summary","schema":{"@context":"https:\/\/schema.org","@graph":[{"@type":"WebSite","@id":"https:\/\/vacances-seasonova.com\/fr\/#website","url":"https:\/\/vacances-seasonova.com\/fr\/","name":"Seasonova | Campings Normandie, Bretagne, Pays de La Loire et Alsace","description":"","potentialAction":[{"@type":"SearchAction","target":{"@type":"EntryPoint","urlTemplate":"https:\/\/vacances-seasonova.com\/fr\/?s={search_term_string}"},"query-input":"required name=search_term_string"}],"inLanguage":"fr-FR"},{"@type":"ImageObject","@id":"https:\/\/vacances-seasonova.com\/fr\/comment-reserver-2\/#primaryimage","inLanguage":"fr-FR","url":"https:\/\/vacances-seasonova.com\/wp-content\/uploads\/2016\/09\/comment-reserver-1.png","contentUrl":"https:\/\/vacances-seasonova.com\/wp-content\/uploads\/2016\/09\/comment-reserver-1.png","width":1400,"height":549,"caption":"comment-reserver, r\u00e9servation_camping"},{"@type":"WebPage","@id":"https:\/\/vacances-seasonova.com\/fr\/comment-reserver-2\/#webpage","url":"https:\/\/vacances-seasonova.com\/fr\/comment-reserver-2\/","name":"location chalet Saint Sorlin","isPartOf":{"@id":"https:\/\/vacances-seasonova.com\/fr\/#website"},"primaryImageOfPage":{"@id":"https:\/\/vacances-seasonova.com\/fr\/comment-reserver-2\/#primaryimage"},"datePublished":"2017-08-22T12:10:00+00:00","dateModified":"2023-04-04T13:01:12+00:00","description":"Pour r\u00e9server votre location chalet Saint Sorlin au bord des pistes, rien de plus simple. V\u00e9rifier la disponibilit\u00e9, les tarifs...","breadcrumb":{"@id":"https:\/\/vacances-seasonova.com\/fr\/comment-reserver-2\/#breadcrumb"},"inLanguage":"fr-FR","potentialAction":[{"@type":"ReadAction","target":["https:\/\/vacances-seasonova.com\/fr\/comment-reserver-2\/"]}]},{"@type":"BreadcrumbList","@id":"https:\/\/vacances-seasonova.com\/fr\/comment-reserver-2\/#breadcrumb","itemListElement":[{"@type":"ListItem","position":1,"name":"Accueil","item":"https:\/\/vacances-seasonova.com\/nl\/"},{"@type":"ListItem","position":2,"name":"Comment r\u00e9server le chalet Le Fanou \u00e0 Saint Sorlin"}]}]}},"_links":{"self":[{"href":"https:\/\/vacances-seasonova.com\/fr\/wp-json\/wp\/v2\/pages\/3969"}],"collection":[{"href":"https:\/\/vacances-seasonova.com\/fr\/wp-json\/wp\/v2\/pages"}],"about":[{"href":"https:\/\/vacances-seasonova.com\/fr\/wp-json\/wp\/v2\/types\/page"}],"author":[{"embeddable":true,"href":"https:\/\/vacances-seasonova.com\/fr\/wp-json\/wp\/v2\/users\/2"}],"replies":[{"embeddable":true,"href":"https:\/\/vacances-seasonova.com\/fr\/wp-json\/wp\/v2\/comments?post=3969"}],"version-history":[{"count":3,"href":"https:\/\/vacances-seasonova.com\/fr\/wp-json\/wp\/v2\/pages\/3969\/revisions"}],"predecessor-version":[{"id":37403,"href":"https:\/\/vacances-seasonova.com\/fr\/wp-json\/wp\/v2\/pages\/3969\/revisions\/37403"}],"wp:featuredmedia":[{"embeddable":true,"href":"https:\/\/vacances-seasonova.com\/fr\/wp-json\/wp\/v2\/media\/3524"}],"wp:attachment":[{"href":"https:\/\/vacances-seasonova.com\/fr\/wp-json\/wp\/v2\/media?parent=3969"}],"curies":[{"name":"wp","href":"https:\/\/api.w.org\/{rel}","templated":true}]}}