    {"id":3983,"date":"2017-08-22T13:39:43","date_gmt":"2017-08-22T12:39:43","guid":{"rendered":"http:\/\/vacances-seasonova.com\/?page_id=3983"},"modified":"2021-03-30T14:12:31","modified_gmt":"2021-03-30T12:12:31","slug":"studio-letendart","status":"publish","type":"page","link":"https:\/\/vacances-seasonova.com\/fr\/locations-de-vacances\/location-chalet-saint-sorlin\/location-chalet-saint-sorlin-2\/studio-saint-sorlin-letendart\/","title":{"rendered":"Studio Saint Sorlin \u00ab\u00a0L&rsquo;Etendart\u00a0\u00bb"},"content":{"rendered":"<p>Location studio Saint Sorlin avec grande pi\u00e8ce de vie qui vous permettra de profiter des 310 km de piste du domaine des Sybelles. Le Chalet se situe en acc\u00e8s direct aux pistes et \u00e0 10 minutes \u00e0 pied du centre de la station. Equip\u00e9 de local \u00e0 ski et s\u00e8che chaussure.<\/p>\n<ul>\n<li>42 m\u00b2 \u2013 jusqu\u2019\u00e0 4 pers.<\/li>\n<li>1 lit BZ 140 x190<\/li>\n<li>cuisine \u00e9quip\u00e9e, salon et salle \u00e0 manger<\/li>\n<li>salle de bain et WC s\u00e9par\u00e9<\/li>\n<\/ul>\n<p><div id=\"metaslider-id-4019\" style=\"width: 100%;\" class=\"ml-slider-3-61-0 metaslider metaslider-flex metaslider-4019 ml-slider ms-theme-default\" role=\"region\" aria-roledescription=\"Slideshow\" aria-label=\"Studio-sans-balcon\">\n    <div id=\"metaslider_container_4019\">\n        <div id=\"metaslider_4019\">\n            <ul aria-live=\"polite\" class=\"slides\">\n                <li style=\"display: block; width: 100%;\" class=\"slide-4024 ms-image \" aria-roledescription=\"slide\" aria-label=\"slide-4024\"><img src=\"https:\/\/vacances-seasonova.com\/wp-content\/uploads\/2017\/08\/Aiguilles-Arves.jpg\" height=\"450\" width=\"680\" alt=\"\" class=\"slider-4019 slide-4024\" \/><\/li>\n                <li style=\"display: none; width: 100%;\" class=\"slide-4025 ms-image \" aria-roledescription=\"slide\" aria-label=\"slide-4025\"><img src=\"https:\/\/vacances-seasonova.com\/wp-content\/uploads\/2017\/08\/cuisine-1.jpg\" height=\"450\" width=\"680\" alt=\"\" class=\"slider-4019 slide-4025\" \/><\/li>\n                <li style=\"display: none; width: 100%;\" class=\"slide-4026 ms-image \" aria-roledescription=\"slide\" aria-label=\"slide-4026\"><img src=\"https:\/\/vacances-seasonova.com\/wp-content\/uploads\/2017\/08\/salle-chambre.jpg\" height=\"450\" width=\"680\" alt=\"\" class=\"slider-4019 slide-4026\" \/><\/li>\n                <li style=\"display: none; width: 100%;\" class=\"slide-4027 ms-image \" aria-roledescription=\"slide\" aria-label=\"slide-4027\"><img src=\"https:\/\/vacances-seasonova.com\/wp-content\/uploads\/2017\/08\/village-680x450.jpg\" height=\"450\" width=\"680\" alt=\"\" class=\"slider-4019 slide-4027\" \/><\/li>\n            <\/ul>\n        <\/div>\n        \n    <\/div>\n<\/div><\/p>","protected":false},"excerpt":{"rendered":"<p>Location studio Saint Sorlin avec grande pi\u00e8ce de vie qui vous permettra de profiter des 310 km de piste du domaine des Sybelles. Le Chalet se situe en acc\u00e8s direct aux pistes et \u00e0 10 minutes \u00e0 pied du centre de la [&#8230;]<\/p>\n","protected":false},"author":2,"featured_media":3946,"parent":9212,"menu_order":0,"comment_status":"closed","ping_status":"closed","template":"page-les-locations.php","meta":[],"yoast_head":"<!-- This site is optimized with the Yoast SEO plugin v18.1 - https:\/\/yoast.com\/wordpress\/plugins\/seo\/ -->\n<meta name=\"robots\" content=\"index, follow, max-snippet:-1, max-image-preview:large, max-video-preview:-1\" \/>\n<link rel=\"canonical\" href=\"https:\/\/vacances-seasonova.com\/fr\/vakantiewoningen-in-frankrijk\/location-chalet-saint-sorlin\/location-chalet-saint-sorlin-2\/studio-saint-sorlin-etendart\/\" \/>\n<meta property=\"og:locale\" content=\"fr_FR\" \/>\n<meta property=\"og:type\" content=\"article\" \/>\n<meta property=\"og:title\" content=\"Studio Saint Sorlin &#8220;L&#8217;Etendart&#8221; - Seasonova | Campings Normandie, Bretagne, Pays de La Loire et Alsace\" \/>\n<meta property=\"og:description\" content=\"Location studio Saint Sorlin avec grande pi\u00e8ce de vie qui vous permettra de profiter des 310 km de piste du domaine des Sybelles. Le Chalet se situe en acc\u00e8s direct aux pistes et \u00e0 10 minutes \u00e0 pied du centre de la [...]\" \/>\n<meta property=\"og:url\" content=\"https:\/\/vacances-seasonova.com\/nl\/vakantiewoningen-in-frankrijk\/location-chalet-saint-sorlin\/location-chalet-saint-sorlin-2\/studio-saint-sorlin-etendart\/\" \/>\n<meta property=\"og:site_name\" content=\"Seasonova | Campings Normandie, Bretagne, Pays de La Loire et Alsace\" \/>\n<meta property=\"article:modified_time\" content=\"2021-03-30T12:12:31+00:00\" \/>\n<meta property=\"og:image\" content=\"https:\/\/vacances-seasonova.com\/wp-content\/uploads\/2017\/08\/chalet.png\" \/>\n\t<meta property=\"og:image:width\" content=\"1480\" \/>\n\t<meta property=\"og:image:height\" content=\"460\" \/>\n\t<meta property=\"og:image:type\" content=\"image\/png\" \/>\n<meta name=\"twitter:card\" content=\"summary\" \/>\n<script type=\"application\/ld+json\" class=\"yoast-schema-graph\">{\"@context\":\"https:\/\/schema.org\",\"@graph\":[{\"@type\":\"WebSite\",\"@id\":\"https:\/\/vacances-seasonova.com\/fr\/#website\",\"url\":\"https:\/\/vacances-seasonova.com\/fr\/\",\"name\":\"Seasonova | Campings Normandie, Bretagne, Pays de La Loire et Alsace\",\"description\":\"\",\"potentialAction\":[{\"@type\":\"SearchAction\",\"target\":{\"@type\":\"EntryPoint\",\"urlTemplate\":\"https:\/\/vacances-seasonova.com\/fr\/?s={search_term_string}\"},\"query-input\":\"required name=search_term_string\"}],\"inLanguage\":\"fr-FR\"},{\"@type\":\"ImageObject\",\"@id\":\"https:\/\/vacances-seasonova.com\/nl\/vakantiewoningen-in-frankrijk\/location-chalet-saint-sorlin\/location-chalet-saint-sorlin-2\/studio-saint-sorlin-etendart\/#primaryimage\",\"inLanguage\":\"fr-FR\",\"url\":\"https:\/\/vacances-seasonova.com\/wp-content\/uploads\/2017\/08\/chalet.png\",\"contentUrl\":\"https:\/\/vacances-seasonova.com\/wp-content\/uploads\/2017\/08\/chalet.png\",\"width\":1480,\"height\":460,\"caption\":\"location-appartement-saint-sorlin-Le-Fanou-de-Saint-Sorlin-chalet\"},{\"@type\":\"WebPage\",\"@id\":\"https:\/\/vacances-seasonova.com\/nl\/vakantiewoningen-in-frankrijk\/location-chalet-saint-sorlin\/location-chalet-saint-sorlin-2\/studio-saint-sorlin-etendart\/#webpage\",\"url\":\"https:\/\/vacances-seasonova.com\/nl\/vakantiewoningen-in-frankrijk\/location-chalet-saint-sorlin\/location-chalet-saint-sorlin-2\/studio-saint-sorlin-etendart\/\",\"name\":\"Studio Saint Sorlin &#8220;L&#8217;Etendart&#8221; - Seasonova | Campings Normandie, Bretagne, Pays de La Loire et Alsace\",\"isPartOf\":{\"@id\":\"https:\/\/vacances-seasonova.com\/fr\/#website\"},\"primaryImageOfPage\":{\"@id\":\"https:\/\/vacances-seasonova.com\/nl\/vakantiewoningen-in-frankrijk\/location-chalet-saint-sorlin\/location-chalet-saint-sorlin-2\/studio-saint-sorlin-etendart\/#primaryimage\"},\"datePublished\":\"2017-08-22T12:39:43+00:00\",\"dateModified\":\"2021-03-30T12:12:31+00:00\",\"breadcrumb\":{\"@id\":\"https:\/\/vacances-seasonova.com\/nl\/vakantiewoningen-in-frankrijk\/location-chalet-saint-sorlin\/location-chalet-saint-sorlin-2\/studio-saint-sorlin-etendart\/#breadcrumb\"},\"inLanguage\":\"fr-FR\",\"potentialAction\":[{\"@type\":\"ReadAction\",\"target\":[\"https:\/\/vacances-seasonova.com\/nl\/vakantiewoningen-in-frankrijk\/location-chalet-saint-sorlin\/location-chalet-saint-sorlin-2\/studio-saint-sorlin-etendart\/\"]}]},{\"@type\":\"BreadcrumbList\",\"@id\":\"https:\/\/vacances-seasonova.com\/nl\/vakantiewoningen-in-frankrijk\/location-chalet-saint-sorlin\/location-chalet-saint-sorlin-2\/studio-saint-sorlin-etendart\/#breadcrumb\",\"itemListElement\":[{\"@type\":\"ListItem\",\"position\":1,\"name\":\"Accueil\",\"item\":\"https:\/\/vacances-seasonova.com\/nl\/\"},{\"@type\":\"ListItem\",\"position\":2,\"name\":\"Locations de vacances\",\"item\":\"https:\/\/vacances-seasonova.com\/nl\/vakantiewoningen-in-frankrijk\/\"},{\"@type\":\"ListItem\",\"position\":3,\"name\":\"Our Mountain Chalet\",\"item\":\"https:\/\/vacances-seasonova.com\/nl\/vakantiewoningen-in-frankrijk\/location-chalet-saint-sorlin\/\"},{\"@type\":\"ListItem\",\"position\":4,\"name\":\"Chaletvermietung in Saint Sorlin d&#8217;Arves\",\"item\":\"https:\/\/vacances-seasonova.com\/nl\/vakantiewoningen-in-frankrijk\/location-chalet-saint-sorlin\/location-chalet-saint-sorlin-2\/\"},{\"@type\":\"ListItem\",\"position\":5,\"name\":\"Studio Saint Sorlin \u00ab\u00a0L&rsquo;Etendart\u00a0\u00bb\"}]}]}<\/script>\n<!-- \/ Yoast SEO plugin. -->","yoast_head_json":{"robots":{"index":"index","follow":"follow","max-snippet":"max-snippet:-1","max-image-preview":"max-image-preview:large","max-video-preview":"max-video-preview:-1"},"canonical":"https:\/\/vacances-seasonova.com\/fr\/vakantiewoningen-in-frankrijk\/location-chalet-saint-sorlin\/location-chalet-saint-sorlin-2\/studio-saint-sorlin-etendart\/","og_locale":"fr_FR","og_type":"article","og_title":"Studio Saint Sorlin &#8220;L&#8217;Etendart&#8221; - Seasonova | Campings Normandie, Bretagne, Pays de La Loire et Alsace","og_description":"Location studio Saint Sorlin avec grande pi\u00e8ce de vie qui vous permettra de profiter des 310 km de piste du domaine des Sybelles. Le Chalet se situe en acc\u00e8s direct aux pistes et \u00e0 10 minutes \u00e0 pied du centre de la [...]","og_url":"https:\/\/vacances-seasonova.com\/nl\/vakantiewoningen-in-frankrijk\/location-chalet-saint-sorlin\/location-chalet-saint-sorlin-2\/studio-saint-sorlin-etendart\/","og_site_name":"Seasonova | Campings Normandie, Bretagne, Pays de La Loire et Alsace","article_modified_time":"2021-03-30T12:12:31+00:00","og_image":[{"width":1480,"height":460,"url":"https:\/\/vacances-seasonova.com\/wp-content\/uploads\/2017\/08\/chalet.png","type":"image\/png"}],"twitter_card":"summary","schema":{"@context":"https:\/\/schema.org","@graph":[{"@type":"WebSite","@id":"https:\/\/vacances-seasonova.com\/fr\/#website","url":"https:\/\/vacances-seasonova.com\/fr\/","name":"Seasonova | Campings Normandie, Bretagne, Pays de La Loire et Alsace","description":"","potentialAction":[{"@type":"SearchAction","target":{"@type":"EntryPoint","urlTemplate":"https:\/\/vacances-seasonova.com\/fr\/?s={search_term_string}"},"query-input":"required name=search_term_string"}],"inLanguage":"fr-FR"},{"@type":"ImageObject","@id":"https:\/\/vacances-seasonova.com\/nl\/vakantiewoningen-in-frankrijk\/location-chalet-saint-sorlin\/location-chalet-saint-sorlin-2\/studio-saint-sorlin-etendart\/#primaryimage","inLanguage":"fr-FR","url":"https:\/\/vacances-seasonova.com\/wp-content\/uploads\/2017\/08\/chalet.png","contentUrl":"https:\/\/vacances-seasonova.com\/wp-content\/uploads\/2017\/08\/chalet.png","width":1480,"height":460,"caption":"location-appartement-saint-sorlin-Le-Fanou-de-Saint-Sorlin-chalet"},{"@type":"WebPage","@id":"https:\/\/vacances-seasonova.com\/nl\/vakantiewoningen-in-frankrijk\/location-chalet-saint-sorlin\/location-chalet-saint-sorlin-2\/studio-saint-sorlin-etendart\/#webpage","url":"https:\/\/vacances-seasonova.com\/nl\/vakantiewoningen-in-frankrijk\/location-chalet-saint-sorlin\/location-chalet-saint-sorlin-2\/studio-saint-sorlin-etendart\/","name":"Studio Saint Sorlin &#8220;L&#8217;Etendart&#8221; - Seasonova | Campings Normandie, Bretagne, Pays de La Loire et Alsace","isPartOf":{"@id":"https:\/\/vacances-seasonova.com\/fr\/#website"},"primaryImageOfPage":{"@id":"https:\/\/vacances-seasonova.com\/nl\/vakantiewoningen-in-frankrijk\/location-chalet-saint-sorlin\/location-chalet-saint-sorlin-2\/studio-saint-sorlin-etendart\/#primaryimage"},"datePublished":"2017-08-22T12:39:43+00:00","dateModified":"2021-03-30T12:12:31+00:00","breadcrumb":{"@id":"https:\/\/vacances-seasonova.com\/nl\/vakantiewoningen-in-frankrijk\/location-chalet-saint-sorlin\/location-chalet-saint-sorlin-2\/studio-saint-sorlin-etendart\/#breadcrumb"},"inLanguage":"fr-FR","potentialAction":[{"@type":"ReadAction","target":["https:\/\/vacances-seasonova.com\/nl\/vakantiewoningen-in-frankrijk\/location-chalet-saint-sorlin\/location-chalet-saint-sorlin-2\/studio-saint-sorlin-etendart\/"]}]},{"@type":"BreadcrumbList","@id":"https:\/\/vacances-seasonova.com\/nl\/vakantiewoningen-in-frankrijk\/location-chalet-saint-sorlin\/location-chalet-saint-sorlin-2\/studio-saint-sorlin-etendart\/#breadcrumb","itemListElement":[{"@type":"ListItem","position":1,"name":"Accueil","item":"https:\/\/vacances-seasonova.com\/nl\/"},{"@type":"ListItem","position":2,"name":"Locations de vacances","item":"https:\/\/vacances-seasonova.com\/nl\/vakantiewoningen-in-frankrijk\/"},{"@type":"ListItem","position":3,"name":"Our Mountain Chalet","item":"https:\/\/vacances-seasonova.com\/nl\/vakantiewoningen-in-frankrijk\/location-chalet-saint-sorlin\/"},{"@type":"ListItem","position":4,"name":"Chaletvermietung in Saint Sorlin d&#8217;Arves","item":"https:\/\/vacances-seasonova.com\/nl\/vakantiewoningen-in-frankrijk\/location-chalet-saint-sorlin\/location-chalet-saint-sorlin-2\/"},{"@type":"ListItem","position":5,"name":"Studio Saint Sorlin \u00ab\u00a0L&rsquo;Etendart\u00a0\u00bb"}]}]}},"_links":{"self":[{"href":"https:\/\/vacances-seasonova.com\/fr\/wp-json\/wp\/v2\/pages\/3983"}],"collection":[{"href":"https:\/\/vacances-seasonova.com\/fr\/wp-json\/wp\/v2\/pages"}],"about":[{"href":"https:\/\/vacances-seasonova.com\/fr\/wp-json\/wp\/v2\/types\/page"}],"author":[{"embeddable":true,"href":"https:\/\/vacances-seasonova.com\/fr\/wp-json\/wp\/v2\/users\/2"}],"replies":[{"embeddable":true,"href":"https:\/\/vacances-seasonova.com\/fr\/wp-json\/wp\/v2\/comments?post=3983"}],"version-history":[{"count":0,"href":"https:\/\/vacances-seasonova.com\/fr\/wp-json\/wp\/v2\/pages\/3983\/revisions"}],"up":[{"embeddable":true,"href":"https:\/\/vacances-seasonova.com\/fr\/wp-json\/wp\/v2\/pages\/9212"}],"wp:featuredmedia":[{"embeddable":true,"href":"https:\/\/vacances-seasonova.com\/fr\/wp-json\/wp\/v2\/media\/3946"}],"wp:attachment":[{"href":"https:\/\/vacances-seasonova.com\/fr\/wp-json\/wp\/v2\/media?parent=3983"}],"curies":[{"name":"wp","href":"https:\/\/api.w.org\/{rel}","templated":true}]}}