    {"id":4166,"date":"2017-09-26T16:19:37","date_gmt":"2017-09-26T15:19:37","guid":{"rendered":"http:\/\/vacances-seasonova.com\/?page_id=4166"},"modified":"2025-11-20T12:24:29","modified_gmt":"2025-11-20T11:24:29","slug":"offre-demploi-camping-seasonova","status":"publish","type":"page","link":"https:\/\/vacances-seasonova.com\/fr\/recrutement-seasonova\/offres-demploi-camping-seasonova\/","title":{"rendered":"Offres d\u2019emploi camping Seasonova"},"content":{"rendered":"<p><\/p>\n<div style=\"text-align: center;\"><img loading=\"lazy\" class=\"alignnone size-full wp-image-11187\" src=\"https:\/\/vacances-seasonova.com\/wp-content\/uploads\/2023\/02\/carte-seasonova-1.png\" alt=\"Carte Seasonova\" width=\"3900\" height=\"1930\" \/><\/div>\n<p>Int\u00e9grer un groupe en plein d\u00e9veloppement<\/p>\n<p>Nous attendons vos CV et lettre de motivation \u00e0 l&rsquo;adresse suivante:<br \/>\n<strong><a href=\"mailto:contact-recrutement@groupe-seasonova.com\">contact-recrutement@groupe-seasonova.com<\/a><\/strong><\/p>\n<blockquote>\n<h2>Nos campings Seasonova recherche des responsables de site pour la saison 2026<\/h2>\n<blockquote>\n<h4 class=\"p2\">-Devenez Responsable de site H\/F<\/h4>\n<p><em><strong>En savoir plus\u00a0 : <a href=\"https:\/\/vacances-seasonova.com\/wp-content\/uploads\/2025\/11\/offre-2025-responsable-de-site-gamaches.pdf.pdf\">Responsable de Site Gamaches (80)<\/a><\/strong><\/em><\/p>\n<p>&nbsp;<\/p><\/blockquote>\n<blockquote>\n<h4 class=\"p2\">-Devenez Responsable de site H\/F<\/h4>\n<p><em><strong>En savoir plus\u00a0 : <a href=\"https:\/\/vacances-seasonova.com\/wp-content\/uploads\/2025\/11\/offre-2025-responsable-de-site-vosges-du-nord.pdf\">Responsable de Site Vosges du Nord (88)<\/a><\/strong><\/em><\/p>\n<p>&nbsp;<\/p>\n<h4 class=\"p2\">-Devenez Responsable de site H\/F<\/h4>\n<p><em><strong>En savoir plus\u00a0 : <a href=\"https:\/\/vacances-seasonova.com\/wp-content\/uploads\/2025\/11\/offre-2025-responsable-de-site-vesoul.pdf\">Responsable de Site Vesoul (70)<\/a><\/strong><\/em><\/p>\n<p>&nbsp;<\/p>\n<h4 class=\"p2\">-Devenez Responsable de site H\/F<\/h4>\n<p><em><strong>En savoir plus\u00a0 : <a href=\"https:\/\/vacances-seasonova.com\/wp-content\/uploads\/2025\/11\/offre-2025-responsable-de-site-vittel-hf.pdf-1.pdf\">Responsable de Site Vittel (88)<\/a><\/strong><\/em><\/p>\n<p>&nbsp;<\/p>\n<p>&nbsp;<\/p><\/blockquote>\n<\/blockquote>\n<blockquote>\n<blockquote><p><em><strong>\u00a0<\/strong><\/em><\/p><\/blockquote>\n<\/blockquote>\n<p><\/p>","protected":false},"excerpt":{"rendered":"<p>Int\u00e9grer un groupe en plein d\u00e9veloppement Nous attendons vos CV et lettre de motivation \u00e0 l&rsquo;adresse suivante: contact-recrutement@groupe-seasonova.com Nos campings Seasonova recherche des responsables de site pour [&#8230;]<\/p>\n","protected":false},"author":2,"featured_media":22330,"parent":187,"menu_order":0,"comment_status":"closed","ping_status":"closed","template":"","meta":[],"yoast_head":"<!-- This site is optimized with the Yoast SEO plugin v18.1 - https:\/\/yoast.com\/wordpress\/plugins\/seo\/ -->\n<meta name=\"robots\" content=\"index, follow, max-snippet:-1, max-image-preview:large, max-video-preview:-1\" \/>\n<link rel=\"canonical\" href=\"https:\/\/vacances-seasonova.com\/fr\/recrutement-seasonova\/offres-demploi-camping-seasonova\/\" \/>\n<meta property=\"og:locale\" content=\"fr_FR\" \/>\n<meta property=\"og:type\" content=\"article\" \/>\n<meta property=\"og:title\" content=\"Offres d\u2019emploi camping Seasonova - Seasonova | Campings Normandie, Bretagne, Pays de La Loire et Alsace\" \/>\n<meta property=\"og:description\" content=\"Int\u00e9grer un groupe en plein d\u00e9veloppement Nous attendons vos CV et lettre de motivation \u00e0 l&rsquo;adresse suivante: contact-recrutement@groupe-seasonova.com Nos campings Seasonova recherche des responsables de site pour [...]\" \/>\n<meta property=\"og:url\" content=\"https:\/\/vacances-seasonova.com\/fr\/recrutement-seasonova\/offres-demploi-camping-seasonova\/\" \/>\n<meta property=\"og:site_name\" content=\"Seasonova | Campings Normandie, Bretagne, Pays de La Loire et Alsace\" \/>\n<meta property=\"article:modified_time\" content=\"2025-11-20T11:24:29+00:00\" \/>\n<meta property=\"og:image\" content=\"https:\/\/vacances-seasonova.com\/wp-content\/uploads\/2021\/04\/adobestock_287570095-675x450.jpeg\" \/>\n\t<meta property=\"og:image:width\" content=\"675\" \/>\n\t<meta property=\"og:image:height\" content=\"450\" \/>\n\t<meta property=\"og:image:type\" content=\"image\/jpeg\" \/>\n<meta name=\"twitter:card\" content=\"summary\" \/>\n<meta name=\"twitter:label1\" content=\"Dur\u00e9e de lecture estim\u00e9e\" \/>\n\t<meta name=\"twitter:data1\" content=\"1 minute\" \/>\n<script type=\"application\/ld+json\" class=\"yoast-schema-graph\">{\"@context\":\"https:\/\/schema.org\",\"@graph\":[{\"@type\":\"WebSite\",\"@id\":\"https:\/\/vacances-seasonova.com\/fr\/#website\",\"url\":\"https:\/\/vacances-seasonova.com\/fr\/\",\"name\":\"Seasonova | Campings Normandie, Bretagne, Pays de La Loire et Alsace\",\"description\":\"\",\"potentialAction\":[{\"@type\":\"SearchAction\",\"target\":{\"@type\":\"EntryPoint\",\"urlTemplate\":\"https:\/\/vacances-seasonova.com\/fr\/?s={search_term_string}\"},\"query-input\":\"required name=search_term_string\"}],\"inLanguage\":\"fr-FR\"},{\"@type\":\"ImageObject\",\"@id\":\"https:\/\/vacances-seasonova.com\/fr\/recrutement-seasonova\/offres-demploi-camping-seasonova\/#primaryimage\",\"inLanguage\":\"fr-FR\",\"url\":\"https:\/\/vacances-seasonova.com\/wp-content\/uploads\/2021\/04\/adobestock_287570095.jpeg\",\"contentUrl\":\"https:\/\/vacances-seasonova.com\/wp-content\/uploads\/2021\/04\/adobestock_287570095.jpeg\",\"width\":5964,\"height\":3978,\"caption\":\"Family checking-in at hotel reception desk\"},{\"@type\":\"WebPage\",\"@id\":\"https:\/\/vacances-seasonova.com\/fr\/recrutement-seasonova\/offres-demploi-camping-seasonova\/#webpage\",\"url\":\"https:\/\/vacances-seasonova.com\/fr\/recrutement-seasonova\/offres-demploi-camping-seasonova\/\",\"name\":\"Offres d\u2019emploi camping Seasonova - Seasonova | Campings Normandie, Bretagne, Pays de La Loire et Alsace\",\"isPartOf\":{\"@id\":\"https:\/\/vacances-seasonova.com\/fr\/#website\"},\"primaryImageOfPage\":{\"@id\":\"https:\/\/vacances-seasonova.com\/fr\/recrutement-seasonova\/offres-demploi-camping-seasonova\/#primaryimage\"},\"datePublished\":\"2017-09-26T15:19:37+00:00\",\"dateModified\":\"2025-11-20T11:24:29+00:00\",\"breadcrumb\":{\"@id\":\"https:\/\/vacances-seasonova.com\/fr\/recrutement-seasonova\/offres-demploi-camping-seasonova\/#breadcrumb\"},\"inLanguage\":\"fr-FR\",\"potentialAction\":[{\"@type\":\"ReadAction\",\"target\":[\"https:\/\/vacances-seasonova.com\/fr\/recrutement-seasonova\/offres-demploi-camping-seasonova\/\"]}]},{\"@type\":\"BreadcrumbList\",\"@id\":\"https:\/\/vacances-seasonova.com\/fr\/recrutement-seasonova\/offres-demploi-camping-seasonova\/#breadcrumb\",\"itemListElement\":[{\"@type\":\"ListItem\",\"position\":1,\"name\":\"Accueil\",\"item\":\"https:\/\/vacances-seasonova.com\/nl\/\"},{\"@type\":\"ListItem\",\"position\":2,\"name\":\"Recrutement Camping Seasonova\",\"item\":\"https:\/\/vacances-seasonova.com\/nl\/rekrutering\/\"},{\"@type\":\"ListItem\",\"position\":3,\"name\":\"Offres d\u2019emploi camping Seasonova\"}]}]}<\/script>\n<!-- \/ Yoast SEO plugin. -->","yoast_head_json":{"robots":{"index":"index","follow":"follow","max-snippet":"max-snippet:-1","max-image-preview":"max-image-preview:large","max-video-preview":"max-video-preview:-1"},"canonical":"https:\/\/vacances-seasonova.com\/fr\/recrutement-seasonova\/offres-demploi-camping-seasonova\/","og_locale":"fr_FR","og_type":"article","og_title":"Offres d\u2019emploi camping Seasonova - Seasonova | Campings Normandie, Bretagne, Pays de La Loire et Alsace","og_description":"Int\u00e9grer un groupe en plein d\u00e9veloppement Nous attendons vos CV et lettre de motivation \u00e0 l&rsquo;adresse suivante: contact-recrutement@groupe-seasonova.com Nos campings Seasonova recherche des responsables de site pour [...]","og_url":"https:\/\/vacances-seasonova.com\/fr\/recrutement-seasonova\/offres-demploi-camping-seasonova\/","og_site_name":"Seasonova | Campings Normandie, Bretagne, Pays de La Loire et Alsace","article_modified_time":"2025-11-20T11:24:29+00:00","og_image":[{"width":675,"height":450,"url":"https:\/\/vacances-seasonova.com\/wp-content\/uploads\/2021\/04\/adobestock_287570095-675x450.jpeg","type":"image\/jpeg"}],"twitter_card":"summary","twitter_misc":{"Dur\u00e9e de lecture estim\u00e9e":"1 minute"},"schema":{"@context":"https:\/\/schema.org","@graph":[{"@type":"WebSite","@id":"https:\/\/vacances-seasonova.com\/fr\/#website","url":"https:\/\/vacances-seasonova.com\/fr\/","name":"Seasonova | Campings Normandie, Bretagne, Pays de La Loire et Alsace","description":"","potentialAction":[{"@type":"SearchAction","target":{"@type":"EntryPoint","urlTemplate":"https:\/\/vacances-seasonova.com\/fr\/?s={search_term_string}"},"query-input":"required name=search_term_string"}],"inLanguage":"fr-FR"},{"@type":"ImageObject","@id":"https:\/\/vacances-seasonova.com\/fr\/recrutement-seasonova\/offres-demploi-camping-seasonova\/#primaryimage","inLanguage":"fr-FR","url":"https:\/\/vacances-seasonova.com\/wp-content\/uploads\/2021\/04\/adobestock_287570095.jpeg","contentUrl":"https:\/\/vacances-seasonova.com\/wp-content\/uploads\/2021\/04\/adobestock_287570095.jpeg","width":5964,"height":3978,"caption":"Family checking-in at hotel reception desk"},{"@type":"WebPage","@id":"https:\/\/vacances-seasonova.com\/fr\/recrutement-seasonova\/offres-demploi-camping-seasonova\/#webpage","url":"https:\/\/vacances-seasonova.com\/fr\/recrutement-seasonova\/offres-demploi-camping-seasonova\/","name":"Offres d\u2019emploi camping Seasonova - Seasonova | Campings Normandie, Bretagne, Pays de La Loire et Alsace","isPartOf":{"@id":"https:\/\/vacances-seasonova.com\/fr\/#website"},"primaryImageOfPage":{"@id":"https:\/\/vacances-seasonova.com\/fr\/recrutement-seasonova\/offres-demploi-camping-seasonova\/#primaryimage"},"datePublished":"2017-09-26T15:19:37+00:00","dateModified":"2025-11-20T11:24:29+00:00","breadcrumb":{"@id":"https:\/\/vacances-seasonova.com\/fr\/recrutement-seasonova\/offres-demploi-camping-seasonova\/#breadcrumb"},"inLanguage":"fr-FR","potentialAction":[{"@type":"ReadAction","target":["https:\/\/vacances-seasonova.com\/fr\/recrutement-seasonova\/offres-demploi-camping-seasonova\/"]}]},{"@type":"BreadcrumbList","@id":"https:\/\/vacances-seasonova.com\/fr\/recrutement-seasonova\/offres-demploi-camping-seasonova\/#breadcrumb","itemListElement":[{"@type":"ListItem","position":1,"name":"Accueil","item":"https:\/\/vacances-seasonova.com\/nl\/"},{"@type":"ListItem","position":2,"name":"Recrutement Camping Seasonova","item":"https:\/\/vacances-seasonova.com\/nl\/rekrutering\/"},{"@type":"ListItem","position":3,"name":"Offres d\u2019emploi camping Seasonova"}]}]}},"_links":{"self":[{"href":"https:\/\/vacances-seasonova.com\/fr\/wp-json\/wp\/v2\/pages\/4166"}],"collection":[{"href":"https:\/\/vacances-seasonova.com\/fr\/wp-json\/wp\/v2\/pages"}],"about":[{"href":"https:\/\/vacances-seasonova.com\/fr\/wp-json\/wp\/v2\/types\/page"}],"author":[{"embeddable":true,"href":"https:\/\/vacances-seasonova.com\/fr\/wp-json\/wp\/v2\/users\/2"}],"replies":[{"embeddable":true,"href":"https:\/\/vacances-seasonova.com\/fr\/wp-json\/wp\/v2\/comments?post=4166"}],"version-history":[{"count":109,"href":"https:\/\/vacances-seasonova.com\/fr\/wp-json\/wp\/v2\/pages\/4166\/revisions"}],"predecessor-version":[{"id":54298,"href":"https:\/\/vacances-seasonova.com\/fr\/wp-json\/wp\/v2\/pages\/4166\/revisions\/54298"}],"up":[{"embeddable":true,"href":"https:\/\/vacances-seasonova.com\/fr\/wp-json\/wp\/v2\/pages\/187"}],"wp:featuredmedia":[{"embeddable":true,"href":"https:\/\/vacances-seasonova.com\/fr\/wp-json\/wp\/v2\/media\/22330"}],"wp:attachment":[{"href":"https:\/\/vacances-seasonova.com\/fr\/wp-json\/wp\/v2\/media?parent=4166"}],"curies":[{"name":"wp","href":"https:\/\/api.w.org\/{rel}","templated":true}]}}