    {"id":4170,"date":"2017-09-26T16:28:42","date_gmt":"2017-09-26T15:28:42","guid":{"rendered":"http:\/\/vacances-seasonova.com\/?page_id=4170"},"modified":"2025-11-20T11:47:29","modified_gmt":"2025-11-20T10:47:29","slug":"offre-de-stage-camping","status":"publish","type":"page","link":"https:\/\/vacances-seasonova.com\/fr\/recrutement-seasonova\/offre-de-stage-camping\/","title":{"rendered":"Offre de stage Camping"},"content":{"rendered":"<p><\/p>\n<blockquote>\n<p class=\"p2\" style=\"text-align: left;\">En plein de\u0301veloppement, Seasonova, Groupe de re\u0301fe\u0301rence des campings Slow Life oriente\u0301s nature, se compose aujourd\u2019hui de 20 e\u0301tablissements. Pour accompagner sa croissance, il recherche tous les ans de nouveaux talents.<\/p>\n<p style=\"text-align: left;\"><span style=\"text-align: center;\">Vous souhaitez de\u0301couvrir nos diff\u00e9rents m\u00e9tiers et les diffe\u0301rentes facettes d\u2019une exploitation pour devenir un(e) collaborateur efficace, passionne\u0301(e) ? Mais aussi agir au c\u0153ur de l\u2019expe\u0301rience client et monter en compe\u0301tences.<\/span><br style=\"text-align: center;\" \/><span style=\"text-align: center;\">Alors n<\/span><span style=\"text-align: center;\">&lsquo;h\u00e9sitez pas \u00e0 nous contacter !<\/span><\/p>\n<\/blockquote>\n<blockquote>\n<h2>Nos campings Seasonova recherche des stagiaires pour la saison 2026<\/h2>\n<blockquote>\n<h4 class=\"p2\">Devenez Stagiaire Futur Responsable de site H\/F<\/h4>\n<p><em><strong>En savoir plus\u00a0 :\u00a0<\/strong><\/em><a href=\"https:\/\/vacances-seasonova.com\/wp-content\/uploads\/2025\/11\/offre-de-stage-2025-futur-responsable-de-site-hf.pdf-2.pdf\" target=\"_blank\" rel=\"noopener\">T\u00e9l\u00e9charger l&rsquo;offre<\/a><\/p><\/blockquote>\n<hr \/>\n<blockquote>\n<h4 class=\"p2\">Devenez Stagiaire R\u00e9ceptionniste polyvalent H\/F<\/h4>\n<p><em><strong>En savoir plus\u00a0 :\u00a0<\/strong><\/em><a href=\"https:\/\/vacances-seasonova.com\/wp-content\/uploads\/2025\/11\/offre-de-stage-2025-receptionniste-polyvalent-hf-2.pdf\" target=\"_blank\" rel=\"noopener\">T\u00e9l\u00e9charger l&rsquo;offre<\/a><\/p><\/blockquote>\n<p>&nbsp;<\/p>\n<p>Partenariat SBB<br \/>\nLe groupe Seasonova est \u00e9galement en partenariat avec le centre d&rsquo;expertise SBB (situ\u00e9 au Pays-Bas) pour le placement de futurs stagiaires.<br \/>\nLe centre est une organisation de coop\u00e9ration pour la formation professionnelle secondaire sup\u00e9rieure, l&rsquo;objectif \u00e9tant de donner aux \u00e9tudiants la meilleure formation pratique possible avec des perspectives d&#8217;emploi, et \u00e0 ce titre permettre aux entreprises d&#8217;employer des professionnels.<\/p>\n<p><img loading=\"lazy\" class=\"wp-image-36572 aligncenter\" src=\"https:\/\/vacances-seasonova.com\/wp-content\/uploads\/2023\/03\/sbb-beeldmerk.png\" alt=\"\" width=\"201\" height=\"201\" \/><\/p>\n<p>&nbsp;<\/p><\/blockquote>\n<p><!--\n\n\n<blockquote>\n\n\n<p class=\"p2\"><\/blockquote>\n\n\n\n\n<h4 class=\"p2\">R\u00e9ceptionniste polyvalent(e)<\/h4>\n\n\n\n\n<blockquote>\n\n\n<p class=\"p2\">Le Groupe Seasonova, en plein d\u00e9veloppement se compose aujourd\u2019hui de 17 campings. Pour accompagner sa croissance, il recherche tous les ans des nouveaux talents. Vous r\u00eavez de devenir responsable de site. Vous int\u00e9grerez l\u2019\u00e9quipe d\u2019un de nos Camping**** et participerez sous la responsabilit\u00e9 du directeur \u00e0 la gestion courante et le d\u00e9veloppement de celui-ci, Vous travaillerez en \u00e9troite collaboration avec la direction et le p\u00f4le marketing du groupe.\n<em><strong>En savoir plus\u00a0 :\u00a0<\/strong><\/em><a href=\"\/\/vacances-seasonova.com\/wp-content\/uploads\/2023\/04\/stage.jpeg\" target=\"_blanc\" rel=\"noopener noreferrer\">T\u00e9l\u00e9charger l'offre de stage camping 2023<\/a>\n\n&nbsp;<\/blockquote>\n\n\n--><\/p>","protected":false},"excerpt":{"rendered":"<p>En plein de\u0301veloppement, Seasonova, Groupe de re\u0301fe\u0301rence des campings Slow Life oriente\u0301s nature, se compose aujourd\u2019hui de 20 e\u0301tablissements. Pour accompagner sa croissance, il recherche tous les ans de nouveaux [&#8230;]<\/p>\n","protected":false},"author":2,"featured_media":3750,"parent":187,"menu_order":0,"comment_status":"closed","ping_status":"closed","template":"","meta":[],"yoast_head":"<!-- This site is optimized with the Yoast SEO plugin v18.1 - https:\/\/yoast.com\/wordpress\/plugins\/seo\/ -->\n<meta name=\"robots\" content=\"index, follow, max-snippet:-1, max-image-preview:large, max-video-preview:-1\" \/>\n<link rel=\"canonical\" href=\"https:\/\/vacances-seasonova.com\/fr\/recrutement-seasonova\/offre-de-stage-camping\/\" \/>\n<meta property=\"og:locale\" content=\"fr_FR\" \/>\n<meta property=\"og:type\" content=\"article\" \/>\n<meta property=\"og:title\" content=\"Offre de stage Camping - Seasonova | Campings Normandie, Bretagne, Pays de La Loire et Alsace\" \/>\n<meta property=\"og:description\" content=\"En plein de\u0301veloppement, Seasonova, Groupe de re\u0301fe\u0301rence des campings Slow Life oriente\u0301s nature, se compose aujourd\u2019hui de 20 e\u0301tablissements. Pour accompagner sa croissance, il recherche tous les ans de nouveaux [...]\" \/>\n<meta property=\"og:url\" content=\"https:\/\/vacances-seasonova.com\/fr\/recrutement-seasonova\/offre-de-stage-camping\/\" \/>\n<meta property=\"og:site_name\" content=\"Seasonova | Campings Normandie, Bretagne, Pays de La Loire et Alsace\" \/>\n<meta property=\"article:modified_time\" content=\"2025-11-20T10:47:29+00:00\" \/>\n<meta property=\"og:image\" content=\"https:\/\/vacances-seasonova.com\/wp-content\/uploads\/2016\/09\/banniere-recrutement.png\" \/>\n\t<meta property=\"og:image:width\" content=\"1400\" \/>\n\t<meta property=\"og:image:height\" content=\"400\" \/>\n\t<meta property=\"og:image:type\" content=\"image\/png\" \/>\n<meta name=\"twitter:card\" content=\"summary\" \/>\n<meta name=\"twitter:label1\" content=\"Dur\u00e9e de lecture estim\u00e9e\" \/>\n\t<meta name=\"twitter:data1\" content=\"2 minutes\" \/>\n<script type=\"application\/ld+json\" class=\"yoast-schema-graph\">{\"@context\":\"https:\/\/schema.org\",\"@graph\":[{\"@type\":\"WebSite\",\"@id\":\"https:\/\/vacances-seasonova.com\/fr\/#website\",\"url\":\"https:\/\/vacances-seasonova.com\/fr\/\",\"name\":\"Seasonova | Campings Normandie, Bretagne, Pays de La Loire et Alsace\",\"description\":\"\",\"potentialAction\":[{\"@type\":\"SearchAction\",\"target\":{\"@type\":\"EntryPoint\",\"urlTemplate\":\"https:\/\/vacances-seasonova.com\/fr\/?s={search_term_string}\"},\"query-input\":\"required name=search_term_string\"}],\"inLanguage\":\"fr-FR\"},{\"@type\":\"ImageObject\",\"@id\":\"https:\/\/vacances-seasonova.com\/fr\/recrutement-seasonova\/offre-de-stage-camping\/#primaryimage\",\"inLanguage\":\"fr-FR\",\"url\":\"https:\/\/vacances-seasonova.com\/wp-content\/uploads\/2016\/09\/banniere-recrutement.png\",\"contentUrl\":\"https:\/\/vacances-seasonova.com\/wp-content\/uploads\/2016\/09\/banniere-recrutement.png\",\"width\":1400,\"height\":400,\"caption\":\"banniere-recrutement-campings-seasonova\"},{\"@type\":\"WebPage\",\"@id\":\"https:\/\/vacances-seasonova.com\/fr\/recrutement-seasonova\/offre-de-stage-camping\/#webpage\",\"url\":\"https:\/\/vacances-seasonova.com\/fr\/recrutement-seasonova\/offre-de-stage-camping\/\",\"name\":\"Offre de stage Camping - Seasonova | Campings Normandie, Bretagne, Pays de La Loire et Alsace\",\"isPartOf\":{\"@id\":\"https:\/\/vacances-seasonova.com\/fr\/#website\"},\"primaryImageOfPage\":{\"@id\":\"https:\/\/vacances-seasonova.com\/fr\/recrutement-seasonova\/offre-de-stage-camping\/#primaryimage\"},\"datePublished\":\"2017-09-26T15:28:42+00:00\",\"dateModified\":\"2025-11-20T10:47:29+00:00\",\"breadcrumb\":{\"@id\":\"https:\/\/vacances-seasonova.com\/fr\/recrutement-seasonova\/offre-de-stage-camping\/#breadcrumb\"},\"inLanguage\":\"fr-FR\",\"potentialAction\":[{\"@type\":\"ReadAction\",\"target\":[\"https:\/\/vacances-seasonova.com\/fr\/recrutement-seasonova\/offre-de-stage-camping\/\"]}]},{\"@type\":\"BreadcrumbList\",\"@id\":\"https:\/\/vacances-seasonova.com\/fr\/recrutement-seasonova\/offre-de-stage-camping\/#breadcrumb\",\"itemListElement\":[{\"@type\":\"ListItem\",\"position\":1,\"name\":\"Accueil\",\"item\":\"https:\/\/vacances-seasonova.com\/nl\/\"},{\"@type\":\"ListItem\",\"position\":2,\"name\":\"Recrutement Camping Seasonova\",\"item\":\"https:\/\/vacances-seasonova.com\/nl\/rekrutering\/\"},{\"@type\":\"ListItem\",\"position\":3,\"name\":\"Offre de stage Camping\"}]}]}<\/script>\n<!-- \/ Yoast SEO plugin. -->","yoast_head_json":{"robots":{"index":"index","follow":"follow","max-snippet":"max-snippet:-1","max-image-preview":"max-image-preview:large","max-video-preview":"max-video-preview:-1"},"canonical":"https:\/\/vacances-seasonova.com\/fr\/recrutement-seasonova\/offre-de-stage-camping\/","og_locale":"fr_FR","og_type":"article","og_title":"Offre de stage Camping - Seasonova | Campings Normandie, Bretagne, Pays de La Loire et Alsace","og_description":"En plein de\u0301veloppement, Seasonova, Groupe de re\u0301fe\u0301rence des campings Slow Life oriente\u0301s nature, se compose aujourd\u2019hui de 20 e\u0301tablissements. Pour accompagner sa croissance, il recherche tous les ans de nouveaux [...]","og_url":"https:\/\/vacances-seasonova.com\/fr\/recrutement-seasonova\/offre-de-stage-camping\/","og_site_name":"Seasonova | Campings Normandie, Bretagne, Pays de La Loire et Alsace","article_modified_time":"2025-11-20T10:47:29+00:00","og_image":[{"width":1400,"height":400,"url":"https:\/\/vacances-seasonova.com\/wp-content\/uploads\/2016\/09\/banniere-recrutement.png","type":"image\/png"}],"twitter_card":"summary","twitter_misc":{"Dur\u00e9e de lecture estim\u00e9e":"2 minutes"},"schema":{"@context":"https:\/\/schema.org","@graph":[{"@type":"WebSite","@id":"https:\/\/vacances-seasonova.com\/fr\/#website","url":"https:\/\/vacances-seasonova.com\/fr\/","name":"Seasonova | Campings Normandie, Bretagne, Pays de La Loire et Alsace","description":"","potentialAction":[{"@type":"SearchAction","target":{"@type":"EntryPoint","urlTemplate":"https:\/\/vacances-seasonova.com\/fr\/?s={search_term_string}"},"query-input":"required name=search_term_string"}],"inLanguage":"fr-FR"},{"@type":"ImageObject","@id":"https:\/\/vacances-seasonova.com\/fr\/recrutement-seasonova\/offre-de-stage-camping\/#primaryimage","inLanguage":"fr-FR","url":"https:\/\/vacances-seasonova.com\/wp-content\/uploads\/2016\/09\/banniere-recrutement.png","contentUrl":"https:\/\/vacances-seasonova.com\/wp-content\/uploads\/2016\/09\/banniere-recrutement.png","width":1400,"height":400,"caption":"banniere-recrutement-campings-seasonova"},{"@type":"WebPage","@id":"https:\/\/vacances-seasonova.com\/fr\/recrutement-seasonova\/offre-de-stage-camping\/#webpage","url":"https:\/\/vacances-seasonova.com\/fr\/recrutement-seasonova\/offre-de-stage-camping\/","name":"Offre de stage Camping - Seasonova | Campings Normandie, Bretagne, Pays de La Loire et Alsace","isPartOf":{"@id":"https:\/\/vacances-seasonova.com\/fr\/#website"},"primaryImageOfPage":{"@id":"https:\/\/vacances-seasonova.com\/fr\/recrutement-seasonova\/offre-de-stage-camping\/#primaryimage"},"datePublished":"2017-09-26T15:28:42+00:00","dateModified":"2025-11-20T10:47:29+00:00","breadcrumb":{"@id":"https:\/\/vacances-seasonova.com\/fr\/recrutement-seasonova\/offre-de-stage-camping\/#breadcrumb"},"inLanguage":"fr-FR","potentialAction":[{"@type":"ReadAction","target":["https:\/\/vacances-seasonova.com\/fr\/recrutement-seasonova\/offre-de-stage-camping\/"]}]},{"@type":"BreadcrumbList","@id":"https:\/\/vacances-seasonova.com\/fr\/recrutement-seasonova\/offre-de-stage-camping\/#breadcrumb","itemListElement":[{"@type":"ListItem","position":1,"name":"Accueil","item":"https:\/\/vacances-seasonova.com\/nl\/"},{"@type":"ListItem","position":2,"name":"Recrutement Camping Seasonova","item":"https:\/\/vacances-seasonova.com\/nl\/rekrutering\/"},{"@type":"ListItem","position":3,"name":"Offre de stage Camping"}]}]}},"_links":{"self":[{"href":"https:\/\/vacances-seasonova.com\/fr\/wp-json\/wp\/v2\/pages\/4170"}],"collection":[{"href":"https:\/\/vacances-seasonova.com\/fr\/wp-json\/wp\/v2\/pages"}],"about":[{"href":"https:\/\/vacances-seasonova.com\/fr\/wp-json\/wp\/v2\/types\/page"}],"author":[{"embeddable":true,"href":"https:\/\/vacances-seasonova.com\/fr\/wp-json\/wp\/v2\/users\/2"}],"replies":[{"embeddable":true,"href":"https:\/\/vacances-seasonova.com\/fr\/wp-json\/wp\/v2\/comments?post=4170"}],"version-history":[{"count":30,"href":"https:\/\/vacances-seasonova.com\/fr\/wp-json\/wp\/v2\/pages\/4170\/revisions"}],"predecessor-version":[{"id":54284,"href":"https:\/\/vacances-seasonova.com\/fr\/wp-json\/wp\/v2\/pages\/4170\/revisions\/54284"}],"up":[{"embeddable":true,"href":"https:\/\/vacances-seasonova.com\/fr\/wp-json\/wp\/v2\/pages\/187"}],"wp:featuredmedia":[{"embeddable":true,"href":"https:\/\/vacances-seasonova.com\/fr\/wp-json\/wp\/v2\/media\/3750"}],"wp:attachment":[{"href":"https:\/\/vacances-seasonova.com\/fr\/wp-json\/wp\/v2\/media?parent=4170"}],"curies":[{"name":"wp","href":"https:\/\/api.w.org\/{rel}","templated":true}]}}