    {"id":45626,"date":"2025-03-06T16:11:47","date_gmt":"2025-03-06T15:11:47","guid":{"rendered":"https:\/\/vacances-seasonova.com\/fr\/?page_id=45626"},"modified":"2026-03-10T11:28:56","modified_gmt":"2026-03-10T10:28:56","slug":"troc-seasonova-grand-vide-caravane","status":"publish","type":"page","link":"https:\/\/vacances-seasonova.com\/fr\/troc-seasonova-grand-vide-caravane\/","title":{"rendered":"Troc seasonova grand vide caravane"},"content":{"rendered":"<p>Vous avez une chaise pliante qui grince, une tente qui prend un peu trop de place ou un r\u00e9chaud qui ne sert plus ? Et si vous leur donniez une seconde vie ?<\/p>\n<p><img loading=\"lazy\" class=\"an1 CToWUd\" draggable=\"false\" src=\"https:\/\/fonts.gstatic.com\/s\/e\/notoemoji\/16.0\/1f4e3\/72.png\" alt=\"\" width=\"23\" height=\"23\" data-emoji=\"\" aria-label=\"\" data-bit=\"iit\" \/><\/p>\n<h2><strong>Bienvenue au Troc Seasonova &#8211; Le Grand Vide-Caravane !<\/strong><\/h2>\n<p>&nbsp;<\/p>\n<p><img loading=\"lazy\" class=\"an1 CToWUd\" draggable=\"false\" src=\"https:\/\/fonts.gstatic.com\/s\/e\/notoemoji\/16.0\/1f4c6\/72.png\" alt=\"\" width=\"19\" height=\"19\" data-emoji=\"\" aria-label=\"\" data-bit=\"iit\" \/>\u00a0<b>Le 4 et 5 avril prochain<br \/>\n<\/b><br \/>\n<img loading=\"lazy\" class=\"an1 CToWUd\" draggable=\"false\" src=\"https:\/\/fonts.gstatic.com\/s\/e\/notoemoji\/16.0\/1f4cd\/72.png\" alt=\"\" width=\"16\" height=\"16\" data-emoji=\"\" aria-label=\"\" data-bit=\"iit\" \/> <b>9 campings du Groupe\u00a0<\/b><\/p>\n<p>Un week-end\u00a0<strong>convivial, de partage et 100% camping<\/strong>\u00a0o\u00f9 vous pourrez :<\/p>\n<p><img loading=\"lazy\" class=\"an1 CToWUd\" draggable=\"false\" src=\"https:\/\/fonts.gstatic.com\/s\/e\/notoemoji\/16.0\/2705\/72.png\" alt=\"\u2705\" width=\"18\" height=\"18\" data-emoji=\"\u2705\" aria-label=\"\u2705\" data-bit=\"iit\" \/>\u00a0<strong>Vendre, \u00e9changer ou donner<\/strong> votre mat\u00e9riel de camping et de plein air.<br \/>\n<img loading=\"lazy\" class=\"an1 CToWUd\" draggable=\"false\" src=\"https:\/\/fonts.gstatic.com\/s\/e\/notoemoji\/16.0\/2705\/72.png\" alt=\"\u2705\" width=\"18\" height=\"18\" data-emoji=\"\u2705\" aria-label=\"\u2705\" data-bit=\"iit\" \/>\u00a0<strong>D\u00e9nicher la perle rare<\/strong>\u00a0pour vos prochaines aventures.<br \/>\n<img loading=\"lazy\" class=\"an1 CToWUd\" draggable=\"false\" src=\"https:\/\/fonts.gstatic.com\/s\/e\/notoemoji\/16.0\/2705\/72.png\" alt=\"\u2705\" width=\"18\" height=\"18\" data-emoji=\"\u2705\" aria-label=\"\u2705\" data-bit=\"iit\" \/>\u00a0<strong>Partager un moment entre campeurs<\/strong>, avec des animations et un barbecue g\u00e9ant !<\/p>\n<h3><strong>Pourquoi participer ?<\/strong><\/h3>\n<p><img loading=\"lazy\" class=\"an1 CToWUd\" draggable=\"false\" src=\"https:\/\/fonts.gstatic.com\/s\/e\/notoemoji\/16.0\/1f392\/72.png\" alt=\"\" width=\"26\" height=\"26\" data-emoji=\"\" aria-label=\"\" data-bit=\"iit\" \/>\u00a0<strong>Voyager plus l\u00e9ger<\/strong>\u00a0: donnez une nouvelle vie \u00e0 ce que vous n\u2019utilisez plus.<br \/>\n<img loading=\"lazy\" class=\"an1 CToWUd\" draggable=\"false\" src=\"https:\/\/fonts.gstatic.com\/s\/e\/notoemoji\/16.0\/267b\/72.png\" alt=\"\u267b\" width=\"26\" height=\"26\" data-emoji=\"\u267b\" aria-label=\"\u267b\" data-bit=\"iit\" \/>\u00a0<strong>Un camping plus responsable<\/strong>\u00a0: acheter d\u2019occasion, c\u2019est bon pour la plan\u00e8te !<br \/>\n<img loading=\"lazy\" class=\"an1 CToWUd\" draggable=\"false\" src=\"https:\/\/fonts.gstatic.com\/s\/e\/notoemoji\/16.0\/1f525\/72.png\" alt=\"\" width=\"26\" height=\"26\" data-emoji=\"\" aria-label=\"\" data-bit=\"iit\" \/>\u00a0<strong>Un week-end ultra convivial<\/strong>\u00a0: parce que le camping, c\u2019est avant tout le partage.<\/p>\n<p><img loading=\"lazy\" class=\"an1 CToWUd\" draggable=\"false\" src=\"https:\/\/fonts.gstatic.com\/s\/e\/notoemoji\/16.0\/1f6e0_fe0f\/72.png\" alt=\"\ufe0f\" width=\"21\" height=\"21\" data-emoji=\"\ufe0f\" aria-label=\"\ufe0f\" data-bit=\"iit\" \/>\u00a0<strong>Envie d\u2019avoir un stand ?<\/strong><br \/>\nC\u2019est gratuit ! Il suffit de r\u00e9server votre emplacement et d\u2019apporter votre mat\u00e9riel \u00e0 \u00e9changer.<\/p>\n<p><img loading=\"lazy\" class=\"an1 CToWUd\" draggable=\"false\" src=\"https:\/\/fonts.gstatic.com\/s\/e\/notoemoji\/16.0\/1f4a1\/72.png\" alt=\"\" width=\"23\" height=\"23\" data-emoji=\"\" aria-label=\"\" data-bit=\"iit\" \/>\u00a0<strong>Pas de stand ? Venez chiner, discuter et profiter du moment !<\/strong><\/p>\n<p><img loading=\"lazy\" class=\"an1 CToWUd\" draggable=\"false\" src=\"https:\/\/fonts.gstatic.com\/s\/e\/notoemoji\/16.0\/1f449\/72.png\" alt=\"\" width=\"32\" height=\"32\" data-emoji=\"\" aria-label=\"\" data-bit=\"iit\" \/>\u00a0<strong>Inscription &amp; infos : <a href=\"https:\/\/docs.google.com\/forms\/d\/e\/1FAIpQLSdtiJSRngm1uYjNnCuc0C94goGiMQ62-keAsASX38p2bMpZgg\/viewform\" target=\"_blank\" rel=\"noopener\">Je m&rsquo;inscris <\/a><\/strong><\/p>\n<p>On a h\u00e2te de vous retrouver pour ce week-end unique !<\/p>\n<p>Pr\u00e9parez vos lampes torches, on s\u2019occupe de l\u2019ambiance\u00a0<img loading=\"lazy\" class=\"an1 CToWUd\" draggable=\"false\" src=\"https:\/\/fonts.gstatic.com\/s\/e\/notoemoji\/16.0\/1f525\/72.png\" alt=\"\" width=\"43\" height=\"43\" data-emoji=\"\" aria-label=\"\" data-bit=\"iit\" \/><img loading=\"lazy\" class=\"an1 CToWUd\" draggable=\"false\" src=\"https:\/\/fonts.gstatic.com\/s\/e\/notoemoji\/16.0\/1f604\/72.png\" alt=\"\" width=\"49\" height=\"49\" data-emoji=\"\" aria-label=\"\" data-bit=\"iit\" \/><\/p>\n<p><strong>\u00c0 tr\u00e8s bient\u00f4t sous les \u00e9toiles !<\/strong><br \/>\nL\u2019\u00e9quipe\u00a0<strong>Seasonova<\/strong>\u00a0<img loading=\"lazy\" class=\"an1 CToWUd\" draggable=\"false\" src=\"https:\/\/fonts.gstatic.com\/s\/e\/notoemoji\/16.0\/1f33f\/72.png\" alt=\"\" width=\"52\" height=\"52\" data-emoji=\"\" aria-label=\"\" data-bit=\"iit\" \/><img loading=\"lazy\" class=\"an1 CToWUd\" draggable=\"false\" src=\"https:\/\/fonts.gstatic.com\/s\/e\/notoemoji\/16.0\/1f3d5_fe0f\/72.png\" alt=\"\ufe0f\" width=\"54\" height=\"54\" data-emoji=\"\ufe0f\" aria-label=\"\ufe0f\" data-bit=\"iit\" \/><\/p>\n<p>Vous pouvez retrouver le r\u00e8glement pour les participants en <a href=\"https:\/\/vacances-seasonova.com\/wp-content\/uploads\/2025\/11\/reglement-interieur.png\">cliquant ici<\/a><\/p>\n<p><strong>Campings participants\u00a0<\/strong><\/p>\n<div class=\"nWQGrd zwllIb\">\n<div class=\"bzfPab wFGF8\">\n<div class=\"YEVVod\">\n<ul>\n<li class=\"ulDsOb\"><span class=\"aDTYNe snByac OvPDhc OIC90c\" dir=\"auto\">Camping le Point du Jour (Calvados)<\/span><\/li>\n<li class=\"ulDsOb\">Camping Les Vosges du Nord (Bas-Rhin)<\/li>\n<li class=\"ulDsOb\">Camping Seasonova Haliotis (Manche)<\/li>\n<li class=\"ulDsOb\">Camping Seasonova Les Mouettes (Seine-Maritime)<\/li>\n<li class=\"ulDsOb\">Camping Seasonova la For\u00eat (Sarthe)<\/li>\n<li class=\"ulDsOb\">Camping Seasonova le Martinet (Loiret)<\/li>\n<li class=\"ulDsOb\">Domaine Seasonova Sa\u00e2ne et Mer (Seine-Maritime)<\/li>\n<li class=\"ulDsOb\">Camping Seasonova les 7 \u00eeles (C\u00f4tes d&rsquo;armor)<\/li>\n<li class=\"ulDsOb\">Camping Seasonova Ile de R\u00e9 (Charente-Maritime)<\/li>\n<\/ul>\n<p>Le camping Les Plages de Loire devait, comme chaque ann\u00e9e, recevoir cet \u00e9v\u00e8nement. Malheureusement suite aux inondations subies ces derni\u00e8res semaines dans la r\u00e9gion, la priorit\u00e9 est de s&rsquo;assurer du bon fonctionnement du camping afin de vous recevoir dans les meilleures conditions. On se retrouve tr\u00e8s vite au camping, nous sommes impatients de vous revoir !<\/p><\/div>\n<\/div>\n<\/div>\n<p>&nbsp;<\/p>","protected":false},"excerpt":{"rendered":"<p>Vous avez une chaise pliante qui grince, une tente qui prend un peu trop de place ou un r\u00e9chaud qui ne sert plus ? Et si vous leur donniez une seconde vie ? Bienvenue au Troc Seasonova &#8211; Le Grand Vide-Caravane ! [&#8230;]<\/p>\n","protected":false},"author":2,"featured_media":45633,"parent":0,"menu_order":0,"comment_status":"closed","ping_status":"closed","template":"","meta":[],"yoast_head":"<!-- This site is optimized with the Yoast SEO plugin v18.1 - https:\/\/yoast.com\/wordpress\/plugins\/seo\/ -->\n<meta name=\"description\" content=\"1er vide grenier les 4 &amp; 5 avril prochain dans les Campings Seasonova r\u00e9serv\u00e9 au mat\u00e9riel de camping et sport nature - R\u00e9servez vite!\" \/>\n<meta name=\"robots\" content=\"index, follow, max-snippet:-1, max-image-preview:large, max-video-preview:-1\" \/>\n<link rel=\"canonical\" href=\"https:\/\/vacances-seasonova.com\/fr\/troc-seasonova-grand-vide-caravane\/\" \/>\n<meta property=\"og:locale\" content=\"fr_FR\" \/>\n<meta property=\"og:type\" content=\"article\" \/>\n<meta property=\"og:title\" content=\"Troc seasonova grand vide caravane 4 &amp; 5 avril\" \/>\n<meta property=\"og:description\" content=\"1er vide grenier les 4 &amp; 5 avril prochain dans les Campings Seasonova r\u00e9serv\u00e9 au mat\u00e9riel de camping et sport nature - R\u00e9servez vite!\" \/>\n<meta property=\"og:url\" content=\"https:\/\/vacances-seasonova.com\/fr\/troc-seasonova-grand-vide-caravane\/\" \/>\n<meta property=\"og:site_name\" content=\"Seasonova | Campings Normandie, Bretagne, Pays de La Loire et Alsace\" \/>\n<meta property=\"article:modified_time\" content=\"2026-03-10T10:28:56+00:00\" \/>\n<meta property=\"og:image\" content=\"https:\/\/vacances-seasonova.com\/wp-content\/uploads\/2025\/03\/image-1.jpg\" \/>\n\t<meta property=\"og:image:width\" content=\"742\" \/>\n\t<meta property=\"og:image:height\" content=\"501\" \/>\n\t<meta property=\"og:image:type\" content=\"image\/jpeg\" \/>\n<meta name=\"twitter:card\" content=\"summary\" \/>\n<meta name=\"twitter:label1\" content=\"Dur\u00e9e de lecture estim\u00e9e\" \/>\n\t<meta name=\"twitter:data1\" content=\"5 minutes\" \/>\n<script type=\"application\/ld+json\" class=\"yoast-schema-graph\">{\"@context\":\"https:\/\/schema.org\",\"@graph\":[{\"@type\":\"WebSite\",\"@id\":\"https:\/\/vacances-seasonova.com\/fr\/#website\",\"url\":\"https:\/\/vacances-seasonova.com\/fr\/\",\"name\":\"Seasonova | Campings Normandie, Bretagne, Pays de La Loire et Alsace\",\"description\":\"\",\"potentialAction\":[{\"@type\":\"SearchAction\",\"target\":{\"@type\":\"EntryPoint\",\"urlTemplate\":\"https:\/\/vacances-seasonova.com\/fr\/?s={search_term_string}\"},\"query-input\":\"required name=search_term_string\"}],\"inLanguage\":\"fr-FR\"},{\"@type\":\"ImageObject\",\"@id\":\"https:\/\/vacances-seasonova.com\/fr\/troc-seasonova-grand-vide-caravane\/#primaryimage\",\"inLanguage\":\"fr-FR\",\"url\":\"https:\/\/vacances-seasonova.com\/wp-content\/uploads\/2025\/03\/image-1.jpg\",\"contentUrl\":\"https:\/\/vacances-seasonova.com\/wp-content\/uploads\/2025\/03\/image-1.jpg\",\"width\":742,\"height\":501},{\"@type\":\"WebPage\",\"@id\":\"https:\/\/vacances-seasonova.com\/fr\/troc-seasonova-grand-vide-caravane\/#webpage\",\"url\":\"https:\/\/vacances-seasonova.com\/fr\/troc-seasonova-grand-vide-caravane\/\",\"name\":\"Troc seasonova grand vide caravane 4 & 5 avril\",\"isPartOf\":{\"@id\":\"https:\/\/vacances-seasonova.com\/fr\/#website\"},\"primaryImageOfPage\":{\"@id\":\"https:\/\/vacances-seasonova.com\/fr\/troc-seasonova-grand-vide-caravane\/#primaryimage\"},\"datePublished\":\"2025-03-06T15:11:47+00:00\",\"dateModified\":\"2026-03-10T10:28:56+00:00\",\"description\":\"1er vide grenier les 4 & 5 avril prochain dans les Campings Seasonova r\u00e9serv\u00e9 au mat\u00e9riel de camping et sport nature - R\u00e9servez vite!\",\"breadcrumb\":{\"@id\":\"https:\/\/vacances-seasonova.com\/fr\/troc-seasonova-grand-vide-caravane\/#breadcrumb\"},\"inLanguage\":\"fr-FR\",\"potentialAction\":[{\"@type\":\"ReadAction\",\"target\":[\"https:\/\/vacances-seasonova.com\/fr\/troc-seasonova-grand-vide-caravane\/\"]}]},{\"@type\":\"BreadcrumbList\",\"@id\":\"https:\/\/vacances-seasonova.com\/fr\/troc-seasonova-grand-vide-caravane\/#breadcrumb\",\"itemListElement\":[{\"@type\":\"ListItem\",\"position\":1,\"name\":\"Accueil\",\"item\":\"https:\/\/vacances-seasonova.com\/nl\/\"},{\"@type\":\"ListItem\",\"position\":2,\"name\":\"Troc seasonova grand vide caravane\"}]}]}<\/script>\n<!-- \/ Yoast SEO plugin. -->","yoast_head_json":{"description":"1er vide grenier les 4 & 5 avril prochain dans les Campings Seasonova r\u00e9serv\u00e9 au mat\u00e9riel de camping et sport nature - R\u00e9servez vite!","robots":{"index":"index","follow":"follow","max-snippet":"max-snippet:-1","max-image-preview":"max-image-preview:large","max-video-preview":"max-video-preview:-1"},"canonical":"https:\/\/vacances-seasonova.com\/fr\/troc-seasonova-grand-vide-caravane\/","og_locale":"fr_FR","og_type":"article","og_title":"Troc seasonova grand vide caravane 4 & 5 avril","og_description":"1er vide grenier les 4 & 5 avril prochain dans les Campings Seasonova r\u00e9serv\u00e9 au mat\u00e9riel de camping et sport nature - R\u00e9servez vite!","og_url":"https:\/\/vacances-seasonova.com\/fr\/troc-seasonova-grand-vide-caravane\/","og_site_name":"Seasonova | Campings Normandie, Bretagne, Pays de La Loire et Alsace","article_modified_time":"2026-03-10T10:28:56+00:00","og_image":[{"width":742,"height":501,"url":"https:\/\/vacances-seasonova.com\/wp-content\/uploads\/2025\/03\/image-1.jpg","type":"image\/jpeg"}],"twitter_card":"summary","twitter_misc":{"Dur\u00e9e de lecture estim\u00e9e":"5 minutes"},"schema":{"@context":"https:\/\/schema.org","@graph":[{"@type":"WebSite","@id":"https:\/\/vacances-seasonova.com\/fr\/#website","url":"https:\/\/vacances-seasonova.com\/fr\/","name":"Seasonova | Campings Normandie, Bretagne, Pays de La Loire et Alsace","description":"","potentialAction":[{"@type":"SearchAction","target":{"@type":"EntryPoint","urlTemplate":"https:\/\/vacances-seasonova.com\/fr\/?s={search_term_string}"},"query-input":"required name=search_term_string"}],"inLanguage":"fr-FR"},{"@type":"ImageObject","@id":"https:\/\/vacances-seasonova.com\/fr\/troc-seasonova-grand-vide-caravane\/#primaryimage","inLanguage":"fr-FR","url":"https:\/\/vacances-seasonova.com\/wp-content\/uploads\/2025\/03\/image-1.jpg","contentUrl":"https:\/\/vacances-seasonova.com\/wp-content\/uploads\/2025\/03\/image-1.jpg","width":742,"height":501},{"@type":"WebPage","@id":"https:\/\/vacances-seasonova.com\/fr\/troc-seasonova-grand-vide-caravane\/#webpage","url":"https:\/\/vacances-seasonova.com\/fr\/troc-seasonova-grand-vide-caravane\/","name":"Troc seasonova grand vide caravane 4 & 5 avril","isPartOf":{"@id":"https:\/\/vacances-seasonova.com\/fr\/#website"},"primaryImageOfPage":{"@id":"https:\/\/vacances-seasonova.com\/fr\/troc-seasonova-grand-vide-caravane\/#primaryimage"},"datePublished":"2025-03-06T15:11:47+00:00","dateModified":"2026-03-10T10:28:56+00:00","description":"1er vide grenier les 4 & 5 avril prochain dans les Campings Seasonova r\u00e9serv\u00e9 au mat\u00e9riel de camping et sport nature - R\u00e9servez vite!","breadcrumb":{"@id":"https:\/\/vacances-seasonova.com\/fr\/troc-seasonova-grand-vide-caravane\/#breadcrumb"},"inLanguage":"fr-FR","potentialAction":[{"@type":"ReadAction","target":["https:\/\/vacances-seasonova.com\/fr\/troc-seasonova-grand-vide-caravane\/"]}]},{"@type":"BreadcrumbList","@id":"https:\/\/vacances-seasonova.com\/fr\/troc-seasonova-grand-vide-caravane\/#breadcrumb","itemListElement":[{"@type":"ListItem","position":1,"name":"Accueil","item":"https:\/\/vacances-seasonova.com\/nl\/"},{"@type":"ListItem","position":2,"name":"Troc seasonova grand vide caravane"}]}]}},"_links":{"self":[{"href":"https:\/\/vacances-seasonova.com\/fr\/wp-json\/wp\/v2\/pages\/45626"}],"collection":[{"href":"https:\/\/vacances-seasonova.com\/fr\/wp-json\/wp\/v2\/pages"}],"about":[{"href":"https:\/\/vacances-seasonova.com\/fr\/wp-json\/wp\/v2\/types\/page"}],"author":[{"embeddable":true,"href":"https:\/\/vacances-seasonova.com\/fr\/wp-json\/wp\/v2\/users\/2"}],"replies":[{"embeddable":true,"href":"https:\/\/vacances-seasonova.com\/fr\/wp-json\/wp\/v2\/comments?post=45626"}],"version-history":[{"count":18,"href":"https:\/\/vacances-seasonova.com\/fr\/wp-json\/wp\/v2\/pages\/45626\/revisions"}],"predecessor-version":[{"id":56136,"href":"https:\/\/vacances-seasonova.com\/fr\/wp-json\/wp\/v2\/pages\/45626\/revisions\/56136"}],"wp:featuredmedia":[{"embeddable":true,"href":"https:\/\/vacances-seasonova.com\/fr\/wp-json\/wp\/v2\/media\/45633"}],"wp:attachment":[{"href":"https:\/\/vacances-seasonova.com\/fr\/wp-json\/wp\/v2\/media?parent=45626"}],"curies":[{"name":"wp","href":"https:\/\/api.w.org\/{rel}","templated":true}]}}