    {"id":53,"date":"2016-09-16T14:53:15","date_gmt":"2016-09-16T13:53:15","guid":{"rendered":"http:\/\/vacances-seasonova.com\/?page_id=53"},"modified":"2025-08-28T16:05:50","modified_gmt":"2025-08-28T14:05:50","slug":"vacances-en-camping-seasonova","status":"publish","type":"page","link":"https:\/\/vacances-seasonova.com\/fr\/vacances-en-camping-seasonova\/","title":{"rendered":"Vacances en camping Seasonova"},"content":{"rendered":"<p><\/p>\n<p class=\"p1\" style=\"text-align: justify;\">Passer vos vacances en camping Seasonova, c\u2019est profiter de moments de d\u00e9tente et de convivialit\u00e9 au sein de campings \u00e0 taille humaine. Vous y trouverez bien-\u00eatre et nature, valeurs qui sont au c\u0153ur des pr\u00e9occupations des femmes et des hommes qui vous accueillent, tous passionn\u00e9s par leur m\u00e9tier.<br \/>\nPour r\u00e9ussir vos <strong>vacances en Camping<\/strong>,Seasonova met tout en oeuvre pour cr\u00e9er des \u00e9motions, des rencontres et du bien \u00eatre. Lors de votre prochain s\u00e9jour, d\u00e9couvrez ou red\u00e9couvrez nos belles r\u00e9gions : leur patrimoine, leur nature pr\u00e9serv\u00e9e et leurs curiosit\u00e9s locales.<\/p>\n<p><\/p>","protected":false},"excerpt":{"rendered":"<p>Passer vos vacances en camping Seasonova, c\u2019est profiter de moments de d\u00e9tente et de convivialit\u00e9 au sein de campings \u00e0 taille humaine. Vous y trouverez bien-\u00eatre et nature, valeurs qui sont au c\u0153ur des [&#8230;]<\/p>\n","protected":false},"author":3,"featured_media":16924,"parent":0,"menu_order":0,"comment_status":"closed","ping_status":"closed","template":"page-parent.php","meta":[],"yoast_head":"<!-- This site is optimized with the Yoast SEO plugin v18.1 - https:\/\/yoast.com\/wordpress\/plugins\/seo\/ -->\n<meta name=\"robots\" content=\"index, follow, max-snippet:-1, max-image-preview:large, max-video-preview:-1\" \/>\n<link rel=\"canonical\" href=\"https:\/\/vacances-seasonova.com\/fr\/kampeervakantiein-frankrijk\/\" \/>\n<meta property=\"og:locale\" content=\"fr_FR\" \/>\n<meta property=\"og:type\" content=\"article\" \/>\n<meta property=\"og:title\" content=\"Vacances en camping Seasonova - Seasonova | Campings Normandie, Bretagne, Pays de La Loire et Alsace\" \/>\n<meta property=\"og:description\" content=\"Passer vos vacances en camping Seasonova, c\u2019est profiter de moments de d\u00e9tente et de convivialit\u00e9 au sein de campings \u00e0 taille humaine. Vous y trouverez bien-\u00eatre et nature, valeurs qui sont au c\u0153ur des [...]\" \/>\n<meta property=\"og:url\" content=\"https:\/\/vacances-seasonova.com\/nl\/kampeervakantiein-frankrijk\/\" \/>\n<meta property=\"og:site_name\" content=\"Seasonova | Campings Normandie, Bretagne, Pays de La Loire et Alsace\" \/>\n<meta property=\"article:modified_time\" content=\"2025-08-28T14:05:50+00:00\" \/>\n<meta property=\"og:image\" content=\"https:\/\/vacances-seasonova.com\/wp-content\/uploads\/2020\/02\/famille-foret-1480x374.jpeg\" \/>\n\t<meta property=\"og:image:width\" content=\"1480\" \/>\n\t<meta property=\"og:image:height\" content=\"374\" \/>\n\t<meta property=\"og:image:type\" content=\"image\/jpeg\" \/>\n<meta name=\"twitter:card\" content=\"summary\" \/>\n<meta name=\"twitter:label1\" content=\"Dur\u00e9e de lecture estim\u00e9e\" \/>\n\t<meta name=\"twitter:data1\" content=\"2 minutes\" \/>\n<script type=\"application\/ld+json\" class=\"yoast-schema-graph\">{\"@context\":\"https:\/\/schema.org\",\"@graph\":[{\"@type\":\"WebSite\",\"@id\":\"https:\/\/vacances-seasonova.com\/fr\/#website\",\"url\":\"https:\/\/vacances-seasonova.com\/fr\/\",\"name\":\"Seasonova | Campings Normandie, Bretagne, Pays de La Loire et Alsace\",\"description\":\"\",\"potentialAction\":[{\"@type\":\"SearchAction\",\"target\":{\"@type\":\"EntryPoint\",\"urlTemplate\":\"https:\/\/vacances-seasonova.com\/fr\/?s={search_term_string}\"},\"query-input\":\"required name=search_term_string\"}],\"inLanguage\":\"fr-FR\"},{\"@type\":\"ImageObject\",\"@id\":\"https:\/\/vacances-seasonova.com\/nl\/kampeervakantiein-frankrijk\/#primaryimage\",\"inLanguage\":\"fr-FR\",\"url\":\"https:\/\/vacances-seasonova.com\/wp-content\/uploads\/2020\/02\/famille-foret.jpeg\",\"contentUrl\":\"https:\/\/vacances-seasonova.com\/wp-content\/uploads\/2020\/02\/famille-foret.jpeg\",\"width\":10000,\"height\":2529,\"caption\":\"famille en foret\"},{\"@type\":\"WebPage\",\"@id\":\"https:\/\/vacances-seasonova.com\/nl\/kampeervakantiein-frankrijk\/#webpage\",\"url\":\"https:\/\/vacances-seasonova.com\/nl\/kampeervakantiein-frankrijk\/\",\"name\":\"Vacances en camping Seasonova - Seasonova | Campings Normandie, Bretagne, Pays de La Loire et Alsace\",\"isPartOf\":{\"@id\":\"https:\/\/vacances-seasonova.com\/fr\/#website\"},\"primaryImageOfPage\":{\"@id\":\"https:\/\/vacances-seasonova.com\/nl\/kampeervakantiein-frankrijk\/#primaryimage\"},\"datePublished\":\"2016-09-16T13:53:15+00:00\",\"dateModified\":\"2025-08-28T14:05:50+00:00\",\"breadcrumb\":{\"@id\":\"https:\/\/vacances-seasonova.com\/nl\/kampeervakantiein-frankrijk\/#breadcrumb\"},\"inLanguage\":\"fr-FR\",\"potentialAction\":[{\"@type\":\"ReadAction\",\"target\":[\"https:\/\/vacances-seasonova.com\/nl\/kampeervakantiein-frankrijk\/\"]}]},{\"@type\":\"BreadcrumbList\",\"@id\":\"https:\/\/vacances-seasonova.com\/nl\/kampeervakantiein-frankrijk\/#breadcrumb\",\"itemListElement\":[{\"@type\":\"ListItem\",\"position\":1,\"name\":\"Accueil\",\"item\":\"https:\/\/vacances-seasonova.com\/nl\/\"},{\"@type\":\"ListItem\",\"position\":2,\"name\":\"Vacances en camping Seasonova\"}]}]}<\/script>\n<!-- \/ Yoast SEO plugin. -->","yoast_head_json":{"robots":{"index":"index","follow":"follow","max-snippet":"max-snippet:-1","max-image-preview":"max-image-preview:large","max-video-preview":"max-video-preview:-1"},"canonical":"https:\/\/vacances-seasonova.com\/fr\/kampeervakantiein-frankrijk\/","og_locale":"fr_FR","og_type":"article","og_title":"Vacances en camping Seasonova - Seasonova | Campings Normandie, Bretagne, Pays de La Loire et Alsace","og_description":"Passer vos vacances en camping Seasonova, c\u2019est profiter de moments de d\u00e9tente et de convivialit\u00e9 au sein de campings \u00e0 taille humaine. Vous y trouverez bien-\u00eatre et nature, valeurs qui sont au c\u0153ur des [...]","og_url":"https:\/\/vacances-seasonova.com\/nl\/kampeervakantiein-frankrijk\/","og_site_name":"Seasonova | Campings Normandie, Bretagne, Pays de La Loire et Alsace","article_modified_time":"2025-08-28T14:05:50+00:00","og_image":[{"width":1480,"height":374,"url":"https:\/\/vacances-seasonova.com\/wp-content\/uploads\/2020\/02\/famille-foret-1480x374.jpeg","type":"image\/jpeg"}],"twitter_card":"summary","twitter_misc":{"Dur\u00e9e de lecture estim\u00e9e":"2 minutes"},"schema":{"@context":"https:\/\/schema.org","@graph":[{"@type":"WebSite","@id":"https:\/\/vacances-seasonova.com\/fr\/#website","url":"https:\/\/vacances-seasonova.com\/fr\/","name":"Seasonova | Campings Normandie, Bretagne, Pays de La Loire et Alsace","description":"","potentialAction":[{"@type":"SearchAction","target":{"@type":"EntryPoint","urlTemplate":"https:\/\/vacances-seasonova.com\/fr\/?s={search_term_string}"},"query-input":"required name=search_term_string"}],"inLanguage":"fr-FR"},{"@type":"ImageObject","@id":"https:\/\/vacances-seasonova.com\/nl\/kampeervakantiein-frankrijk\/#primaryimage","inLanguage":"fr-FR","url":"https:\/\/vacances-seasonova.com\/wp-content\/uploads\/2020\/02\/famille-foret.jpeg","contentUrl":"https:\/\/vacances-seasonova.com\/wp-content\/uploads\/2020\/02\/famille-foret.jpeg","width":10000,"height":2529,"caption":"famille en foret"},{"@type":"WebPage","@id":"https:\/\/vacances-seasonova.com\/nl\/kampeervakantiein-frankrijk\/#webpage","url":"https:\/\/vacances-seasonova.com\/nl\/kampeervakantiein-frankrijk\/","name":"Vacances en camping Seasonova - Seasonova | Campings Normandie, Bretagne, Pays de La Loire et Alsace","isPartOf":{"@id":"https:\/\/vacances-seasonova.com\/fr\/#website"},"primaryImageOfPage":{"@id":"https:\/\/vacances-seasonova.com\/nl\/kampeervakantiein-frankrijk\/#primaryimage"},"datePublished":"2016-09-16T13:53:15+00:00","dateModified":"2025-08-28T14:05:50+00:00","breadcrumb":{"@id":"https:\/\/vacances-seasonova.com\/nl\/kampeervakantiein-frankrijk\/#breadcrumb"},"inLanguage":"fr-FR","potentialAction":[{"@type":"ReadAction","target":["https:\/\/vacances-seasonova.com\/nl\/kampeervakantiein-frankrijk\/"]}]},{"@type":"BreadcrumbList","@id":"https:\/\/vacances-seasonova.com\/nl\/kampeervakantiein-frankrijk\/#breadcrumb","itemListElement":[{"@type":"ListItem","position":1,"name":"Accueil","item":"https:\/\/vacances-seasonova.com\/nl\/"},{"@type":"ListItem","position":2,"name":"Vacances en camping Seasonova"}]}]}},"_links":{"self":[{"href":"https:\/\/vacances-seasonova.com\/fr\/wp-json\/wp\/v2\/pages\/53"}],"collection":[{"href":"https:\/\/vacances-seasonova.com\/fr\/wp-json\/wp\/v2\/pages"}],"about":[{"href":"https:\/\/vacances-seasonova.com\/fr\/wp-json\/wp\/v2\/types\/page"}],"author":[{"embeddable":true,"href":"https:\/\/vacances-seasonova.com\/fr\/wp-json\/wp\/v2\/users\/3"}],"replies":[{"embeddable":true,"href":"https:\/\/vacances-seasonova.com\/fr\/wp-json\/wp\/v2\/comments?post=53"}],"version-history":[{"count":6,"href":"https:\/\/vacances-seasonova.com\/fr\/wp-json\/wp\/v2\/pages\/53\/revisions"}],"predecessor-version":[{"id":51755,"href":"https:\/\/vacances-seasonova.com\/fr\/wp-json\/wp\/v2\/pages\/53\/revisions\/51755"}],"wp:featuredmedia":[{"embeddable":true,"href":"https:\/\/vacances-seasonova.com\/fr\/wp-json\/wp\/v2\/media\/16924"}],"wp:attachment":[{"href":"https:\/\/vacances-seasonova.com\/fr\/wp-json\/wp\/v2\/media?parent=53"}],"curies":[{"name":"wp","href":"https:\/\/api.w.org\/{rel}","templated":true}]}}