    {"id":58,"date":"2016-09-19T10:09:20","date_gmt":"2016-09-19T09:09:20","guid":{"rendered":"http:\/\/vacances-seasonova.com\/?page_id=58"},"modified":"2023-08-02T09:06:54","modified_gmt":"2023-08-02T07:06:54","slug":"location-camping-slow-life","status":"publish","type":"page","link":"https:\/\/vacances-seasonova.com\/fr\/camping-et-location-de-vacances-seasonova\/","title":{"rendered":"Camping et Location de vacances Seasonova"},"content":{"rendered":"<p><\/p>\n<p style=\"text-align: justify;\">Du printemps \u00e0 l&rsquo;automne, nos <a href=\"https:\/\/vacances-seasonova.com\/fr\/campings\/\">campings Seasonova<\/a> vous accueillent et vous permettent de vivre des moments d&rsquo;exception ! Choisir une location camping Slow life, c&rsquo;est l&rsquo;assurance de partager des moments de d\u00e9tente et de convivialit\u00e9 o\u00f9 le bien-\u00eatre et la nature sont au c\u0153ur des pr\u00e9occupations des femmes et des hommes qui vous accueille.<br \/>\nLors de votre prochain s\u00e9jour, venez d\u00e9couvrir ou red\u00e9couvrir nos belles r\u00e9gions, leur patrimoine, leur nature pr\u00e9serv\u00e9e et leurs curiosit\u00e9s locales qui s\u00e9duisent petits et grands. Profitez de votre escale pour vous retrouver en pratiquant une de <a href=\"https:\/\/vacances-seasonova.com\/fr\/vacances-en-camping-seasonova\/lexperience-seasonova\/\">nos nombreuses activit\u00e9s au plus pr\u00e8s de la nature<\/a>. Vous aussi, succombez \u00e0 l&rsquo;art de vivre \u00e0 l\u2019air libre !<\/p>\n<p><\/p>","protected":false},"excerpt":{"rendered":"<p>Du printemps \u00e0 l&rsquo;automne, nos campings Seasonova vous accueillent et vous permettent de vivre des moments d&rsquo;exception ! Choisir une location camping Slow life, c&rsquo;est l&rsquo;assurance de partager des [&#8230;]<\/p>\n","protected":false},"author":3,"featured_media":661,"parent":0,"menu_order":0,"comment_status":"closed","ping_status":"closed","template":"page-les-campings.php","meta":[],"yoast_head":"<!-- This site is optimized with the Yoast SEO plugin v18.1 - https:\/\/yoast.com\/wordpress\/plugins\/seo\/ -->\n<meta name=\"description\" content=\"Les Campings Seasonova vous offre 18 destinations en France. Choisir une location camping slow life, c&#039;est la garantie de vacances nature...\" \/>\n<meta name=\"robots\" content=\"index, follow, max-snippet:-1, max-image-preview:large, max-video-preview:-1\" \/>\n<link rel=\"canonical\" href=\"https:\/\/vacances-seasonova.com\/fr\/camping-et-location-de-vacances-seasonova\/\" \/>\n<meta property=\"og:locale\" content=\"fr_FR\" \/>\n<meta property=\"og:type\" content=\"article\" \/>\n<meta property=\"og:title\" content=\"Location camping Slow life\" \/>\n<meta property=\"og:description\" content=\"Les Campings Seasonova vous offre 18 destinations en France. Choisir une location camping slow life, c&#039;est la garantie de vacances nature...\" \/>\n<meta property=\"og:url\" content=\"https:\/\/vacances-seasonova.com\/fr\/camping-et-location-de-vacances-seasonova\/\" \/>\n<meta property=\"og:site_name\" content=\"Seasonova | Campings Normandie, Bretagne, Pays de La Loire et Alsace\" \/>\n<meta property=\"article:modified_time\" content=\"2023-08-02T07:06:54+00:00\" \/>\n<meta property=\"og:image\" content=\"https:\/\/vacances-seasonova.com\/wp-content\/uploads\/2016\/09\/escapade_seasonoca_camping.jpg\" \/>\n\t<meta property=\"og:image:width\" content=\"1480\" \/>\n\t<meta property=\"og:image:height\" content=\"454\" \/>\n\t<meta property=\"og:image:type\" content=\"image\/jpeg\" \/>\n<meta name=\"twitter:card\" content=\"summary\" \/>\n<meta name=\"twitter:label1\" content=\"Dur\u00e9e de lecture estim\u00e9e\" \/>\n\t<meta name=\"twitter:data1\" content=\"2 minutes\" \/>\n<script type=\"application\/ld+json\" class=\"yoast-schema-graph\">{\"@context\":\"https:\/\/schema.org\",\"@graph\":[{\"@type\":\"WebSite\",\"@id\":\"https:\/\/vacances-seasonova.com\/fr\/#website\",\"url\":\"https:\/\/vacances-seasonova.com\/fr\/\",\"name\":\"Seasonova | Campings Normandie, Bretagne, Pays de La Loire et Alsace\",\"description\":\"\",\"potentialAction\":[{\"@type\":\"SearchAction\",\"target\":{\"@type\":\"EntryPoint\",\"urlTemplate\":\"https:\/\/vacances-seasonova.com\/fr\/?s={search_term_string}\"},\"query-input\":\"required name=search_term_string\"}],\"inLanguage\":\"fr-FR\"},{\"@type\":\"ImageObject\",\"@id\":\"https:\/\/vacances-seasonova.com\/fr\/camping-et-location-de-vacances-seasonova\/#primaryimage\",\"inLanguage\":\"fr-FR\",\"url\":\"https:\/\/vacances-seasonova.com\/wp-content\/uploads\/2016\/09\/escapade_seasonoca_camping.jpg\",\"contentUrl\":\"https:\/\/vacances-seasonova.com\/wp-content\/uploads\/2016\/09\/escapade_seasonoca_camping.jpg\",\"width\":1480,\"height\":454,\"caption\":\"forfait_camping_escapade_seasonova_camping\"},{\"@type\":\"WebPage\",\"@id\":\"https:\/\/vacances-seasonova.com\/fr\/camping-et-location-de-vacances-seasonova\/#webpage\",\"url\":\"https:\/\/vacances-seasonova.com\/fr\/camping-et-location-de-vacances-seasonova\/\",\"name\":\"Location camping Slow life\",\"isPartOf\":{\"@id\":\"https:\/\/vacances-seasonova.com\/fr\/#website\"},\"primaryImageOfPage\":{\"@id\":\"https:\/\/vacances-seasonova.com\/fr\/camping-et-location-de-vacances-seasonova\/#primaryimage\"},\"datePublished\":\"2016-09-19T09:09:20+00:00\",\"dateModified\":\"2023-08-02T07:06:54+00:00\",\"description\":\"Les Campings Seasonova vous offre 18 destinations en France. Choisir une location camping slow life, c'est la garantie de vacances nature...\",\"breadcrumb\":{\"@id\":\"https:\/\/vacances-seasonova.com\/fr\/camping-et-location-de-vacances-seasonova\/#breadcrumb\"},\"inLanguage\":\"fr-FR\",\"potentialAction\":[{\"@type\":\"ReadAction\",\"target\":[\"https:\/\/vacances-seasonova.com\/fr\/camping-et-location-de-vacances-seasonova\/\"]}]},{\"@type\":\"BreadcrumbList\",\"@id\":\"https:\/\/vacances-seasonova.com\/fr\/camping-et-location-de-vacances-seasonova\/#breadcrumb\",\"itemListElement\":[{\"@type\":\"ListItem\",\"position\":1,\"name\":\"Accueil\",\"item\":\"https:\/\/vacances-seasonova.com\/nl\/\"},{\"@type\":\"ListItem\",\"position\":2,\"name\":\"Camping et Location de vacances Seasonova\"}]}]}<\/script>\n<!-- \/ Yoast SEO plugin. -->","yoast_head_json":{"description":"Les Campings Seasonova vous offre 18 destinations en France. Choisir une location camping slow life, c'est la garantie de vacances nature...","robots":{"index":"index","follow":"follow","max-snippet":"max-snippet:-1","max-image-preview":"max-image-preview:large","max-video-preview":"max-video-preview:-1"},"canonical":"https:\/\/vacances-seasonova.com\/fr\/camping-et-location-de-vacances-seasonova\/","og_locale":"fr_FR","og_type":"article","og_title":"Location camping Slow life","og_description":"Les Campings Seasonova vous offre 18 destinations en France. Choisir une location camping slow life, c'est la garantie de vacances nature...","og_url":"https:\/\/vacances-seasonova.com\/fr\/camping-et-location-de-vacances-seasonova\/","og_site_name":"Seasonova | Campings Normandie, Bretagne, Pays de La Loire et Alsace","article_modified_time":"2023-08-02T07:06:54+00:00","og_image":[{"width":1480,"height":454,"url":"https:\/\/vacances-seasonova.com\/wp-content\/uploads\/2016\/09\/escapade_seasonoca_camping.jpg","type":"image\/jpeg"}],"twitter_card":"summary","twitter_misc":{"Dur\u00e9e de lecture estim\u00e9e":"2 minutes"},"schema":{"@context":"https:\/\/schema.org","@graph":[{"@type":"WebSite","@id":"https:\/\/vacances-seasonova.com\/fr\/#website","url":"https:\/\/vacances-seasonova.com\/fr\/","name":"Seasonova | Campings Normandie, Bretagne, Pays de La Loire et Alsace","description":"","potentialAction":[{"@type":"SearchAction","target":{"@type":"EntryPoint","urlTemplate":"https:\/\/vacances-seasonova.com\/fr\/?s={search_term_string}"},"query-input":"required name=search_term_string"}],"inLanguage":"fr-FR"},{"@type":"ImageObject","@id":"https:\/\/vacances-seasonova.com\/fr\/camping-et-location-de-vacances-seasonova\/#primaryimage","inLanguage":"fr-FR","url":"https:\/\/vacances-seasonova.com\/wp-content\/uploads\/2016\/09\/escapade_seasonoca_camping.jpg","contentUrl":"https:\/\/vacances-seasonova.com\/wp-content\/uploads\/2016\/09\/escapade_seasonoca_camping.jpg","width":1480,"height":454,"caption":"forfait_camping_escapade_seasonova_camping"},{"@type":"WebPage","@id":"https:\/\/vacances-seasonova.com\/fr\/camping-et-location-de-vacances-seasonova\/#webpage","url":"https:\/\/vacances-seasonova.com\/fr\/camping-et-location-de-vacances-seasonova\/","name":"Location camping Slow life","isPartOf":{"@id":"https:\/\/vacances-seasonova.com\/fr\/#website"},"primaryImageOfPage":{"@id":"https:\/\/vacances-seasonova.com\/fr\/camping-et-location-de-vacances-seasonova\/#primaryimage"},"datePublished":"2016-09-19T09:09:20+00:00","dateModified":"2023-08-02T07:06:54+00:00","description":"Les Campings Seasonova vous offre 18 destinations en France. Choisir une location camping slow life, c'est la garantie de vacances nature...","breadcrumb":{"@id":"https:\/\/vacances-seasonova.com\/fr\/camping-et-location-de-vacances-seasonova\/#breadcrumb"},"inLanguage":"fr-FR","potentialAction":[{"@type":"ReadAction","target":["https:\/\/vacances-seasonova.com\/fr\/camping-et-location-de-vacances-seasonova\/"]}]},{"@type":"BreadcrumbList","@id":"https:\/\/vacances-seasonova.com\/fr\/camping-et-location-de-vacances-seasonova\/#breadcrumb","itemListElement":[{"@type":"ListItem","position":1,"name":"Accueil","item":"https:\/\/vacances-seasonova.com\/nl\/"},{"@type":"ListItem","position":2,"name":"Camping et Location de vacances Seasonova"}]}]}},"_links":{"self":[{"href":"https:\/\/vacances-seasonova.com\/fr\/wp-json\/wp\/v2\/pages\/58"}],"collection":[{"href":"https:\/\/vacances-seasonova.com\/fr\/wp-json\/wp\/v2\/pages"}],"about":[{"href":"https:\/\/vacances-seasonova.com\/fr\/wp-json\/wp\/v2\/types\/page"}],"author":[{"embeddable":true,"href":"https:\/\/vacances-seasonova.com\/fr\/wp-json\/wp\/v2\/users\/3"}],"replies":[{"embeddable":true,"href":"https:\/\/vacances-seasonova.com\/fr\/wp-json\/wp\/v2\/comments?post=58"}],"version-history":[{"count":7,"href":"https:\/\/vacances-seasonova.com\/fr\/wp-json\/wp\/v2\/pages\/58\/revisions"}],"predecessor-version":[{"id":38234,"href":"https:\/\/vacances-seasonova.com\/fr\/wp-json\/wp\/v2\/pages\/58\/revisions\/38234"}],"wp:featuredmedia":[{"embeddable":true,"href":"https:\/\/vacances-seasonova.com\/fr\/wp-json\/wp\/v2\/media\/661"}],"wp:attachment":[{"href":"https:\/\/vacances-seasonova.com\/fr\/wp-json\/wp\/v2\/media?parent=58"}],"curies":[{"name":"wp","href":"https:\/\/api.w.org\/{rel}","templated":true}]}}