    {"id":64,"date":"2016-09-19T10:16:57","date_gmt":"2016-09-19T09:16:57","guid":{"rendered":"http:\/\/vacances-seasonova.com\/?page_id=64"},"modified":"2025-04-23T09:31:40","modified_gmt":"2025-04-23T07:31:40","slug":"emplacements","status":"publish","type":"page","link":"https:\/\/vacances-seasonova.com\/fr\/emplacement\/","title":{"rendered":"Emplacement"},"content":{"rendered":"<p><\/p>\n<h2>D\u00e9couvrez nos offres d&#8217;emplacement de camping Nature<\/h2>\n<p class=\"p1\">Le camping c&rsquo;est la libert\u00e9, la libert\u00e9 de choisir son type d&#8217;emplacement, en tente, en caravane ou bien en camping-car. La libert\u00e9 de choisir ses jours d&rsquo;arriv\u00e9es et de d\u00e9parts. Dans les <a href=\"https:\/\/vacances-seasonova.com\/fr\/\">Campings Seasonova<\/a>, la priorit\u00e9 est donn\u00e9 \u00e0 l&#8217;emplacement de camping Nature pour conserver son caract\u00e8re traditionnel.<\/p>\n<p>Nos bornes \u00e9lectriques sont aux normes europ\u00e9ennes. Si vous n&rsquo;avez pas d&rsquo;adaptateurs, nous en vendons \u00e0 l&rsquo;accueil.<\/p>","protected":false},"excerpt":{"rendered":"<p>D\u00e9couvrez nos offres d&#8217;emplacement de camping Nature Le camping c&rsquo;est la libert\u00e9, la libert\u00e9 de choisir son type d&#8217;emplacement, en tente, en caravane ou bien en camping-car. La libert\u00e9 de choisir ses [&#8230;]<\/p>\n","protected":false},"author":3,"featured_media":658,"parent":0,"menu_order":0,"comment_status":"closed","ping_status":"closed","template":"page-parent.php","meta":[],"yoast_head":"<!-- This site is optimized with the Yoast SEO plugin v18.1 - https:\/\/yoast.com\/wordpress\/plugins\/seo\/ -->\n<meta name=\"description\" content=\"SEASONOVA, c&#039;est la garantie de b\u00e9n\u00e9ficier d&#039;un Emplacement de Camping Nature. Avec votre tente, votre Caravane ou camping car, vivre Slow...\" \/>\n<meta name=\"robots\" content=\"index, follow, max-snippet:-1, max-image-preview:large, max-video-preview:-1\" \/>\n<link rel=\"canonical\" href=\"https:\/\/vacances-seasonova.com\/fr\/camping-pitches\/\" \/>\n<meta property=\"og:locale\" content=\"fr_FR\" \/>\n<meta property=\"og:type\" content=\"article\" \/>\n<meta property=\"og:title\" content=\"Emplacement de Camping Nature\" \/>\n<meta property=\"og:description\" content=\"SEASONOVA, c&#039;est la garantie de b\u00e9n\u00e9ficier d&#039;un Emplacement de Camping Nature. Avec votre tente, votre Caravane ou camping car, vivre Slow...\" \/>\n<meta property=\"og:url\" content=\"https:\/\/vacances-seasonova.com\/en\/camping-pitches\/\" \/>\n<meta property=\"og:site_name\" content=\"Seasonova | Campings Normandie, Bretagne, Pays de La Loire et Alsace\" \/>\n<meta property=\"article:modified_time\" content=\"2025-04-23T07:31:40+00:00\" \/>\n<meta property=\"og:image\" content=\"https:\/\/vacances-seasonova.com\/wp-content\/uploads\/2016\/09\/tente_camping_seasonova.jpg\" \/>\n\t<meta property=\"og:image:width\" content=\"1480\" \/>\n\t<meta property=\"og:image:height\" content=\"449\" \/>\n\t<meta property=\"og:image:type\" content=\"image\/jpeg\" \/>\n<meta name=\"twitter:card\" content=\"summary\" \/>\n<meta name=\"twitter:label1\" content=\"Dur\u00e9e de lecture estim\u00e9e\" \/>\n\t<meta name=\"twitter:data1\" content=\"2 minutes\" \/>\n<script type=\"application\/ld+json\" class=\"yoast-schema-graph\">{\"@context\":\"https:\/\/schema.org\",\"@graph\":[{\"@type\":\"WebSite\",\"@id\":\"https:\/\/vacances-seasonova.com\/fr\/#website\",\"url\":\"https:\/\/vacances-seasonova.com\/fr\/\",\"name\":\"Seasonova | Campings Normandie, Bretagne, Pays de La Loire et Alsace\",\"description\":\"\",\"potentialAction\":[{\"@type\":\"SearchAction\",\"target\":{\"@type\":\"EntryPoint\",\"urlTemplate\":\"https:\/\/vacances-seasonova.com\/fr\/?s={search_term_string}\"},\"query-input\":\"required name=search_term_string\"}],\"inLanguage\":\"fr-FR\"},{\"@type\":\"ImageObject\",\"@id\":\"https:\/\/vacances-seasonova.com\/en\/camping-pitches\/#primaryimage\",\"inLanguage\":\"fr-FR\",\"url\":\"https:\/\/vacances-seasonova.com\/wp-content\/uploads\/2016\/09\/tente_camping_seasonova.jpg\",\"contentUrl\":\"https:\/\/vacances-seasonova.com\/wp-content\/uploads\/2016\/09\/tente_camping_seasonova.jpg\",\"width\":1480,\"height\":449,\"caption\":\"tente_camping_seasonova\"},{\"@type\":\"WebPage\",\"@id\":\"https:\/\/vacances-seasonova.com\/en\/camping-pitches\/#webpage\",\"url\":\"https:\/\/vacances-seasonova.com\/en\/camping-pitches\/\",\"name\":\"Emplacement de Camping Nature\",\"isPartOf\":{\"@id\":\"https:\/\/vacances-seasonova.com\/fr\/#website\"},\"primaryImageOfPage\":{\"@id\":\"https:\/\/vacances-seasonova.com\/en\/camping-pitches\/#primaryimage\"},\"datePublished\":\"2016-09-19T09:16:57+00:00\",\"dateModified\":\"2025-04-23T07:31:40+00:00\",\"description\":\"SEASONOVA, c'est la garantie de b\u00e9n\u00e9ficier d'un Emplacement de Camping Nature. Avec votre tente, votre Caravane ou camping car, vivre Slow...\",\"breadcrumb\":{\"@id\":\"https:\/\/vacances-seasonova.com\/en\/camping-pitches\/#breadcrumb\"},\"inLanguage\":\"fr-FR\",\"potentialAction\":[{\"@type\":\"ReadAction\",\"target\":[\"https:\/\/vacances-seasonova.com\/en\/camping-pitches\/\"]}]},{\"@type\":\"BreadcrumbList\",\"@id\":\"https:\/\/vacances-seasonova.com\/en\/camping-pitches\/#breadcrumb\",\"itemListElement\":[{\"@type\":\"ListItem\",\"position\":1,\"name\":\"Accueil\",\"item\":\"https:\/\/vacances-seasonova.com\/nl\/\"},{\"@type\":\"ListItem\",\"position\":2,\"name\":\"Emplacement\"}]}]}<\/script>\n<!-- \/ Yoast SEO plugin. -->","yoast_head_json":{"description":"SEASONOVA, c'est la garantie de b\u00e9n\u00e9ficier d'un Emplacement de Camping Nature. Avec votre tente, votre Caravane ou camping car, vivre Slow...","robots":{"index":"index","follow":"follow","max-snippet":"max-snippet:-1","max-image-preview":"max-image-preview:large","max-video-preview":"max-video-preview:-1"},"canonical":"https:\/\/vacances-seasonova.com\/fr\/camping-pitches\/","og_locale":"fr_FR","og_type":"article","og_title":"Emplacement de Camping Nature","og_description":"SEASONOVA, c'est la garantie de b\u00e9n\u00e9ficier d'un Emplacement de Camping Nature. Avec votre tente, votre Caravane ou camping car, vivre Slow...","og_url":"https:\/\/vacances-seasonova.com\/en\/camping-pitches\/","og_site_name":"Seasonova | Campings Normandie, Bretagne, Pays de La Loire et Alsace","article_modified_time":"2025-04-23T07:31:40+00:00","og_image":[{"width":1480,"height":449,"url":"https:\/\/vacances-seasonova.com\/wp-content\/uploads\/2016\/09\/tente_camping_seasonova.jpg","type":"image\/jpeg"}],"twitter_card":"summary","twitter_misc":{"Dur\u00e9e de lecture estim\u00e9e":"2 minutes"},"schema":{"@context":"https:\/\/schema.org","@graph":[{"@type":"WebSite","@id":"https:\/\/vacances-seasonova.com\/fr\/#website","url":"https:\/\/vacances-seasonova.com\/fr\/","name":"Seasonova | Campings Normandie, Bretagne, Pays de La Loire et Alsace","description":"","potentialAction":[{"@type":"SearchAction","target":{"@type":"EntryPoint","urlTemplate":"https:\/\/vacances-seasonova.com\/fr\/?s={search_term_string}"},"query-input":"required name=search_term_string"}],"inLanguage":"fr-FR"},{"@type":"ImageObject","@id":"https:\/\/vacances-seasonova.com\/en\/camping-pitches\/#primaryimage","inLanguage":"fr-FR","url":"https:\/\/vacances-seasonova.com\/wp-content\/uploads\/2016\/09\/tente_camping_seasonova.jpg","contentUrl":"https:\/\/vacances-seasonova.com\/wp-content\/uploads\/2016\/09\/tente_camping_seasonova.jpg","width":1480,"height":449,"caption":"tente_camping_seasonova"},{"@type":"WebPage","@id":"https:\/\/vacances-seasonova.com\/en\/camping-pitches\/#webpage","url":"https:\/\/vacances-seasonova.com\/en\/camping-pitches\/","name":"Emplacement de Camping Nature","isPartOf":{"@id":"https:\/\/vacances-seasonova.com\/fr\/#website"},"primaryImageOfPage":{"@id":"https:\/\/vacances-seasonova.com\/en\/camping-pitches\/#primaryimage"},"datePublished":"2016-09-19T09:16:57+00:00","dateModified":"2025-04-23T07:31:40+00:00","description":"SEASONOVA, c'est la garantie de b\u00e9n\u00e9ficier d'un Emplacement de Camping Nature. Avec votre tente, votre Caravane ou camping car, vivre Slow...","breadcrumb":{"@id":"https:\/\/vacances-seasonova.com\/en\/camping-pitches\/#breadcrumb"},"inLanguage":"fr-FR","potentialAction":[{"@type":"ReadAction","target":["https:\/\/vacances-seasonova.com\/en\/camping-pitches\/"]}]},{"@type":"BreadcrumbList","@id":"https:\/\/vacances-seasonova.com\/en\/camping-pitches\/#breadcrumb","itemListElement":[{"@type":"ListItem","position":1,"name":"Accueil","item":"https:\/\/vacances-seasonova.com\/nl\/"},{"@type":"ListItem","position":2,"name":"Emplacement"}]}]}},"_links":{"self":[{"href":"https:\/\/vacances-seasonova.com\/fr\/wp-json\/wp\/v2\/pages\/64"}],"collection":[{"href":"https:\/\/vacances-seasonova.com\/fr\/wp-json\/wp\/v2\/pages"}],"about":[{"href":"https:\/\/vacances-seasonova.com\/fr\/wp-json\/wp\/v2\/types\/page"}],"author":[{"embeddable":true,"href":"https:\/\/vacances-seasonova.com\/fr\/wp-json\/wp\/v2\/users\/3"}],"replies":[{"embeddable":true,"href":"https:\/\/vacances-seasonova.com\/fr\/wp-json\/wp\/v2\/comments?post=64"}],"version-history":[{"count":8,"href":"https:\/\/vacances-seasonova.com\/fr\/wp-json\/wp\/v2\/pages\/64\/revisions"}],"predecessor-version":[{"id":46789,"href":"https:\/\/vacances-seasonova.com\/fr\/wp-json\/wp\/v2\/pages\/64\/revisions\/46789"}],"wp:featuredmedia":[{"embeddable":true,"href":"https:\/\/vacances-seasonova.com\/fr\/wp-json\/wp\/v2\/media\/658"}],"wp:attachment":[{"href":"https:\/\/vacances-seasonova.com\/fr\/wp-json\/wp\/v2\/media?parent=64"}],"curies":[{"name":"wp","href":"https:\/\/api.w.org\/{rel}","templated":true}]}}