    {"id":7089,"date":"2018-06-21T09:16:10","date_gmt":"2018-06-21T08:16:10","guid":{"rendered":"http:\/\/vacances-seasonova.com\/?page_id=7089"},"modified":"2025-08-29T10:01:32","modified_gmt":"2025-08-29T08:01:32","slug":"politique-de-confidentialite","status":"publish","type":"page","link":"https:\/\/vacances-seasonova.com\/fr\/politique-de-confidentialite\/","title":{"rendered":"Politique de confidentialit\u00e9"},"content":{"rendered":"<p>Condition location camping SEASONOVA. Nous attachons une grande importance \u00e0 la pr\u00e9servation des donn\u00e9es \u00e0 caract\u00e8re personnelles confi\u00e9es par nos clients dans le cadre de nos services.<\/p>\n<p>Les paragraphes suivants visent \u00e0 vous informer sur la mani\u00e8re dont nous collectons et traitons vos donn\u00e9es \u00e0 caract\u00e8re personnelles &#8211; <strong>suite \u00e0 l\u2019utilisation de notre site et\/ou portails de r\u00e9servation, lors de l\u2019achat et de l\u2019utilisation de services ou lorsque vous interagissez avec nous via d\u2019autres canaux<\/strong> &#8211; \u00e0 quelles finalit\u00e9s nous les utilisons et avec qui nous les partageons.<\/p>\n<p><strong>Nous d\u00e9clarons que les Donn\u00e9es Personnelles collect\u00e9es par le groupe SEASONOVA l\u2019ont \u00e9t\u00e9 de mani\u00e8re loyale et licite, pour des finalit\u00e9s d\u00e9termin\u00e9es, explicites et l\u00e9gitimes.<\/strong><\/p>\n<h2>Collecte des donn\u00e9es personnelles<\/h2>\n<p>Les donn\u00e9es \u00e0 caract\u00e8res personnelles qui sont collect\u00e9es sur ce Site sont les suivantes :<\/p>\n<p><strong>&#8211; Formulaire de contact<\/strong> : Lorsque vous nous sollicitez au travers d&rsquo;un formulaire (civilit\u00e9, nom, pr\u00e9nom, t\u00e9l\u00e9phone, email)<\/p>\n<p><strong>&#8211; Abonnement \u00e0 la newsletter<\/strong> : Lorsque vous r\u00e9alisez une d\u00e9marche d&rsquo;inscription \u00e0 notre newsletter (email)<\/p>\n<p><strong>&#8211; Enregistrement de r\u00e9servation<\/strong> : Lorsque vous r\u00e9servez votre s\u00e9jour (civilit\u00e9, nom, pr\u00e9nom, nationalit\u00e9, adresse, t\u00e9l\u00e9phone, type d&rsquo;h\u00e9bergement ou d&#8217;emplacement r\u00e9serv\u00e9)<\/p>\n<p><strong>&#8211; Cookies<\/strong> : Les cookies sont utilis\u00e9s, dans le cadre de l\u2019utilisation du Site. L\u2019utilisateur a la possibilit\u00e9 de d\u00e9sactiver les cookies \u00e0 partir des param\u00e8tres de son navigateur.<\/p>\n<p><strong>&#8211; Contenu embarqu\u00e9 depuis d\u2019autres sites<\/strong> : Les articles de ce site peuvent inclure des contenus int\u00e9gr\u00e9s (par exemple des vid\u00e9os, images, articles\u2026). Le contenu int\u00e9gr\u00e9 depuis d\u2019autres sites se comporte de la m\u00eame mani\u00e8re que si le visiteur se rendait sur cet autre site. Ces sites web pourraient collecter des donn\u00e9es sur vous, utiliser des cookies, embarquer des outils de suivis tiers, suivre vos interactions avec ces contenus embarqu\u00e9s si vous disposez d\u2019un compte connect\u00e9 sur leur site web.<\/p>\n<h2>Utilisation des donn\u00e9es personnelles collect\u00e9es<\/h2>\n<p>Les donn\u00e9es personnelles collect\u00e9es aupr\u00e8s des utilisateurs ont pour objectif la <strong>mise \u00e0 disposition des services, leur am\u00e9lioration et le maintien d\u2019un environnement s\u00e9curis\u00e9<\/strong>. Plus pr\u00e9cis\u00e9ment, les utilisations sont les suivantes :<\/p>\n<p>\u2013 gestion du fonctionnement et optimisation du site ;<\/p>\n<p>\u2013 <strong>v\u00e9rification, identification et authentification<\/strong> des donn\u00e9es transmises par l\u2019utilisateur ;<\/p>\n<p>\u2013 mise en \u0153uvre d\u2019une assistance utilisateurs ;<\/p>\n<p>\u2013 <strong>traitement des r\u00e9servations<\/strong> clients et de gestion des services command\u00e9s;<\/p>\n<p>\u2013 envoi d\u2019informations commerciales et publicitaires, <strong>en fonction de la nationalit\u00e9 et des pr\u00e9f\u00e9rences<\/strong> de l\u2019utilisateur ;<\/p>\n<p>\u2013 personnalisation des services en affichant des publicit\u00e9s en fonction de l\u2019historique de navigation de l\u2019utilisateur, selon ses pr\u00e9f\u00e9rences ;<\/p>\n<p>\u2013 r\u00e9alisation d&rsquo;\u00e9tudes statistiques ;<\/p>\n<p>\u2013 <strong>am\u00e9lioration de l&rsquo;exp\u00e9rience<\/strong> client et de la qualit\u00e9 de service ;<\/p>\n<p>\u2013 pr\u00e9vention et d\u00e9tection des fraudes, malwares (\u201cmalicious softwares\u201c ou logiciels malveillants) et gestion des incidents de s\u00e9curit\u00e9 ;<\/p>\n<p>\u2013 gestion des \u00e9ventuels litiges avec les utilisateurs ;<\/p>\n<h2>Partage des donn\u00e9es personnelles avec des tiers<\/h2>\n<p>Nous pouvons \u00e9galement \u00eatre amen\u00e9 \u00e0 partager des Donn\u00e9es Personnelles avec <strong>des partenaires commerciaux et des soci\u00e9t\u00e9s prestataires de services auxquelles nous faisons appel<\/strong> intervenant dans le cadre des services fournis ou propos\u00e9s par SEASONOVA. Toutes les mesures sont prises afin d\u2019assurer un niveau de s\u00e9curit\u00e9 \u00e9lev\u00e9 de protection des Donn\u00e9es Personnelles et tout traitement est fait selon nos directives.<br \/>\nIls <strong>ne peuvent, en aucun cas, faire une autre utilisation des Donn\u00e9es Personnelles qui leurs sont transmises que celle express\u00e9ment exig\u00e9e, ni divulguer \u00e0 tout autre tiers<\/strong> les Donn\u00e9es Personnelles concernant les \u00e9tablissements SEASONOVA ou les consommateurs clients de ces \u00e9tablissements r\u00e9servant via SecureHoliday. Les prestataires techniques ne sont notamment <strong>pas autoris\u00e9s \u00e0 utiliser vos donn\u00e9es \u00e0 des fins de prospection commerciale pour leurs comptes<\/strong>.<\/p>\n<p>Dans tous les cas, les seules autres occasions o\u00f9 des donn\u00e9es personnelles peuvent \u00eatre transmises \u00e0 un tiers sont les suivantes :<\/p>\n<p>\u2013 Nous avons obtenu votre consentement \u00e0 cet effet au pr\u00e9alable<\/p>\n<p>\u2013 Les informations sont trait\u00e9es via un <strong>partenaire commercial de confiance en conformit\u00e9 avec la politique de confidentialit\u00e9<\/strong>, le respect de la vie priv\u00e9e et les niveaux de s\u00e9curit\u00e9, sur la base du contrat conclu entre ledit partenaire commercial et l\u2019Etablissement client<\/p>\n<p>\u2013 Nous faisons appel \u00e0 des soci\u00e9t\u00e9s tierces prestataires de service, dans un but de sous-traitance technique<\/p>\n<p>\u2013 Nous avons regroup\u00e9 des donn\u00e9es, ne permettant pas d\u2019identifier personnellement les personnes concern\u00e9es, qui seront utilis\u00e9es \u00e0 des fins de segmentation, de mod\u00e9lisation statistique, d&rsquo;\u00e9tudes g\u00e9n\u00e9rales ou d&rsquo;analyse de tendances<\/p>\n<p>\u2013 Nous avons le devoir de divulguer ou de communiquer des Donn\u00e9es Personnelles <strong>afin de respecter nos obligations l\u00e9gales, de faire appliquer nos conditions de vente et autres accords<\/strong>, et de prot\u00e9ger nos droits, notre propri\u00e9t\u00e9 ou notre s\u00e9curit\u00e9, celle de nos clients ou d&rsquo;autres.<\/p>\n<p>Ceci inclut l&rsquo;\u00e9change d&rsquo;informations avec d&rsquo;autres soci\u00e9t\u00e9s ou organismes dans le but de pr\u00e9venir la fraude et de r\u00e9duire le risque li\u00e9 au cr\u00e9dit.<\/p>\n<h2>Conservation des informations \u00e0 caract\u00e8res personnelles<\/h2>\n<p>Nous conservons les donn\u00e9es personnelles aussi longtemps qu\u2019il est n\u00e9cessaire pour poursuivre et r\u00e9aliser les finalit\u00e9s ci-dessus de la mani\u00e8re indiqu\u00e9e et respecter ses obligations l\u00e9gales.<\/p>\n<h2>Mise en \u0153uvre des droits des utilisateurs<\/h2>\n<p>En application de la r\u00e9glementation applicable aux donn\u00e9es \u00e0 caract\u00e8re personnel, les utilisateurs disposent des droits suivants :<\/p>\n<p>\u2013 ils peuvent exercer leur <strong>droit d\u2019acc\u00e8s<\/strong>, pour conna\u00eetre les donn\u00e9es personnelles les concernant, en \u00e9crivant \u00e0 l\u2019adresse \u00e9lectronique suivante : VACANCES SEASONOVA, route de Cabourg 14810 Merville-Franceville-Plage ou \u00e0 l\u2019adresse marketing@vacances-seasonova.com (au quel cas le site pourra demander une preuve de l\u2019identit\u00e9 de l\u2019utilisateur afin d\u2019en v\u00e9rifier l\u2019exactitude) ;<\/p>\n<p>\u2013 les utilisateurs peuvent <strong>demander la suppression de leurs donn\u00e9es \u00e0 caract\u00e8res personnelles<\/strong>, conform\u00e9ment aux lois applicables en mati\u00e8re de protection des donn\u00e9es, en \u00e9crivant \u00e0 l\u2019adresse suivante VACANCES SEASONOVA, route de Cabourg 14810 Merville-Franceville-Plage ou \u00e0 l\u2019adresse marketing@vacances-seasonova.com.<\/p>\n<h2>\u00c9volution de la pr\u00e9sente clause<\/h2>\n<p>Le Site se r\u00e9serve <strong>le droit d\u2019apporter toute modification \u00e0 la pr\u00e9sente clause<\/strong> relative \u00e0 la protection des donn\u00e9es \u00e0 caract\u00e8re personnel \u00e0 tout moment. Si une modification est apport\u00e9e \u00e0 la pr\u00e9sente clause de protection des donn\u00e9es \u00e0 caract\u00e8re personnel, la Site s\u2019engage \u00e0 publier la nouvelle version sur son site. Le Site informera \u00e9galement les utilisateurs de la modification par messagerie \u00e9lectronique, dans un d\u00e9lai minimum de 15 jours avant la date d\u2019effet.<\/p>","protected":false},"excerpt":{"rendered":"<p>Condition location camping SEASONOVA. Nous attachons une grande importance \u00e0 la pr\u00e9servation des donn\u00e9es \u00e0 caract\u00e8re personnelles confi\u00e9es par nos clients dans le cadre de nos services. Les paragraphes suivants visent [&#8230;]<\/p>\n","protected":false},"author":2,"featured_media":51830,"parent":0,"menu_order":0,"comment_status":"closed","ping_status":"closed","template":"","meta":[],"yoast_head":"<!-- This site is optimized with the Yoast SEO plugin v18.1 - https:\/\/yoast.com\/wordpress\/plugins\/seo\/ -->\n<meta name=\"robots\" content=\"index, follow, max-snippet:-1, max-image-preview:large, max-video-preview:-1\" \/>\n<link rel=\"canonical\" href=\"https:\/\/vacances-seasonova.com\/fr\/politique-de-confidentialite\/\" \/>\n<meta property=\"og:locale\" content=\"fr_FR\" \/>\n<meta property=\"og:type\" content=\"article\" \/>\n<meta property=\"og:title\" content=\"Politique de confidentialit\u00e9 - Seasonova | Campings Normandie, Bretagne, Pays de La Loire et Alsace\" \/>\n<meta property=\"og:description\" content=\"Condition location camping SEASONOVA. Nous attachons une grande importance \u00e0 la pr\u00e9servation des donn\u00e9es \u00e0 caract\u00e8re personnelles confi\u00e9es par nos clients dans le cadre de nos services. Les paragraphes suivants visent [...]\" \/>\n<meta property=\"og:url\" content=\"https:\/\/vacances-seasonova.com\/nl\/politique-de-confidentialite\/\" \/>\n<meta property=\"og:site_name\" content=\"Seasonova | Campings Normandie, Bretagne, Pays de La Loire et Alsace\" \/>\n<meta property=\"article:modified_time\" content=\"2025-08-29T08:01:32+00:00\" \/>\n<meta property=\"og:image\" content=\"https:\/\/vacances-seasonova.com\/wp-content\/uploads\/2025\/08\/confidentialite-1373x450.png\" \/>\n\t<meta property=\"og:image:width\" content=\"1373\" \/>\n\t<meta property=\"og:image:height\" content=\"450\" \/>\n\t<meta property=\"og:image:type\" content=\"image\/png\" \/>\n<meta name=\"twitter:card\" content=\"summary\" \/>\n<meta name=\"twitter:label1\" content=\"Dur\u00e9e de lecture estim\u00e9e\" \/>\n\t<meta name=\"twitter:data1\" content=\"18 minutes\" \/>\n<script type=\"application\/ld+json\" class=\"yoast-schema-graph\">{\"@context\":\"https:\/\/schema.org\",\"@graph\":[{\"@type\":\"WebSite\",\"@id\":\"https:\/\/vacances-seasonova.com\/fr\/#website\",\"url\":\"https:\/\/vacances-seasonova.com\/fr\/\",\"name\":\"Seasonova | Campings Normandie, Bretagne, Pays de La Loire et Alsace\",\"description\":\"\",\"potentialAction\":[{\"@type\":\"SearchAction\",\"target\":{\"@type\":\"EntryPoint\",\"urlTemplate\":\"https:\/\/vacances-seasonova.com\/fr\/?s={search_term_string}\"},\"query-input\":\"required name=search_term_string\"}],\"inLanguage\":\"fr-FR\"},{\"@type\":\"ImageObject\",\"@id\":\"https:\/\/vacances-seasonova.com\/nl\/politique-de-confidentialite\/#primaryimage\",\"inLanguage\":\"fr-FR\",\"url\":\"https:\/\/vacances-seasonova.com\/wp-content\/uploads\/2025\/08\/confidentialite.png\",\"contentUrl\":\"https:\/\/vacances-seasonova.com\/wp-content\/uploads\/2025\/08\/confidentialite.png\",\"width\":3808,\"height\":1248},{\"@type\":\"WebPage\",\"@id\":\"https:\/\/vacances-seasonova.com\/nl\/politique-de-confidentialite\/#webpage\",\"url\":\"https:\/\/vacances-seasonova.com\/nl\/politique-de-confidentialite\/\",\"name\":\"Politique de confidentialit\u00e9 - Seasonova | Campings Normandie, Bretagne, Pays de La Loire et Alsace\",\"isPartOf\":{\"@id\":\"https:\/\/vacances-seasonova.com\/fr\/#website\"},\"primaryImageOfPage\":{\"@id\":\"https:\/\/vacances-seasonova.com\/nl\/politique-de-confidentialite\/#primaryimage\"},\"datePublished\":\"2018-06-21T08:16:10+00:00\",\"dateModified\":\"2025-08-29T08:01:32+00:00\",\"breadcrumb\":{\"@id\":\"https:\/\/vacances-seasonova.com\/nl\/politique-de-confidentialite\/#breadcrumb\"},\"inLanguage\":\"fr-FR\",\"potentialAction\":[{\"@type\":\"ReadAction\",\"target\":[\"https:\/\/vacances-seasonova.com\/nl\/politique-de-confidentialite\/\"]}]},{\"@type\":\"BreadcrumbList\",\"@id\":\"https:\/\/vacances-seasonova.com\/nl\/politique-de-confidentialite\/#breadcrumb\",\"itemListElement\":[{\"@type\":\"ListItem\",\"position\":1,\"name\":\"Accueil\",\"item\":\"https:\/\/vacances-seasonova.com\/nl\/\"},{\"@type\":\"ListItem\",\"position\":2,\"name\":\"Politique de confidentialit\u00e9\"}]}]}<\/script>\n<!-- \/ Yoast SEO plugin. -->","yoast_head_json":{"robots":{"index":"index","follow":"follow","max-snippet":"max-snippet:-1","max-image-preview":"max-image-preview:large","max-video-preview":"max-video-preview:-1"},"canonical":"https:\/\/vacances-seasonova.com\/fr\/politique-de-confidentialite\/","og_locale":"fr_FR","og_type":"article","og_title":"Politique de confidentialit\u00e9 - Seasonova | Campings Normandie, Bretagne, Pays de La Loire et Alsace","og_description":"Condition location camping SEASONOVA. Nous attachons une grande importance \u00e0 la pr\u00e9servation des donn\u00e9es \u00e0 caract\u00e8re personnelles confi\u00e9es par nos clients dans le cadre de nos services. Les paragraphes suivants visent [...]","og_url":"https:\/\/vacances-seasonova.com\/nl\/politique-de-confidentialite\/","og_site_name":"Seasonova | Campings Normandie, Bretagne, Pays de La Loire et Alsace","article_modified_time":"2025-08-29T08:01:32+00:00","og_image":[{"width":1373,"height":450,"url":"https:\/\/vacances-seasonova.com\/wp-content\/uploads\/2025\/08\/confidentialite-1373x450.png","type":"image\/png"}],"twitter_card":"summary","twitter_misc":{"Dur\u00e9e de lecture estim\u00e9e":"18 minutes"},"schema":{"@context":"https:\/\/schema.org","@graph":[{"@type":"WebSite","@id":"https:\/\/vacances-seasonova.com\/fr\/#website","url":"https:\/\/vacances-seasonova.com\/fr\/","name":"Seasonova | Campings Normandie, Bretagne, Pays de La Loire et Alsace","description":"","potentialAction":[{"@type":"SearchAction","target":{"@type":"EntryPoint","urlTemplate":"https:\/\/vacances-seasonova.com\/fr\/?s={search_term_string}"},"query-input":"required name=search_term_string"}],"inLanguage":"fr-FR"},{"@type":"ImageObject","@id":"https:\/\/vacances-seasonova.com\/nl\/politique-de-confidentialite\/#primaryimage","inLanguage":"fr-FR","url":"https:\/\/vacances-seasonova.com\/wp-content\/uploads\/2025\/08\/confidentialite.png","contentUrl":"https:\/\/vacances-seasonova.com\/wp-content\/uploads\/2025\/08\/confidentialite.png","width":3808,"height":1248},{"@type":"WebPage","@id":"https:\/\/vacances-seasonova.com\/nl\/politique-de-confidentialite\/#webpage","url":"https:\/\/vacances-seasonova.com\/nl\/politique-de-confidentialite\/","name":"Politique de confidentialit\u00e9 - Seasonova | Campings Normandie, Bretagne, Pays de La Loire et Alsace","isPartOf":{"@id":"https:\/\/vacances-seasonova.com\/fr\/#website"},"primaryImageOfPage":{"@id":"https:\/\/vacances-seasonova.com\/nl\/politique-de-confidentialite\/#primaryimage"},"datePublished":"2018-06-21T08:16:10+00:00","dateModified":"2025-08-29T08:01:32+00:00","breadcrumb":{"@id":"https:\/\/vacances-seasonova.com\/nl\/politique-de-confidentialite\/#breadcrumb"},"inLanguage":"fr-FR","potentialAction":[{"@type":"ReadAction","target":["https:\/\/vacances-seasonova.com\/nl\/politique-de-confidentialite\/"]}]},{"@type":"BreadcrumbList","@id":"https:\/\/vacances-seasonova.com\/nl\/politique-de-confidentialite\/#breadcrumb","itemListElement":[{"@type":"ListItem","position":1,"name":"Accueil","item":"https:\/\/vacances-seasonova.com\/nl\/"},{"@type":"ListItem","position":2,"name":"Politique de confidentialit\u00e9"}]}]}},"_links":{"self":[{"href":"https:\/\/vacances-seasonova.com\/fr\/wp-json\/wp\/v2\/pages\/7089"}],"collection":[{"href":"https:\/\/vacances-seasonova.com\/fr\/wp-json\/wp\/v2\/pages"}],"about":[{"href":"https:\/\/vacances-seasonova.com\/fr\/wp-json\/wp\/v2\/types\/page"}],"author":[{"embeddable":true,"href":"https:\/\/vacances-seasonova.com\/fr\/wp-json\/wp\/v2\/users\/2"}],"replies":[{"embeddable":true,"href":"https:\/\/vacances-seasonova.com\/fr\/wp-json\/wp\/v2\/comments?post=7089"}],"version-history":[{"count":7,"href":"https:\/\/vacances-seasonova.com\/fr\/wp-json\/wp\/v2\/pages\/7089\/revisions"}],"predecessor-version":[{"id":51836,"href":"https:\/\/vacances-seasonova.com\/fr\/wp-json\/wp\/v2\/pages\/7089\/revisions\/51836"}],"wp:featuredmedia":[{"embeddable":true,"href":"https:\/\/vacances-seasonova.com\/fr\/wp-json\/wp\/v2\/media\/51830"}],"wp:attachment":[{"href":"https:\/\/vacances-seasonova.com\/fr\/wp-json\/wp\/v2\/media?parent=7089"}],"curies":[{"name":"wp","href":"https:\/\/api.w.org\/{rel}","templated":true}]}}