    {"id":7531,"date":"2018-07-16T14:17:30","date_gmt":"2018-07-16T13:17:30","guid":{"rendered":"http:\/\/vacances-seasonova.com\/?page_id=7531"},"modified":"2025-08-28T16:57:09","modified_gmt":"2025-08-28T14:57:09","slug":"seminaires-entreprise","status":"publish","type":"page","link":"https:\/\/vacances-seasonova.com\/fr\/locations-de-vacances\/seminaires-dentreprise\/","title":{"rendered":"S\u00e9minaires d\u2019Entreprise"},"content":{"rendered":"<p><\/p>\n<h2>ORGANISER UN S\u00c9MINAIRE<\/h2>\n<p>Vous cherchez un lieu pour animer votre prochain s\u00e9minaire d&rsquo;entreprise ? Loin des salles habituelles, vous profiterez d\u2019un cadre naturel propice \u00e0 la concentration et d\u2019\u00e9quipements de loisirs r\u00e9unissant les conditions id\u00e9ales \u00e0 l\u2019organisation de s\u00e9minaires et autres r\u00e9unions de travail. Offrez \u00e0 vos \u00e9quipes un s\u00e9minaire Slow Life, c&rsquo;est la garantie de vivre une exp\u00e9rience m\u00e9morable valorisante pour votre entreprise.<\/p>\n<p class=\"block-img btn-brochure-seminaire\"><a href=\"https:\/\/vacances-seasonova.com\/wp-content\/uploads\/2023\/10\/brochure_seminaire_generale_fr.pdf\" target=\"_blank\" rel=\"noopener\">T\u00e9l\u00e9charger notre brochure<\/a><\/p>\n<div class=\"row\">\n<p>&nbsp;<\/p>\n<div class=\"col-lg-4 col-md-4 block-offre-tarif\">\n<p class=\"block-img\"><img loading=\"lazy\" class=\"alignnone size-full wp-image-3202\" src=\"https:\/\/vacances-seasonova.com\/wp-content\/uploads\/2019\/05\/vignette-vivez-insolite3-300x300.png\" alt=\"\" width=\"300\" height=\"300\" \/><\/p>\n<h3 class=\"titre-promo-tarif\">UN SEJOUR ATYPIQUE<\/h3>\n<p class=\"block-img\">La promesse d&rsquo;un retour \u00e0 l&rsquo;essentiel, retrouvez vos souvenirs d\u2019enfance en grimpant dans les arbres ou en jouant les Robinsons.<\/p>\n<\/div>\n<div class=\"col-lg-4 col-md-4 block-offre-tarif\">\n<p class=\"block-img\"><img loading=\"lazy\" class=\"alignnone size-medium wp-image-3203\" src=\"https:\/\/vacances-seasonova.com\/wp-content\/uploads\/2018\/07\/vign-TEAMBUILDING.png\" alt=\"\" width=\"300\" height=\"221\" \/><\/p>\n<h3 class=\"titre-promo-tarif\">SOUDEZ VOTRE \u00c9QUIPE<\/h3>\n<p class=\"block-img\">Cr\u00e9ez ou resserrez les liens entre vos employ\u00e9s\/collaborateurs au travers des activit\u00e9s propos\u00e9es et d&rsquo;h\u00e9bergements partag\u00e9s.<\/p>\n<\/div>\n<div class=\"col-lg-4 col-md-4 block-offre-tarif\">\n<p class=\"block-img\"><img loading=\"lazy\" class=\"size-medium wp-image-3204 alignleft\" src=\"https:\/\/vacances-seasonova.com\/wp-content\/uploads\/2018\/07\/vign-services-et-equip.png\" alt=\"\" width=\"300\" height=\"211\" \/><\/p>\n<h3 class=\"titre-promo-tarif\">PROFITEZ DU LIEU<\/h3>\n<p class=\"block-img\">B\u00e9n\u00e9ficiez de l&rsquo;ensemble des services et \u00e9quipements propos\u00e9s dans nos \u00e9tablissements en dehors de vos r\u00e9unions.<\/p>\n<\/div>\n<p>&nbsp;<\/p>\n<div class=\"col-lg-4 col-md-4 block-offre-tarif\">\n<p class=\"block-img\"><img loading=\"lazy\" class=\"alignnone size-full wp-image-3202 resize\" src=\"https:\/\/vacances-seasonova.com\/wp-content\/uploads\/2018\/07\/vign-rest.jpg\" alt=\"\" width=\"300\" height=\"211\" \/><\/p>\n<h3 class=\"titre-promo-tarif\">RESTAUREZ-VOUS<\/h3>\n<p class=\"block-img\">Nous pouvons \u00e9galement r\u00e9pondre \u00e0 vos besoins pour les diff\u00e9rents moments de restauration (Petit d\u00e9jeuner \u2013 d\u00e9jeuner \u2013 soir\u00e9e) et selon diff\u00e9rentes formules (buffet, menu et traiteurs vari\u00e9s\u2026). Exp\u00e9rimentez la Slow food pour une d\u00e9connexion parfaite.<\/p>\n<\/div>\n<div class=\"col-lg-4 col-md-4 block-offre-tarif\">\n<p class=\"block-img\"><img loading=\"lazy\" class=\"alignnone size-medium wp-image-3203\" src=\"https:\/\/vacances-seasonova.com\/wp-content\/uploads\/2018\/07\/vign-HEB.jpg\" alt=\"\" width=\"300\" height=\"221\" \/><\/p>\n<h3 class=\"titre-promo-tarif\">VOUS LOGER<\/h3>\n<p class=\"block-img\">Regroupez vos \u00e9quipes dans des h\u00e9bergements \u00e9co-con\u00e7us et retrouver des plaisirs simples et la convivialit\u00e9 du camping nature.<\/p>\n<\/div>\n<div class=\"col-lg-4 col-md-4 block-offre-tarif\">\n<p class=\"block-img\"><img loading=\"lazy\" class=\"alignnone size-medium wp-image-3203\" src=\"https:\/\/vacances-seasonova.com\/wp-content\/uploads\/2023\/02\/vign-cadre.png\" alt=\"\" width=\"300\" height=\"221\" \/><\/p>\n<h3 class=\"titre-promo-tarif\">FOCALISER<\/h3>\n<p class=\"block-img\">R\u00e9unissez-vous dans une salle sp\u00e9ciale qui favorise la concentration et l&rsquo;utilisation de votre mat\u00e9riel, selon vos besoins.<\/p>\n<\/div>\n<div class=\"col-lg-4 col-md-4 block-offre-tarif\"><\/div>\n<p><img class=\"banniere responsive-image\" src=\"https:\/\/vacances-seasonova.com\/wp-content\/uploads\/2018\/07\/ban-sem-dest.png\" \/><\/p>\n<\/div>\n<h3 style=\"text-align: center;\">Le Groupe SEASONOVA vous propose plusieurs destinations pour orchestrer votre s\u00e9minaire au gr\u00e9 de vos envies et de vos pr\u00e9f\u00e9rences g\u00e9ographiques.<\/h3>\n<div class=\"btn-reservation-promo\">\n<div class=\"col-lg-4 col-md-4 block-offre-tarif\">\n<p class=\"block-img\" style=\"text-align: center;\"><img loading=\"lazy\" class=\"alignnone wp-image-38455 size-full\" src=\"https:\/\/vacances-seasonova.com\/wp-content\/uploads\/2023\/10\/foret.jpg\" alt=\"\" width=\"306\" height=\"306\" srcset=\"https:\/\/vacances-seasonova.com\/wp-content\/uploads\/2023\/10\/foret.jpg 306w, https:\/\/vacances-seasonova.com\/wp-content\/uploads\/2023\/10\/foret-300x300.jpg 300w, https:\/\/vacances-seasonova.com\/wp-content\/uploads\/2023\/10\/foret-150x150.jpg 150w\" sizes=\"(max-width: 306px) 100vw, 306px\" \/><\/p>\n<p class=\"block-text-align\"><span class=\"number sous-title-promo\">&#x2693; Sill\u00e9 Le Guillaume &#8211; S\u00e9minaire en for\u00eat <\/span><\/p>\n<p class=\"center\">\u00c0 deux pas de coco plage, c&rsquo;est bel et bien en for\u00eat que se trouve notre \u00e9tablissement. Une parenth\u00e8se de travail dans un lieu calme et original, c&rsquo;est ce que nous vous proposons dans notre camping de la For\u00eat. Plus d&rsquo;informations au 0236810001.<\/p>\n<\/div>\n<\/div>\n<div class=\"btn-reservation-promo\">\n<div class=\"col-lg-4 col-md-4 block-offre-tarif\">\n<p class=\"block-img\" style=\"text-align: center;\"><a href=\"https:\/\/vacances-seasonova.com\/wp-content\/uploads\/2023\/10\/brochure_seminaire_stmichel.pdf\" target=\"_blank\" rel=\"noopener\"><img loading=\"lazy\" class=\"alignnone wp-image-38456 size-full\" src=\"https:\/\/vacances-seasonova.com\/wp-content\/uploads\/2023\/10\/saint-michel.jpg\" alt=\"\" width=\"306\" height=\"306\" srcset=\"https:\/\/vacances-seasonova.com\/wp-content\/uploads\/2023\/10\/saint-michel.jpg 306w, https:\/\/vacances-seasonova.com\/wp-content\/uploads\/2023\/10\/saint-michel-300x300.jpg 300w, https:\/\/vacances-seasonova.com\/wp-content\/uploads\/2023\/10\/saint-michel-150x150.jpg 150w\" sizes=\"(max-width: 306px) 100vw, 306px\" \/><\/a><\/p>\n<p class=\"block-text-align\"><span class=\"number sous-title-promo\">&#x2693; Saint michel &#8211; S\u00e9minaire en Normandie <\/span><\/p>\n<p class=\"center\">Situ\u00e9 \u00e0 seulement 9km du fameux Mont-Saint-Michel, le camping Saint-Michel vous accueille au c\u0153ur de la Normandie pour d\u00e9couvrir le large choix d&rsquo;activit\u00e9s. Une destination parfaite pour un s\u00e9minaire authentique et calme.<\/p>\n<\/div>\n<\/div>\n<div class=\"btn-reservation-promo\">\n<div class=\"col-lg-4 col-md-4 block-offre-tarif\">\n<p class=\"block-img\" style=\"text-align: center;\"><img loading=\"lazy\" class=\"alignnone wp-image-38454 size-full\" src=\"https:\/\/vacances-seasonova.com\/wp-content\/uploads\/2023\/10\/domaine-saane-mer.jpg\" alt=\"\" width=\"306\" height=\"306\" srcset=\"https:\/\/vacances-seasonova.com\/wp-content\/uploads\/2023\/10\/domaine-saane-mer.jpg 306w, https:\/\/vacances-seasonova.com\/wp-content\/uploads\/2023\/10\/domaine-saane-mer-300x300.jpg 300w, https:\/\/vacances-seasonova.com\/wp-content\/uploads\/2023\/10\/domaine-saane-mer-150x150.jpg 150w\" sizes=\"(max-width: 306px) 100vw, 306px\" \/><\/p>\n<p class=\"block-text-align\"><span class=\"number sous-title-promo\">&#x2693; Quiberville (Domaine S\u00e2ane-et-mer)<\/span><\/p>\n<p class=\"center\">\u00c0 proximit\u00e9 de la merveilleuse C\u00f4te d\u2019Alb\u00e2tre se trouve notre \u00e9tablissement, le camping Domaine-Sa\u00e2ne-et-Mer.<br \/>\nIci, nous vous offrons l&rsquo;opportunit\u00e9 de conjuguer travail et d\u00e9tente au sein d&rsquo;un lieu paisible entour\u00e9 de l\u2019air iod\u00e9 de la mer, id\u00e9al pour l&rsquo;organisation de vos s\u00e9minaires.<\/p>\n<\/div>\n<\/div>\n<div class=\"btn-reservation-promo\">\n<div class=\"col-lg-4 col-md-4 block-offre-tarif\">\n<p class=\"block-img\" style=\"text-align: center;\"><img loading=\"lazy\" class=\"alignnone wp-image-38457 size-full\" src=\"https:\/\/vacances-seasonova.com\/wp-content\/uploads\/2023\/10\/vosges_nord.jpg\" alt=\"\" width=\"306\" height=\"306\" srcset=\"https:\/\/vacances-seasonova.com\/wp-content\/uploads\/2023\/10\/vosges_nord.jpg 306w, https:\/\/vacances-seasonova.com\/wp-content\/uploads\/2023\/10\/vosges_nord-300x300.jpg 300w, https:\/\/vacances-seasonova.com\/wp-content\/uploads\/2023\/10\/vosges_nord-150x150.jpg 150w\" sizes=\"(max-width: 306px) 100vw, 306px\" \/><\/p>\n<p class=\"block-text-align\"><span class=\"number sous-title-promo\">&#x2693; Oberbronn (Vosges du Nord)<\/span><\/p>\n<p class=\"center\">Le Camping des Vosges du Nord est bien plus qu&rsquo;un simple lieu de rassemblement. Il repr\u00e9sente une parenth\u00e8se au c\u0153ur de la montagne, o\u00f9 le calme et la s\u00e9r\u00e9nit\u00e9 r\u00e8gnent en ma\u00eetres, vous permettant de vous \u00e9loigner du rythme effr\u00e9n\u00e9 de la vie urbaine et de vous concentrer pleinement sur vos activit\u00e9s professionnelles.<\/p>\n<\/div>\n<\/div>\n<p><img class=\"banniere responsive-image\" src=\"https:\/\/vacances-seasonova.com\/wp-content\/uploads\/2018\/07\/confiance-sem.png\" \/><\/p>\n<div class=\"row\">\n<p>&nbsp;<\/p>\n<div class=\"col-lg-4 col-md-4 block-offre-tarif\">\n<p class=\"block-img\"><img loading=\"lazy\" class=\"alignnone size-full wp-image-3202\" src=\"https:\/\/vacances-seasonova.com\/wp-content\/uploads\/2018\/07\/maif.png\" alt=\"\" width=\"300\" height=\"211\" \/><\/p>\n<\/div>\n<div class=\"col-lg-4 col-md-4 block-offre-tarif\">\n<p class=\"block-img\"><img loading=\"lazy\" class=\"alignnone size-medium wp-image-3203\" src=\"https:\/\/vacances-seasonova.com\/wp-content\/uploads\/2018\/07\/fnticket.png\" alt=\"\" width=\"300\" height=\"221\" \/><\/p>\n<\/div>\n<div class=\"col-lg-4 col-md-4 block-offre-tarif\">\n<p class=\"block-img\"><img loading=\"lazy\" class=\"size-medium wp-image-3204\" src=\"https:\/\/vacances-seasonova.com\/wp-content\/uploads\/2018\/07\/cidre-et-dragon.png\" alt=\"\" width=\"300\" height=\"211\" \/><\/p>\n<\/div>\n<p><img loading=\"lazy\" class=\"alignnone size-full wp-image-19138\" src=\"https:\/\/vacances-seasonova.com\/wp-content\/uploads\/2020\/06\/logo-caisse-depargne.png\" alt=\"\" width=\"321\" height=\"157\" srcset=\"https:\/\/vacances-seasonova.com\/wp-content\/uploads\/2020\/06\/logo-caisse-depargne.png 321w, https:\/\/vacances-seasonova.com\/wp-content\/uploads\/2020\/06\/logo-caisse-depargne-300x147.png 300w\" sizes=\"(max-width: 321px) 100vw, 321px\" \/><\/p>\n<div class=\"col-lg-4 col-md-4 block-offre-tarif\"><img loading=\"lazy\" class=\"alignnone size-full wp-image-19140\" src=\"https:\/\/vacances-seasonova.com\/wp-content\/uploads\/2020\/06\/innolens.png\" alt=\"\" width=\"200\" height=\"200\" srcset=\"https:\/\/vacances-seasonova.com\/wp-content\/uploads\/2020\/06\/innolens.png 200w, https:\/\/vacances-seasonova.com\/wp-content\/uploads\/2020\/06\/innolens-150x150.png 150w\" sizes=\"(max-width: 200px) 100vw, 200px\" \/><\/div>\n<\/div>\n<p>&nbsp;<\/p>","protected":false},"excerpt":{"rendered":"<p>ORGANISER UN S\u00c9MINAIRE Vous cherchez un lieu pour animer votre prochain s\u00e9minaire d&rsquo;entreprise ? Loin des salles habituelles, vous profiterez d\u2019un cadre naturel propice \u00e0 la concentration et d\u2019\u00e9quipements de [&#8230;]<\/p>\n","protected":false},"author":2,"featured_media":7539,"parent":61,"menu_order":0,"comment_status":"closed","ping_status":"closed","template":"page-promo.php","meta":[],"yoast_head":"<!-- This site is optimized with the Yoast SEO plugin v18.1 - https:\/\/yoast.com\/wordpress\/plugins\/seo\/ -->\n<meta name=\"robots\" content=\"index, follow, max-snippet:-1, max-image-preview:large, max-video-preview:-1\" \/>\n<link rel=\"canonical\" href=\"https:\/\/vacances-seasonova.com\/fr\/vakantiewoningen-in-frankrijk\/bedrijfsseminars\/\" \/>\n<meta property=\"og:locale\" content=\"fr_FR\" \/>\n<meta property=\"og:type\" content=\"article\" \/>\n<meta property=\"og:title\" content=\"S\u00e9minaires d\u2019Entreprise - Seasonova | Campings Normandie, Bretagne, Pays de La Loire et Alsace\" \/>\n<meta property=\"og:description\" content=\"ORGANISER UN S\u00c9MINAIRE Vous cherchez un lieu pour animer votre prochain s\u00e9minaire d&rsquo;entreprise ? Loin des salles habituelles, vous profiterez d\u2019un cadre naturel propice \u00e0 la concentration et d\u2019\u00e9quipements de [...]\" \/>\n<meta property=\"og:url\" content=\"https:\/\/vacances-seasonova.com\/nl\/vakantiewoningen-in-frankrijk\/bedrijfsseminars\/\" \/>\n<meta property=\"og:site_name\" content=\"Seasonova | Campings Normandie, Bretagne, Pays de La Loire et Alsace\" \/>\n<meta property=\"article:modified_time\" content=\"2025-08-28T14:57:09+00:00\" \/>\n<meta property=\"og:image\" content=\"https:\/\/vacances-seasonova.com\/wp-content\/uploads\/2018\/07\/bannierese\u0301minaire-3.png\" \/>\n\t<meta property=\"og:image:width\" content=\"2000\" \/>\n\t<meta property=\"og:image:height\" content=\"600\" \/>\n\t<meta property=\"og:image:type\" content=\"image\/png\" \/>\n<meta name=\"twitter:card\" content=\"summary\" \/>\n<meta name=\"twitter:label1\" content=\"Dur\u00e9e de lecture estim\u00e9e\" \/>\n\t<meta name=\"twitter:data1\" content=\"6 minutes\" \/>\n<script type=\"application\/ld+json\" class=\"yoast-schema-graph\">{\"@context\":\"https:\/\/schema.org\",\"@graph\":[{\"@type\":\"WebSite\",\"@id\":\"https:\/\/vacances-seasonova.com\/fr\/#website\",\"url\":\"https:\/\/vacances-seasonova.com\/fr\/\",\"name\":\"Seasonova | Campings Normandie, Bretagne, Pays de La Loire et Alsace\",\"description\":\"\",\"potentialAction\":[{\"@type\":\"SearchAction\",\"target\":{\"@type\":\"EntryPoint\",\"urlTemplate\":\"https:\/\/vacances-seasonova.com\/fr\/?s={search_term_string}\"},\"query-input\":\"required name=search_term_string\"}],\"inLanguage\":\"fr-FR\"},{\"@type\":\"ImageObject\",\"@id\":\"https:\/\/vacances-seasonova.com\/nl\/vakantiewoningen-in-frankrijk\/bedrijfsseminars\/#primaryimage\",\"inLanguage\":\"fr-FR\",\"url\":\"https:\/\/vacances-seasonova.com\/wp-content\/uploads\/2018\/07\/bannierese\u0301minaire-3.png\",\"contentUrl\":\"https:\/\/vacances-seasonova.com\/wp-content\/uploads\/2018\/07\/bannierese\u0301minaire-3.png\",\"width\":2000,\"height\":600,\"caption\":\"organiser un s\u00e9minaire camping seasonova colloque location de salle r\u00e9ception \u00e9v\u00e8nement\"},{\"@type\":\"WebPage\",\"@id\":\"https:\/\/vacances-seasonova.com\/nl\/vakantiewoningen-in-frankrijk\/bedrijfsseminars\/#webpage\",\"url\":\"https:\/\/vacances-seasonova.com\/nl\/vakantiewoningen-in-frankrijk\/bedrijfsseminars\/\",\"name\":\"S\u00e9minaires d\u2019Entreprise - Seasonova | Campings Normandie, Bretagne, Pays de La Loire et Alsace\",\"isPartOf\":{\"@id\":\"https:\/\/vacances-seasonova.com\/fr\/#website\"},\"primaryImageOfPage\":{\"@id\":\"https:\/\/vacances-seasonova.com\/nl\/vakantiewoningen-in-frankrijk\/bedrijfsseminars\/#primaryimage\"},\"datePublished\":\"2018-07-16T13:17:30+00:00\",\"dateModified\":\"2025-08-28T14:57:09+00:00\",\"breadcrumb\":{\"@id\":\"https:\/\/vacances-seasonova.com\/nl\/vakantiewoningen-in-frankrijk\/bedrijfsseminars\/#breadcrumb\"},\"inLanguage\":\"fr-FR\",\"potentialAction\":[{\"@type\":\"ReadAction\",\"target\":[\"https:\/\/vacances-seasonova.com\/nl\/vakantiewoningen-in-frankrijk\/bedrijfsseminars\/\"]}]},{\"@type\":\"BreadcrumbList\",\"@id\":\"https:\/\/vacances-seasonova.com\/nl\/vakantiewoningen-in-frankrijk\/bedrijfsseminars\/#breadcrumb\",\"itemListElement\":[{\"@type\":\"ListItem\",\"position\":1,\"name\":\"Accueil\",\"item\":\"https:\/\/vacances-seasonova.com\/nl\/\"},{\"@type\":\"ListItem\",\"position\":2,\"name\":\"Locations de vacances\",\"item\":\"https:\/\/vacances-seasonova.com\/nl\/vakantiewoningen-in-frankrijk\/\"},{\"@type\":\"ListItem\",\"position\":3,\"name\":\"S\u00e9minaires d\u2019Entreprise\"}]}]}<\/script>\n<!-- \/ Yoast SEO plugin. -->","yoast_head_json":{"robots":{"index":"index","follow":"follow","max-snippet":"max-snippet:-1","max-image-preview":"max-image-preview:large","max-video-preview":"max-video-preview:-1"},"canonical":"https:\/\/vacances-seasonova.com\/fr\/vakantiewoningen-in-frankrijk\/bedrijfsseminars\/","og_locale":"fr_FR","og_type":"article","og_title":"S\u00e9minaires d\u2019Entreprise - Seasonova | Campings Normandie, Bretagne, Pays de La Loire et Alsace","og_description":"ORGANISER UN S\u00c9MINAIRE Vous cherchez un lieu pour animer votre prochain s\u00e9minaire d&rsquo;entreprise ? Loin des salles habituelles, vous profiterez d\u2019un cadre naturel propice \u00e0 la concentration et d\u2019\u00e9quipements de [...]","og_url":"https:\/\/vacances-seasonova.com\/nl\/vakantiewoningen-in-frankrijk\/bedrijfsseminars\/","og_site_name":"Seasonova | Campings Normandie, Bretagne, Pays de La Loire et Alsace","article_modified_time":"2025-08-28T14:57:09+00:00","og_image":[{"width":2000,"height":600,"url":"https:\/\/vacances-seasonova.com\/wp-content\/uploads\/2018\/07\/bannierese\u0301minaire-3.png","type":"image\/png"}],"twitter_card":"summary","twitter_misc":{"Dur\u00e9e de lecture estim\u00e9e":"6 minutes"},"schema":{"@context":"https:\/\/schema.org","@graph":[{"@type":"WebSite","@id":"https:\/\/vacances-seasonova.com\/fr\/#website","url":"https:\/\/vacances-seasonova.com\/fr\/","name":"Seasonova | Campings Normandie, Bretagne, Pays de La Loire et Alsace","description":"","potentialAction":[{"@type":"SearchAction","target":{"@type":"EntryPoint","urlTemplate":"https:\/\/vacances-seasonova.com\/fr\/?s={search_term_string}"},"query-input":"required name=search_term_string"}],"inLanguage":"fr-FR"},{"@type":"ImageObject","@id":"https:\/\/vacances-seasonova.com\/nl\/vakantiewoningen-in-frankrijk\/bedrijfsseminars\/#primaryimage","inLanguage":"fr-FR","url":"https:\/\/vacances-seasonova.com\/wp-content\/uploads\/2018\/07\/bannierese\u0301minaire-3.png","contentUrl":"https:\/\/vacances-seasonova.com\/wp-content\/uploads\/2018\/07\/bannierese\u0301minaire-3.png","width":2000,"height":600,"caption":"organiser un s\u00e9minaire camping seasonova colloque location de salle r\u00e9ception \u00e9v\u00e8nement"},{"@type":"WebPage","@id":"https:\/\/vacances-seasonova.com\/nl\/vakantiewoningen-in-frankrijk\/bedrijfsseminars\/#webpage","url":"https:\/\/vacances-seasonova.com\/nl\/vakantiewoningen-in-frankrijk\/bedrijfsseminars\/","name":"S\u00e9minaires d\u2019Entreprise - Seasonova | Campings Normandie, Bretagne, Pays de La Loire et Alsace","isPartOf":{"@id":"https:\/\/vacances-seasonova.com\/fr\/#website"},"primaryImageOfPage":{"@id":"https:\/\/vacances-seasonova.com\/nl\/vakantiewoningen-in-frankrijk\/bedrijfsseminars\/#primaryimage"},"datePublished":"2018-07-16T13:17:30+00:00","dateModified":"2025-08-28T14:57:09+00:00","breadcrumb":{"@id":"https:\/\/vacances-seasonova.com\/nl\/vakantiewoningen-in-frankrijk\/bedrijfsseminars\/#breadcrumb"},"inLanguage":"fr-FR","potentialAction":[{"@type":"ReadAction","target":["https:\/\/vacances-seasonova.com\/nl\/vakantiewoningen-in-frankrijk\/bedrijfsseminars\/"]}]},{"@type":"BreadcrumbList","@id":"https:\/\/vacances-seasonova.com\/nl\/vakantiewoningen-in-frankrijk\/bedrijfsseminars\/#breadcrumb","itemListElement":[{"@type":"ListItem","position":1,"name":"Accueil","item":"https:\/\/vacances-seasonova.com\/nl\/"},{"@type":"ListItem","position":2,"name":"Locations de vacances","item":"https:\/\/vacances-seasonova.com\/nl\/vakantiewoningen-in-frankrijk\/"},{"@type":"ListItem","position":3,"name":"S\u00e9minaires d\u2019Entreprise"}]}]}},"_links":{"self":[{"href":"https:\/\/vacances-seasonova.com\/fr\/wp-json\/wp\/v2\/pages\/7531"}],"collection":[{"href":"https:\/\/vacances-seasonova.com\/fr\/wp-json\/wp\/v2\/pages"}],"about":[{"href":"https:\/\/vacances-seasonova.com\/fr\/wp-json\/wp\/v2\/types\/page"}],"author":[{"embeddable":true,"href":"https:\/\/vacances-seasonova.com\/fr\/wp-json\/wp\/v2\/users\/2"}],"replies":[{"embeddable":true,"href":"https:\/\/vacances-seasonova.com\/fr\/wp-json\/wp\/v2\/comments?post=7531"}],"version-history":[{"count":77,"href":"https:\/\/vacances-seasonova.com\/fr\/wp-json\/wp\/v2\/pages\/7531\/revisions"}],"predecessor-version":[{"id":51800,"href":"https:\/\/vacances-seasonova.com\/fr\/wp-json\/wp\/v2\/pages\/7531\/revisions\/51800"}],"up":[{"embeddable":true,"href":"https:\/\/vacances-seasonova.com\/fr\/wp-json\/wp\/v2\/pages\/61"}],"wp:featuredmedia":[{"embeddable":true,"href":"https:\/\/vacances-seasonova.com\/fr\/wp-json\/wp\/v2\/media\/7539"}],"wp:attachment":[{"href":"https:\/\/vacances-seasonova.com\/fr\/wp-json\/wp\/v2\/media?parent=7531"}],"curies":[{"name":"wp","href":"https:\/\/api.w.org\/{rel}","templated":true}]}}