    {"id":81,"date":"2016-09-19T14:14:28","date_gmt":"2016-09-19T13:14:28","guid":{"rendered":"http:\/\/vacances-seasonova.com\/?page_id=81"},"modified":"2025-08-28T16:36:31","modified_gmt":"2025-08-28T14:36:31","slug":"les-services-seasonova","status":"publish","type":"page","link":"https:\/\/vacances-seasonova.com\/fr\/vacances-en-camping-seasonova\/les-services\/","title":{"rendered":"Les services"},"content":{"rendered":"<p><\/p>\n<h2 class=\"p1\" style=\"text-align: justify;\">Choisir un camping <b>Seasonova<\/b>, c\u2019est l\u2019assurance de partager des moments de d\u00e9tente et de convivialit\u00e9, de d\u00e9couvrir nos r\u00e9gions et curiosit\u00e9s locales, de se retrouver en pratiquant des activit\u00e9s de pleine nature ou tout simplement red\u00e9couvrir <b>\u00ab l\u2019art de vivre en plein air\u00bb<\/b>.<\/h2>\n<p class=\"p1\" style=\"text-align: justify;\">Nous vous offrons la tranquillit\u00e9 <b>Seasonova<\/b> sur chacun de nos sites, la tranquillit\u00e9 <b>Seasonova<\/b> c&rsquo;est un service identique disponible sur tous les campings.<\/p>\n<p class=\"p1\">Vous y retrouvez<span class=\"Apple-converted-space\">\u00a0 <\/span>:<\/p>\n<ul>\n<li class=\"p1\">Le service de d\u00e9p\u00f4t de pain<\/li>\n<li class=\"p1\">Un service de petits d\u00e9jeuners<\/li>\n<li class=\"p1\">Un acc\u00e8s \u00e0 internet (via wifi)<\/li>\n<li class=\"p1\">Un programme d&rsquo;animation<\/li>\n<li class=\"p1\">Location \u00e9quipements enfants (lit, chaise et poussette)<\/li>\n<li class=\"p1\">Un espace bar<\/li>\n<li class=\"p1\">Une aire de service pour camping car<\/li>\n<li class=\"p1\">Gardiennage, rondes de nuit toute la saison<\/li>\n<li class=\"p1\">Location d&rsquo;\u00e9quipements sportif<\/li>\n<li class=\"p1\">Douches et sanitaires gratuits<\/li>\n<li class=\"p1\">Une biblioth\u00e8que<\/li>\n<li class=\"p1\">Une documentation touristique compl\u00e8te<\/li>\n<li><a title=\"Camping avec garde d\u2019enfants\" href=\"https:\/\/vacances-seasonova.com\/fr\/vacances-en-camping-seasonova\/lexperience-seasonova\/parents-enfants\/camping-avec-garde-denfants\/\">Garde d&rsquo;enfants<\/a><\/li>\n<\/ul>\n<p><\/p>","protected":false},"excerpt":{"rendered":"<p>Choisir un camping Seasonova, c\u2019est l\u2019assurance de partager des moments de d\u00e9tente et de convivialit\u00e9, de d\u00e9couvrir nos r\u00e9gions et curiosit\u00e9s locales, de se retrouver en pratiquant des activit\u00e9s de pleine nature [&#8230;]<\/p>\n","protected":false},"author":3,"featured_media":16921,"parent":53,"menu_order":3,"comment_status":"closed","ping_status":"closed","template":"page.php","meta":[],"yoast_head":"<!-- This site is optimized with the Yoast SEO plugin v18.1 - https:\/\/yoast.com\/wordpress\/plugins\/seo\/ -->\n<meta name=\"robots\" content=\"index, follow, max-snippet:-1, max-image-preview:large, max-video-preview:-1\" \/>\n<link rel=\"canonical\" href=\"https:\/\/vacances-seasonova.com\/fr\/kampeervakantiein-frankrijk\/de-diensten\/\" \/>\n<meta property=\"og:locale\" content=\"fr_FR\" \/>\n<meta property=\"og:type\" content=\"article\" \/>\n<meta property=\"og:title\" content=\"Les services - Seasonova | Campings Normandie, Bretagne, Pays de La Loire et Alsace\" \/>\n<meta property=\"og:description\" content=\"Choisir un camping Seasonova, c\u2019est l\u2019assurance de partager des moments de d\u00e9tente et de convivialit\u00e9, de d\u00e9couvrir nos r\u00e9gions et curiosit\u00e9s locales, de se retrouver en pratiquant des activit\u00e9s de pleine nature [...]\" \/>\n<meta property=\"og:url\" content=\"https:\/\/vacances-seasonova.com\/nl\/kampeervakantiein-frankrijk\/de-diensten\/\" \/>\n<meta property=\"og:site_name\" content=\"Seasonova | Campings Normandie, Bretagne, Pays de La Loire et Alsace\" \/>\n<meta property=\"article:modified_time\" content=\"2025-08-28T14:36:31+00:00\" \/>\n<meta property=\"og:image\" content=\"https:\/\/vacances-seasonova.com\/wp-content\/uploads\/2020\/02\/canoe-674x450.jpeg\" \/>\n\t<meta property=\"og:image:width\" content=\"674\" \/>\n\t<meta property=\"og:image:height\" content=\"450\" \/>\n\t<meta property=\"og:image:type\" content=\"image\/jpeg\" \/>\n<meta name=\"twitter:card\" content=\"summary\" \/>\n<meta name=\"twitter:label1\" content=\"Dur\u00e9e de lecture estim\u00e9e\" \/>\n\t<meta name=\"twitter:data1\" content=\"3 minutes\" \/>\n<script type=\"application\/ld+json\" class=\"yoast-schema-graph\">{\"@context\":\"https:\/\/schema.org\",\"@graph\":[{\"@type\":\"WebSite\",\"@id\":\"https:\/\/vacances-seasonova.com\/fr\/#website\",\"url\":\"https:\/\/vacances-seasonova.com\/fr\/\",\"name\":\"Seasonova | Campings Normandie, Bretagne, Pays de La Loire et Alsace\",\"description\":\"\",\"potentialAction\":[{\"@type\":\"SearchAction\",\"target\":{\"@type\":\"EntryPoint\",\"urlTemplate\":\"https:\/\/vacances-seasonova.com\/fr\/?s={search_term_string}\"},\"query-input\":\"required name=search_term_string\"}],\"inLanguage\":\"fr-FR\"},{\"@type\":\"ImageObject\",\"@id\":\"https:\/\/vacances-seasonova.com\/nl\/kampeervakantiein-frankrijk\/de-diensten\/#primaryimage\",\"inLanguage\":\"fr-FR\",\"url\":\"https:\/\/vacances-seasonova.com\/wp-content\/uploads\/2020\/02\/canoe.jpeg\",\"contentUrl\":\"https:\/\/vacances-seasonova.com\/wp-content\/uploads\/2020\/02\/canoe.jpeg\",\"width\":6969,\"height\":4650,\"caption\":\"canoe\"},{\"@type\":\"WebPage\",\"@id\":\"https:\/\/vacances-seasonova.com\/nl\/kampeervakantiein-frankrijk\/de-diensten\/#webpage\",\"url\":\"https:\/\/vacances-seasonova.com\/nl\/kampeervakantiein-frankrijk\/de-diensten\/\",\"name\":\"Les services - Seasonova | Campings Normandie, Bretagne, Pays de La Loire et Alsace\",\"isPartOf\":{\"@id\":\"https:\/\/vacances-seasonova.com\/fr\/#website\"},\"primaryImageOfPage\":{\"@id\":\"https:\/\/vacances-seasonova.com\/nl\/kampeervakantiein-frankrijk\/de-diensten\/#primaryimage\"},\"datePublished\":\"2016-09-19T13:14:28+00:00\",\"dateModified\":\"2025-08-28T14:36:31+00:00\",\"breadcrumb\":{\"@id\":\"https:\/\/vacances-seasonova.com\/nl\/kampeervakantiein-frankrijk\/de-diensten\/#breadcrumb\"},\"inLanguage\":\"fr-FR\",\"potentialAction\":[{\"@type\":\"ReadAction\",\"target\":[\"https:\/\/vacances-seasonova.com\/nl\/kampeervakantiein-frankrijk\/de-diensten\/\"]}]},{\"@type\":\"BreadcrumbList\",\"@id\":\"https:\/\/vacances-seasonova.com\/nl\/kampeervakantiein-frankrijk\/de-diensten\/#breadcrumb\",\"itemListElement\":[{\"@type\":\"ListItem\",\"position\":1,\"name\":\"Accueil\",\"item\":\"https:\/\/vacances-seasonova.com\/nl\/\"},{\"@type\":\"ListItem\",\"position\":2,\"name\":\"Vacances en camping Seasonova\",\"item\":\"https:\/\/vacances-seasonova.com\/nl\/kampeervakantiein-frankrijk\/\"},{\"@type\":\"ListItem\",\"position\":3,\"name\":\"Les services\"}]}]}<\/script>\n<!-- \/ Yoast SEO plugin. -->","yoast_head_json":{"robots":{"index":"index","follow":"follow","max-snippet":"max-snippet:-1","max-image-preview":"max-image-preview:large","max-video-preview":"max-video-preview:-1"},"canonical":"https:\/\/vacances-seasonova.com\/fr\/kampeervakantiein-frankrijk\/de-diensten\/","og_locale":"fr_FR","og_type":"article","og_title":"Les services - Seasonova | Campings Normandie, Bretagne, Pays de La Loire et Alsace","og_description":"Choisir un camping Seasonova, c\u2019est l\u2019assurance de partager des moments de d\u00e9tente et de convivialit\u00e9, de d\u00e9couvrir nos r\u00e9gions et curiosit\u00e9s locales, de se retrouver en pratiquant des activit\u00e9s de pleine nature [...]","og_url":"https:\/\/vacances-seasonova.com\/nl\/kampeervakantiein-frankrijk\/de-diensten\/","og_site_name":"Seasonova | Campings Normandie, Bretagne, Pays de La Loire et Alsace","article_modified_time":"2025-08-28T14:36:31+00:00","og_image":[{"width":674,"height":450,"url":"https:\/\/vacances-seasonova.com\/wp-content\/uploads\/2020\/02\/canoe-674x450.jpeg","type":"image\/jpeg"}],"twitter_card":"summary","twitter_misc":{"Dur\u00e9e de lecture estim\u00e9e":"3 minutes"},"schema":{"@context":"https:\/\/schema.org","@graph":[{"@type":"WebSite","@id":"https:\/\/vacances-seasonova.com\/fr\/#website","url":"https:\/\/vacances-seasonova.com\/fr\/","name":"Seasonova | Campings Normandie, Bretagne, Pays de La Loire et Alsace","description":"","potentialAction":[{"@type":"SearchAction","target":{"@type":"EntryPoint","urlTemplate":"https:\/\/vacances-seasonova.com\/fr\/?s={search_term_string}"},"query-input":"required name=search_term_string"}],"inLanguage":"fr-FR"},{"@type":"ImageObject","@id":"https:\/\/vacances-seasonova.com\/nl\/kampeervakantiein-frankrijk\/de-diensten\/#primaryimage","inLanguage":"fr-FR","url":"https:\/\/vacances-seasonova.com\/wp-content\/uploads\/2020\/02\/canoe.jpeg","contentUrl":"https:\/\/vacances-seasonova.com\/wp-content\/uploads\/2020\/02\/canoe.jpeg","width":6969,"height":4650,"caption":"canoe"},{"@type":"WebPage","@id":"https:\/\/vacances-seasonova.com\/nl\/kampeervakantiein-frankrijk\/de-diensten\/#webpage","url":"https:\/\/vacances-seasonova.com\/nl\/kampeervakantiein-frankrijk\/de-diensten\/","name":"Les services - Seasonova | Campings Normandie, Bretagne, Pays de La Loire et Alsace","isPartOf":{"@id":"https:\/\/vacances-seasonova.com\/fr\/#website"},"primaryImageOfPage":{"@id":"https:\/\/vacances-seasonova.com\/nl\/kampeervakantiein-frankrijk\/de-diensten\/#primaryimage"},"datePublished":"2016-09-19T13:14:28+00:00","dateModified":"2025-08-28T14:36:31+00:00","breadcrumb":{"@id":"https:\/\/vacances-seasonova.com\/nl\/kampeervakantiein-frankrijk\/de-diensten\/#breadcrumb"},"inLanguage":"fr-FR","potentialAction":[{"@type":"ReadAction","target":["https:\/\/vacances-seasonova.com\/nl\/kampeervakantiein-frankrijk\/de-diensten\/"]}]},{"@type":"BreadcrumbList","@id":"https:\/\/vacances-seasonova.com\/nl\/kampeervakantiein-frankrijk\/de-diensten\/#breadcrumb","itemListElement":[{"@type":"ListItem","position":1,"name":"Accueil","item":"https:\/\/vacances-seasonova.com\/nl\/"},{"@type":"ListItem","position":2,"name":"Vacances en camping Seasonova","item":"https:\/\/vacances-seasonova.com\/nl\/kampeervakantiein-frankrijk\/"},{"@type":"ListItem","position":3,"name":"Les services"}]}]}},"_links":{"self":[{"href":"https:\/\/vacances-seasonova.com\/fr\/wp-json\/wp\/v2\/pages\/81"}],"collection":[{"href":"https:\/\/vacances-seasonova.com\/fr\/wp-json\/wp\/v2\/pages"}],"about":[{"href":"https:\/\/vacances-seasonova.com\/fr\/wp-json\/wp\/v2\/types\/page"}],"author":[{"embeddable":true,"href":"https:\/\/vacances-seasonova.com\/fr\/wp-json\/wp\/v2\/users\/3"}],"replies":[{"embeddable":true,"href":"https:\/\/vacances-seasonova.com\/fr\/wp-json\/wp\/v2\/comments?post=81"}],"version-history":[{"count":11,"href":"https:\/\/vacances-seasonova.com\/fr\/wp-json\/wp\/v2\/pages\/81\/revisions"}],"predecessor-version":[{"id":51775,"href":"https:\/\/vacances-seasonova.com\/fr\/wp-json\/wp\/v2\/pages\/81\/revisions\/51775"}],"up":[{"embeddable":true,"href":"https:\/\/vacances-seasonova.com\/fr\/wp-json\/wp\/v2\/pages\/53"}],"wp:featuredmedia":[{"embeddable":true,"href":"https:\/\/vacances-seasonova.com\/fr\/wp-json\/wp\/v2\/media\/16921"}],"wp:attachment":[{"href":"https:\/\/vacances-seasonova.com\/fr\/wp-json\/wp\/v2\/media?parent=81"}],"curies":[{"name":"wp","href":"https:\/\/api.w.org\/{rel}","templated":true}]}}