    {"id":83,"date":"2016-09-19T14:15:19","date_gmt":"2016-09-19T13:15:19","guid":{"rendered":"http:\/\/vacances-seasonova.com\/?page_id=83"},"modified":"2025-08-28T16:39:28","modified_gmt":"2025-08-28T14:39:28","slug":"camping-familial","status":"publish","type":"page","link":"https:\/\/vacances-seasonova.com\/fr\/vacances-en-camping-seasonova\/les-enfants\/","title":{"rendered":"Des campings pens\u00e9s pour nos enfants"},"content":{"rendered":"<p><\/p>\n<h1>Des campings pens\u00e9s pour nos enfants<\/h1>\n<div class=\"p1\" style=\"text-align: center;\">Les campings Seasonova sont parfaitement s\u00e9curis\u00e9s et pens\u00e9s pour nos enfants.<\/div>\n<div class=\"p1\" style=\"text-align: justify;\">\n<p style=\"text-align: center;\">Parce que \u00ab\u00a0L&rsquo;\u00e9ducation humanisante, est celle fond\u00e9e sur le v\u00e9cu\u00a0\u00bb, nous proposons des espaces de jeux id\u00e9aux pour l&rsquo;apprentissage de la libert\u00e9, des activit\u00e9s pour se retrouver en famille, des moments de d\u00e9tente \u00e0 vivre ensemble ou s\u00e9par\u00e9ment.<\/p>\n<div id=\"metaslider-id-547\" style=\"max-width: 850px;\" class=\"ml-slider-3-61-0 metaslider metaslider-flex metaslider-547 ml-slider ms-theme-default nav-hidden\" role=\"region\" aria-roledescription=\"Slideshow\" aria-label=\"enfant\">\n    <div id=\"metaslider_container_547\">\n        <div id=\"metaslider_547\">\n            <ul aria-live=\"polite\" class=\"slides\">\n                <li style=\"display: block; width: 100%;\" class=\"slide-3464 ms-image \" aria-roledescription=\"slide\" aria-label=\"slide-3464\"><img src=\"https:\/\/vacances-seasonova.com\/wp-content\/uploads\/2017\/07\/enfants-activite-arc-850x500.jpg\" height=\"500\" width=\"850\" alt=\"enfants-activite-arc\" class=\"slider-547 slide-3464\" \/><\/li>\n                <li style=\"display: none; width: 100%;\" class=\"slide-3466 ms-image \" aria-roledescription=\"slide\" aria-label=\"slide-3466\"><img src=\"https:\/\/vacances-seasonova.com\/wp-content\/uploads\/2017\/07\/enfants-mascottte-850x500.jpg\" height=\"500\" width=\"850\" alt=\"\" class=\"slider-547 slide-3466\" \/><\/li>\n                <li style=\"display: none; width: 100%;\" class=\"slide-515 ms-image \" aria-roledescription=\"slide\" aria-label=\"slide-515\"><img src=\"https:\/\/vacances-seasonova.com\/wp-content\/uploads\/2016\/09\/camping_seasonova_randonnees-680x400.jpg\" height=\"500\" width=\"850\" alt=\"camping-seasonova-randonnees\" class=\"slider-547 slide-515\" \/><\/li>\n                <li style=\"display: none; width: 100%;\" class=\"slide-539 ms-image \" aria-roledescription=\"slide\" aria-label=\"slide-539\"><img src=\"https:\/\/vacances-seasonova.com\/wp-content\/uploads\/2016\/09\/aquarev_camping_seasonova-700x411.jpg\" height=\"500\" width=\"850\" alt=\"camping aquarev parc base de loisir\" class=\"slider-547 slide-539\" \/><\/li>\n                <li style=\"display: none; width: 100%;\" class=\"slide-549 ms-image \" aria-roledescription=\"slide\" aria-label=\"slide-549\"><img src=\"https:\/\/vacances-seasonova.com\/wp-content\/uploads\/2016\/09\/camping_portes_alsace_enfant-680x400.jpg\" height=\"500\" width=\"850\" alt=\"camping-portes-alsace-enfant\" class=\"slider-547 slide-549\" \/><\/li>\n                <li style=\"display: none; width: 100%;\" class=\"slide-3468 ms-image \" aria-roledescription=\"slide\" aria-label=\"slide-3468\"><img src=\"https:\/\/vacances-seasonova.com\/wp-content\/uploads\/2017\/07\/enfants-activite-850x500.jpg\" height=\"500\" width=\"850\" alt=\"enfants activite\" class=\"slider-547 slide-3468\" \/><\/li>\n            <\/ul>\n        <\/div>\n        \n    <\/div>\n<\/div>\n<h2 class=\"p1\">Les tout petits<\/h2>\n<div class=\"row\">\n<div class=\"col-lg-4 col-md-4 col-sm-4\"><img loading=\"lazy\" class=\"\" src=\"https:\/\/vacances-seasonova.com\/wp-content\/uploads\/2018\/04\/Club-enfant-2.jpg\" alt=\"\" width=\"559\" height=\"315\" \/><\/div>\n<div class=\"col-lg-8 col-md-8 col-sm-8\">\n<p class=\"p1\">Les Campings Seasonova mettent tout en oeuvre pour simplifier votre s\u00e9jour.<\/p>\n<p class=\"p1\">Nous mettons \u00e0 votre disposition du mat\u00e9riel de pu\u00e9riculture<em><strong> ( chauffe-biberons , lits b\u00e9b\u00e9, matelas \u00e0 langer, baignoires , nursery&#8230;) <\/strong><\/em>\u00a0et des solutions de garde.<\/p>\n<p class=\"p1\">Ne vous encombrez plus avant le d\u00e9part,Seasonova r\u00e9-invente le camping familial en mettant \u00e0 votre disposition<em><strong> poussettes, si\u00e8ges b\u00e9b\u00e9, remorques v\u00e9lo pour\u00a0 enfants.<\/strong><\/em><\/p>\n<p>&nbsp;<\/p>\n<\/div>\n<\/div>\n<h2 class=\"p1\">Moments de libert\u00e9<\/h2>\n<div class=\"row\">\n<div class=\"col-lg-4 col-md-4 col-sm-4\"><img loading=\"lazy\" class=\"\" src=\"https:\/\/vacances-seasonova.com\/wp-content\/uploads\/2018\/04\/Club-enfant-2.jpg\" alt=\"\" width=\"559\" height=\"315\" \/><\/div>\n<div class=\"col-lg-8 col-md-8 col-sm-8\">\n<p class=\"p1\">Les vacances sont le moment id\u00e9al pour se d\u00e9passer et se laisser prendre au jeu pour r\u00e9unir petits et grands, nous vous proposons tout le long de votre s\u00e9jour des pauses en famille en compagnie d&rsquo;un Guide Slow qui aura \u00e0 c\u0153ur de vous faire passer des moments inoubliables. Au programme, des activit\u00e9s cr\u00e9ations en pleine nature, des grandes chasses aux tr\u00e9sors en famille, des soir\u00e9es histoires au coin du feu, des tournois sportifs, des ateliers permaculture etc&#8230;<\/p>\n<\/div>\n<\/div>\n<h2 class=\"p1\">Les Guides Slow<\/h2>\n<div class=\"row\">\n<div class=\"col-lg-4 col-md-4 col-sm-4\"><img loading=\"lazy\" class=\"\" src=\"https:\/\/vacances-seasonova.com\/wp-content\/uploads\/2017\/07\/enfant-jeux.jpg\" width=\"562\" height=\"316\" \/><\/div>\n<div class=\"col-lg-8 col-md-8 col-sm-8\">\n<p class=\"p1\">Le Guide Slow est votre meilleur ami! il vous proposera des activit\u00e9s diverses et vari\u00e9es pour vous faciliter la vie et d\u00e9couvrir la r\u00e9gion, il partagera avec vous les meilleures adresses pour aller d\u00e9guster des plats de la r\u00e9gion, il\u00a0vous conseillera les meilleurs circuits de balades \u00e0 v\u00e9lo, il vous invitera \u00e0 tester de nouvelles activit\u00e9s et pourquoi pas d\u00e9couvrir une nouvelle passion<\/p>\n<\/div>\n<\/div>\n<h2 class=\"p1\">GreenGO le h\u00e9ros des \u00e9colos<\/h2>\n<div class=\"row\">\n<div class=\"col-lg-4 col-md-4 col-sm-4\"><img loading=\"lazy\" class=\"\" src=\"https:\/\/vacances-seasonova.com\/wp-content\/uploads\/2017\/07\/boy-958457_1920.jpg\" width=\"566\" height=\"377\" \/><\/div>\n<div class=\"col-lg-8 col-md-8 col-sm-8\">\n<div class=\"gmail_default\">tout le monde sera conquis \u00a0par ce petit personnage au mille histoires&#8230;.Greengo se cachera partout ou vous poserez votre regard, il partage r\u00e9guli\u00e8rement ses\u00a0 meilleures\u00a0 astuces\u00a0 \u00e9colos pour rendre votre s\u00e9jour le plus green possible.<\/div>\n<\/div>\n<\/div>\n<\/div>\n<p><\/p>","protected":false},"excerpt":{"rendered":"<p>Des campings pens\u00e9s pour nos enfants Les campings Seasonova sont parfaitement s\u00e9curis\u00e9s et pens\u00e9s pour nos enfants. Parce que \u00ab\u00a0L&rsquo;\u00e9ducation humanisante, est celle fond\u00e9e sur le v\u00e9cu\u00a0\u00bb, nous proposons des [&#8230;]<\/p>\n","protected":false},"author":3,"featured_media":3735,"parent":53,"menu_order":4,"comment_status":"closed","ping_status":"closed","template":"page-sans-titre.php","meta":[],"yoast_head":"<!-- This site is optimized with the Yoast SEO plugin v18.1 - https:\/\/yoast.com\/wordpress\/plugins\/seo\/ -->\n<meta name=\"robots\" content=\"index, follow, max-snippet:-1, max-image-preview:large, max-video-preview:-1\" \/>\n<link rel=\"canonical\" href=\"https:\/\/vacances-seasonova.com\/fr\/vacances-en-camping-seasonova\/les-enfants\/\" \/>\n<meta property=\"og:locale\" content=\"fr_FR\" \/>\n<meta property=\"og:type\" content=\"article\" \/>\n<meta property=\"og:title\" content=\"Des campings pens\u00e9s pour nos enfants - Seasonova | Campings Normandie, Bretagne, Pays de La Loire et Alsace\" \/>\n<meta property=\"og:description\" content=\"Des campings pens\u00e9s pour nos enfants Les campings Seasonova sont parfaitement s\u00e9curis\u00e9s et pens\u00e9s pour nos enfants. Parce que \u00ab\u00a0L&rsquo;\u00e9ducation humanisante, est celle fond\u00e9e sur le v\u00e9cu\u00a0\u00bb, nous proposons des [...]\" \/>\n<meta property=\"og:url\" content=\"https:\/\/vacances-seasonova.com\/fr\/vacances-en-camping-seasonova\/les-enfants\/\" \/>\n<meta property=\"og:site_name\" content=\"Seasonova | Campings Normandie, Bretagne, Pays de La Loire et Alsace\" \/>\n<meta property=\"article:modified_time\" content=\"2025-08-28T14:39:28+00:00\" \/>\n<meta property=\"og:image\" content=\"https:\/\/vacances-seasonova.com\/wp-content\/uploads\/2016\/09\/baniere-enfant-web.jpg\" \/>\n\t<meta property=\"og:image:width\" content=\"4605\" \/>\n\t<meta property=\"og:image:height\" content=\"1228\" \/>\n\t<meta property=\"og:image:type\" content=\"image\/jpeg\" \/>\n<meta name=\"twitter:card\" content=\"summary\" \/>\n<meta name=\"twitter:label1\" content=\"Dur\u00e9e de lecture estim\u00e9e\" \/>\n\t<meta name=\"twitter:data1\" content=\"5 minutes\" \/>\n<script type=\"application\/ld+json\" class=\"yoast-schema-graph\">{\"@context\":\"https:\/\/schema.org\",\"@graph\":[{\"@type\":\"WebSite\",\"@id\":\"https:\/\/vacances-seasonova.com\/fr\/#website\",\"url\":\"https:\/\/vacances-seasonova.com\/fr\/\",\"name\":\"Seasonova | Campings Normandie, Bretagne, Pays de La Loire et Alsace\",\"description\":\"\",\"potentialAction\":[{\"@type\":\"SearchAction\",\"target\":{\"@type\":\"EntryPoint\",\"urlTemplate\":\"https:\/\/vacances-seasonova.com\/fr\/?s={search_term_string}\"},\"query-input\":\"required name=search_term_string\"}],\"inLanguage\":\"fr-FR\"},{\"@type\":\"ImageObject\",\"@id\":\"https:\/\/vacances-seasonova.com\/fr\/vacances-en-camping-seasonova\/les-enfants\/#primaryimage\",\"inLanguage\":\"fr-FR\",\"url\":\"https:\/\/vacances-seasonova.com\/wp-content\/uploads\/2016\/09\/baniere-enfant-web.jpg\",\"contentUrl\":\"https:\/\/vacances-seasonova.com\/wp-content\/uploads\/2016\/09\/baniere-enfant-web.jpg\",\"width\":4605,\"height\":1228,\"caption\":\"enfant seasonova\"},{\"@type\":\"WebPage\",\"@id\":\"https:\/\/vacances-seasonova.com\/fr\/vacances-en-camping-seasonova\/les-enfants\/#webpage\",\"url\":\"https:\/\/vacances-seasonova.com\/fr\/vacances-en-camping-seasonova\/les-enfants\/\",\"name\":\"Des campings pens\u00e9s pour nos enfants - Seasonova | Campings Normandie, Bretagne, Pays de La Loire et Alsace\",\"isPartOf\":{\"@id\":\"https:\/\/vacances-seasonova.com\/fr\/#website\"},\"primaryImageOfPage\":{\"@id\":\"https:\/\/vacances-seasonova.com\/fr\/vacances-en-camping-seasonova\/les-enfants\/#primaryimage\"},\"datePublished\":\"2016-09-19T13:15:19+00:00\",\"dateModified\":\"2025-08-28T14:39:28+00:00\",\"breadcrumb\":{\"@id\":\"https:\/\/vacances-seasonova.com\/fr\/vacances-en-camping-seasonova\/les-enfants\/#breadcrumb\"},\"inLanguage\":\"fr-FR\",\"potentialAction\":[{\"@type\":\"ReadAction\",\"target\":[\"https:\/\/vacances-seasonova.com\/fr\/vacances-en-camping-seasonova\/les-enfants\/\"]}]},{\"@type\":\"BreadcrumbList\",\"@id\":\"https:\/\/vacances-seasonova.com\/fr\/vacances-en-camping-seasonova\/les-enfants\/#breadcrumb\",\"itemListElement\":[{\"@type\":\"ListItem\",\"position\":1,\"name\":\"Accueil\",\"item\":\"https:\/\/vacances-seasonova.com\/nl\/\"},{\"@type\":\"ListItem\",\"position\":2,\"name\":\"Vacances en camping Seasonova\",\"item\":\"https:\/\/vacances-seasonova.com\/nl\/kampeervakantiein-frankrijk\/\"},{\"@type\":\"ListItem\",\"position\":3,\"name\":\"Des campings pens\u00e9s pour nos enfants\"}]}]}<\/script>\n<!-- \/ Yoast SEO plugin. -->","yoast_head_json":{"robots":{"index":"index","follow":"follow","max-snippet":"max-snippet:-1","max-image-preview":"max-image-preview:large","max-video-preview":"max-video-preview:-1"},"canonical":"https:\/\/vacances-seasonova.com\/fr\/vacances-en-camping-seasonova\/les-enfants\/","og_locale":"fr_FR","og_type":"article","og_title":"Des campings pens\u00e9s pour nos enfants - Seasonova | Campings Normandie, Bretagne, Pays de La Loire et Alsace","og_description":"Des campings pens\u00e9s pour nos enfants Les campings Seasonova sont parfaitement s\u00e9curis\u00e9s et pens\u00e9s pour nos enfants. Parce que \u00ab\u00a0L&rsquo;\u00e9ducation humanisante, est celle fond\u00e9e sur le v\u00e9cu\u00a0\u00bb, nous proposons des [...]","og_url":"https:\/\/vacances-seasonova.com\/fr\/vacances-en-camping-seasonova\/les-enfants\/","og_site_name":"Seasonova | Campings Normandie, Bretagne, Pays de La Loire et Alsace","article_modified_time":"2025-08-28T14:39:28+00:00","og_image":[{"width":4605,"height":1228,"url":"https:\/\/vacances-seasonova.com\/wp-content\/uploads\/2016\/09\/baniere-enfant-web.jpg","type":"image\/jpeg"}],"twitter_card":"summary","twitter_misc":{"Dur\u00e9e de lecture estim\u00e9e":"5 minutes"},"schema":{"@context":"https:\/\/schema.org","@graph":[{"@type":"WebSite","@id":"https:\/\/vacances-seasonova.com\/fr\/#website","url":"https:\/\/vacances-seasonova.com\/fr\/","name":"Seasonova | Campings Normandie, Bretagne, Pays de La Loire et Alsace","description":"","potentialAction":[{"@type":"SearchAction","target":{"@type":"EntryPoint","urlTemplate":"https:\/\/vacances-seasonova.com\/fr\/?s={search_term_string}"},"query-input":"required name=search_term_string"}],"inLanguage":"fr-FR"},{"@type":"ImageObject","@id":"https:\/\/vacances-seasonova.com\/fr\/vacances-en-camping-seasonova\/les-enfants\/#primaryimage","inLanguage":"fr-FR","url":"https:\/\/vacances-seasonova.com\/wp-content\/uploads\/2016\/09\/baniere-enfant-web.jpg","contentUrl":"https:\/\/vacances-seasonova.com\/wp-content\/uploads\/2016\/09\/baniere-enfant-web.jpg","width":4605,"height":1228,"caption":"enfant seasonova"},{"@type":"WebPage","@id":"https:\/\/vacances-seasonova.com\/fr\/vacances-en-camping-seasonova\/les-enfants\/#webpage","url":"https:\/\/vacances-seasonova.com\/fr\/vacances-en-camping-seasonova\/les-enfants\/","name":"Des campings pens\u00e9s pour nos enfants - Seasonova | Campings Normandie, Bretagne, Pays de La Loire et Alsace","isPartOf":{"@id":"https:\/\/vacances-seasonova.com\/fr\/#website"},"primaryImageOfPage":{"@id":"https:\/\/vacances-seasonova.com\/fr\/vacances-en-camping-seasonova\/les-enfants\/#primaryimage"},"datePublished":"2016-09-19T13:15:19+00:00","dateModified":"2025-08-28T14:39:28+00:00","breadcrumb":{"@id":"https:\/\/vacances-seasonova.com\/fr\/vacances-en-camping-seasonova\/les-enfants\/#breadcrumb"},"inLanguage":"fr-FR","potentialAction":[{"@type":"ReadAction","target":["https:\/\/vacances-seasonova.com\/fr\/vacances-en-camping-seasonova\/les-enfants\/"]}]},{"@type":"BreadcrumbList","@id":"https:\/\/vacances-seasonova.com\/fr\/vacances-en-camping-seasonova\/les-enfants\/#breadcrumb","itemListElement":[{"@type":"ListItem","position":1,"name":"Accueil","item":"https:\/\/vacances-seasonova.com\/nl\/"},{"@type":"ListItem","position":2,"name":"Vacances en camping Seasonova","item":"https:\/\/vacances-seasonova.com\/nl\/kampeervakantiein-frankrijk\/"},{"@type":"ListItem","position":3,"name":"Des campings pens\u00e9s pour nos enfants"}]}]}},"_links":{"self":[{"href":"https:\/\/vacances-seasonova.com\/fr\/wp-json\/wp\/v2\/pages\/83"}],"collection":[{"href":"https:\/\/vacances-seasonova.com\/fr\/wp-json\/wp\/v2\/pages"}],"about":[{"href":"https:\/\/vacances-seasonova.com\/fr\/wp-json\/wp\/v2\/types\/page"}],"author":[{"embeddable":true,"href":"https:\/\/vacances-seasonova.com\/fr\/wp-json\/wp\/v2\/users\/3"}],"replies":[{"embeddable":true,"href":"https:\/\/vacances-seasonova.com\/fr\/wp-json\/wp\/v2\/comments?post=83"}],"version-history":[{"count":46,"href":"https:\/\/vacances-seasonova.com\/fr\/wp-json\/wp\/v2\/pages\/83\/revisions"}],"predecessor-version":[{"id":51781,"href":"https:\/\/vacances-seasonova.com\/fr\/wp-json\/wp\/v2\/pages\/83\/revisions\/51781"}],"up":[{"embeddable":true,"href":"https:\/\/vacances-seasonova.com\/fr\/wp-json\/wp\/v2\/pages\/53"}],"wp:featuredmedia":[{"embeddable":true,"href":"https:\/\/vacances-seasonova.com\/fr\/wp-json\/wp\/v2\/media\/3735"}],"wp:attachment":[{"href":"https:\/\/vacances-seasonova.com\/fr\/wp-json\/wp\/v2\/media?parent=83"}],"curies":[{"name":"wp","href":"https:\/\/api.w.org\/{rel}","templated":true}]}}