    {"id":101,"date":"2016-09-20T11:06:03","date_gmt":"2016-09-20T10:06:03","guid":{"rendered":"http:\/\/vacances-seasonova.com\/?page_id=101"},"modified":"2025-08-28T14:48:14","modified_gmt":"2025-08-28T12:48:14","slug":"emplacement-camping-pour-caravane","status":"publish","type":"page","link":"https:\/\/vacances-seasonova.com\/nl\/staanplaatsen\/camping-voor-caravans-in-frankrijk\/","title":{"rendered":"Caravane"},"content":{"rendered":"<p><\/p>\n<p style=\"text-align: center;\">Met je eigen <strong>caravan<\/strong> op reis om de mooiste plekken van Frankrijk te ontdekken. En daarbij overnachten op een verzorgde camping met <strong>kampeerplaatsen in de natuur<\/strong>. Dat klinkt toch wel heel erg fijn? Bij de campings van Seasonova kan het. De staanplaatsen op onze campings zijn vlak en makkelijk toegankelijk. Ze worden van elkaar gescheiden door hagen, bomen of ander groen waardoor je altijd voldoende privacy hebt op je eigen plekje. En je hebt uiteraard de keuze uit schaduwrijke of meer zonnig gelegen kampeerplaatsen.<br \/>\n<div id=\"metaslider-id-562\" style=\"width: 100%;\" class=\"ml-slider-3-61-0 metaslider metaslider-flex metaslider-562 ml-slider ms-theme-default\" role=\"region\" aria-roledescription=\"Slideshow\" aria-label=\"caravane\">\n    <div id=\"metaslider_container_562\">\n        <div id=\"metaslider_562\">\n            <ul aria-live=\"polite\" class=\"slides\">\n                <li style=\"display: block; width: 100%;\" class=\"slide-563 ms-image \" aria-roledescription=\"slide\" aria-label=\"slide-563\"><img src=\"https:\/\/vacances-seasonova.com\/wp-content\/uploads\/2016\/09\/les_mouettes_seasonova-501x319.jpg\" height=\"350\" width=\"550\" alt=\"emplacements-camping-les-mouettes-seasonova\" class=\"slider-562 slide-563\" \/><\/li>\n                <li style=\"display: none; width: 100%;\" class=\"slide-564 ms-image \" aria-roledescription=\"slide\" aria-label=\"slide-564\"><img src=\"https:\/\/vacances-seasonova.com\/wp-content\/uploads\/2016\/09\/les_mouettes-499x318.jpg\" height=\"350\" width=\"550\" alt=\"\" class=\"slider-562 slide-564\" \/><\/li>\n                <li style=\"display: none; width: 100%;\" class=\"slide-565 ms-image \" aria-roledescription=\"slide\" aria-label=\"slide-565\"><img src=\"https:\/\/vacances-seasonova.com\/wp-content\/uploads\/2016\/09\/les_portes_alsace_caravane-550x350.jpg\" height=\"350\" width=\"550\" alt=\"camping-les-portes-alsace\" class=\"slider-562 slide-565\" \/><\/li>\n            <\/ul>\n        <\/div>\n        \n    <\/div>\n<\/div><\/p>\n<h2>Camping met kampeerplaatsen aan zee<\/h2>\n<p>Je caravan neerzetten op de eerste rij <strong>aan de Franse kust<\/strong> met uitzicht op de Atlantische Oceaan of Het Kanaal. Dat staat garant voor hele fijne vakantiemomenten op \u00e9\u00e9n van onze Seasonova campings in <a href=\"https:\/\/vacances-seasonova.com\/nl\/region\/camping-en-normandie-met-piscine\/\">Normandi\u00eb<\/a> of <a href=\"https:\/\/vacances-seasonova.com\/nl\/region\/kamperen-in-bretagne-boek-vandaag-nog\/\">Bretagne<\/a>. Vanaf <a href=\"https:\/\/vacances-seasonova.com\/nl\/camping\/camping-les-7-iles-bretagne-frankrijk\/\">camping Les 7 \u00celes<\/a> bijvoorbeeld heb je vanuit je eigen caravan uitzicht op de archipel De Zeven Eilanden; een groep eilanden voor de kust, waar zich het belangrijkste vogelreservaat van Frankrijk bevindt.<br \/>\nOf kies voor een boomrijke staanplaats op bijvoorbeeld <a href=\"https:\/\/vacances-seasonova.com\/nl\/camping\/camping-seasonova-de-la-foret\/\">camping La For\u00eat<\/a>, en verblijf onder hoge bomen die voor een heerlijke schaduw zorgen in de warme zomermaanden.<\/p>\n<h3>Camping met kampeerplaats Confort<\/h3>\n<p>Deze vlakke en groene kampeerplaatsen bieden tussen de 80m\u00b2 en 220m\u00b2, afhankelijk van de camping. Elke plek heeft uiteraard een eigen elektriciteitsaansluiting (10A) met een verlengkabel van zo\u2019n 15 meter. Dat is in vrijwel alle gevallen ruim voldoende om je caravan te kunnen aansluiten. Mocht het nodig zijn, dat hebben we uiteraard een Europese adapter voor je beschikbaar.<\/p>\n<h3>Camping met kampeerplaats Grand Confort<\/h3>\n<p>Wil je wat meer luxe tijdens je vakantie en gebruik kunnen maken van bijvoorbeeld je <strong>eigen douche<\/strong>, dan hebben Grand Confort-plekken op een groot aantal van onze natuurcampings. Hier is, naast alles wat een fijne Confort-staanplaats al biedt, ook nog eens de beschikking over je eigen <strong>aan- en afvoer van water<\/strong>. Dat is wel erg fijn en luxe kamperen!<\/p>\n<h2>Camping Frankrijk voor gezinsvakantie met caravan<\/h2>\n<p>Je wilt voor jezelf en je gezin het gemak en comfort van een aantal eigen voorzieningen en tegelijkertijd een camping waar van alles is geregeld? Kom dan met je caravan naar \u00e9\u00e9n van de natuurcampings van Seasonova. Zowel aan de Noordwestkust van Frankrijk in Bretagne als in de groene Loire en Elzas hebben we echte <strong><a href=\"https:\/\/vacances-seasonova.com\/nl\/kampeervakantiein-frankrijk\/lexperience-seasonova\/espace-parents-enfants\/\">familiecampings<\/a><\/strong> waar je een heerlijke kampeervakantie met het hele gezin kan doorbrengen. Wij richten ons voornamelijk op gezinnen met jonge kinderen. Daarom zijn de campings alle <strong>kleinschalig<\/strong> zodat jij en de kids in een veilige omgeving de vakantie kunnen doorbrengen. En heb je op de Seasonova campings niet het gevoel hebben in een grote massa op te gaan.<\/p>\n<h3>Staanplaats camping Frankrijk met zwembad<\/h3>\n<p>Dat je met je eigen caravan komt, betekent uiteraard niet dat je geen gebruik kunt maken van de overige voorzieningen op onze campings. Integendeel, alle faciliteiten zoals bijvoorbeeld de <a href=\"https:\/\/vacances-seasonova.com\/nl\/kampeervakantiein-frankrijk\/campings-met-zwembad-normandie-bretagne-elzas-ile-de-re\/\">zwembaden<\/a>, restaurants, bars, animatie en <a href=\"https:\/\/vacances-seasonova.com\/nl\/kampeervakantiein-frankrijk\/lexperience-seasonova\/mini-ferme\/\">kinderboerderijen<\/a> zijn uiteraard voor jou en je reisgezelschap beschikbaar. Voor alle leden van het gezin zijn er meer dan genoeg dingen om te doen op en rond de campings van Seasonova. Op de receptie helpen we je graag verder met informatie hierover.<\/p>\n<p><strong>Staanplaatsen voor caravans zijn er op de volgende campings van Seasonova:<\/strong><\/p>\n<ul>\n<li class=\"p1\"><a href=\"https:\/\/vacances-seasonova.com\/fr\/camping\/le-point-du-jour\/\">Au Camping Le Point du Jour \u00e0 Merville-Franceville Plage<\/a><\/li>\n<li class=\"p1\"><a href=\"https:\/\/vacances-seasonova.com\/camping\/camping-les-mouettes\/\">Au Camping Les Mouettes \u00e0 Veules-les-Roses<\/a><\/li>\n<li class=\"p1\"><a href=\"https:\/\/vacances-seasonova.com\/fr\/camping\/etennemare\/\">Au Camping d&#8217;Etennemare \u00e0 Saint-Val\u00e9ry-en-Caux<\/a><\/li>\n<li class=\"p1\"><a href=\"https:\/\/vacances-seasonova.com\/camping\/camping-les-plages-de-loire\/\">Au Camping des plages de Loire \u00e0 Rochefort-sur-Loire<\/a><\/li>\n<li class=\"p1\"><a href=\"https:\/\/vacances-seasonova.com\/camping\/camping-aquarev\/\">Au Camping Aquarev \u00e0 Loud\u00e9ac<\/a><\/li>\n<li class=\"p1\"><a href=\"https:\/\/vacances-seasonova.com\/camping\/camping-les-portes-dalsace\/\">Au Camping les Portes d&#8217;Alsace \u00e0 Saverne<\/a><\/li>\n<li class=\"p1\"><a href=\"https:\/\/vacances-seasonova.com\/camping\/camping-les-7-iles\/\">Au Camping Les 7 Iles \u00e0 Trelevern<\/a><\/li>\n<li class=\"p1\"><a href=\"https:\/\/vacances-seasonova.com\/fr\/camping\/le-camping-haliotis\/\">Au Camping Le Haliotis \u00e0 Pontorson<\/a><\/li>\n<li class=\"p1\"><a href=\"https:\/\/vacances-seasonova.com\/fr\/camping\/le-camping-haliotis\/\">Au Camping Le Saint-Michel \u00e0 Courtils<\/a><\/li>\n<li class=\"p1\"><a href=\"https:\/\/vacances-seasonova.com\/fr\/camping\/vesoul\/\">Au Camping Vesoul \u00e0 vaivre et Montoille<\/a><\/li>\n<li class=\"p1\"><a href=\"https:\/\/vacances-seasonova.com\/fr\/camping\/vittel\/\">Au Camping vittel \u00e0 vittel<\/a><\/li>\n<li class=\"p1\"><a href=\"https:\/\/vacances-seasonova.com\/fr\/camping\/oberbronn\/\">Au Camping Les Vosges du Nord \u00e0 Oberbronn<\/a><\/li>\n<li class=\"p1\"><a href=\"https:\/\/vacances-seasonova.com\/fr\/camping\/camping-seasonova-de-la-foret\/\">Au Camping La For\u00eat \u00e0 Sill\u00e9-le-Guillaume<\/a><\/li>\n<li class=\"p1\"><a href=\"https:\/\/vacances-seasonova.com\/fr\/camping\/etang-de-la-vallee\/\">Au Camping L&#8217;\u00c9tang de la vall\u00e9e \u00e0 Combreux<\/a><\/li>\n<li class=\"p1\"><a href=\"https:\/\/vacances-seasonova.com\/fr\/camping\/letang-des-bois\/\">Au Camping L&#8217;\u00c9tang des Bois \u00e0 Vieilles Maisons Sur Joudry <\/a><\/li>\n<\/ul>\n<p><\/p>","protected":false},"excerpt":{"rendered":"<p>Met je eigen caravan op reis om de mooiste plekken van Frankrijk te ontdekken. En daarbij overnachten op een verzorgde camping met kampeerplaatsen in de natuur. Dat klinkt toch wel heel erg fijn? Bij de campings van [&#8230;]<\/p>\n","protected":false},"author":3,"featured_media":663,"parent":64,"menu_order":1,"comment_status":"closed","ping_status":"closed","template":"page.php","meta":[],"yoast_head":"<!-- This site is optimized with the Yoast SEO plugin v18.1 - https:\/\/yoast.com\/wordpress\/plugins\/seo\/ -->\n<meta name=\"description\" content=\"Les Campings Seasonova vous proposerons toujours des emplacement camping pour caravane. D\u00e9couvrez toutes nos destinations nature...\" \/>\n<meta name=\"robots\" content=\"index, follow, max-snippet:-1, max-image-preview:large, max-video-preview:-1\" \/>\n<link rel=\"canonical\" href=\"https:\/\/vacances-seasonova.com\/nl\/staanplaatsen\/camping-voor-caravans-in-frankrijk\/\" \/>\n<meta property=\"og:locale\" content=\"nl_NL\" \/>\n<meta property=\"og:type\" content=\"article\" \/>\n<meta property=\"og:title\" content=\"Emplacement Camping pour caravane\" \/>\n<meta property=\"og:description\" content=\"Les Campings Seasonova vous proposerons toujours des emplacement camping pour caravane. D\u00e9couvrez toutes nos destinations nature...\" \/>\n<meta property=\"og:url\" content=\"https:\/\/vacances-seasonova.com\/nl\/staanplaatsen\/camping-voor-caravans-in-frankrijk\/\" \/>\n<meta property=\"og:site_name\" content=\"Seasonova\" \/>\n<meta property=\"article:modified_time\" content=\"2025-08-28T12:48:14+00:00\" \/>\n<meta property=\"og:image\" content=\"https:\/\/vacances-seasonova.com\/wp-content\/uploads\/2016\/09\/caravanes_camping_seasonova.jpg\" \/>\n\t<meta property=\"og:image:width\" content=\"1480\" \/>\n\t<meta property=\"og:image:height\" content=\"452\" \/>\n\t<meta property=\"og:image:type\" content=\"image\/jpeg\" \/>\n<meta name=\"twitter:card\" content=\"summary\" \/>\n<meta name=\"twitter:label1\" content=\"Geschatte leestijd\" \/>\n\t<meta name=\"twitter:data1\" content=\"2 minuten\" \/>\n<script type=\"application\/ld+json\" class=\"yoast-schema-graph\">{\"@context\":\"https:\/\/schema.org\",\"@graph\":[{\"@type\":\"WebSite\",\"@id\":\"https:\/\/vacances-seasonova.com\/fr\/#website\",\"url\":\"https:\/\/vacances-seasonova.com\/fr\/\",\"name\":\"Seasonova\",\"description\":\"\",\"potentialAction\":[{\"@type\":\"SearchAction\",\"target\":{\"@type\":\"EntryPoint\",\"urlTemplate\":\"https:\/\/vacances-seasonova.com\/fr\/?s={search_term_string}\"},\"query-input\":\"required name=search_term_string\"}],\"inLanguage\":\"nl\"},{\"@type\":\"ImageObject\",\"@id\":\"https:\/\/vacances-seasonova.com\/nl\/staanplaatsen\/camping-voor-caravans-in-frankrijk\/#primaryimage\",\"inLanguage\":\"nl\",\"url\":\"https:\/\/vacances-seasonova.com\/wp-content\/uploads\/2016\/09\/caravanes_camping_seasonova.jpg\",\"contentUrl\":\"https:\/\/vacances-seasonova.com\/wp-content\/uploads\/2016\/09\/caravanes_camping_seasonova.jpg\",\"width\":1480,\"height\":452,\"caption\":\"caravanes_camping_seasonova\"},{\"@type\":\"WebPage\",\"@id\":\"https:\/\/vacances-seasonova.com\/nl\/staanplaatsen\/camping-voor-caravans-in-frankrijk\/#webpage\",\"url\":\"https:\/\/vacances-seasonova.com\/nl\/staanplaatsen\/camping-voor-caravans-in-frankrijk\/\",\"name\":\"Emplacement Camping pour caravane\",\"isPartOf\":{\"@id\":\"https:\/\/vacances-seasonova.com\/fr\/#website\"},\"primaryImageOfPage\":{\"@id\":\"https:\/\/vacances-seasonova.com\/nl\/staanplaatsen\/camping-voor-caravans-in-frankrijk\/#primaryimage\"},\"datePublished\":\"2016-09-20T10:06:03+00:00\",\"dateModified\":\"2025-08-28T12:48:14+00:00\",\"description\":\"Les Campings Seasonova vous proposerons toujours des emplacement camping pour caravane. D\u00e9couvrez toutes nos destinations nature...\",\"breadcrumb\":{\"@id\":\"https:\/\/vacances-seasonova.com\/nl\/staanplaatsen\/camping-voor-caravans-in-frankrijk\/#breadcrumb\"},\"inLanguage\":\"nl\",\"potentialAction\":[{\"@type\":\"ReadAction\",\"target\":[\"https:\/\/vacances-seasonova.com\/nl\/staanplaatsen\/camping-voor-caravans-in-frankrijk\/\"]}]},{\"@type\":\"BreadcrumbList\",\"@id\":\"https:\/\/vacances-seasonova.com\/nl\/staanplaatsen\/camping-voor-caravans-in-frankrijk\/#breadcrumb\",\"itemListElement\":[{\"@type\":\"ListItem\",\"position\":1,\"name\":\"Accueil\",\"item\":\"https:\/\/vacances-seasonova.com\/nl\/\"},{\"@type\":\"ListItem\",\"position\":2,\"name\":\"Emplacement\",\"item\":\"https:\/\/vacances-seasonova.com\/en\/camping-pitches\/\"},{\"@type\":\"ListItem\",\"position\":3,\"name\":\"Caravane\"}]}]}<\/script>\n<!-- \/ Yoast SEO plugin. -->","yoast_head_json":{"description":"Les Campings Seasonova vous proposerons toujours des emplacement camping pour caravane. D\u00e9couvrez toutes nos destinations nature...","robots":{"index":"index","follow":"follow","max-snippet":"max-snippet:-1","max-image-preview":"max-image-preview:large","max-video-preview":"max-video-preview:-1"},"canonical":"https:\/\/vacances-seasonova.com\/nl\/staanplaatsen\/camping-voor-caravans-in-frankrijk\/","og_locale":"nl_NL","og_type":"article","og_title":"Emplacement Camping pour caravane","og_description":"Les Campings Seasonova vous proposerons toujours des emplacement camping pour caravane. D\u00e9couvrez toutes nos destinations nature...","og_url":"https:\/\/vacances-seasonova.com\/nl\/staanplaatsen\/camping-voor-caravans-in-frankrijk\/","og_site_name":"Seasonova","article_modified_time":"2025-08-28T12:48:14+00:00","og_image":[{"width":1480,"height":452,"url":"https:\/\/vacances-seasonova.com\/wp-content\/uploads\/2016\/09\/caravanes_camping_seasonova.jpg","type":"image\/jpeg"}],"twitter_card":"summary","twitter_misc":{"Geschatte leestijd":"2 minuten"},"schema":{"@context":"https:\/\/schema.org","@graph":[{"@type":"WebSite","@id":"https:\/\/vacances-seasonova.com\/fr\/#website","url":"https:\/\/vacances-seasonova.com\/fr\/","name":"Seasonova","description":"","potentialAction":[{"@type":"SearchAction","target":{"@type":"EntryPoint","urlTemplate":"https:\/\/vacances-seasonova.com\/fr\/?s={search_term_string}"},"query-input":"required name=search_term_string"}],"inLanguage":"nl"},{"@type":"ImageObject","@id":"https:\/\/vacances-seasonova.com\/nl\/staanplaatsen\/camping-voor-caravans-in-frankrijk\/#primaryimage","inLanguage":"nl","url":"https:\/\/vacances-seasonova.com\/wp-content\/uploads\/2016\/09\/caravanes_camping_seasonova.jpg","contentUrl":"https:\/\/vacances-seasonova.com\/wp-content\/uploads\/2016\/09\/caravanes_camping_seasonova.jpg","width":1480,"height":452,"caption":"caravanes_camping_seasonova"},{"@type":"WebPage","@id":"https:\/\/vacances-seasonova.com\/nl\/staanplaatsen\/camping-voor-caravans-in-frankrijk\/#webpage","url":"https:\/\/vacances-seasonova.com\/nl\/staanplaatsen\/camping-voor-caravans-in-frankrijk\/","name":"Emplacement Camping pour caravane","isPartOf":{"@id":"https:\/\/vacances-seasonova.com\/fr\/#website"},"primaryImageOfPage":{"@id":"https:\/\/vacances-seasonova.com\/nl\/staanplaatsen\/camping-voor-caravans-in-frankrijk\/#primaryimage"},"datePublished":"2016-09-20T10:06:03+00:00","dateModified":"2025-08-28T12:48:14+00:00","description":"Les Campings Seasonova vous proposerons toujours des emplacement camping pour caravane. D\u00e9couvrez toutes nos destinations nature...","breadcrumb":{"@id":"https:\/\/vacances-seasonova.com\/nl\/staanplaatsen\/camping-voor-caravans-in-frankrijk\/#breadcrumb"},"inLanguage":"nl","potentialAction":[{"@type":"ReadAction","target":["https:\/\/vacances-seasonova.com\/nl\/staanplaatsen\/camping-voor-caravans-in-frankrijk\/"]}]},{"@type":"BreadcrumbList","@id":"https:\/\/vacances-seasonova.com\/nl\/staanplaatsen\/camping-voor-caravans-in-frankrijk\/#breadcrumb","itemListElement":[{"@type":"ListItem","position":1,"name":"Accueil","item":"https:\/\/vacances-seasonova.com\/nl\/"},{"@type":"ListItem","position":2,"name":"Emplacement","item":"https:\/\/vacances-seasonova.com\/en\/camping-pitches\/"},{"@type":"ListItem","position":3,"name":"Caravane"}]}]}},"_links":{"self":[{"href":"https:\/\/vacances-seasonova.com\/nl\/wp-json\/wp\/v2\/pages\/101"}],"collection":[{"href":"https:\/\/vacances-seasonova.com\/nl\/wp-json\/wp\/v2\/pages"}],"about":[{"href":"https:\/\/vacances-seasonova.com\/nl\/wp-json\/wp\/v2\/types\/page"}],"author":[{"embeddable":true,"href":"https:\/\/vacances-seasonova.com\/nl\/wp-json\/wp\/v2\/users\/3"}],"replies":[{"embeddable":true,"href":"https:\/\/vacances-seasonova.com\/nl\/wp-json\/wp\/v2\/comments?post=101"}],"version-history":[{"count":14,"href":"https:\/\/vacances-seasonova.com\/nl\/wp-json\/wp\/v2\/pages\/101\/revisions"}],"predecessor-version":[{"id":51727,"href":"https:\/\/vacances-seasonova.com\/nl\/wp-json\/wp\/v2\/pages\/101\/revisions\/51727"}],"up":[{"embeddable":true,"href":"https:\/\/vacances-seasonova.com\/nl\/wp-json\/wp\/v2\/pages\/64"}],"wp:featuredmedia":[{"embeddable":true,"href":"https:\/\/vacances-seasonova.com\/nl\/wp-json\/wp\/v2\/media\/663"}],"wp:attachment":[{"href":"https:\/\/vacances-seasonova.com\/nl\/wp-json\/wp\/v2\/media?parent=101"}],"curies":[{"name":"wp","href":"https:\/\/api.w.org\/{rel}","templated":true}]}}