    {"id":103,"date":"2016-09-20T11:06:43","date_gmt":"2016-09-20T10:06:43","guid":{"rendered":"http:\/\/vacances-seasonova.com\/?page_id=103"},"modified":"2025-08-28T14:35:35","modified_gmt":"2025-08-28T12:35:35","slug":"camping-car","status":"publish","type":"page","link":"https:\/\/vacances-seasonova.com\/nl\/staanplaatsen\/kampeerautocamping-in-frankrijk\/","title":{"rendered":"Emplacements de camping-car"},"content":{"rendered":"<p>Een heerlijke <strong>rondreis<\/strong> door Frankrijk maken met je eigen camper, waarbij je op diverse campings van Seasonova overnacht. Dat is een geweldige kampeerervaring waar menigeen jaloers op zou kunnen worden! En vanwege de gespreide ligging van onze <strong>campings in Frankrijk<\/strong> is dit heel goed mogelijk. Van de groene heuvels en charmante dorpjes in de Elzas naar de talloze prachtige kastelen in de Loire-streek, daarna door naar het levendige La Rochelle en het ervoor gelegen \u00cele de R\u00e9 om te eindigen bij de kusten en stranden van Bretagne en Normandi\u00eb aan de Noordwestkust van Frankrijk. Of omgekeerd natuurlijk\u2026<br \/>\nEn als je langer op \u00e9\u00e9n plek wilt blijven, is dat natuurlijk ook heel goed mogelijk op de campings van Seasonova.<\/p>\n<h2>Voorzieningen voor campers<\/h2>\n<p>Ook de vakantiegangers die met hun eigen camper reizen zijn uiteraard van harte welkom op de Seasonova natuurcampings. Voor hen zijn er een aantal <strong>campingvoorzieningen<\/strong> waarmee het reizen per camper comfortabel en aangenaam wordt. Zo is er aanvoer van (drink)water geregeld en een plek waar je vuil water kan lozen, een elektriciteitsaansluiting, gescheiden afvalinzameling en (tegen betaling) Wifi. De staanplaatsen zijn van elkaar gescheiden door groene hagen of bomen, waardoor je fijn je eigen plekje op de camping kan cre\u00ebren. Of juist gezellig het contact met de buren opzoeken, want ook dat is vakantie op Seasonova campings.<br \/>\nAl onze campings in Normandi\u00eb beschikken over deze kampeerplaatsen en hier kun je dus (vrijwel) direct aan zee kamperen.<br \/>\n<div id=\"metaslider-id-562\" style=\"width: 100%;\" class=\"ml-slider-3-61-0 metaslider metaslider-flex metaslider-562 ml-slider ms-theme-default\" role=\"region\" aria-roledescription=\"Slideshow\" aria-label=\"caravane\">\n    <div id=\"metaslider_container_562\">\n        <div id=\"metaslider_562\">\n            <ul aria-live=\"polite\" class=\"slides\">\n                <li style=\"display: block; width: 100%;\" class=\"slide-563 ms-image \" aria-roledescription=\"slide\" aria-label=\"slide-563\"><img src=\"https:\/\/vacances-seasonova.com\/wp-content\/uploads\/2016\/09\/les_mouettes_seasonova-501x319.jpg\" height=\"350\" width=\"550\" alt=\"emplacements-camping-les-mouettes-seasonova\" class=\"slider-562 slide-563\" \/><\/li>\n                <li style=\"display: none; width: 100%;\" class=\"slide-564 ms-image \" aria-roledescription=\"slide\" aria-label=\"slide-564\"><img src=\"https:\/\/vacances-seasonova.com\/wp-content\/uploads\/2016\/09\/les_mouettes-499x318.jpg\" height=\"350\" width=\"550\" alt=\"\" class=\"slider-562 slide-564\" \/><\/li>\n                <li style=\"display: none; width: 100%;\" class=\"slide-565 ms-image \" aria-roledescription=\"slide\" aria-label=\"slide-565\"><img src=\"https:\/\/vacances-seasonova.com\/wp-content\/uploads\/2016\/09\/les_portes_alsace_caravane-550x350.jpg\" height=\"350\" width=\"550\" alt=\"camping-les-portes-alsace\" class=\"slider-562 slide-565\" \/><\/li>\n            <\/ul>\n        <\/div>\n        \n    <\/div>\n<\/div><\/p>\n<h3>Natuurcamping met kampeerplaats Confort<\/h3>\n<p>Deze <strong>kampeerplaatsen<\/strong> bieden tussen de 80m\u00b2 en 220m\u00b2, afhankelijk van de camping. Elke plek heeft uiteraard een eigen elektriciteitsaansluiting (10A) met een verlengkabel van zo\u2019n 15 meter. Dat is in de meeste gevallen ruim voldoende om je camper te kunnen aansluiten. Mocht het nodig zijn, dat is er uiteraard een Europese adapter beschikbaar.<br \/>\nDe staanplaatsen op de Seasonova campings zijn veelal van elkaar gescheiden door groene hagen of bomen, waardoor je het gevoel krijgt <strong>midden in de natuur<\/strong> te verblijven.<\/p>\n<h3>Kleinschalige camping met kampeerplaats Grand Confort<\/h3>\n<p>Wil je wat meer <strong>luxe en comfort<\/strong> tijdens je vakantie en gebruik kunnen maken van bijvoorbeeld je eigen douche, dan hebben Grand Confort-plekken op een aantal van onze natuurcampings. Hier is, naast alles wat een fijne Confort-staanplaats al biedt, ook nog eens de beschikking over je eigen <strong>aan- en afvoer van water<\/strong>. Dat is wel erg fijn en luxe kamperen! Omdat de campings van Seasonova <strong>kleinschalig<\/strong> van aard zijn, heb je al snel het gevoel je eigen plekje op de camping te hebben gecre\u00eberd.<\/p>\n<h2>Camping Frankrijk kampeerrondreis<\/h2>\n<p>Vaak wordt er bij een reis met de camper gedacht aan een wat ouder stel. Dat is natuurlijk een prachtige manier van reizen, maar zeker niet voorbehouden aan gepensioneerden. Hoe leuk is het om met je gezin zo\u2019n <strong>rondreis per camper<\/strong> te maken, of naar bijvoorbeeld 2 campings en daar wat langer te verblijven? Op de <a href=\"https:\/\/vacances-seasonova.com\/nl\/kampeervakantiein-frankrijk\/lexperience-seasonova\/espace-parents-enfants\/\">familiecampings<\/a> van Seasonova ben je dan uiteraard van harte welkom!<br \/>\nZo kun je bijvoorbeeld genieten van allerlei verschillende regio\u2019s in Frankrijk, van de Noordwestkust in <a href=\"https:\/\/vacances-seasonova.com\/nl\/region\/kamperen-in-bretagne-boek-vandaag-nog\/\">Bretagne<\/a> tot aan de Elzas in het uiterste noordoosten. Een prachtige reis langs bijvoorbeeld de invasiestranden in Normandi\u00eb, via de kastelen van de Loire naar de wijngaarden in de Elzas. Gegarandeerd een topvakantie voor de hele familie.<br \/>\nBij Seasonova hebben we zelfs een <a href=\"https:\/\/vacances-seasonova.com\/nl\/staanplaatsen\/escapade-campingpakket\/\">speciaal rondreis-aanbod<\/a> hiervoor gemaakt waarmee je (buiten het hoogseizoen juli\/augustus) 3 maanden lang terecht kunt op al onze campings!<\/p>\n<h3>Kampeerplaats camping met zwembad<\/h3>\n<p>Wie met een camper op vakantie gaat, heeft als groot voordeel dat je al je spullen meteen bij de hand hebt. Want je vakantiewoning is tegelijkertijd je vervoermiddel. Geen gedoe meer met bijvoorbeeld apart de auto en caravan inpakken, maar alles ligt en staat meteen op z\u2019n plek. En daarmee is het installeren van je camper op de staanplaats op de camping in een mum van tijd gedaan.<\/p>\n<p>Je vakantie kan dan ook vrijwel meteen na aankomst beginnen. En op \u00e9\u00e9n van de <strong>natuurcampings<\/strong> van Seasonova zijn uiteraard alle faciliteiten ook toegankelijk voor onze gasten die met eigen camper komen, zoals bijvoorbeeld onze verwarmde zwembaden. Heerlijk ontspannen in het aangename zwemwater na je reis naar \u00e9\u00e9n van onze campings aan de kust of in het binnenland van Frankrijk.<\/p>\n<h3>Camping Frankrijk met camperplaatsen voor kort verblijf<\/h3>\n<p>Op een deel van onze campings hebben we speciale kampeerplekken voor campers voorzien die geschikt zijn voor een <strong>kort verblijf<\/strong>. Deze staanplaatsen hebben een gemiddelde oppervlakte van zo\u2019n 35m\u00b2 er beschikken uiteraard ook over een elektriciteitsaansluiting zodat de apparatuur in je camper gewoon kunnen functioneren. Ook is er aan- en afvoer van (drink)water beschikbaar zodat je je vuilwatertank kan legen en je drinkwatertank opnieuw kan vullen. Tegen betaling is er Wifi mogelijk. Verder kun je uiteraard ook bij verblijf op deze plekken gebruik maken van alle overige voorzieningen van de camping, zoals het zwembad, restaurant en bar, supermarktje, <a href=\"https:\/\/vacances-seasonova.com\/nl\/kampeervakantiein-frankrijk\/wellness-op-de-campingpilates-yoga-massage\/\">wellness-faciliteiten<\/a>, animatie, etc.<\/p>\n<p>Seasonova hanteert voor deze kampeerplaatsen een speciaal tarief vanaf \u20ac 8,- per nacht in het laagseizoen.<\/p>\n<p>Uiteraard kun je met een camper ook langer bij ons verblijven, op de gewone <a href=\"https:\/\/vacances-seasonova.com\/wp-content\/uploads\/2022\/01\/camping-saint-michel-aire_005-scaled.jpg\">staanplaatsen<\/a> waar bijvoorbeeld ook caravans terecht kunnen.<\/p>\n<h3>Voorzieningen voor campers<\/h3>\n<ul>\n<li>WiFi<\/li>\n<li>water<\/li>\n<li>elektriciteit<\/li>\n<li>plaats van 35m\u00b2<\/li>\n<li>sorteren van afval<\/li>\n<li>afval\/water zuivering<\/li>\n<\/ul>\n<p>Staanplaatsen voor campers zijn er op de volgende Seasonova campings:<\/p>\n<ul>\n<li class=\"p1\"><a href=\"http:\/\/vacances-seasonova.com\/camping\/camping-le-point-du-jour\/\">Au Camping Le Point du Jour \u00e0 Merville-Franceville Plage<\/a>, Normandi\u00eb<\/li>\n<li class=\"p1\"><a href=\"http:\/\/vacances-seasonova.com\/camping\/camping-les-mouettes\/\">Au Camping Les Mouettes \u00e0 Veules-les-Roses<\/a>, Normandi\u00eb<\/li>\n<li class=\"p1\"><a href=\"https:\/\/vacances-seasonova.com\/nl\/camping\/camping-etennemare-saint-valery-en-caux-frankrijk-aan-zee\/\">Au Camping d&#8217;Etennemare \u00e0 Saint-Val\u00e9ry-en-Caux<\/a>, Normandi\u00eb<\/li>\n<li class=\"p1\"><a href=\"http:\/\/vacances-seasonova.com\/camping\/camping-les-plages-de-loire\/\">Au Camping des plages de Loire \u00e0 Rochefort-sur-Loire<\/a>, Pays de Loire<\/li>\n<li class=\"p1\"><a href=\"http:\/\/vacances-seasonova.com\/camping\/camping-aquarev\/\">Au Camping Aquarev \u00e0 Loud\u00e9ac<\/a>, Bretagne<\/li>\n<li class=\"p1\"><a href=\"http:\/\/vacances-seasonova.com\/camping\/camping-les-portes-dalsace\/\">Au Camping les Portes d&#8217;Alsace \u00e0 Saverne<\/a>, Elzas<\/li>\n<li class=\"p1\"><a href=\"https:\/\/vacances-seasonova.com\/nl\/camping\/camping-les-7-iles\/\">Au Camping les 7 \u00eeles in Tr\u00e9l\u00e9vern<\/a>, Bretagne<\/li>\n<\/ul>\n<p>De staanplaatsen voor korte verblijven van 35m\u00b2 zijn er op de volgende Seasonova campings:<\/p>\n<ul>\n<li class=\"p1\"><a href=\"http:\/\/vacances-seasonova.com\/camping\/camping-les-mouettes\/\">Au Camping Les Mouettes \u00e0 Veules-les-Roses<\/a>, Normandi\u00eb<\/li>\n<li class=\"p1\"><a href=\"http:\/\/vacances-seasonova.com\/camping\/camping-les-plages-de-loire\/\">Au Camping des plages de Loire \u00e0 Rochefort-sur-Loire<\/a>, Pays de Loire<\/li>\n<li class=\"p1\"><a href=\"http:\/\/vacances-seasonova.com\/camping\/camping-aquarev\/\">Au Camping Aquarev \u00e0 Loud\u00e9ac<\/a>, Bretagne<\/li>\n<li class=\"p1\"><a href=\"http:\/\/vacances-seasonova.com\/camping\/camping-les-portes-dalsace\/\">Au Camping les Portes d&#8217;Alsace \u00e0 Saverne<\/a>, Elzas<\/li>\n<\/ul>\n<p><\/p>","protected":false},"excerpt":{"rendered":"<p>Een heerlijke rondreis door Frankrijk maken met je eigen camper, waarbij je op diverse campings van Seasonova overnacht. Dat is een geweldige kampeerervaring waar menigeen jaloers op zou kunnen worden! En vanwege de [&#8230;]<\/p>\n","protected":false},"author":3,"featured_media":3459,"parent":64,"menu_order":2,"comment_status":"closed","ping_status":"closed","template":"page.php","meta":[],"yoast_head":"<!-- This site is optimized with the Yoast SEO plugin v18.1 - https:\/\/yoast.com\/wordpress\/plugins\/seo\/ -->\n<meta name=\"robots\" content=\"index, follow, max-snippet:-1, max-image-preview:large, max-video-preview:-1\" \/>\n<link rel=\"canonical\" href=\"https:\/\/vacances-seasonova.com\/nl\/emplacement\/emplacement-camping-car\/\" \/>\n<meta property=\"og:locale\" content=\"nl_NL\" \/>\n<meta property=\"og:type\" content=\"article\" \/>\n<meta property=\"og:title\" content=\"Camperplaatsen - Seasonova\" \/>\n<meta property=\"og:description\" content=\"Een heerlijke rondreis door Frankrijk maken met je eigen camper, waarbij je op diverse campings van Seasonova overnacht. Dat is een geweldige kampeerervaring waar menigeen jaloers op zou kunnen worden! En vanwege de [...]\" \/>\n<meta property=\"og:url\" content=\"https:\/\/vacances-seasonova.com\/fr\/emplacement\/emplacement-camping-car\/\" \/>\n<meta property=\"og:site_name\" content=\"Seasonova\" \/>\n<meta property=\"article:modified_time\" content=\"2025-08-28T12:35:35+00:00\" \/>\n<meta property=\"og:image\" content=\"https:\/\/vacances-seasonova.com\/wp-content\/uploads\/2016\/09\/emplacement-camping-1230x450.jpg\" \/>\n\t<meta property=\"og:image:width\" content=\"1230\" \/>\n\t<meta property=\"og:image:height\" content=\"450\" \/>\n\t<meta property=\"og:image:type\" content=\"image\/jpeg\" \/>\n<meta name=\"twitter:card\" content=\"summary\" \/>\n<meta name=\"twitter:label1\" content=\"Geschatte leestijd\" \/>\n\t<meta name=\"twitter:data1\" content=\"8 minuten\" \/>\n<script type=\"application\/ld+json\" class=\"yoast-schema-graph\">{\"@context\":\"https:\/\/schema.org\",\"@graph\":[{\"@type\":\"WebSite\",\"@id\":\"https:\/\/vacances-seasonova.com\/fr\/#website\",\"url\":\"https:\/\/vacances-seasonova.com\/fr\/\",\"name\":\"Seasonova\",\"description\":\"\",\"potentialAction\":[{\"@type\":\"SearchAction\",\"target\":{\"@type\":\"EntryPoint\",\"urlTemplate\":\"https:\/\/vacances-seasonova.com\/fr\/?s={search_term_string}\"},\"query-input\":\"required name=search_term_string\"}],\"inLanguage\":\"nl\"},{\"@type\":\"ImageObject\",\"@id\":\"https:\/\/vacances-seasonova.com\/fr\/emplacement\/emplacement-camping-car\/#primaryimage\",\"inLanguage\":\"nl\",\"url\":\"https:\/\/vacances-seasonova.com\/wp-content\/uploads\/2016\/09\/emplacement-camping.jpg\",\"contentUrl\":\"https:\/\/vacances-seasonova.com\/wp-content\/uploads\/2016\/09\/emplacement-camping.jpg\",\"width\":8400,\"height\":3074,\"caption\":\"emplacement camping car\"},{\"@type\":\"WebPage\",\"@id\":\"https:\/\/vacances-seasonova.com\/fr\/emplacement\/emplacement-camping-car\/#webpage\",\"url\":\"https:\/\/vacances-seasonova.com\/fr\/emplacement\/emplacement-camping-car\/\",\"name\":\"Camperplaatsen - Seasonova\",\"isPartOf\":{\"@id\":\"https:\/\/vacances-seasonova.com\/fr\/#website\"},\"primaryImageOfPage\":{\"@id\":\"https:\/\/vacances-seasonova.com\/fr\/emplacement\/emplacement-camping-car\/#primaryimage\"},\"datePublished\":\"2016-09-20T10:06:43+00:00\",\"dateModified\":\"2025-08-28T12:35:35+00:00\",\"breadcrumb\":{\"@id\":\"https:\/\/vacances-seasonova.com\/fr\/emplacement\/emplacement-camping-car\/#breadcrumb\"},\"inLanguage\":\"nl\",\"potentialAction\":[{\"@type\":\"ReadAction\",\"target\":[\"https:\/\/vacances-seasonova.com\/fr\/emplacement\/emplacement-camping-car\/\"]}]},{\"@type\":\"BreadcrumbList\",\"@id\":\"https:\/\/vacances-seasonova.com\/fr\/emplacement\/emplacement-camping-car\/#breadcrumb\",\"itemListElement\":[{\"@type\":\"ListItem\",\"position\":1,\"name\":\"Accueil\",\"item\":\"https:\/\/vacances-seasonova.com\/nl\/\"},{\"@type\":\"ListItem\",\"position\":2,\"name\":\"Emplacement\",\"item\":\"https:\/\/vacances-seasonova.com\/en\/camping-pitches\/\"},{\"@type\":\"ListItem\",\"position\":3,\"name\":\"Emplacements de camping-car\"}]}]}<\/script>\n<!-- \/ Yoast SEO plugin. -->","yoast_head_json":{"robots":{"index":"index","follow":"follow","max-snippet":"max-snippet:-1","max-image-preview":"max-image-preview:large","max-video-preview":"max-video-preview:-1"},"canonical":"https:\/\/vacances-seasonova.com\/nl\/emplacement\/emplacement-camping-car\/","og_locale":"nl_NL","og_type":"article","og_title":"Camperplaatsen - Seasonova","og_description":"Een heerlijke rondreis door Frankrijk maken met je eigen camper, waarbij je op diverse campings van Seasonova overnacht. Dat is een geweldige kampeerervaring waar menigeen jaloers op zou kunnen worden! En vanwege de [...]","og_url":"https:\/\/vacances-seasonova.com\/fr\/emplacement\/emplacement-camping-car\/","og_site_name":"Seasonova","article_modified_time":"2025-08-28T12:35:35+00:00","og_image":[{"width":1230,"height":450,"url":"https:\/\/vacances-seasonova.com\/wp-content\/uploads\/2016\/09\/emplacement-camping-1230x450.jpg","type":"image\/jpeg"}],"twitter_card":"summary","twitter_misc":{"Geschatte leestijd":"8 minuten"},"schema":{"@context":"https:\/\/schema.org","@graph":[{"@type":"WebSite","@id":"https:\/\/vacances-seasonova.com\/fr\/#website","url":"https:\/\/vacances-seasonova.com\/fr\/","name":"Seasonova","description":"","potentialAction":[{"@type":"SearchAction","target":{"@type":"EntryPoint","urlTemplate":"https:\/\/vacances-seasonova.com\/fr\/?s={search_term_string}"},"query-input":"required name=search_term_string"}],"inLanguage":"nl"},{"@type":"ImageObject","@id":"https:\/\/vacances-seasonova.com\/fr\/emplacement\/emplacement-camping-car\/#primaryimage","inLanguage":"nl","url":"https:\/\/vacances-seasonova.com\/wp-content\/uploads\/2016\/09\/emplacement-camping.jpg","contentUrl":"https:\/\/vacances-seasonova.com\/wp-content\/uploads\/2016\/09\/emplacement-camping.jpg","width":8400,"height":3074,"caption":"emplacement camping car"},{"@type":"WebPage","@id":"https:\/\/vacances-seasonova.com\/fr\/emplacement\/emplacement-camping-car\/#webpage","url":"https:\/\/vacances-seasonova.com\/fr\/emplacement\/emplacement-camping-car\/","name":"Camperplaatsen - Seasonova","isPartOf":{"@id":"https:\/\/vacances-seasonova.com\/fr\/#website"},"primaryImageOfPage":{"@id":"https:\/\/vacances-seasonova.com\/fr\/emplacement\/emplacement-camping-car\/#primaryimage"},"datePublished":"2016-09-20T10:06:43+00:00","dateModified":"2025-08-28T12:35:35+00:00","breadcrumb":{"@id":"https:\/\/vacances-seasonova.com\/fr\/emplacement\/emplacement-camping-car\/#breadcrumb"},"inLanguage":"nl","potentialAction":[{"@type":"ReadAction","target":["https:\/\/vacances-seasonova.com\/fr\/emplacement\/emplacement-camping-car\/"]}]},{"@type":"BreadcrumbList","@id":"https:\/\/vacances-seasonova.com\/fr\/emplacement\/emplacement-camping-car\/#breadcrumb","itemListElement":[{"@type":"ListItem","position":1,"name":"Accueil","item":"https:\/\/vacances-seasonova.com\/nl\/"},{"@type":"ListItem","position":2,"name":"Emplacement","item":"https:\/\/vacances-seasonova.com\/en\/camping-pitches\/"},{"@type":"ListItem","position":3,"name":"Emplacements de camping-car"}]}]}},"_links":{"self":[{"href":"https:\/\/vacances-seasonova.com\/nl\/wp-json\/wp\/v2\/pages\/103"}],"collection":[{"href":"https:\/\/vacances-seasonova.com\/nl\/wp-json\/wp\/v2\/pages"}],"about":[{"href":"https:\/\/vacances-seasonova.com\/nl\/wp-json\/wp\/v2\/types\/page"}],"author":[{"embeddable":true,"href":"https:\/\/vacances-seasonova.com\/nl\/wp-json\/wp\/v2\/users\/3"}],"replies":[{"embeddable":true,"href":"https:\/\/vacances-seasonova.com\/nl\/wp-json\/wp\/v2\/comments?post=103"}],"version-history":[{"count":38,"href":"https:\/\/vacances-seasonova.com\/nl\/wp-json\/wp\/v2\/pages\/103\/revisions"}],"predecessor-version":[{"id":51718,"href":"https:\/\/vacances-seasonova.com\/nl\/wp-json\/wp\/v2\/pages\/103\/revisions\/51718"}],"up":[{"embeddable":true,"href":"https:\/\/vacances-seasonova.com\/nl\/wp-json\/wp\/v2\/pages\/64"}],"wp:featuredmedia":[{"embeddable":true,"href":"https:\/\/vacances-seasonova.com\/nl\/wp-json\/wp\/v2\/media\/3459"}],"wp:attachment":[{"href":"https:\/\/vacances-seasonova.com\/nl\/wp-json\/wp\/v2\/media?parent=103"}],"curies":[{"name":"wp","href":"https:\/\/api.w.org\/{rel}","templated":true}]}}