    {"id":155,"date":"2016-09-20T14:32:32","date_gmt":"2016-09-20T13:32:32","guid":{"rendered":"http:\/\/vacances-seasonova.com\/?page_id=155"},"modified":"2025-08-28T15:06:12","modified_gmt":"2025-08-28T13:06:12","slug":"lodges-location-de-camping-insolite","status":"publish","type":"page","link":"https:\/\/vacances-seasonova.com\/nl\/vakantiewoningen-in-frankrijk\/lodge-verhuur-van-aparte-accommodaties\/","title":{"rendered":"Insolite \u00b7 Glamping"},"content":{"rendered":"<p>Jezelf een luxe vakantie gunnen en tegelijkertijd in een groene en natuurlijke omgeving verblijven\u2026 Op de <a href=\"https:\/\/vacances-seasonova.com\/nl\/camping-verhuur-voor-een-kampeervakantie-in-frankrijk\/\">natuurcampings van Seasonova<\/a> kan het! Op diverse van onze campings hebben we sfeervolle <strong>lodgetenten en glamping-accommodaties<\/strong> staan. Van speels en wat eenvoudig tot zeer luxe en compleet ingerichte tenten met eigen keuken en badkamer. Heerlijk om bijvoorbeeld met je hele gezin de vakantie midden in de natuur te beleven in een glampingtent waar je U tegen zegt! Op onze <a href=\"https:\/\/vacances-seasonova.com\/nl\/kampeervakantiein-frankrijk\/familiecampingaanbod-voor-kinderen-kindvriendelijke-camping\/\">kindvriendelijke campings<\/a> zullen je kids hier samen met jou de vakantie van hun leven meemaken en volop genieten van de natuur om hen heen. Nieuwe vriendjes zijn door onze activiteiten voor het hele gezin makkelijk gemaakt en daarmee fantastische herinneringen voor als je weer thuis bent.<\/p>\n<h2>Natuurcampings met luxe safaritenten aan zee<\/h2>\n<p style=\"text-align: just;\">Door te overnachten in \u00e9\u00e9n van deze <strong>glamping accommodaties<\/strong> krijg je het ultieme kampeergevoel en tegelijkertijd geniet je van veel comfort en gemak zoals een volledig ingerichte keuken en soms zelfs je eigen <strong>priv\u00e9 sanitair<\/strong>. In het groen, tussen de bomen of juist vlakbij of zelfs aan het strand. Onze accommodaties bevinden zich altijd op een natuurlijke plek en door het gebruik van veel hout in onze lodgetenten en luxe stacaravans, passen ze perfect in de omgeving. De kleinschaligheid van onze campings geeft nog eens een extra gevoel van <strong>luxe<\/strong>, omdat je veel rust en ruimte om je heen ervaart.<\/p>\n<h3>Glamping Ile de R\u00e9<\/h3>\n<p>Kies je voor \u00e9\u00e9n van de <strong>lodgetenten<\/strong> van Seasonova, dan is een gevoel van op safari zijn bijna niet weg te denken. Deze glampingtenten zijn er in een aantal varianten en zijn geschikt voor max. 5 personen. Wil je wel kamperen en tegelijkertijd ook van comfort en luxe genieten, dan is de Lodge Premium jouw accommodatie. Naast een volledig ingerichte keuken en 2 slaapkamers heb je hier ook je eigen <strong>priv\u00e9 badkamer<\/strong> met douche en toilet! De Lodge Premium staat bijvoorbeeld op de camping op het <a href=\"https:\/\/vacances-seasonova.com\/fr\/camping\/ile-de-re\/\">Ile de R\u00e9<\/a> aan de Franse Westkust, niet ver van de levendige stad La Rochelle. Hoef je niet een eigen badkamer en wel graag een <strong>volledig ingerichte keuken,<\/strong> dan zijn de Bungalodge glampingtenten of de Ecolodge-tenten van Seasonova wellicht wat voor jou en je reisgezelschap. Van de speels ingerichte Ecolodge Junior tot de Bungalodge Kenya die met z\u2019n bijzonder sfeervolle inrichting een grote <strong>safari-ervaring<\/strong> zal oproepen!<\/p>\n<h3>Glamping aan zee of zwemmeer<\/h3>\n<p style=\"text-align: just;\">Overnachten in een luxe tent die voorzien is van een compleet ingerichte keuken met stromend water en je <strong>eigen badkamer<\/strong> met toilet, dat is pas glamping in de Ecolodge-tent van Seasonova. En dat op een fantastische plek aan de kust in Normandi\u00eb met uitzicht op zee en de archipel van de Zeven Eilanden.<\/p>\n<p>Wil je meer een echte kampeerervaring beleven en tegelijkertijd in een charmante en sfeervolle tent overnachten? Dan zijn onze Bivouac-tenten wellicht de perfecte oplossing voor jou en je reisgenoot. Het is een speelse tent met een vleugje <strong>glamping<\/strong>, die bijvoorbeeld ideaal is tijdens een fiets- of wandelvakantie langs de Loire, <strong>de kust van Normandi\u00eb<\/strong> of de groene heuvels in de <strong>Elzas<\/strong>. Uiteraard staan alle faciliteiten op de camping ook tot je beschikking als je in \u00e9\u00e9n van deze tenten overnacht.<\/p>\n<h3>Camping Frankrijk met luxe vakantiehuisjes<\/h3>\n<p style=\"text-align: just;\">Zit je liever in een <a href=\"https:\/\/vacances-seasonova.com\/nl\/vakantiewoningen-in-frankrijk\/cottages-verhuur-van-stacaravans-op-campings\/\">vakantiehuisje<\/a> dan in \u00e9\u00e9n van onze tenten? Geen probleem, we hebben voor ieder wat wils op onze campings. Al onze stacaravans zijn uiteraard geschikt voor het hele gezin en voorzien van <strong>priv\u00e9 sanitair<\/strong>. Voor gezinnen met jonge kinderen zijn deze accommodaties ook bijzonder fijn, omdat ze veel gemak en comfort bieden. Ook als je met z\u2019n twee\u00ebn reist of zelfs alleen, vind je bij ons absoluut een passende, comfortabele en <strong>luxe accommodatie<\/strong>.<\/p>\n<h3>Camping met glamping stacaravan<\/h3>\n<p>Onze stacaravans zijn alle uitgerust met volledig ingerichte keukens, badkamers met een apart toilet en een terras of veranda. <strong>Gemak en comfort<\/strong> is hier dus altijd aanwezig. Wil je jezelf en je gezin eens wat extra gunnen? Boek dan de luxe <a href=\"https:\/\/vacances-seasonova.com\/nl\/location\/prestige-cottages\/\">Prestige stacaravan<\/a>. Deze is naast de genoemde faciliteiten ook nog eens ingericht met een <strong>vaatwasser<\/strong> en <strong>televisie<\/strong>. En bij aankomst zijn de bedden al voor je opgemaakt! Hotelservice tijdens je verblijf op de camping en dat in een groene en natuurlijke omgeving. Dat is vakantie bij Seasonova.<\/p>\n<h3>Bijzondere overnachtingen aan zee<\/h3>\n<p>Naast de diverse lodgetenten en stacaravans, beschikt Seasonova nog over 2 typen <strong>vakantiewoningen<\/strong> die half tent en half stacaravan zijn. Het zijn de halfronde Coco Sweet en de Cabane du Surfeur. Je vindt ze beide op de Seasonova campings aan de kust in zowel <a href=\"https:\/\/vacances-seasonova.com\/nl\/region\/kamperen-in-bretagne-boek-vandaag-nog\/\">Bretagne<\/a> als Normandi\u00eb. Ze beschikken over 2 slaapkamers, een ingericht keukenblok en hebben geen sanitaire voorzieningen. Het zijn originele accommodaties die je zeker een kampeergevoel met een glamping-tintje gaan geven!<\/p>\n<h2 style=\"text-align: center;\">Onze Seasonova-manden voor een geslaagde picknick<\/h2>\n<p><img loading=\"lazy\" class=\"wp-image-20931 aligncenter\" src=\"https:\/\/vacances-seasonova.com\/wp-content\/uploads\/2023\/05\/panier.png\" alt=\"\" width=\"897\" height=\"596\" \/><\/p>\n<p style=\"text-align: center;\"><a title=\"Onze picknickmanden\" href=\"https:\/\/vacances-seasonova.com\/nl\/een-picknickmand-van-seasonova\/\">Meer informatie <\/a><\/p>\n<p><\/p>","protected":false},"excerpt":{"rendered":"<p>Jezelf een luxe vakantie gunnen en tegelijkertijd in een groene en natuurlijke omgeving verblijven\u2026 Op de natuurcampings van Seasonova kan het! Op diverse van onze campings hebben we sfeervolle lodgetenten en [&#8230;]<\/p>\n","protected":false},"author":3,"featured_media":4676,"parent":61,"menu_order":1,"comment_status":"closed","ping_status":"closed","template":"page-les-locations.php","meta":[],"yoast_head":"<!-- This site is optimized with the Yoast SEO plugin v18.1 - https:\/\/yoast.com\/wordpress\/plugins\/seo\/ -->\n<meta name=\"robots\" content=\"index, follow, max-snippet:-1, max-image-preview:large, max-video-preview:-1\" \/>\n<link rel=\"canonical\" href=\"https:\/\/vacances-seasonova.com\/nl\/vakantiewoningen-in-frankrijk\/lodge-verhuur-van-aparte-accommodaties\/\" \/>\n<meta property=\"og:locale\" content=\"nl_NL\" \/>\n<meta property=\"og:type\" content=\"article\" \/>\n<meta property=\"og:title\" content=\"Bijzonder \u00b7 Glamping - Seasonova\" \/>\n<meta property=\"og:description\" content=\"Jezelf een luxe vakantie gunnen en tegelijkertijd in een groene en natuurlijke omgeving verblijven\u2026 Op de natuurcampings van Seasonova kan het! Op diverse van onze campings hebben we sfeervolle lodgetenten en [...]\" \/>\n<meta property=\"og:url\" content=\"https:\/\/vacances-seasonova.com\/nl\/vakantiewoningen-in-frankrijk\/lodge-verhuur-van-aparte-accommodaties\/\" \/>\n<meta property=\"og:site_name\" content=\"Seasonova\" \/>\n<meta property=\"article:modified_time\" content=\"2025-08-28T13:06:12+00:00\" \/>\n<meta property=\"og:image\" content=\"https:\/\/vacances-seasonova.com\/wp-content\/uploads\/2018\/01\/KENYA-CHAMBRE-AU-FOND_EXT_NUIT_1_preview-e1574439137500.jpg\" \/>\n\t<meta property=\"og:image:width\" content=\"1183\" \/>\n\t<meta property=\"og:image:height\" content=\"443\" \/>\n\t<meta property=\"og:image:type\" content=\"image\/jpeg\" \/>\n<meta name=\"twitter:card\" content=\"summary\" \/>\n<meta name=\"twitter:label1\" content=\"Geschatte leestijd\" \/>\n\t<meta name=\"twitter:data1\" content=\"5 minuten\" \/>\n<script type=\"application\/ld+json\" class=\"yoast-schema-graph\">{\"@context\":\"https:\/\/schema.org\",\"@graph\":[{\"@type\":\"WebSite\",\"@id\":\"https:\/\/vacances-seasonova.com\/fr\/#website\",\"url\":\"https:\/\/vacances-seasonova.com\/fr\/\",\"name\":\"Seasonova\",\"description\":\"\",\"potentialAction\":[{\"@type\":\"SearchAction\",\"target\":{\"@type\":\"EntryPoint\",\"urlTemplate\":\"https:\/\/vacances-seasonova.com\/fr\/?s={search_term_string}\"},\"query-input\":\"required name=search_term_string\"}],\"inLanguage\":\"nl\"},{\"@type\":\"ImageObject\",\"@id\":\"https:\/\/vacances-seasonova.com\/nl\/vakantiewoningen-in-frankrijk\/lodge-verhuur-van-aparte-accommodaties\/#primaryimage\",\"inLanguage\":\"nl\",\"url\":\"https:\/\/vacances-seasonova.com\/wp-content\/uploads\/2018\/01\/KENYA-CHAMBRE-AU-FOND_EXT_NUIT_1_preview-e1574439137500.jpg\",\"contentUrl\":\"https:\/\/vacances-seasonova.com\/wp-content\/uploads\/2018\/01\/KENYA-CHAMBRE-AU-FOND_EXT_NUIT_1_preview-e1574439137500.jpg\",\"width\":1183,\"height\":443,\"caption\":\"H\u00e9bergement Location Camping Ile de R\u00e9 Portes en R\u00e9\"},{\"@type\":\"WebPage\",\"@id\":\"https:\/\/vacances-seasonova.com\/nl\/vakantiewoningen-in-frankrijk\/lodge-verhuur-van-aparte-accommodaties\/#webpage\",\"url\":\"https:\/\/vacances-seasonova.com\/nl\/vakantiewoningen-in-frankrijk\/lodge-verhuur-van-aparte-accommodaties\/\",\"name\":\"Bijzonder \u00b7 Glamping - Seasonova\",\"isPartOf\":{\"@id\":\"https:\/\/vacances-seasonova.com\/fr\/#website\"},\"primaryImageOfPage\":{\"@id\":\"https:\/\/vacances-seasonova.com\/nl\/vakantiewoningen-in-frankrijk\/lodge-verhuur-van-aparte-accommodaties\/#primaryimage\"},\"datePublished\":\"2016-09-20T13:32:32+00:00\",\"dateModified\":\"2025-08-28T13:06:12+00:00\",\"breadcrumb\":{\"@id\":\"https:\/\/vacances-seasonova.com\/nl\/vakantiewoningen-in-frankrijk\/lodge-verhuur-van-aparte-accommodaties\/#breadcrumb\"},\"inLanguage\":\"nl\",\"potentialAction\":[{\"@type\":\"ReadAction\",\"target\":[\"https:\/\/vacances-seasonova.com\/nl\/vakantiewoningen-in-frankrijk\/lodge-verhuur-van-aparte-accommodaties\/\"]}]},{\"@type\":\"BreadcrumbList\",\"@id\":\"https:\/\/vacances-seasonova.com\/nl\/vakantiewoningen-in-frankrijk\/lodge-verhuur-van-aparte-accommodaties\/#breadcrumb\",\"itemListElement\":[{\"@type\":\"ListItem\",\"position\":1,\"name\":\"Accueil\",\"item\":\"https:\/\/vacances-seasonova.com\/nl\/\"},{\"@type\":\"ListItem\",\"position\":2,\"name\":\"Locations de vacances\",\"item\":\"https:\/\/vacances-seasonova.com\/nl\/vakantiewoningen-in-frankrijk\/\"},{\"@type\":\"ListItem\",\"position\":3,\"name\":\"Insolite \u00b7 Glamping\"}]}]}<\/script>\n<!-- \/ Yoast SEO plugin. -->","yoast_head_json":{"robots":{"index":"index","follow":"follow","max-snippet":"max-snippet:-1","max-image-preview":"max-image-preview:large","max-video-preview":"max-video-preview:-1"},"canonical":"https:\/\/vacances-seasonova.com\/nl\/vakantiewoningen-in-frankrijk\/lodge-verhuur-van-aparte-accommodaties\/","og_locale":"nl_NL","og_type":"article","og_title":"Bijzonder \u00b7 Glamping - Seasonova","og_description":"Jezelf een luxe vakantie gunnen en tegelijkertijd in een groene en natuurlijke omgeving verblijven\u2026 Op de natuurcampings van Seasonova kan het! Op diverse van onze campings hebben we sfeervolle lodgetenten en [...]","og_url":"https:\/\/vacances-seasonova.com\/nl\/vakantiewoningen-in-frankrijk\/lodge-verhuur-van-aparte-accommodaties\/","og_site_name":"Seasonova","article_modified_time":"2025-08-28T13:06:12+00:00","og_image":[{"width":1183,"height":443,"url":"https:\/\/vacances-seasonova.com\/wp-content\/uploads\/2018\/01\/KENYA-CHAMBRE-AU-FOND_EXT_NUIT_1_preview-e1574439137500.jpg","type":"image\/jpeg"}],"twitter_card":"summary","twitter_misc":{"Geschatte leestijd":"5 minuten"},"schema":{"@context":"https:\/\/schema.org","@graph":[{"@type":"WebSite","@id":"https:\/\/vacances-seasonova.com\/fr\/#website","url":"https:\/\/vacances-seasonova.com\/fr\/","name":"Seasonova","description":"","potentialAction":[{"@type":"SearchAction","target":{"@type":"EntryPoint","urlTemplate":"https:\/\/vacances-seasonova.com\/fr\/?s={search_term_string}"},"query-input":"required name=search_term_string"}],"inLanguage":"nl"},{"@type":"ImageObject","@id":"https:\/\/vacances-seasonova.com\/nl\/vakantiewoningen-in-frankrijk\/lodge-verhuur-van-aparte-accommodaties\/#primaryimage","inLanguage":"nl","url":"https:\/\/vacances-seasonova.com\/wp-content\/uploads\/2018\/01\/KENYA-CHAMBRE-AU-FOND_EXT_NUIT_1_preview-e1574439137500.jpg","contentUrl":"https:\/\/vacances-seasonova.com\/wp-content\/uploads\/2018\/01\/KENYA-CHAMBRE-AU-FOND_EXT_NUIT_1_preview-e1574439137500.jpg","width":1183,"height":443,"caption":"H\u00e9bergement Location Camping Ile de R\u00e9 Portes en R\u00e9"},{"@type":"WebPage","@id":"https:\/\/vacances-seasonova.com\/nl\/vakantiewoningen-in-frankrijk\/lodge-verhuur-van-aparte-accommodaties\/#webpage","url":"https:\/\/vacances-seasonova.com\/nl\/vakantiewoningen-in-frankrijk\/lodge-verhuur-van-aparte-accommodaties\/","name":"Bijzonder \u00b7 Glamping - Seasonova","isPartOf":{"@id":"https:\/\/vacances-seasonova.com\/fr\/#website"},"primaryImageOfPage":{"@id":"https:\/\/vacances-seasonova.com\/nl\/vakantiewoningen-in-frankrijk\/lodge-verhuur-van-aparte-accommodaties\/#primaryimage"},"datePublished":"2016-09-20T13:32:32+00:00","dateModified":"2025-08-28T13:06:12+00:00","breadcrumb":{"@id":"https:\/\/vacances-seasonova.com\/nl\/vakantiewoningen-in-frankrijk\/lodge-verhuur-van-aparte-accommodaties\/#breadcrumb"},"inLanguage":"nl","potentialAction":[{"@type":"ReadAction","target":["https:\/\/vacances-seasonova.com\/nl\/vakantiewoningen-in-frankrijk\/lodge-verhuur-van-aparte-accommodaties\/"]}]},{"@type":"BreadcrumbList","@id":"https:\/\/vacances-seasonova.com\/nl\/vakantiewoningen-in-frankrijk\/lodge-verhuur-van-aparte-accommodaties\/#breadcrumb","itemListElement":[{"@type":"ListItem","position":1,"name":"Accueil","item":"https:\/\/vacances-seasonova.com\/nl\/"},{"@type":"ListItem","position":2,"name":"Locations de vacances","item":"https:\/\/vacances-seasonova.com\/nl\/vakantiewoningen-in-frankrijk\/"},{"@type":"ListItem","position":3,"name":"Insolite \u00b7 Glamping"}]}]}},"_links":{"self":[{"href":"https:\/\/vacances-seasonova.com\/nl\/wp-json\/wp\/v2\/pages\/155"}],"collection":[{"href":"https:\/\/vacances-seasonova.com\/nl\/wp-json\/wp\/v2\/pages"}],"about":[{"href":"https:\/\/vacances-seasonova.com\/nl\/wp-json\/wp\/v2\/types\/page"}],"author":[{"embeddable":true,"href":"https:\/\/vacances-seasonova.com\/nl\/wp-json\/wp\/v2\/users\/3"}],"replies":[{"embeddable":true,"href":"https:\/\/vacances-seasonova.com\/nl\/wp-json\/wp\/v2\/comments?post=155"}],"version-history":[{"count":13,"href":"https:\/\/vacances-seasonova.com\/nl\/wp-json\/wp\/v2\/pages\/155\/revisions"}],"predecessor-version":[{"id":51741,"href":"https:\/\/vacances-seasonova.com\/nl\/wp-json\/wp\/v2\/pages\/155\/revisions\/51741"}],"up":[{"embeddable":true,"href":"https:\/\/vacances-seasonova.com\/nl\/wp-json\/wp\/v2\/pages\/61"}],"wp:featuredmedia":[{"embeddable":true,"href":"https:\/\/vacances-seasonova.com\/nl\/wp-json\/wp\/v2\/media\/4676"}],"wp:attachment":[{"href":"https:\/\/vacances-seasonova.com\/nl\/wp-json\/wp\/v2\/media?parent=155"}],"curies":[{"name":"wp","href":"https:\/\/api.w.org\/{rel}","templated":true}]}}