    {"id":16827,"date":"2020-02-25T16:11:01","date_gmt":"2020-02-25T15:11:01","guid":{"rendered":"https:\/\/vacances-seasonova.com\/fr\/?page_id=16827"},"modified":"2026-03-10T12:20:09","modified_gmt":"2026-03-10T11:20:09","slug":"lexperience-seasonova","status":"publish","type":"page","link":"https:\/\/vacances-seasonova.com\/nl\/kampeervakantiein-frankrijk\/lexperience-seasonova\/","title":{"rendered":"L\u2019exp\u00e9rience Seasonova"},"content":{"rendered":"<p><\/p>\n<h3>Even lekker ertussenuit<\/h3>\n<p>Het motto Slow Life op onze <strong>Seasonova<\/strong> campings biedt de ideale gelegenheid om onze mooie g<strong>roene en natuurrijke regio\u2019s<\/strong> te ontdekken.<\/p>\n<p>Het is ook een uitstekende kans om als stel of met familie of vrienden <strong>herinneringen<\/strong> op te halen en nieuwe te gaan maken.<\/p>\n<p>Onze <strong>teams<\/strong> staan altijd voor je klaar om je te helpen en vragen te beantwoorden.<\/p>","protected":false},"excerpt":{"rendered":"<p>Even lekker ertussenuit Het motto Slow Life op onze Seasonova campings biedt de ideale gelegenheid om onze mooie groene en natuurrijke regio\u2019s te ontdekken. Het is ook een uitstekende kans om als stel of met familie of [&#8230;]<\/p>\n","protected":false},"author":3,"featured_media":16831,"parent":53,"menu_order":0,"comment_status":"closed","ping_status":"closed","template":"page-parent.php","meta":[],"yoast_head":"<!-- This site is optimized with the Yoast SEO plugin v18.1 - https:\/\/yoast.com\/wordpress\/plugins\/seo\/ -->\n<meta name=\"description\" content=\"Les Vacances SEASONOVA dans un Camping Slow Life, c&#039;est prendre le temps de d\u00e9couvrir nos r\u00e9gions, la nature, la convivialit\u00e9\" \/>\n<meta name=\"robots\" content=\"index, follow, max-snippet:-1, max-image-preview:large, max-video-preview:-1\" \/>\n<link rel=\"canonical\" href=\"https:\/\/vacances-seasonova.com\/nl\/vacances-en-camping-seasonova\/lexperience-seasonova\/\" \/>\n<meta property=\"og:locale\" content=\"nl_NL\" \/>\n<meta property=\"og:type\" content=\"article\" \/>\n<meta property=\"og:title\" content=\"Camping Slow Life SEASONOVA\" \/>\n<meta property=\"og:description\" content=\"Les Vacances SEASONOVA dans un Camping Slow Life, c&#039;est prendre le temps de d\u00e9couvrir nos r\u00e9gions, la nature, la convivialit\u00e9\" \/>\n<meta property=\"og:url\" content=\"https:\/\/vacances-seasonova.com\/fr\/vacances-en-camping-seasonova\/lexperience-seasonova\/\" \/>\n<meta property=\"og:site_name\" content=\"Seasonova\" \/>\n<meta property=\"article:modified_time\" content=\"2026-03-10T11:20:09+00:00\" \/>\n<meta property=\"og:image\" content=\"https:\/\/vacances-seasonova.com\/wp-content\/uploads\/2020\/02\/vacances-hamac-e1654607851528.jpeg\" \/>\n\t<meta property=\"og:image:width\" content=\"1920\" \/>\n\t<meta property=\"og:image:height\" content=\"1321\" \/>\n\t<meta property=\"og:image:type\" content=\"image\/jpeg\" \/>\n<meta name=\"twitter:card\" content=\"summary\" \/>\n<meta name=\"twitter:label1\" content=\"Geschatte leestijd\" \/>\n\t<meta name=\"twitter:data1\" content=\"3 minuten\" \/>\n<script type=\"application\/ld+json\" class=\"yoast-schema-graph\">{\"@context\":\"https:\/\/schema.org\",\"@graph\":[{\"@type\":\"WebSite\",\"@id\":\"https:\/\/vacances-seasonova.com\/fr\/#website\",\"url\":\"https:\/\/vacances-seasonova.com\/fr\/\",\"name\":\"Seasonova\",\"description\":\"\",\"potentialAction\":[{\"@type\":\"SearchAction\",\"target\":{\"@type\":\"EntryPoint\",\"urlTemplate\":\"https:\/\/vacances-seasonova.com\/fr\/?s={search_term_string}\"},\"query-input\":\"required name=search_term_string\"}],\"inLanguage\":\"nl\"},{\"@type\":\"ImageObject\",\"@id\":\"https:\/\/vacances-seasonova.com\/fr\/vacances-en-camping-seasonova\/lexperience-seasonova\/#primaryimage\",\"inLanguage\":\"nl\",\"url\":\"https:\/\/vacances-seasonova.com\/wp-content\/uploads\/2020\/02\/vacances-hamac-e1654607851528.jpeg\",\"contentUrl\":\"https:\/\/vacances-seasonova.com\/wp-content\/uploads\/2020\/02\/vacances-hamac-e1654607851528.jpeg\",\"width\":1920,\"height\":1321,\"caption\":\"hamac Seasonova\"},{\"@type\":\"WebPage\",\"@id\":\"https:\/\/vacances-seasonova.com\/fr\/vacances-en-camping-seasonova\/lexperience-seasonova\/#webpage\",\"url\":\"https:\/\/vacances-seasonova.com\/fr\/vacances-en-camping-seasonova\/lexperience-seasonova\/\",\"name\":\"Camping Slow Life SEASONOVA\",\"isPartOf\":{\"@id\":\"https:\/\/vacances-seasonova.com\/fr\/#website\"},\"primaryImageOfPage\":{\"@id\":\"https:\/\/vacances-seasonova.com\/fr\/vacances-en-camping-seasonova\/lexperience-seasonova\/#primaryimage\"},\"datePublished\":\"2020-02-25T15:11:01+00:00\",\"dateModified\":\"2026-03-10T11:20:09+00:00\",\"description\":\"Les Vacances SEASONOVA dans un Camping Slow Life, c'est prendre le temps de d\u00e9couvrir nos r\u00e9gions, la nature, la convivialit\u00e9\",\"breadcrumb\":{\"@id\":\"https:\/\/vacances-seasonova.com\/fr\/vacances-en-camping-seasonova\/lexperience-seasonova\/#breadcrumb\"},\"inLanguage\":\"nl\",\"potentialAction\":[{\"@type\":\"ReadAction\",\"target\":[\"https:\/\/vacances-seasonova.com\/fr\/vacances-en-camping-seasonova\/lexperience-seasonova\/\"]}]},{\"@type\":\"BreadcrumbList\",\"@id\":\"https:\/\/vacances-seasonova.com\/fr\/vacances-en-camping-seasonova\/lexperience-seasonova\/#breadcrumb\",\"itemListElement\":[{\"@type\":\"ListItem\",\"position\":1,\"name\":\"Accueil\",\"item\":\"https:\/\/vacances-seasonova.com\/nl\/\"},{\"@type\":\"ListItem\",\"position\":2,\"name\":\"Vacances en camping Seasonova\",\"item\":\"https:\/\/vacances-seasonova.com\/nl\/kampeervakantiein-frankrijk\/\"},{\"@type\":\"ListItem\",\"position\":3,\"name\":\"L\u2019exp\u00e9rience Seasonova\"}]}]}<\/script>\n<!-- \/ Yoast SEO plugin. -->","yoast_head_json":{"description":"Les Vacances SEASONOVA dans un Camping Slow Life, c'est prendre le temps de d\u00e9couvrir nos r\u00e9gions, la nature, la convivialit\u00e9","robots":{"index":"index","follow":"follow","max-snippet":"max-snippet:-1","max-image-preview":"max-image-preview:large","max-video-preview":"max-video-preview:-1"},"canonical":"https:\/\/vacances-seasonova.com\/nl\/vacances-en-camping-seasonova\/lexperience-seasonova\/","og_locale":"nl_NL","og_type":"article","og_title":"Camping Slow Life SEASONOVA","og_description":"Les Vacances SEASONOVA dans un Camping Slow Life, c'est prendre le temps de d\u00e9couvrir nos r\u00e9gions, la nature, la convivialit\u00e9","og_url":"https:\/\/vacances-seasonova.com\/fr\/vacances-en-camping-seasonova\/lexperience-seasonova\/","og_site_name":"Seasonova","article_modified_time":"2026-03-10T11:20:09+00:00","og_image":[{"width":1920,"height":1321,"url":"https:\/\/vacances-seasonova.com\/wp-content\/uploads\/2020\/02\/vacances-hamac-e1654607851528.jpeg","type":"image\/jpeg"}],"twitter_card":"summary","twitter_misc":{"Geschatte leestijd":"3 minuten"},"schema":{"@context":"https:\/\/schema.org","@graph":[{"@type":"WebSite","@id":"https:\/\/vacances-seasonova.com\/fr\/#website","url":"https:\/\/vacances-seasonova.com\/fr\/","name":"Seasonova","description":"","potentialAction":[{"@type":"SearchAction","target":{"@type":"EntryPoint","urlTemplate":"https:\/\/vacances-seasonova.com\/fr\/?s={search_term_string}"},"query-input":"required name=search_term_string"}],"inLanguage":"nl"},{"@type":"ImageObject","@id":"https:\/\/vacances-seasonova.com\/fr\/vacances-en-camping-seasonova\/lexperience-seasonova\/#primaryimage","inLanguage":"nl","url":"https:\/\/vacances-seasonova.com\/wp-content\/uploads\/2020\/02\/vacances-hamac-e1654607851528.jpeg","contentUrl":"https:\/\/vacances-seasonova.com\/wp-content\/uploads\/2020\/02\/vacances-hamac-e1654607851528.jpeg","width":1920,"height":1321,"caption":"hamac Seasonova"},{"@type":"WebPage","@id":"https:\/\/vacances-seasonova.com\/fr\/vacances-en-camping-seasonova\/lexperience-seasonova\/#webpage","url":"https:\/\/vacances-seasonova.com\/fr\/vacances-en-camping-seasonova\/lexperience-seasonova\/","name":"Camping Slow Life SEASONOVA","isPartOf":{"@id":"https:\/\/vacances-seasonova.com\/fr\/#website"},"primaryImageOfPage":{"@id":"https:\/\/vacances-seasonova.com\/fr\/vacances-en-camping-seasonova\/lexperience-seasonova\/#primaryimage"},"datePublished":"2020-02-25T15:11:01+00:00","dateModified":"2026-03-10T11:20:09+00:00","description":"Les Vacances SEASONOVA dans un Camping Slow Life, c'est prendre le temps de d\u00e9couvrir nos r\u00e9gions, la nature, la convivialit\u00e9","breadcrumb":{"@id":"https:\/\/vacances-seasonova.com\/fr\/vacances-en-camping-seasonova\/lexperience-seasonova\/#breadcrumb"},"inLanguage":"nl","potentialAction":[{"@type":"ReadAction","target":["https:\/\/vacances-seasonova.com\/fr\/vacances-en-camping-seasonova\/lexperience-seasonova\/"]}]},{"@type":"BreadcrumbList","@id":"https:\/\/vacances-seasonova.com\/fr\/vacances-en-camping-seasonova\/lexperience-seasonova\/#breadcrumb","itemListElement":[{"@type":"ListItem","position":1,"name":"Accueil","item":"https:\/\/vacances-seasonova.com\/nl\/"},{"@type":"ListItem","position":2,"name":"Vacances en camping Seasonova","item":"https:\/\/vacances-seasonova.com\/nl\/kampeervakantiein-frankrijk\/"},{"@type":"ListItem","position":3,"name":"L\u2019exp\u00e9rience Seasonova"}]}]}},"_links":{"self":[{"href":"https:\/\/vacances-seasonova.com\/nl\/wp-json\/wp\/v2\/pages\/16827"}],"collection":[{"href":"https:\/\/vacances-seasonova.com\/nl\/wp-json\/wp\/v2\/pages"}],"about":[{"href":"https:\/\/vacances-seasonova.com\/nl\/wp-json\/wp\/v2\/types\/page"}],"author":[{"embeddable":true,"href":"https:\/\/vacances-seasonova.com\/nl\/wp-json\/wp\/v2\/users\/3"}],"replies":[{"embeddable":true,"href":"https:\/\/vacances-seasonova.com\/nl\/wp-json\/wp\/v2\/comments?post=16827"}],"version-history":[{"count":7,"href":"https:\/\/vacances-seasonova.com\/nl\/wp-json\/wp\/v2\/pages\/16827\/revisions"}],"predecessor-version":[{"id":56137,"href":"https:\/\/vacances-seasonova.com\/nl\/wp-json\/wp\/v2\/pages\/16827\/revisions\/56137"}],"up":[{"embeddable":true,"href":"https:\/\/vacances-seasonova.com\/nl\/wp-json\/wp\/v2\/pages\/53"}],"wp:featuredmedia":[{"embeddable":true,"href":"https:\/\/vacances-seasonova.com\/nl\/wp-json\/wp\/v2\/media\/16831"}],"wp:attachment":[{"href":"https:\/\/vacances-seasonova.com\/nl\/wp-json\/wp\/v2\/media?parent=16827"}],"curies":[{"name":"wp","href":"https:\/\/api.w.org\/{rel}","templated":true}]}}