    {"id":17070,"date":"2020-03-10T13:41:22","date_gmt":"2020-03-10T12:41:22","guid":{"rendered":"https:\/\/vacances-seasonova.com\/fr\/?page_id=17070"},"modified":"2023-04-03T23:19:45","modified_gmt":"2023-04-03T21:19:45","slug":"epicerie-locale","status":"publish","type":"page","link":"https:\/\/vacances-seasonova.com\/nl\/kampeervakantiein-frankrijk\/lexperience-seasonova\/epicerie-locale\/","title":{"rendered":"Epicerie locale"},"content":{"rendered":"<p><strong>Smaken van de regio:<\/strong> Het kan nooit genoeg gezegd worden; Frankrijk zit vol met traditionele gerechten die het verdienen om geproefd te worden. Op onze Seasonova campings hebben we er een erezaak van gemaakt om onze lokale producenten en hun specialiteiten te promoten.<\/p>\n<p><strong>Vakantie souvenir:<\/strong> Vakantiefoto&#8217;s zijn goed, een souvenir om van te genieten is nog beter! Door een fles appelsap uit Normandi\u00eb of krakelingen uit de Elzas mee terug naar huis te nemen heeft u de mooiste herinnering aan uw verblijf bij ons.<\/p>\n<p><img loading=\"lazy\" class=\"size-medium wp-image-16860\" src=\"https:\/\/vacances-seasonova.com\/wp-content\/uploads\/2020\/02\/vacances-bretzel-300x199.jpg\" alt=\"bretzel\" width=\"300\" height=\"199\" srcset=\"https:\/\/vacances-seasonova.com\/wp-content\/uploads\/2020\/02\/vacances-bretzel-300x199.jpg 300w, https:\/\/vacances-seasonova.com\/wp-content\/uploads\/2020\/02\/vacances-bretzel-768x509.jpg 768w, https:\/\/vacances-seasonova.com\/wp-content\/uploads\/2020\/02\/vacances-bretzel-679x450.jpg 679w, https:\/\/vacances-seasonova.com\/wp-content\/uploads\/2020\/02\/vacances-bretzel-600x397.jpg 600w, https:\/\/vacances-seasonova.com\/wp-content\/uploads\/2020\/02\/vacances-bretzel.jpg 1700w\" sizes=\"(max-width: 300px) 100vw, 300px\" \/><\/p>","protected":false},"excerpt":{"rendered":"<p>Smaken van de regio: Het kan nooit genoeg gezegd worden; Frankrijk zit vol met traditionele gerechten die het verdienen om geproefd te worden. Op onze Seasonova campings hebben we er een erezaak van gemaakt om onze lokale [&#8230;]<\/p>\n","protected":false},"author":3,"featured_media":16861,"parent":16827,"menu_order":0,"comment_status":"closed","ping_status":"closed","template":"","meta":[],"yoast_head":"<!-- This site is optimized with the Yoast SEO plugin v18.1 - https:\/\/yoast.com\/wordpress\/plugins\/seo\/ -->\n<meta name=\"description\" content=\"Dans les campings Seasonova, nos r\u00e9gions sont \u00e0 l&#039;honneur! Vous trouverez toujours des produits r\u00e9gionaux au sein de nos \u00e9piceries\" \/>\n<meta name=\"robots\" content=\"index, follow, max-snippet:-1, max-image-preview:large, max-video-preview:-1\" \/>\n<link rel=\"canonical\" href=\"https:\/\/vacances-seasonova.com\/nl\/vacances-en-camping-seasonova\/lexperience-seasonova\/epicerie-locale\/\" \/>\n<meta property=\"og:locale\" content=\"nl_NL\" \/>\n<meta property=\"og:type\" content=\"article\" \/>\n<meta property=\"og:title\" content=\"Epicerie locale - Seasonova\" \/>\n<meta property=\"og:description\" content=\"Dans les campings Seasonova, nos r\u00e9gions sont \u00e0 l&#039;honneur! Vous trouverez toujours des produits r\u00e9gionaux au sein de nos \u00e9piceries\" \/>\n<meta property=\"og:url\" content=\"https:\/\/vacances-seasonova.com\/fr\/vacances-en-camping-seasonova\/lexperience-seasonova\/epicerie-locale\/\" \/>\n<meta property=\"og:site_name\" content=\"Seasonova\" \/>\n<meta property=\"article:modified_time\" content=\"2023-04-03T21:19:45+00:00\" \/>\n<meta property=\"og:image\" content=\"https:\/\/vacances-seasonova.com\/wp-content\/uploads\/2020\/02\/vacances-jus-de-pommes.jpg\" \/>\n\t<meta property=\"og:image:width\" content=\"1700\" \/>\n\t<meta property=\"og:image:height\" content=\"1351\" \/>\n\t<meta property=\"og:image:type\" content=\"image\/jpeg\" \/>\n<meta name=\"twitter:card\" content=\"summary\" \/>\n<meta name=\"twitter:label1\" content=\"Geschatte leestijd\" \/>\n\t<meta name=\"twitter:data1\" content=\"2 minuten\" \/>\n<script type=\"application\/ld+json\" class=\"yoast-schema-graph\">{\"@context\":\"https:\/\/schema.org\",\"@graph\":[{\"@type\":\"WebSite\",\"@id\":\"https:\/\/vacances-seasonova.com\/fr\/#website\",\"url\":\"https:\/\/vacances-seasonova.com\/fr\/\",\"name\":\"Seasonova\",\"description\":\"\",\"potentialAction\":[{\"@type\":\"SearchAction\",\"target\":{\"@type\":\"EntryPoint\",\"urlTemplate\":\"https:\/\/vacances-seasonova.com\/fr\/?s={search_term_string}\"},\"query-input\":\"required name=search_term_string\"}],\"inLanguage\":\"nl\"},{\"@type\":\"ImageObject\",\"@id\":\"https:\/\/vacances-seasonova.com\/fr\/vacances-en-camping-seasonova\/lexperience-seasonova\/epicerie-locale\/#primaryimage\",\"inLanguage\":\"nl\",\"url\":\"https:\/\/vacances-seasonova.com\/wp-content\/uploads\/2020\/02\/vacances-jus-de-pommes.jpg\",\"contentUrl\":\"https:\/\/vacances-seasonova.com\/wp-content\/uploads\/2020\/02\/vacances-jus-de-pommes.jpg\",\"width\":1700,\"height\":1351,\"caption\":\"jus de pommes\"},{\"@type\":\"WebPage\",\"@id\":\"https:\/\/vacances-seasonova.com\/fr\/vacances-en-camping-seasonova\/lexperience-seasonova\/epicerie-locale\/#webpage\",\"url\":\"https:\/\/vacances-seasonova.com\/fr\/vacances-en-camping-seasonova\/lexperience-seasonova\/epicerie-locale\/\",\"name\":\"Epicerie locale - Seasonova\",\"isPartOf\":{\"@id\":\"https:\/\/vacances-seasonova.com\/fr\/#website\"},\"primaryImageOfPage\":{\"@id\":\"https:\/\/vacances-seasonova.com\/fr\/vacances-en-camping-seasonova\/lexperience-seasonova\/epicerie-locale\/#primaryimage\"},\"datePublished\":\"2020-03-10T12:41:22+00:00\",\"dateModified\":\"2023-04-03T21:19:45+00:00\",\"description\":\"Dans les campings Seasonova, nos r\u00e9gions sont \u00e0 l'honneur! Vous trouverez toujours des produits r\u00e9gionaux au sein de nos \u00e9piceries\",\"breadcrumb\":{\"@id\":\"https:\/\/vacances-seasonova.com\/fr\/vacances-en-camping-seasonova\/lexperience-seasonova\/epicerie-locale\/#breadcrumb\"},\"inLanguage\":\"nl\",\"potentialAction\":[{\"@type\":\"ReadAction\",\"target\":[\"https:\/\/vacances-seasonova.com\/fr\/vacances-en-camping-seasonova\/lexperience-seasonova\/epicerie-locale\/\"]}]},{\"@type\":\"BreadcrumbList\",\"@id\":\"https:\/\/vacances-seasonova.com\/fr\/vacances-en-camping-seasonova\/lexperience-seasonova\/epicerie-locale\/#breadcrumb\",\"itemListElement\":[{\"@type\":\"ListItem\",\"position\":1,\"name\":\"Accueil\",\"item\":\"https:\/\/vacances-seasonova.com\/nl\/\"},{\"@type\":\"ListItem\",\"position\":2,\"name\":\"Vacances en camping Seasonova\",\"item\":\"https:\/\/vacances-seasonova.com\/nl\/kampeervakantiein-frankrijk\/\"},{\"@type\":\"ListItem\",\"position\":3,\"name\":\"L\u2019exp\u00e9rience Seasonova\",\"item\":\"https:\/\/vacances-seasonova.com\/fr\/vacances-en-camping-seasonova\/lexperience-seasonova\/\"},{\"@type\":\"ListItem\",\"position\":4,\"name\":\"Epicerie locale\"}]}]}<\/script>\n<!-- \/ Yoast SEO plugin. -->","yoast_head_json":{"description":"Dans les campings Seasonova, nos r\u00e9gions sont \u00e0 l'honneur! Vous trouverez toujours des produits r\u00e9gionaux au sein de nos \u00e9piceries","robots":{"index":"index","follow":"follow","max-snippet":"max-snippet:-1","max-image-preview":"max-image-preview:large","max-video-preview":"max-video-preview:-1"},"canonical":"https:\/\/vacances-seasonova.com\/nl\/vacances-en-camping-seasonova\/lexperience-seasonova\/epicerie-locale\/","og_locale":"nl_NL","og_type":"article","og_title":"Epicerie locale - Seasonova","og_description":"Dans les campings Seasonova, nos r\u00e9gions sont \u00e0 l'honneur! Vous trouverez toujours des produits r\u00e9gionaux au sein de nos \u00e9piceries","og_url":"https:\/\/vacances-seasonova.com\/fr\/vacances-en-camping-seasonova\/lexperience-seasonova\/epicerie-locale\/","og_site_name":"Seasonova","article_modified_time":"2023-04-03T21:19:45+00:00","og_image":[{"width":1700,"height":1351,"url":"https:\/\/vacances-seasonova.com\/wp-content\/uploads\/2020\/02\/vacances-jus-de-pommes.jpg","type":"image\/jpeg"}],"twitter_card":"summary","twitter_misc":{"Geschatte leestijd":"2 minuten"},"schema":{"@context":"https:\/\/schema.org","@graph":[{"@type":"WebSite","@id":"https:\/\/vacances-seasonova.com\/fr\/#website","url":"https:\/\/vacances-seasonova.com\/fr\/","name":"Seasonova","description":"","potentialAction":[{"@type":"SearchAction","target":{"@type":"EntryPoint","urlTemplate":"https:\/\/vacances-seasonova.com\/fr\/?s={search_term_string}"},"query-input":"required name=search_term_string"}],"inLanguage":"nl"},{"@type":"ImageObject","@id":"https:\/\/vacances-seasonova.com\/fr\/vacances-en-camping-seasonova\/lexperience-seasonova\/epicerie-locale\/#primaryimage","inLanguage":"nl","url":"https:\/\/vacances-seasonova.com\/wp-content\/uploads\/2020\/02\/vacances-jus-de-pommes.jpg","contentUrl":"https:\/\/vacances-seasonova.com\/wp-content\/uploads\/2020\/02\/vacances-jus-de-pommes.jpg","width":1700,"height":1351,"caption":"jus de pommes"},{"@type":"WebPage","@id":"https:\/\/vacances-seasonova.com\/fr\/vacances-en-camping-seasonova\/lexperience-seasonova\/epicerie-locale\/#webpage","url":"https:\/\/vacances-seasonova.com\/fr\/vacances-en-camping-seasonova\/lexperience-seasonova\/epicerie-locale\/","name":"Epicerie locale - Seasonova","isPartOf":{"@id":"https:\/\/vacances-seasonova.com\/fr\/#website"},"primaryImageOfPage":{"@id":"https:\/\/vacances-seasonova.com\/fr\/vacances-en-camping-seasonova\/lexperience-seasonova\/epicerie-locale\/#primaryimage"},"datePublished":"2020-03-10T12:41:22+00:00","dateModified":"2023-04-03T21:19:45+00:00","description":"Dans les campings Seasonova, nos r\u00e9gions sont \u00e0 l'honneur! Vous trouverez toujours des produits r\u00e9gionaux au sein de nos \u00e9piceries","breadcrumb":{"@id":"https:\/\/vacances-seasonova.com\/fr\/vacances-en-camping-seasonova\/lexperience-seasonova\/epicerie-locale\/#breadcrumb"},"inLanguage":"nl","potentialAction":[{"@type":"ReadAction","target":["https:\/\/vacances-seasonova.com\/fr\/vacances-en-camping-seasonova\/lexperience-seasonova\/epicerie-locale\/"]}]},{"@type":"BreadcrumbList","@id":"https:\/\/vacances-seasonova.com\/fr\/vacances-en-camping-seasonova\/lexperience-seasonova\/epicerie-locale\/#breadcrumb","itemListElement":[{"@type":"ListItem","position":1,"name":"Accueil","item":"https:\/\/vacances-seasonova.com\/nl\/"},{"@type":"ListItem","position":2,"name":"Vacances en camping Seasonova","item":"https:\/\/vacances-seasonova.com\/nl\/kampeervakantiein-frankrijk\/"},{"@type":"ListItem","position":3,"name":"L\u2019exp\u00e9rience Seasonova","item":"https:\/\/vacances-seasonova.com\/fr\/vacances-en-camping-seasonova\/lexperience-seasonova\/"},{"@type":"ListItem","position":4,"name":"Epicerie locale"}]}]}},"_links":{"self":[{"href":"https:\/\/vacances-seasonova.com\/nl\/wp-json\/wp\/v2\/pages\/17070"}],"collection":[{"href":"https:\/\/vacances-seasonova.com\/nl\/wp-json\/wp\/v2\/pages"}],"about":[{"href":"https:\/\/vacances-seasonova.com\/nl\/wp-json\/wp\/v2\/types\/page"}],"author":[{"embeddable":true,"href":"https:\/\/vacances-seasonova.com\/nl\/wp-json\/wp\/v2\/users\/3"}],"replies":[{"embeddable":true,"href":"https:\/\/vacances-seasonova.com\/nl\/wp-json\/wp\/v2\/comments?post=17070"}],"version-history":[{"count":2,"href":"https:\/\/vacances-seasonova.com\/nl\/wp-json\/wp\/v2\/pages\/17070\/revisions"}],"predecessor-version":[{"id":37263,"href":"https:\/\/vacances-seasonova.com\/nl\/wp-json\/wp\/v2\/pages\/17070\/revisions\/37263"}],"up":[{"embeddable":true,"href":"https:\/\/vacances-seasonova.com\/nl\/wp-json\/wp\/v2\/pages\/16827"}],"wp:featuredmedia":[{"embeddable":true,"href":"https:\/\/vacances-seasonova.com\/nl\/wp-json\/wp\/v2\/media\/16861"}],"wp:attachment":[{"href":"https:\/\/vacances-seasonova.com\/nl\/wp-json\/wp\/v2\/media?parent=17070"}],"curies":[{"name":"wp","href":"https:\/\/api.w.org\/{rel}","templated":true}]}}