    {"id":174,"date":"2016-09-20T14:41:57","date_gmt":"2016-09-20T13:41:57","guid":{"rendered":"http:\/\/vacances-seasonova.com\/?page_id=174"},"modified":"2025-08-29T09:26:51","modified_gmt":"2025-08-29T07:26:51","slug":"camping-nature-seasonova","status":"publish","type":"page","link":"https:\/\/vacances-seasonova.com\/nl\/waar-is-camping-nature-seasonova-gevestigd\/","title":{"rendered":"FAQ Camping Nature Seasonova"},"content":{"rendered":"<p><\/p>\n<h2>In welke regio&#8217;s in Frankrijk bevinden de campings zich?<\/h2>\n<p>Seasonova campings zijn 3- en 4-sterren campings in Normandi\u00eb, maar ook in de Elzas, Bretagne, Pays de Loire en Ile de R\u00e9. Gelegen in een ongerepte natuur, verwelkomen onze gezinscampings je aan de kust, op het platteland of aan een rivier.<br \/>\n<a href=\"https:\/\/vacances-seasonova.com\/nl\/campings\/\">Bekijk de regio&#8217;s waar u uw camping Seasonova kunt vinden.<\/a><\/p>\n<h2>Welke diensten en voorzieningen zijn er?<\/h2>\n<p>Om je vakantie gemakkelijker te maken, bieden al onze campings een scala aan diensten aan zoals brood service, wasserette, fietsverhuur, televisie, barbecue, kluis, wifi, verhuur van lakens en schoonmaak aan het einde van de huurperiode.<\/p>\n<h2>Wat voor animatie is er?<\/h2>\n<p>Veel van onze campings bieden concerten, karaoke, danslessen, aquagym, proeverijen van lokale producten, wandelingen, trektochten, diverse wedstrijden en vele wellnessactiviteiten zoals yoga, Pilates&#8230;.<\/p>\n<p>Wij werken samen met lokale dienstverleners om je te helpen onze regio&#8217;s te ontdekken.<\/p>\n<h2>Internettoegang<\/h2>\n<p>Alle Seasonova natuurcampings zijn uitgerust met wifi. Je kunt verbinding maken vanaf je staanplaats of huuraccommodatie. Een terminal staat ook altijd tot je beschikking aan de bar of aan de receptie van de camping.<\/p>\n<h2>Zijn huisdieren toegestaan?<\/h2>\n<p>In alle Seasonova natuurcampings zijn honden en katten aan de halsband welkom, op de staanplaatsen voor caravans, campers of tenten. Het is niet toegestaan om huisdieren in welke huuraccommodatie dan ook mee te nemen.<\/p>\n<p>Honden van de 1e en 2e categorie worden niet geaccepteerd.<\/p>\n<p>Op camping Le Point du Jour in Normandi\u00eb, aan zee, zijn honden niet toegestaan op het strand van 12:00 tot 19:00 uur in juli en augustus.<\/p>\n<h2>Wat moet ik meenemen voor de huur?<\/h2>\n<p>Al onze accommodaties zijn van alle gemakken voorzien.<\/p>\n<p>Huishoudlinnen is niet voorzien. Lakens en handdoeken kan bij ons worden gehuurd.<\/p>\n<h2>Is het mogelijk om de locatie te kiezen?<\/h2>\n<p>Omdat het jouw vakantie is, kun je op de natuurcampings van Seasonova je voorkeuren kenbaar maken tijdens de boeking. Wij zullen ons best doen om aan de verwachtingen te voldoen.<\/p>\n<p>Je kunt ook de specifieke locatieoptie kiezen. Wij garanderen je dan de kampeerplaats of de huuraccommodatie van jouw keuze.<\/p>\n<h2>Is het mogelijk om mijn verblijf te wijzigen of te annuleren?<\/h2>\n<p>Het is mogelijk om het verblijf op de camping en in de huuraccommodatie te annuleren dankzij de door ons geselecteerde annuleringsverzekering. Vergeet niet om ernaar te vragen wanneer je boekt!<\/p>\n<p>In geval van annulering, naast de terugbetaling van de betaalde aanbetaling, bieden wij een voucher aan die op alle Seasonova natuurcampings kan worden gebruikt.<\/p>\n<p>U kunt, onder voorbehoud van beschikbaarheid, de reservering gratis wijzigen en zelfs een andere Seasonova familiecamping kiezen, tot 1 maand voor de datum van het oorspronkelijk geboekte verblijf.<\/p>\n<h2>Hoe te reserveren?<\/h2>\n<h3>VIA E-MAIL<\/h3>\n<p>Door het reserveringsformulier te downloaden en het compleet ingevuld terug te sturen naar de betreffende Seasonova camping\u00a0met een aanbetaling van 30% van het totale bedrag van het verblijf. Je ontvangt de bevestiging per e-mail.<\/p>\n<h3>TELEFONISCH<\/h3>\n<p>Bel ons op\u00a0 00 33 2 36 81 00 01. Bij een telefonische reservering vragen wij een aanbetalingsgarantie via een creditcard. Je ontvangt de bevestiging per e-mail of per post.<\/p>\n<h3>DIRECT ONLINE BOEKEN<\/h3>\n<p>De gemakkelijkste en snelste manier: controleer direct de beschikbaarheid van jouw favoriete bestemming, accommodatie en periode. Boek direct en ontvang de bevestiging per e-mail.<\/p>\n<p>&nbsp;<\/p>","protected":false},"excerpt":{"rendered":"<p>In welke regio&#8217;s in Frankrijk bevinden de campings zich? Seasonova campings zijn 3- en 4-sterren campings in Normandi\u00eb, maar ook in de Elzas, Bretagne, Pays de Loire en Ile de R\u00e9. Gelegen in een ongerepte natuur, [&#8230;]<\/p>\n","protected":false},"author":3,"featured_media":52,"parent":0,"menu_order":0,"comment_status":"closed","ping_status":"closed","template":"page.php","meta":[],"yoast_head":"<!-- This site is optimized with the Yoast SEO plugin v18.1 - https:\/\/yoast.com\/wordpress\/plugins\/seo\/ -->\n<meta name=\"description\" content=\"Toutes vos questions sur les Camping Nature Seasonova. Comment profiter des meilleurs tarifs et r\u00e9server en toute s\u00e9curit\u00e9?\" \/>\n<meta name=\"robots\" content=\"index, follow, max-snippet:-1, max-image-preview:large, max-video-preview:-1\" \/>\n<link rel=\"canonical\" href=\"https:\/\/vacances-seasonova.com\/nl\/waar-is-camping-nature-seasonova-gevestigd\/\" \/>\n<meta property=\"og:locale\" content=\"nl_NL\" \/>\n<meta property=\"og:type\" content=\"article\" \/>\n<meta property=\"og:title\" content=\"Camping Nature Seasonova\" \/>\n<meta property=\"og:description\" content=\"Toutes vos questions sur les Camping Nature Seasonova. Comment profiter des meilleurs tarifs et r\u00e9server en toute s\u00e9curit\u00e9?\" \/>\n<meta property=\"og:url\" content=\"https:\/\/vacances-seasonova.com\/nl\/waar-is-camping-nature-seasonova-gevestigd\/\" \/>\n<meta property=\"og:site_name\" content=\"Seasonova\" \/>\n<meta property=\"article:modified_time\" content=\"2025-08-29T07:26:51+00:00\" \/>\n<meta property=\"og:image\" content=\"https:\/\/vacances-seasonova.com\/wp-content\/uploads\/2016\/09\/bg-esprit-seasonova.jpg\" \/>\n\t<meta property=\"og:image:width\" content=\"1480\" \/>\n\t<meta property=\"og:image:height\" content=\"450\" \/>\n\t<meta property=\"og:image:type\" content=\"image\/jpeg\" \/>\n<meta name=\"twitter:card\" content=\"summary\" \/>\n<meta name=\"twitter:label1\" content=\"Geschatte leestijd\" \/>\n\t<meta name=\"twitter:data1\" content=\"3 minuten\" \/>\n<script type=\"application\/ld+json\" class=\"yoast-schema-graph\">{\"@context\":\"https:\/\/schema.org\",\"@graph\":[{\"@type\":\"WebSite\",\"@id\":\"https:\/\/vacances-seasonova.com\/fr\/#website\",\"url\":\"https:\/\/vacances-seasonova.com\/fr\/\",\"name\":\"Seasonova\",\"description\":\"\",\"potentialAction\":[{\"@type\":\"SearchAction\",\"target\":{\"@type\":\"EntryPoint\",\"urlTemplate\":\"https:\/\/vacances-seasonova.com\/fr\/?s={search_term_string}\"},\"query-input\":\"required name=search_term_string\"}],\"inLanguage\":\"nl\"},{\"@type\":\"ImageObject\",\"@id\":\"https:\/\/vacances-seasonova.com\/nl\/waar-is-camping-nature-seasonova-gevestigd\/#primaryimage\",\"inLanguage\":\"nl\",\"url\":\"https:\/\/vacances-seasonova.com\/wp-content\/uploads\/2016\/09\/bg-esprit-seasonova.jpg\",\"contentUrl\":\"https:\/\/vacances-seasonova.com\/wp-content\/uploads\/2016\/09\/bg-esprit-seasonova.jpg\",\"width\":1480,\"height\":450,\"caption\":\"FAQ camping nature Seasonova\"},{\"@type\":\"WebPage\",\"@id\":\"https:\/\/vacances-seasonova.com\/nl\/waar-is-camping-nature-seasonova-gevestigd\/#webpage\",\"url\":\"https:\/\/vacances-seasonova.com\/nl\/waar-is-camping-nature-seasonova-gevestigd\/\",\"name\":\"Camping Nature Seasonova\",\"isPartOf\":{\"@id\":\"https:\/\/vacances-seasonova.com\/fr\/#website\"},\"primaryImageOfPage\":{\"@id\":\"https:\/\/vacances-seasonova.com\/nl\/waar-is-camping-nature-seasonova-gevestigd\/#primaryimage\"},\"datePublished\":\"2016-09-20T13:41:57+00:00\",\"dateModified\":\"2025-08-29T07:26:51+00:00\",\"description\":\"Toutes vos questions sur les Camping Nature Seasonova. Comment profiter des meilleurs tarifs et r\u00e9server en toute s\u00e9curit\u00e9?\",\"breadcrumb\":{\"@id\":\"https:\/\/vacances-seasonova.com\/nl\/waar-is-camping-nature-seasonova-gevestigd\/#breadcrumb\"},\"inLanguage\":\"nl\",\"potentialAction\":[{\"@type\":\"ReadAction\",\"target\":[\"https:\/\/vacances-seasonova.com\/nl\/waar-is-camping-nature-seasonova-gevestigd\/\"]}]},{\"@type\":\"BreadcrumbList\",\"@id\":\"https:\/\/vacances-seasonova.com\/nl\/waar-is-camping-nature-seasonova-gevestigd\/#breadcrumb\",\"itemListElement\":[{\"@type\":\"ListItem\",\"position\":1,\"name\":\"Accueil\",\"item\":\"https:\/\/vacances-seasonova.com\/nl\/\"},{\"@type\":\"ListItem\",\"position\":2,\"name\":\"FAQ Camping Nature Seasonova\"}]}]}<\/script>\n<!-- \/ Yoast SEO plugin. -->","yoast_head_json":{"description":"Toutes vos questions sur les Camping Nature Seasonova. Comment profiter des meilleurs tarifs et r\u00e9server en toute s\u00e9curit\u00e9?","robots":{"index":"index","follow":"follow","max-snippet":"max-snippet:-1","max-image-preview":"max-image-preview:large","max-video-preview":"max-video-preview:-1"},"canonical":"https:\/\/vacances-seasonova.com\/nl\/waar-is-camping-nature-seasonova-gevestigd\/","og_locale":"nl_NL","og_type":"article","og_title":"Camping Nature Seasonova","og_description":"Toutes vos questions sur les Camping Nature Seasonova. Comment profiter des meilleurs tarifs et r\u00e9server en toute s\u00e9curit\u00e9?","og_url":"https:\/\/vacances-seasonova.com\/nl\/waar-is-camping-nature-seasonova-gevestigd\/","og_site_name":"Seasonova","article_modified_time":"2025-08-29T07:26:51+00:00","og_image":[{"width":1480,"height":450,"url":"https:\/\/vacances-seasonova.com\/wp-content\/uploads\/2016\/09\/bg-esprit-seasonova.jpg","type":"image\/jpeg"}],"twitter_card":"summary","twitter_misc":{"Geschatte leestijd":"3 minuten"},"schema":{"@context":"https:\/\/schema.org","@graph":[{"@type":"WebSite","@id":"https:\/\/vacances-seasonova.com\/fr\/#website","url":"https:\/\/vacances-seasonova.com\/fr\/","name":"Seasonova","description":"","potentialAction":[{"@type":"SearchAction","target":{"@type":"EntryPoint","urlTemplate":"https:\/\/vacances-seasonova.com\/fr\/?s={search_term_string}"},"query-input":"required name=search_term_string"}],"inLanguage":"nl"},{"@type":"ImageObject","@id":"https:\/\/vacances-seasonova.com\/nl\/waar-is-camping-nature-seasonova-gevestigd\/#primaryimage","inLanguage":"nl","url":"https:\/\/vacances-seasonova.com\/wp-content\/uploads\/2016\/09\/bg-esprit-seasonova.jpg","contentUrl":"https:\/\/vacances-seasonova.com\/wp-content\/uploads\/2016\/09\/bg-esprit-seasonova.jpg","width":1480,"height":450,"caption":"FAQ camping nature Seasonova"},{"@type":"WebPage","@id":"https:\/\/vacances-seasonova.com\/nl\/waar-is-camping-nature-seasonova-gevestigd\/#webpage","url":"https:\/\/vacances-seasonova.com\/nl\/waar-is-camping-nature-seasonova-gevestigd\/","name":"Camping Nature Seasonova","isPartOf":{"@id":"https:\/\/vacances-seasonova.com\/fr\/#website"},"primaryImageOfPage":{"@id":"https:\/\/vacances-seasonova.com\/nl\/waar-is-camping-nature-seasonova-gevestigd\/#primaryimage"},"datePublished":"2016-09-20T13:41:57+00:00","dateModified":"2025-08-29T07:26:51+00:00","description":"Toutes vos questions sur les Camping Nature Seasonova. Comment profiter des meilleurs tarifs et r\u00e9server en toute s\u00e9curit\u00e9?","breadcrumb":{"@id":"https:\/\/vacances-seasonova.com\/nl\/waar-is-camping-nature-seasonova-gevestigd\/#breadcrumb"},"inLanguage":"nl","potentialAction":[{"@type":"ReadAction","target":["https:\/\/vacances-seasonova.com\/nl\/waar-is-camping-nature-seasonova-gevestigd\/"]}]},{"@type":"BreadcrumbList","@id":"https:\/\/vacances-seasonova.com\/nl\/waar-is-camping-nature-seasonova-gevestigd\/#breadcrumb","itemListElement":[{"@type":"ListItem","position":1,"name":"Accueil","item":"https:\/\/vacances-seasonova.com\/nl\/"},{"@type":"ListItem","position":2,"name":"FAQ Camping Nature Seasonova"}]}]}},"_links":{"self":[{"href":"https:\/\/vacances-seasonova.com\/nl\/wp-json\/wp\/v2\/pages\/174"}],"collection":[{"href":"https:\/\/vacances-seasonova.com\/nl\/wp-json\/wp\/v2\/pages"}],"about":[{"href":"https:\/\/vacances-seasonova.com\/nl\/wp-json\/wp\/v2\/types\/page"}],"author":[{"embeddable":true,"href":"https:\/\/vacances-seasonova.com\/nl\/wp-json\/wp\/v2\/users\/3"}],"replies":[{"embeddable":true,"href":"https:\/\/vacances-seasonova.com\/nl\/wp-json\/wp\/v2\/comments?post=174"}],"version-history":[{"count":9,"href":"https:\/\/vacances-seasonova.com\/nl\/wp-json\/wp\/v2\/pages\/174\/revisions"}],"predecessor-version":[{"id":51819,"href":"https:\/\/vacances-seasonova.com\/nl\/wp-json\/wp\/v2\/pages\/174\/revisions\/51819"}],"wp:featuredmedia":[{"embeddable":true,"href":"https:\/\/vacances-seasonova.com\/nl\/wp-json\/wp\/v2\/media\/52"}],"wp:attachment":[{"href":"https:\/\/vacances-seasonova.com\/nl\/wp-json\/wp\/v2\/media?parent=174"}],"curies":[{"name":"wp","href":"https:\/\/api.w.org\/{rel}","templated":true}]}}