    {"id":17563,"date":"2020-04-20T15:21:56","date_gmt":"2020-04-20T13:21:56","guid":{"rendered":"https:\/\/vacances-seasonova.com\/fr\/?page_id=17563"},"modified":"2021-03-30T13:58:25","modified_gmt":"2021-03-30T11:58:25","slug":"hygiene-et-mesures-de-securite-sanitaire","status":"publish","type":"page","link":"https:\/\/vacances-seasonova.com\/nl\/hygiene-en-gezondheidsveiligheidsmaatregelen\/","title":{"rendered":"Hygi\u00ebne- en gezondheidsveiligheidsmaatregelen"},"content":{"rendered":"<p><\/p>\n<h2>We stellen strenge hygi\u00ebneprotocollen op<\/h2>\n<div class=\"container-fluid\" style=\"margin-bottom: 2%;\">\n<div class=\"col-lg-4 col-md-4 col-sm-4\">\n<p><img loading=\"lazy\" class=\"alignnone wp-image-17633 size-large\" src=\"https:\/\/vacances-seasonova.com\/wp-content\/uploads\/2020\/04\/vacances-seasonova-14-pdj-sanitaires-1800px-675x450.jpg\" alt=\"\" width=\"675\" height=\"450\" srcset=\"https:\/\/vacances-seasonova.com\/wp-content\/uploads\/2020\/04\/vacances-seasonova-14-pdj-sanitaires-1800px-675x450.jpg 675w, https:\/\/vacances-seasonova.com\/wp-content\/uploads\/2020\/04\/vacances-seasonova-14-pdj-sanitaires-1800px-300x200.jpg 300w, https:\/\/vacances-seasonova.com\/wp-content\/uploads\/2020\/04\/vacances-seasonova-14-pdj-sanitaires-1800px-768x512.jpg 768w, https:\/\/vacances-seasonova.com\/wp-content\/uploads\/2020\/04\/vacances-seasonova-14-pdj-sanitaires-1800px-600x400.jpg 600w, https:\/\/vacances-seasonova.com\/wp-content\/uploads\/2020\/04\/vacances-seasonova-14-pdj-sanitaires-1800px.jpg 1800w\" sizes=\"(max-width: 675px) 100vw, 675px\" \/><\/p>\n<p><img loading=\"lazy\" class=\"alignnone wp-image-17637 size-large\" src=\"https:\/\/vacances-seasonova.com\/wp-content\/uploads\/2020\/04\/camping-seasonova-hygiene-mesures-sanitaires-644x450.jpg\" alt=\"\" width=\"644\" height=\"450\" srcset=\"https:\/\/vacances-seasonova.com\/wp-content\/uploads\/2020\/04\/camping-seasonova-hygiene-mesures-sanitaires-644x450.jpg 644w, https:\/\/vacances-seasonova.com\/wp-content\/uploads\/2020\/04\/camping-seasonova-hygiene-mesures-sanitaires-300x210.jpg 300w, https:\/\/vacances-seasonova.com\/wp-content\/uploads\/2020\/04\/camping-seasonova-hygiene-mesures-sanitaires-768x537.jpg 768w, https:\/\/vacances-seasonova.com\/wp-content\/uploads\/2020\/04\/camping-seasonova-hygiene-mesures-sanitaires-600x419.jpg 600w, https:\/\/vacances-seasonova.com\/wp-content\/uploads\/2020\/04\/camping-seasonova-hygiene-mesures-sanitaires.jpg 1000w\" sizes=\"(max-width: 644px) 100vw, 644px\" \/><\/p>\n<\/div>\n<div class=\"col-lg-8 col-md-8 col-sm-8\">\n<ul>\n<li>Alle Seasonova campings zijn onderworpen aan een streng schoonmaakproces, de sanitaire voorzieningen worden twee keer per dag schoongemaakt, hydro-alcoholische oplossingen zijn voorzien in de gemeenschappelijke ruimtes, inclusief elk toilet. Sanitaire oplossingen worden in alle gangbare gebouwen (sanitair, receptie&#8230;) en accommodaties gespoten.<\/li>\n<\/ul>\n<ul>\n<li>De accommodaties zijn onderworpen aan een specifiek schoonmaakproces en er wordt een minimum van 4 uur in acht genomen tussen 2 verhuringen.<\/li>\n<\/ul>\n<ul>\n<li>Alle medewerkers van Seasonova&#8217;s camping zijn getraind om de gebaren van de barri\u00e8re te respecteren en alles zal worden gedaan, zonder de vakantiesfeer te veranderen, om de verspreiding van <strong>COVID 19<\/strong>te voorkomen.<\/li>\n<\/ul>\n<ul>\n<li>U heeft de mogelijkheid om uw verblijf te betalen voor uw aankomst, zodat u niet hoeft te wachten. Het enige wat u hoeft te doen is een verzoek per e-mail sturen.<\/li>\n<\/ul>\n<ul>\n<li>Seasonova Campings zijn bijzonder toegewijd aan het buitenleven en weigeren promiscu\u00efteit, afhankelijk van de weersomstandigheden, zullen wij u in de open lucht verwelkomen met een limonade.<\/li>\n<\/ul>\n<\/div>\n<\/div>\n<p><\/p>","protected":false},"excerpt":{"rendered":"<p>We stellen strenge hygi\u00ebneprotocollen op Alle Seasonova campings zijn onderworpen aan een streng schoonmaakproces, de sanitaire voorzieningen worden twee keer per dag schoongemaakt, hydro-alcoholische oplossingen zijn [&#8230;]<\/p>\n","protected":false},"author":2,"featured_media":17044,"parent":0,"menu_order":0,"comment_status":"closed","ping_status":"closed","template":"","meta":[],"yoast_head":"<!-- This site is optimized with the Yoast SEO plugin v18.1 - https:\/\/yoast.com\/wordpress\/plugins\/seo\/ -->\n<meta name=\"robots\" content=\"index, follow, max-snippet:-1, max-image-preview:large, max-video-preview:-1\" \/>\n<link rel=\"canonical\" href=\"https:\/\/vacances-seasonova.com\/nl\/hygiene-et-mesures-de-securite-sanitaire\/\" \/>\n<meta property=\"og:locale\" content=\"nl_NL\" \/>\n<meta property=\"og:type\" content=\"article\" \/>\n<meta property=\"og:title\" content=\"Hygi\u00e8ne et mesures de s\u00e9curit\u00e9 sanitaire - Seasonova\" \/>\n<meta property=\"og:description\" content=\"We stellen strenge hygi\u00ebneprotocollen op Alle Seasonova campings zijn onderworpen aan een streng schoonmaakproces, de sanitaire voorzieningen worden twee keer per dag schoongemaakt, hydro-alcoholische oplossingen zijn [...]\" \/>\n<meta property=\"og:url\" content=\"https:\/\/vacances-seasonova.com\/fr\/hygiene-et-mesures-de-securite-sanitaire\/\" \/>\n<meta property=\"og:site_name\" content=\"Seasonova\" \/>\n<meta property=\"article:modified_time\" content=\"2021-03-30T11:58:25+00:00\" \/>\n<meta property=\"og:image\" content=\"https:\/\/vacances-seasonova.com\/wp-content\/uploads\/2020\/03\/camping-mindfullness-e1583759306877.jpg\" \/>\n\t<meta property=\"og:image:width\" content=\"1280\" \/>\n\t<meta property=\"og:image:height\" content=\"489\" \/>\n\t<meta property=\"og:image:type\" content=\"image\/jpeg\" \/>\n<meta name=\"twitter:card\" content=\"summary\" \/>\n<meta name=\"twitter:label1\" content=\"Geschatte leestijd\" \/>\n\t<meta name=\"twitter:data1\" content=\"2 minuten\" \/>\n<script type=\"application\/ld+json\" class=\"yoast-schema-graph\">{\"@context\":\"https:\/\/schema.org\",\"@graph\":[{\"@type\":\"WebSite\",\"@id\":\"https:\/\/vacances-seasonova.com\/fr\/#website\",\"url\":\"https:\/\/vacances-seasonova.com\/fr\/\",\"name\":\"Seasonova\",\"description\":\"\",\"potentialAction\":[{\"@type\":\"SearchAction\",\"target\":{\"@type\":\"EntryPoint\",\"urlTemplate\":\"https:\/\/vacances-seasonova.com\/fr\/?s={search_term_string}\"},\"query-input\":\"required name=search_term_string\"}],\"inLanguage\":\"nl\"},{\"@type\":\"ImageObject\",\"@id\":\"https:\/\/vacances-seasonova.com\/fr\/hygiene-et-mesures-de-securite-sanitaire\/#primaryimage\",\"inLanguage\":\"nl\",\"url\":\"https:\/\/vacances-seasonova.com\/wp-content\/uploads\/2020\/03\/camping-mindfullness-e1583759306877.jpg\",\"contentUrl\":\"https:\/\/vacances-seasonova.com\/wp-content\/uploads\/2020\/03\/camping-mindfullness-e1583759306877.jpg\",\"width\":1280,\"height\":489},{\"@type\":\"WebPage\",\"@id\":\"https:\/\/vacances-seasonova.com\/fr\/hygiene-et-mesures-de-securite-sanitaire\/#webpage\",\"url\":\"https:\/\/vacances-seasonova.com\/fr\/hygiene-et-mesures-de-securite-sanitaire\/\",\"name\":\"Hygi\u00e8ne et mesures de s\u00e9curit\u00e9 sanitaire - Seasonova\",\"isPartOf\":{\"@id\":\"https:\/\/vacances-seasonova.com\/fr\/#website\"},\"primaryImageOfPage\":{\"@id\":\"https:\/\/vacances-seasonova.com\/fr\/hygiene-et-mesures-de-securite-sanitaire\/#primaryimage\"},\"datePublished\":\"2020-04-20T13:21:56+00:00\",\"dateModified\":\"2021-03-30T11:58:25+00:00\",\"breadcrumb\":{\"@id\":\"https:\/\/vacances-seasonova.com\/fr\/hygiene-et-mesures-de-securite-sanitaire\/#breadcrumb\"},\"inLanguage\":\"nl\",\"potentialAction\":[{\"@type\":\"ReadAction\",\"target\":[\"https:\/\/vacances-seasonova.com\/fr\/hygiene-et-mesures-de-securite-sanitaire\/\"]}]},{\"@type\":\"BreadcrumbList\",\"@id\":\"https:\/\/vacances-seasonova.com\/fr\/hygiene-et-mesures-de-securite-sanitaire\/#breadcrumb\",\"itemListElement\":[{\"@type\":\"ListItem\",\"position\":1,\"name\":\"Accueil\",\"item\":\"https:\/\/vacances-seasonova.com\/nl\/\"},{\"@type\":\"ListItem\",\"position\":2,\"name\":\"Hygi\u00e8ne et mesures de s\u00e9curit\u00e9 sanitaire\"}]}]}<\/script>\n<!-- \/ Yoast SEO plugin. -->","yoast_head_json":{"robots":{"index":"index","follow":"follow","max-snippet":"max-snippet:-1","max-image-preview":"max-image-preview:large","max-video-preview":"max-video-preview:-1"},"canonical":"https:\/\/vacances-seasonova.com\/nl\/hygiene-et-mesures-de-securite-sanitaire\/","og_locale":"nl_NL","og_type":"article","og_title":"Hygi\u00e8ne et mesures de s\u00e9curit\u00e9 sanitaire - Seasonova","og_description":"We stellen strenge hygi\u00ebneprotocollen op Alle Seasonova campings zijn onderworpen aan een streng schoonmaakproces, de sanitaire voorzieningen worden twee keer per dag schoongemaakt, hydro-alcoholische oplossingen zijn [...]","og_url":"https:\/\/vacances-seasonova.com\/fr\/hygiene-et-mesures-de-securite-sanitaire\/","og_site_name":"Seasonova","article_modified_time":"2021-03-30T11:58:25+00:00","og_image":[{"width":1280,"height":489,"url":"https:\/\/vacances-seasonova.com\/wp-content\/uploads\/2020\/03\/camping-mindfullness-e1583759306877.jpg","type":"image\/jpeg"}],"twitter_card":"summary","twitter_misc":{"Geschatte leestijd":"2 minuten"},"schema":{"@context":"https:\/\/schema.org","@graph":[{"@type":"WebSite","@id":"https:\/\/vacances-seasonova.com\/fr\/#website","url":"https:\/\/vacances-seasonova.com\/fr\/","name":"Seasonova","description":"","potentialAction":[{"@type":"SearchAction","target":{"@type":"EntryPoint","urlTemplate":"https:\/\/vacances-seasonova.com\/fr\/?s={search_term_string}"},"query-input":"required name=search_term_string"}],"inLanguage":"nl"},{"@type":"ImageObject","@id":"https:\/\/vacances-seasonova.com\/fr\/hygiene-et-mesures-de-securite-sanitaire\/#primaryimage","inLanguage":"nl","url":"https:\/\/vacances-seasonova.com\/wp-content\/uploads\/2020\/03\/camping-mindfullness-e1583759306877.jpg","contentUrl":"https:\/\/vacances-seasonova.com\/wp-content\/uploads\/2020\/03\/camping-mindfullness-e1583759306877.jpg","width":1280,"height":489},{"@type":"WebPage","@id":"https:\/\/vacances-seasonova.com\/fr\/hygiene-et-mesures-de-securite-sanitaire\/#webpage","url":"https:\/\/vacances-seasonova.com\/fr\/hygiene-et-mesures-de-securite-sanitaire\/","name":"Hygi\u00e8ne et mesures de s\u00e9curit\u00e9 sanitaire - Seasonova","isPartOf":{"@id":"https:\/\/vacances-seasonova.com\/fr\/#website"},"primaryImageOfPage":{"@id":"https:\/\/vacances-seasonova.com\/fr\/hygiene-et-mesures-de-securite-sanitaire\/#primaryimage"},"datePublished":"2020-04-20T13:21:56+00:00","dateModified":"2021-03-30T11:58:25+00:00","breadcrumb":{"@id":"https:\/\/vacances-seasonova.com\/fr\/hygiene-et-mesures-de-securite-sanitaire\/#breadcrumb"},"inLanguage":"nl","potentialAction":[{"@type":"ReadAction","target":["https:\/\/vacances-seasonova.com\/fr\/hygiene-et-mesures-de-securite-sanitaire\/"]}]},{"@type":"BreadcrumbList","@id":"https:\/\/vacances-seasonova.com\/fr\/hygiene-et-mesures-de-securite-sanitaire\/#breadcrumb","itemListElement":[{"@type":"ListItem","position":1,"name":"Accueil","item":"https:\/\/vacances-seasonova.com\/nl\/"},{"@type":"ListItem","position":2,"name":"Hygi\u00e8ne et mesures de s\u00e9curit\u00e9 sanitaire"}]}]}},"_links":{"self":[{"href":"https:\/\/vacances-seasonova.com\/nl\/wp-json\/wp\/v2\/pages\/17563"}],"collection":[{"href":"https:\/\/vacances-seasonova.com\/nl\/wp-json\/wp\/v2\/pages"}],"about":[{"href":"https:\/\/vacances-seasonova.com\/nl\/wp-json\/wp\/v2\/types\/page"}],"author":[{"embeddable":true,"href":"https:\/\/vacances-seasonova.com\/nl\/wp-json\/wp\/v2\/users\/2"}],"replies":[{"embeddable":true,"href":"https:\/\/vacances-seasonova.com\/nl\/wp-json\/wp\/v2\/comments?post=17563"}],"version-history":[{"count":0,"href":"https:\/\/vacances-seasonova.com\/nl\/wp-json\/wp\/v2\/pages\/17563\/revisions"}],"wp:featuredmedia":[{"embeddable":true,"href":"https:\/\/vacances-seasonova.com\/nl\/wp-json\/wp\/v2\/media\/17044"}],"wp:attachment":[{"href":"https:\/\/vacances-seasonova.com\/nl\/wp-json\/wp\/v2\/media?parent=17563"}],"curies":[{"name":"wp","href":"https:\/\/api.w.org\/{rel}","templated":true}]}}