    {"id":187,"date":"2016-09-20T14:48:34","date_gmt":"2016-09-20T13:48:34","guid":{"rendered":"http:\/\/vacances-seasonova.com\/?page_id=187"},"modified":"2025-08-29T10:25:27","modified_gmt":"2025-08-29T08:25:27","slug":"recrutement-camping-seasonova","status":"publish","type":"page","link":"https:\/\/vacances-seasonova.com\/nl\/rekrutering\/","title":{"rendered":"Recrutement Camping Seasonova"},"content":{"rendered":"<p><img loading=\"lazy\" class=\"aligncenter\" src=\"https:\/\/vacances-seasonova.com\/wp-content\/uploads\/2022\/02\/recrutement-seasonova.png\" alt=\"Seasonova Werving\" width=\"399\" height=\"398\" \/><\/p>\n<h2>Onze waarden<\/h2>\n<p>Opgericht in 2011 door <strong>Guillaume LEMARCHAND<\/strong>, een gepassioneerde reiziger, liefhebber van ontmoetingen en buitenactiviteiten, is de <strong>Seasonova Groep<\/strong> vandaag aanwezig in <strong>Elzas, Normandi\u00eb, Bretagne, Pays de Loire, Nouvelle-Aquitaine en op het \u00cele de R\u00e9<\/strong>.<\/p>\n<p>In de <strong>Seasonova Slow Life Campings<\/strong> vinden wij dat vakanties momenten van herbronning, uitwisseling en ontdekking moeten zijn.  <\/p>\n<p>Omdat loskomen van de dagelijkse routine betekent terugkeren naar de eenvoud, de natuur en gezelligheid, hebben wij <strong>20 campings en een chalet in de bergen<\/strong> ontwikkeld \u2013 allemaal met dezelfde passie voor gastvrijheid en het cre\u00ebren van onvergetelijke momenten.  <\/p>\n<h2>Eenheid<\/h2>\n<p>Met gemiddeld 160 staanplaatsen zijn onze campings allemaal kleinschalig en gekenmerkt door de betrokkenheid van onze teams.<br \/>\nDe kracht en eenheid van de <strong>Seasonova Groep<\/strong> komt voort uit de mannen en vrouwen die er deel van uitmaken \u2013 allemaal gedreven door dezelfde passie voor hun vak en de wil om zich voortdurend te verbeteren.  <\/p>\n<p>De optimale inzet van de beheerders van elk <strong>Seasonova Camping<\/strong> garandeert een constante kwaliteit, stabiliteit in de exploitatie en een onafhankelijk beheer dat de authenticiteit van elke camping behoudt.  <\/p>\n<h2>Passie<\/h2>\n<p>Ons verschil ligt in de subtiele combinatie van betrokken beheer door onze partners en de <strong>expertise van de Seasonova Groep met haar ondersteunende functies <em>(marketing, techniek, financi\u00ebn\u2026)<\/em><\/strong>.<\/p>\n<p>De <strong>Seasonova Groep<\/strong> groeit sterk met een jaarlijkse groei van meer dan <strong>30%<\/strong>. Om deze groei te ondersteunen, zoeken we elk jaar nieuwe talenten.<\/p>\n<hr \/>\n<h2>Sluit je bij ons team aan<\/h2>\n<p>Stuur je CV naar: <strong><a href=\"mailto:contact-recrutement@groupe-seasonova.com\">contact-recrutement@groupe-seasonova.com<\/a><\/strong><\/p>\n<p><center><br \/>\n<img loading=\"lazy\" class=\"size-full wp-image-36572 aligncenter\" src=\"https:\/\/vacances-seasonova.com\/wp-content\/uploads\/2023\/02\/envie-de-nous-rejoindre-recrutement.png\" alt=\"Kom bij Seasonova\" width=\"310\" height=\"286\" srcset=\"https:\/\/vacances-seasonova.com\/wp-content\/uploads\/2023\/02\/envie-de-nous-rejoindre-recrutement.png 310w, https:\/\/vacances-seasonova.com\/wp-content\/uploads\/2023\/02\/envie-de-nous-rejoindre-recrutement-300x277.png 300w\" sizes=\"(max-width: 310px) 100vw, 310px\" \/><br \/>\n<\/center><\/p>\n<div class=\"row\">\n<div class=\"col-lg-4 col-md-4 col-sm-4\">\n<a href=\"https:\/\/vacances-seasonova.com\/recrutement-seasonova\/offre-demploi-camping-seasonova\/\" target=\"_blank\" rel=\"noopener noreferrer\"><br \/>\n<img loading=\"lazy\" class=\"alignnone wp-image-4184 size-medium\" src=\"https:\/\/vacances-seasonova.com\/wp-content\/uploads\/2023\/02\/bouton-offres-demploi-1.png\" alt=\"Vacatures Camping\" width=\"400\" height=\"400\" \/><\/a>\n<\/div>\n<div class=\"col-lg-4 col-md-4 col-sm-4\">\n<a href=\"https:\/\/vacances-seasonova.com\/recrutement-seasonova\/offre-de-stage-camping\/\" target=\"_blank\" rel=\"noopener noreferrer\"><br \/>\n<img loading=\"lazy\" class=\"alignnone wp-image-4164 size-medium\" src=\"https:\/\/vacances-seasonova.com\/wp-content\/uploads\/2023\/02\/bouton-offres-de-stage.png\" alt=\"Stageaanbiedingen Camping\" width=\"400\" height=\"400\" \/><\/a>\n<\/div>\n<div class=\"col-lg-4 col-md-4 col-sm-4\">\n<a href=\"https:\/\/vacances-seasonova.com\/fr\/recrutement-seasonova\/offre-dalternance\/\" target=\"blank\" rel=\"noopener\"><br \/>\n<img loading=\"lazy\" class=\"alignnone wp-image-4165 size-medium\" src=\"https:\/\/vacances-seasonova.com\/wp-content\/uploads\/2023\/02\/offres-alternance.png\" alt=\"Duaal leren Camping\" width=\"400\" height=\"400\" \/><\/a>\n<\/div>\n<\/div>\n<div class=\"img-recrutement-center-align\">\n<h2>Ervaringen<\/h2>\n<h4 class=\"title-promo-main\">Seizoenswerk bij Seasonova<\/h4>\n<div class=\"row\">\n<div class=\"col-lg-4 col-md-4 col-sm-4\">\n<img loading=\"lazy\" class=\"alignnone wp-image-4124\" src=\"https:\/\/vacances-seasonova.com\/wp-content\/uploads\/2017\/09\/alize\u0301.jpeg\" alt=\"Aliz\u00e9e\" width=\"280\" height=\"292\" srcset=\"https:\/\/vacances-seasonova.com\/wp-content\/uploads\/2017\/09\/alize\u0301.jpeg 776w, https:\/\/vacances-seasonova.com\/wp-content\/uploads\/2017\/09\/alize\u0301-287x300.jpeg 287w, https:\/\/vacances-seasonova.com\/wp-content\/uploads\/2017\/09\/alize\u0301-768x802.jpeg 768w, https:\/\/vacances-seasonova.com\/wp-content\/uploads\/2017\/09\/alize\u0301-431x450.jpeg 431w, https:\/\/vacances-seasonova.com\/wp-content\/uploads\/2017\/09\/alize\u0301-600x626.jpeg 600w\" sizes=\"(max-width: 280px) 100vw, 280px\" \/>\n<\/div>\n<div class=\"col-lg-8 col-md-8 col-sm-8\">\n<h4>Aliz\u00e9e<\/h4>\n<p>Receptioniste op Camping &#8220;Le Point du Jour&#8221; in Merville-Franceville, Normandi\u00eb\n<\/p><\/div>\n<\/div>\n<ul>\n<li><a href=\"#receptionniste\" data-toggle=\"collapse\"> Functie en uitgevoerde taken<\/a><\/li>\n<\/ul>\n<div id=\"receptionniste\" class=\"collapse\">\n<div class=\"card card-body\">\n<p>Ik werkte twee maanden, van 1 juli tot 31 augustus 2017, als receptioniste op Camping Le Point du Jour in Merville-Franceville.<\/p>\n<\/div>\n<\/div>\n<ul>\n<li><a href=\"#experience\" data-toggle=\"collapse\"> Opdrachten die ik kreeg<\/a><\/li>\n<\/ul>\n<div id=\"experience\" class=\"collapse\">\n<div class=\"card card-body\">\n<ul>\n<li>Ontvangst van gasten<\/li>\n<li>Toezicht op het goede verloop van de verblijven<\/li>\n<li>Beheer van het reserveringssysteem<\/li>\n<li>Reserveringen, betalingen en facturatie<\/li>\n<li>Organisatie van de schoonmaak van huuraccommodaties<\/li>\n<\/ul>\n<\/div>\n<\/div>\n<ul>\n<li><a href=\"#management\" data-toggle=\"collapse\">Wat deze ervaring mij gebracht heeft<\/a><\/li>\n<\/ul>\n<div id=\"management\" class=\"collapse\">\n<div class=\"card card-body\">\n<p>Ik heb mijn communicatieve vaardigheden in het Frans en Engels verbeterd en meer zelfvertrouwen aan de telefoon gekregen.<br \/>\nIk heb mijn organisatievermogen ontwikkeld, vooral belangrijk tijdens drukke aankomst- en vertrekdagen.<br \/>\nIk kreeg verantwoordelijkheden, zoals het alleen beheren van de receptie voor halve of volledige dagen, wat mijn zelfstandigheid en initiatiefvermogen versterkte.<br \/>\nHet werken in een team bevestigde dat samenwerking motiverend en verrijkend is en goed bij mij past.<\/p>\n<\/div>\n<\/div>\n<p><!-- (idem voor France, Ana\u00efs, Ga\u00eblle, Audrey: zelfde structuur in NL vertalen) --><\/p>","protected":false},"excerpt":{"rendered":"<p>Onze waarden Opgericht in 2011 door Guillaume LEMARCHAND, een gepassioneerde reiziger, liefhebber van ontmoetingen en buitenactiviteiten, is de Seasonova Groep vandaag aanwezig in Elzas, Normandi\u00eb, Bretagne, Pays de Loire, [&#8230;]<\/p>\n","protected":false},"author":3,"featured_media":43428,"parent":0,"menu_order":0,"comment_status":"closed","ping_status":"closed","template":"page.php","meta":[],"yoast_head":"<!-- This site is optimized with the Yoast SEO plugin v18.1 - https:\/\/yoast.com\/wordpress\/plugins\/seo\/ -->\n<meta name=\"description\" content=\"Chaque ann\u00e9e nous recrutons des nouveaux talents pour accompagner notre d\u00e9veloppement. Vous souhaitez travailler dans un de nos campings, Go!\" \/>\n<meta name=\"robots\" content=\"index, follow, max-snippet:-1, max-image-preview:large, max-video-preview:-1\" \/>\n<link rel=\"canonical\" href=\"https:\/\/vacances-seasonova.com\/nl\/rekrutering\/\" \/>\n<meta property=\"og:locale\" content=\"nl_NL\" \/>\n<meta property=\"og:type\" content=\"article\" \/>\n<meta property=\"og:title\" content=\"recrutement camping seasonova\" \/>\n<meta property=\"og:description\" content=\"Chaque ann\u00e9e nous recrutons des nouveaux talents pour accompagner notre d\u00e9veloppement. Vous souhaitez travailler dans un de nos campings, Go!\" \/>\n<meta property=\"og:url\" content=\"https:\/\/vacances-seasonova.com\/nl\/rekrutering\/\" \/>\n<meta property=\"og:site_name\" content=\"Seasonova\" \/>\n<meta property=\"article:modified_time\" content=\"2025-08-29T08:25:27+00:00\" \/>\n<meta property=\"og:image\" content=\"https:\/\/vacances-seasonova.com\/wp-content\/uploads\/2024\/10\/img-20231019-wa0002.jpg\" \/>\n\t<meta property=\"og:image:width\" content=\"1500\" \/>\n\t<meta property=\"og:image:height\" content=\"2000\" \/>\n\t<meta property=\"og:image:type\" content=\"image\/jpeg\" \/>\n<meta name=\"twitter:card\" content=\"summary\" \/>\n<meta name=\"twitter:label1\" content=\"Geschatte leestijd\" \/>\n\t<meta name=\"twitter:data1\" content=\"10 minuten\" \/>\n<script type=\"application\/ld+json\" class=\"yoast-schema-graph\">{\"@context\":\"https:\/\/schema.org\",\"@graph\":[{\"@type\":\"WebSite\",\"@id\":\"https:\/\/vacances-seasonova.com\/fr\/#website\",\"url\":\"https:\/\/vacances-seasonova.com\/fr\/\",\"name\":\"Seasonova\",\"description\":\"\",\"potentialAction\":[{\"@type\":\"SearchAction\",\"target\":{\"@type\":\"EntryPoint\",\"urlTemplate\":\"https:\/\/vacances-seasonova.com\/fr\/?s={search_term_string}\"},\"query-input\":\"required name=search_term_string\"}],\"inLanguage\":\"nl\"},{\"@type\":\"ImageObject\",\"@id\":\"https:\/\/vacances-seasonova.com\/nl\/rekrutering\/#primaryimage\",\"inLanguage\":\"nl\",\"url\":\"https:\/\/vacances-seasonova.com\/wp-content\/uploads\/2024\/10\/img-20231019-wa0002.jpg\",\"contentUrl\":\"https:\/\/vacances-seasonova.com\/wp-content\/uploads\/2024\/10\/img-20231019-wa0002.jpg\",\"width\":1500,\"height\":2000},{\"@type\":\"WebPage\",\"@id\":\"https:\/\/vacances-seasonova.com\/nl\/rekrutering\/#webpage\",\"url\":\"https:\/\/vacances-seasonova.com\/nl\/rekrutering\/\",\"name\":\"recrutement camping seasonova\",\"isPartOf\":{\"@id\":\"https:\/\/vacances-seasonova.com\/fr\/#website\"},\"primaryImageOfPage\":{\"@id\":\"https:\/\/vacances-seasonova.com\/nl\/rekrutering\/#primaryimage\"},\"datePublished\":\"2016-09-20T13:48:34+00:00\",\"dateModified\":\"2025-08-29T08:25:27+00:00\",\"description\":\"Chaque ann\u00e9e nous recrutons des nouveaux talents pour accompagner notre d\u00e9veloppement. Vous souhaitez travailler dans un de nos campings, Go!\",\"breadcrumb\":{\"@id\":\"https:\/\/vacances-seasonova.com\/nl\/rekrutering\/#breadcrumb\"},\"inLanguage\":\"nl\",\"potentialAction\":[{\"@type\":\"ReadAction\",\"target\":[\"https:\/\/vacances-seasonova.com\/nl\/rekrutering\/\"]}]},{\"@type\":\"BreadcrumbList\",\"@id\":\"https:\/\/vacances-seasonova.com\/nl\/rekrutering\/#breadcrumb\",\"itemListElement\":[{\"@type\":\"ListItem\",\"position\":1,\"name\":\"Accueil\",\"item\":\"https:\/\/vacances-seasonova.com\/nl\/\"},{\"@type\":\"ListItem\",\"position\":2,\"name\":\"Recrutement Camping Seasonova\"}]}]}<\/script>\n<!-- \/ Yoast SEO plugin. -->","yoast_head_json":{"description":"Chaque ann\u00e9e nous recrutons des nouveaux talents pour accompagner notre d\u00e9veloppement. Vous souhaitez travailler dans un de nos campings, Go!","robots":{"index":"index","follow":"follow","max-snippet":"max-snippet:-1","max-image-preview":"max-image-preview:large","max-video-preview":"max-video-preview:-1"},"canonical":"https:\/\/vacances-seasonova.com\/nl\/rekrutering\/","og_locale":"nl_NL","og_type":"article","og_title":"recrutement camping seasonova","og_description":"Chaque ann\u00e9e nous recrutons des nouveaux talents pour accompagner notre d\u00e9veloppement. Vous souhaitez travailler dans un de nos campings, Go!","og_url":"https:\/\/vacances-seasonova.com\/nl\/rekrutering\/","og_site_name":"Seasonova","article_modified_time":"2025-08-29T08:25:27+00:00","og_image":[{"width":1500,"height":2000,"url":"https:\/\/vacances-seasonova.com\/wp-content\/uploads\/2024\/10\/img-20231019-wa0002.jpg","type":"image\/jpeg"}],"twitter_card":"summary","twitter_misc":{"Geschatte leestijd":"10 minuten"},"schema":{"@context":"https:\/\/schema.org","@graph":[{"@type":"WebSite","@id":"https:\/\/vacances-seasonova.com\/fr\/#website","url":"https:\/\/vacances-seasonova.com\/fr\/","name":"Seasonova","description":"","potentialAction":[{"@type":"SearchAction","target":{"@type":"EntryPoint","urlTemplate":"https:\/\/vacances-seasonova.com\/fr\/?s={search_term_string}"},"query-input":"required name=search_term_string"}],"inLanguage":"nl"},{"@type":"ImageObject","@id":"https:\/\/vacances-seasonova.com\/nl\/rekrutering\/#primaryimage","inLanguage":"nl","url":"https:\/\/vacances-seasonova.com\/wp-content\/uploads\/2024\/10\/img-20231019-wa0002.jpg","contentUrl":"https:\/\/vacances-seasonova.com\/wp-content\/uploads\/2024\/10\/img-20231019-wa0002.jpg","width":1500,"height":2000},{"@type":"WebPage","@id":"https:\/\/vacances-seasonova.com\/nl\/rekrutering\/#webpage","url":"https:\/\/vacances-seasonova.com\/nl\/rekrutering\/","name":"recrutement camping seasonova","isPartOf":{"@id":"https:\/\/vacances-seasonova.com\/fr\/#website"},"primaryImageOfPage":{"@id":"https:\/\/vacances-seasonova.com\/nl\/rekrutering\/#primaryimage"},"datePublished":"2016-09-20T13:48:34+00:00","dateModified":"2025-08-29T08:25:27+00:00","description":"Chaque ann\u00e9e nous recrutons des nouveaux talents pour accompagner notre d\u00e9veloppement. Vous souhaitez travailler dans un de nos campings, Go!","breadcrumb":{"@id":"https:\/\/vacances-seasonova.com\/nl\/rekrutering\/#breadcrumb"},"inLanguage":"nl","potentialAction":[{"@type":"ReadAction","target":["https:\/\/vacances-seasonova.com\/nl\/rekrutering\/"]}]},{"@type":"BreadcrumbList","@id":"https:\/\/vacances-seasonova.com\/nl\/rekrutering\/#breadcrumb","itemListElement":[{"@type":"ListItem","position":1,"name":"Accueil","item":"https:\/\/vacances-seasonova.com\/nl\/"},{"@type":"ListItem","position":2,"name":"Recrutement Camping Seasonova"}]}]}},"_links":{"self":[{"href":"https:\/\/vacances-seasonova.com\/nl\/wp-json\/wp\/v2\/pages\/187"}],"collection":[{"href":"https:\/\/vacances-seasonova.com\/nl\/wp-json\/wp\/v2\/pages"}],"about":[{"href":"https:\/\/vacances-seasonova.com\/nl\/wp-json\/wp\/v2\/types\/page"}],"author":[{"embeddable":true,"href":"https:\/\/vacances-seasonova.com\/nl\/wp-json\/wp\/v2\/users\/3"}],"replies":[{"embeddable":true,"href":"https:\/\/vacances-seasonova.com\/nl\/wp-json\/wp\/v2\/comments?post=187"}],"version-history":[{"count":50,"href":"https:\/\/vacances-seasonova.com\/nl\/wp-json\/wp\/v2\/pages\/187\/revisions"}],"predecessor-version":[{"id":51857,"href":"https:\/\/vacances-seasonova.com\/nl\/wp-json\/wp\/v2\/pages\/187\/revisions\/51857"}],"wp:featuredmedia":[{"embeddable":true,"href":"https:\/\/vacances-seasonova.com\/nl\/wp-json\/wp\/v2\/media\/43428"}],"wp:attachment":[{"href":"https:\/\/vacances-seasonova.com\/nl\/wp-json\/wp\/v2\/media?parent=187"}],"curies":[{"name":"wp","href":"https:\/\/api.w.org\/{rel}","templated":true}]}}