    {"id":23135,"date":"2021-06-14T10:09:07","date_gmt":"2021-06-14T08:09:07","guid":{"rendered":"https:\/\/vacances-seasonova.com\/fr\/?page_id=23135"},"modified":"2025-08-28T16:50:29","modified_gmt":"2025-08-28T14:50:29","slug":"ils-ont-teste-les-campings-seasonova","status":"publish","type":"page","link":"https:\/\/vacances-seasonova.com\/nl\/ils-ont-teste-les-campings-seasonova\/","title":{"rendered":"They tested Seasonova campsites"},"content":{"rendered":"<p><\/p>\n<p style=\"text-align: center;\">Ben je nog niet zeker of Seasonova de juiste keuze is voor je vakantie met vrienden, familie of je partner? Dan is deze pagina voor jou.<\/p>\n<p style=\"text-align: center;\">Hier vind je getuigenissen die je helpen om je beter voor te stellen welk klein paradijsje je te wachten staat.<\/p>\n<p style=\"text-align: center;\">Ontspanning, sport, natuur, zwemmen, wandelen, picknicken, strand, bos&#8230; al deze woorden zullen bij je resoneren na je verblijf bij ons.<\/p>\n<p style=\"text-align: center;\"><em>&#8220;Voor een natuur- en ontspanningsweekend trokken we naar de Sarthe. Meer bepaald naar het Pays de Sill\u00e9, ten zuiden van het Regionaal Natuurpark Normandi\u00eb-Maine en de Alpes Mancelles. We brachten hier twee heerlijke dagen met het gezin door, in \u2018slow life\u2019-stijl op de Seasonova-camping La For\u00eat. Een vleugje vakantie op voorhand\u2026&#8221;<\/em><\/p>\n<p style=\"text-align: center;\">Meer weten over camping La For\u00eat? Kijk op de blog <a href=\"https:\/\/www.etpourtantelletourne.fr\/2021\/07\/06\/week-end-nature-famille-sarthe\/\">&#8220;et pourtant elle tourne&#8221;<\/a><\/p>\n<p style=\"text-align: center;\"><em>&#8220;Wil je ontsnappen en genieten van momenten van ontspanning en welzijn in ongerepte natuur? Dan zal je zeker houden van Seasonova, het platform dat een volledig aanbod biedt van campingverblijven en vakantieaccommodaties in een 100% Slow Life en eco-vriendelijke sfeer\u2026&#8221;<\/em><\/p>\n<p style=\"text-align: center;\">Lees verder in het eerste verslag van Oiseau Rose <a href=\"https:\/\/oiseaurose.com\/campings-seasonova-slow-life\/\">HIER<\/a><\/p>\n<p style=\"text-align: center;\"><em>&#8220;De Seasonova \u00cele de R\u00e9-camping ligt in Les Portes-en-R\u00e9, op 200 m van het strand en dicht bij het natuurreservaat Lilleau des Niges.&#8221;<\/em><\/p>\n<p style=\"text-align: center;\">Lees meer op de site van <a href=\"https:\/\/www.hello-famille.com\/hebergements\/camping-seasonova-ile-de-re\/\">hello-famille<\/a><\/p>\n<p><\/p>","protected":false},"excerpt":{"rendered":"<p>Ben je nog niet zeker of Seasonova de juiste keuze is voor je vakantie met vrienden, familie of je partner? Dan is deze pagina voor jou. Hier vind je getuigenissen die je helpen om je beter voor te stellen welk klein [&#8230;]<\/p>\n","protected":false},"author":2,"featured_media":23136,"parent":0,"menu_order":0,"comment_status":"closed","ping_status":"closed","template":"","meta":[],"yoast_head":"<!-- This site is optimized with the Yoast SEO plugin v18.1 - https:\/\/yoast.com\/wordpress\/plugins\/seo\/ -->\n<meta name=\"robots\" content=\"index, follow, max-snippet:-1, max-image-preview:large, max-video-preview:-1\" \/>\n<link rel=\"canonical\" href=\"https:\/\/vacances-seasonova.com\/nl\/ils-ont-teste-les-campings-seasonova\/\" \/>\n<meta property=\"og:locale\" content=\"nl_NL\" \/>\n<meta property=\"og:type\" content=\"article\" \/>\n<meta property=\"og:title\" content=\"Zij hebben de Seasonova-campings getest - Seasonova\" \/>\n<meta property=\"og:description\" content=\"Ben je nog niet zeker of Seasonova de juiste keuze is voor je vakantie met vrienden, familie of je partner? Dan is deze pagina voor jou. Hier vind je getuigenissen die je helpen om je beter voor te stellen welk klein [...]\" \/>\n<meta property=\"og:url\" content=\"https:\/\/vacances-seasonova.com\/nl\/ils-ont-teste-les-campings-seasonova\/\" \/>\n<meta property=\"og:site_name\" content=\"Seasonova\" \/>\n<meta property=\"article:modified_time\" content=\"2025-08-28T14:50:29+00:00\" \/>\n<meta property=\"og:image\" content=\"https:\/\/vacances-seasonova.com\/wp-content\/uploads\/2021\/06\/adobestock_299774645-675x450.jpeg\" \/>\n\t<meta property=\"og:image:width\" content=\"675\" \/>\n\t<meta property=\"og:image:height\" content=\"450\" \/>\n\t<meta property=\"og:image:type\" content=\"image\/jpeg\" \/>\n<meta name=\"twitter:card\" content=\"summary\" \/>\n<meta name=\"twitter:label1\" content=\"Geschatte leestijd\" \/>\n\t<meta name=\"twitter:data1\" content=\"5 minuten\" \/>\n<script type=\"application\/ld+json\" class=\"yoast-schema-graph\">{\"@context\":\"https:\/\/schema.org\",\"@graph\":[{\"@type\":\"WebSite\",\"@id\":\"https:\/\/vacances-seasonova.com\/fr\/#website\",\"url\":\"https:\/\/vacances-seasonova.com\/fr\/\",\"name\":\"Seasonova\",\"description\":\"\",\"potentialAction\":[{\"@type\":\"SearchAction\",\"target\":{\"@type\":\"EntryPoint\",\"urlTemplate\":\"https:\/\/vacances-seasonova.com\/fr\/?s={search_term_string}\"},\"query-input\":\"required name=search_term_string\"}],\"inLanguage\":\"nl\"},{\"@type\":\"ImageObject\",\"@id\":\"https:\/\/vacances-seasonova.com\/nl\/ils-ont-teste-les-campings-seasonova\/#primaryimage\",\"inLanguage\":\"nl\",\"url\":\"https:\/\/vacances-seasonova.com\/wp-content\/uploads\/2021\/06\/adobestock_299774645.jpeg\",\"contentUrl\":\"https:\/\/vacances-seasonova.com\/wp-content\/uploads\/2021\/06\/adobestock_299774645.jpeg\",\"width\":3629,\"height\":2419,\"caption\":\"Traveler couple camping in the forest and relaxing near campfire after a hard day. Concept of trekking, adventure and seasonal vacation.\"},{\"@type\":\"WebPage\",\"@id\":\"https:\/\/vacances-seasonova.com\/nl\/ils-ont-teste-les-campings-seasonova\/#webpage\",\"url\":\"https:\/\/vacances-seasonova.com\/nl\/ils-ont-teste-les-campings-seasonova\/\",\"name\":\"Zij hebben de Seasonova-campings getest - Seasonova\",\"isPartOf\":{\"@id\":\"https:\/\/vacances-seasonova.com\/fr\/#website\"},\"primaryImageOfPage\":{\"@id\":\"https:\/\/vacances-seasonova.com\/nl\/ils-ont-teste-les-campings-seasonova\/#primaryimage\"},\"datePublished\":\"2021-06-14T08:09:07+00:00\",\"dateModified\":\"2025-08-28T14:50:29+00:00\",\"breadcrumb\":{\"@id\":\"https:\/\/vacances-seasonova.com\/nl\/ils-ont-teste-les-campings-seasonova\/#breadcrumb\"},\"inLanguage\":\"nl\",\"potentialAction\":[{\"@type\":\"ReadAction\",\"target\":[\"https:\/\/vacances-seasonova.com\/nl\/ils-ont-teste-les-campings-seasonova\/\"]}]},{\"@type\":\"BreadcrumbList\",\"@id\":\"https:\/\/vacances-seasonova.com\/nl\/ils-ont-teste-les-campings-seasonova\/#breadcrumb\",\"itemListElement\":[{\"@type\":\"ListItem\",\"position\":1,\"name\":\"Accueil\",\"item\":\"https:\/\/vacances-seasonova.com\/nl\/\"},{\"@type\":\"ListItem\",\"position\":2,\"name\":\"They tested Seasonova campsites\"}]}]}<\/script>\n<!-- \/ Yoast SEO plugin. -->","yoast_head_json":{"robots":{"index":"index","follow":"follow","max-snippet":"max-snippet:-1","max-image-preview":"max-image-preview:large","max-video-preview":"max-video-preview:-1"},"canonical":"https:\/\/vacances-seasonova.com\/nl\/ils-ont-teste-les-campings-seasonova\/","og_locale":"nl_NL","og_type":"article","og_title":"Zij hebben de Seasonova-campings getest - Seasonova","og_description":"Ben je nog niet zeker of Seasonova de juiste keuze is voor je vakantie met vrienden, familie of je partner? Dan is deze pagina voor jou. Hier vind je getuigenissen die je helpen om je beter voor te stellen welk klein [...]","og_url":"https:\/\/vacances-seasonova.com\/nl\/ils-ont-teste-les-campings-seasonova\/","og_site_name":"Seasonova","article_modified_time":"2025-08-28T14:50:29+00:00","og_image":[{"width":675,"height":450,"url":"https:\/\/vacances-seasonova.com\/wp-content\/uploads\/2021\/06\/adobestock_299774645-675x450.jpeg","type":"image\/jpeg"}],"twitter_card":"summary","twitter_misc":{"Geschatte leestijd":"5 minuten"},"schema":{"@context":"https:\/\/schema.org","@graph":[{"@type":"WebSite","@id":"https:\/\/vacances-seasonova.com\/fr\/#website","url":"https:\/\/vacances-seasonova.com\/fr\/","name":"Seasonova","description":"","potentialAction":[{"@type":"SearchAction","target":{"@type":"EntryPoint","urlTemplate":"https:\/\/vacances-seasonova.com\/fr\/?s={search_term_string}"},"query-input":"required name=search_term_string"}],"inLanguage":"nl"},{"@type":"ImageObject","@id":"https:\/\/vacances-seasonova.com\/nl\/ils-ont-teste-les-campings-seasonova\/#primaryimage","inLanguage":"nl","url":"https:\/\/vacances-seasonova.com\/wp-content\/uploads\/2021\/06\/adobestock_299774645.jpeg","contentUrl":"https:\/\/vacances-seasonova.com\/wp-content\/uploads\/2021\/06\/adobestock_299774645.jpeg","width":3629,"height":2419,"caption":"Traveler couple camping in the forest and relaxing near campfire after a hard day. Concept of trekking, adventure and seasonal vacation."},{"@type":"WebPage","@id":"https:\/\/vacances-seasonova.com\/nl\/ils-ont-teste-les-campings-seasonova\/#webpage","url":"https:\/\/vacances-seasonova.com\/nl\/ils-ont-teste-les-campings-seasonova\/","name":"Zij hebben de Seasonova-campings getest - Seasonova","isPartOf":{"@id":"https:\/\/vacances-seasonova.com\/fr\/#website"},"primaryImageOfPage":{"@id":"https:\/\/vacances-seasonova.com\/nl\/ils-ont-teste-les-campings-seasonova\/#primaryimage"},"datePublished":"2021-06-14T08:09:07+00:00","dateModified":"2025-08-28T14:50:29+00:00","breadcrumb":{"@id":"https:\/\/vacances-seasonova.com\/nl\/ils-ont-teste-les-campings-seasonova\/#breadcrumb"},"inLanguage":"nl","potentialAction":[{"@type":"ReadAction","target":["https:\/\/vacances-seasonova.com\/nl\/ils-ont-teste-les-campings-seasonova\/"]}]},{"@type":"BreadcrumbList","@id":"https:\/\/vacances-seasonova.com\/nl\/ils-ont-teste-les-campings-seasonova\/#breadcrumb","itemListElement":[{"@type":"ListItem","position":1,"name":"Accueil","item":"https:\/\/vacances-seasonova.com\/nl\/"},{"@type":"ListItem","position":2,"name":"They tested Seasonova campsites"}]}]}},"_links":{"self":[{"href":"https:\/\/vacances-seasonova.com\/nl\/wp-json\/wp\/v2\/pages\/23135"}],"collection":[{"href":"https:\/\/vacances-seasonova.com\/nl\/wp-json\/wp\/v2\/pages"}],"about":[{"href":"https:\/\/vacances-seasonova.com\/nl\/wp-json\/wp\/v2\/types\/page"}],"author":[{"embeddable":true,"href":"https:\/\/vacances-seasonova.com\/nl\/wp-json\/wp\/v2\/users\/2"}],"replies":[{"embeddable":true,"href":"https:\/\/vacances-seasonova.com\/nl\/wp-json\/wp\/v2\/comments?post=23135"}],"version-history":[{"count":5,"href":"https:\/\/vacances-seasonova.com\/nl\/wp-json\/wp\/v2\/pages\/23135\/revisions"}],"predecessor-version":[{"id":51796,"href":"https:\/\/vacances-seasonova.com\/nl\/wp-json\/wp\/v2\/pages\/23135\/revisions\/51796"}],"wp:featuredmedia":[{"embeddable":true,"href":"https:\/\/vacances-seasonova.com\/nl\/wp-json\/wp\/v2\/media\/23136"}],"wp:attachment":[{"href":"https:\/\/vacances-seasonova.com\/nl\/wp-json\/wp\/v2\/media?parent=23135"}],"curies":[{"name":"wp","href":"https:\/\/api.w.org\/{rel}","templated":true}]}}