    {"id":27644,"date":"2022-05-18T10:30:49","date_gmt":"2022-05-18T08:30:49","guid":{"rendered":"https:\/\/vacances-seasonova.com\/fr\/?page_id=27644"},"modified":"2026-01-12T15:04:26","modified_gmt":"2026-01-12T14:04:26","slug":"les-enveloppes-slow-day","status":"publish","type":"page","link":"https:\/\/vacances-seasonova.com\/nl\/les-enveloppes-slow-day\/","title":{"rendered":"Les Enveloppes Slow Day"},"content":{"rendered":"<p><\/p>\n<p>Beleef een \u201cSlow Life\u201d-dag op een van onze Seasonova-campings!<\/p>\n<p>Weg van de drukte van het dagelijkse leven \u2013 heb je er ooit van gedroomd om een dag in je eigen tempo te leven?<br \/>\nZo ja, dan hebben we een kant-en-klare ervaring voor je!<br \/>\nOnze groep werkt samen met \u201cUne Vie Slow\u201d, vertegenwoordigd door Chlo\u00e9 &amp; Nicolas Blin Maginot, om de \u201cSlow Day\u201d-envelop te ontwerpen. Hiermee kun je een hele dag in het hier en nu genieten op een van onze campings.<\/p>\n<h2>Maar wat is Slow Life?<\/h2>\n<p>Het is vooral een zoektocht naar betekenis: leren vertragen, loskomen van mentale druk, verbinden met wat echt belangrijk is, ruimte maken voor inspiratie en verlangens, en genieten van het moment\u2026<\/p>\n<h2>Waarom deze samenwerking met \u201cUne Vie Slow\u201d?<\/h2>\n<p>Seasonova is ervan overtuigd dat welzijn een prioriteit is. Daarom combineren wij onze overtuigingen over <a href=\"https:\/\/vacances-seasonova.com\/fr\/vacances-en-camping-seasonova\/lempreinte-seasonova-2-2\/\">Slow Life<\/a> met \u201cUne Vie Slow\u201d, om nieuwsgierige kampeerders uit te nodigen na te denken over hun wensen en behoeften.<br \/>\nWij bieden momenten om goed voor lichaam en hart te zorgen, en om van vakanties midden in de natuur te genieten!<br \/>\nVerrassingen in de enveloppen versterken de band en brengen humor in het gezin of als koppel.<br \/>\nTerugkeren naar de essentie voor een dag is als een mooie slow dans.<\/p>\n<h3>\u201cSlow Day\u201d-enveloppen van \u201cUne Vie Slow x Seasonova\u201d!<\/h3>\n<p>Als koppel of met het gezin: laat je verleiden tot een dag van herverbinding en delen!<br \/>\nMet je \u201cSlow Day\u201d-envelop krijg je toegang tot een 100% bevrijdend programma van zonsopgang tot zonsondergang.<br \/>\nEen gids vol recepten, activiteiten, rustmomenten\u2026 Je enige opdracht is je te laten leiden.<\/p>\n<h3>Waar kun je de \u201cSlow Day\u201d-enveloppen krijgen?<\/h3>\n<p>Wil je het slow-ritme ervaren? Boek dan eerst je verblijf op een van de vele<br \/>\n<a href=\"https:\/\/vacances-seasonova.com\/fr\/\">Seasonova-campings<\/a> en selecteer het pakket \u201cSlow Day\u201d (koppel of gezin) bij de afronding van je reservering.<br \/>\nJe envelop wacht direct op de camping op je \u2013 daarna hoef je alleen nog maar te genieten!<\/p>\n<h2>Dus, klaar om de \u201cSlow Day\u201d-ervaring te proberen?!<\/h2>\n<div>\n  <a href=\"https:\/\/bookingpremium.secureholiday.net\/group\/FR\/22\/search\/estab-list?SearchForm.EngineId=1164&amp;SearchForm.BeginDate=&amp;SearchForm.EndDate=&amp;SearchForm.PersonNumber=&amp;SearchForm.EstablishmentIdList%5B0%5D=-1&amp;SearchForm.ProductTypeCodeList%5B0%5D=E&amp;showMap=true\" target=\"_blank\" rel=\"noopener\">Klik hier<\/a>\n<\/div>\n<p><\/p>","protected":false},"excerpt":{"rendered":"<p>Beleef een \u201cSlow Life\u201d-dag op een van onze Seasonova-campings! Weg van de drukte van het dagelijkse leven \u2013 heb je er ooit van gedroomd om een dag in je eigen tempo te leven? Zo ja, dan hebben we een kant-en-klare [&#8230;]<\/p>\n","protected":false},"author":2,"featured_media":27566,"parent":0,"menu_order":0,"comment_status":"closed","ping_status":"closed","template":"","meta":[],"yoast_head":"<!-- This site is optimized with the Yoast SEO plugin v18.1 - https:\/\/yoast.com\/wordpress\/plugins\/seo\/ -->\n<meta name=\"description\" content=\"Profitez de vos vacances pour vivre une Exp\u00e9rience Slow Life dans les Campings SEASONOVA. Nous avons con\u00e7u pour vous un programme in\u00e9dit...\" \/>\n<meta name=\"robots\" content=\"index, follow, max-snippet:-1, max-image-preview:large, max-video-preview:-1\" \/>\n<link rel=\"canonical\" href=\"https:\/\/vacances-seasonova.com\/nl\/les-enveloppes-slow-day\/\" \/>\n<meta property=\"og:locale\" content=\"nl_NL\" \/>\n<meta property=\"og:type\" content=\"article\" \/>\n<meta property=\"og:title\" content=\"Exp\u00e9rience Slow Life\" \/>\n<meta property=\"og:description\" content=\"Profitez de vos vacances pour vivre une Exp\u00e9rience Slow Life dans les Campings SEASONOVA. Nous avons con\u00e7u pour vous un programme in\u00e9dit...\" \/>\n<meta property=\"og:url\" content=\"https:\/\/vacances-seasonova.com\/fr\/les-enveloppes-slow-day\/\" \/>\n<meta property=\"og:site_name\" content=\"Seasonova\" \/>\n<meta property=\"article:modified_time\" content=\"2026-01-12T14:04:26+00:00\" \/>\n<meta property=\"og:image\" content=\"https:\/\/vacances-seasonova.com\/wp-content\/uploads\/2022\/05\/dsc05985-scaled.jpg\" \/>\n\t<meta property=\"og:image:width\" content=\"2560\" \/>\n\t<meta property=\"og:image:height\" content=\"1707\" \/>\n\t<meta property=\"og:image:type\" content=\"image\/jpeg\" \/>\n<meta name=\"twitter:card\" content=\"summary\" \/>\n<meta name=\"twitter:label1\" content=\"Geschatte leestijd\" \/>\n\t<meta name=\"twitter:data1\" content=\"7 minuten\" \/>\n<script type=\"application\/ld+json\" class=\"yoast-schema-graph\">{\"@context\":\"https:\/\/schema.org\",\"@graph\":[{\"@type\":\"WebSite\",\"@id\":\"https:\/\/vacances-seasonova.com\/fr\/#website\",\"url\":\"https:\/\/vacances-seasonova.com\/fr\/\",\"name\":\"Seasonova\",\"description\":\"\",\"potentialAction\":[{\"@type\":\"SearchAction\",\"target\":{\"@type\":\"EntryPoint\",\"urlTemplate\":\"https:\/\/vacances-seasonova.com\/fr\/?s={search_term_string}\"},\"query-input\":\"required name=search_term_string\"}],\"inLanguage\":\"nl\"},{\"@type\":\"ImageObject\",\"@id\":\"https:\/\/vacances-seasonova.com\/fr\/les-enveloppes-slow-day\/#primaryimage\",\"inLanguage\":\"nl\",\"url\":\"https:\/\/vacances-seasonova.com\/wp-content\/uploads\/2022\/05\/dsc05985-scaled.jpg\",\"contentUrl\":\"https:\/\/vacances-seasonova.com\/wp-content\/uploads\/2022\/05\/dsc05985-scaled.jpg\",\"width\":2560,\"height\":1707},{\"@type\":\"WebPage\",\"@id\":\"https:\/\/vacances-seasonova.com\/fr\/les-enveloppes-slow-day\/#webpage\",\"url\":\"https:\/\/vacances-seasonova.com\/fr\/les-enveloppes-slow-day\/\",\"name\":\"Exp\u00e9rience Slow Life\",\"isPartOf\":{\"@id\":\"https:\/\/vacances-seasonova.com\/fr\/#website\"},\"primaryImageOfPage\":{\"@id\":\"https:\/\/vacances-seasonova.com\/fr\/les-enveloppes-slow-day\/#primaryimage\"},\"datePublished\":\"2022-05-18T08:30:49+00:00\",\"dateModified\":\"2026-01-12T14:04:26+00:00\",\"description\":\"Profitez de vos vacances pour vivre une Exp\u00e9rience Slow Life dans les Campings SEASONOVA. Nous avons con\u00e7u pour vous un programme in\u00e9dit...\",\"breadcrumb\":{\"@id\":\"https:\/\/vacances-seasonova.com\/fr\/les-enveloppes-slow-day\/#breadcrumb\"},\"inLanguage\":\"nl\",\"potentialAction\":[{\"@type\":\"ReadAction\",\"target\":[\"https:\/\/vacances-seasonova.com\/fr\/les-enveloppes-slow-day\/\"]}]},{\"@type\":\"BreadcrumbList\",\"@id\":\"https:\/\/vacances-seasonova.com\/fr\/les-enveloppes-slow-day\/#breadcrumb\",\"itemListElement\":[{\"@type\":\"ListItem\",\"position\":1,\"name\":\"Accueil\",\"item\":\"https:\/\/vacances-seasonova.com\/nl\/\"},{\"@type\":\"ListItem\",\"position\":2,\"name\":\"Les Enveloppes Slow Day\"}]}]}<\/script>\n<!-- \/ Yoast SEO plugin. -->","yoast_head_json":{"description":"Profitez de vos vacances pour vivre une Exp\u00e9rience Slow Life dans les Campings SEASONOVA. Nous avons con\u00e7u pour vous un programme in\u00e9dit...","robots":{"index":"index","follow":"follow","max-snippet":"max-snippet:-1","max-image-preview":"max-image-preview:large","max-video-preview":"max-video-preview:-1"},"canonical":"https:\/\/vacances-seasonova.com\/nl\/les-enveloppes-slow-day\/","og_locale":"nl_NL","og_type":"article","og_title":"Exp\u00e9rience Slow Life","og_description":"Profitez de vos vacances pour vivre une Exp\u00e9rience Slow Life dans les Campings SEASONOVA. Nous avons con\u00e7u pour vous un programme in\u00e9dit...","og_url":"https:\/\/vacances-seasonova.com\/fr\/les-enveloppes-slow-day\/","og_site_name":"Seasonova","article_modified_time":"2026-01-12T14:04:26+00:00","og_image":[{"width":2560,"height":1707,"url":"https:\/\/vacances-seasonova.com\/wp-content\/uploads\/2022\/05\/dsc05985-scaled.jpg","type":"image\/jpeg"}],"twitter_card":"summary","twitter_misc":{"Geschatte leestijd":"7 minuten"},"schema":{"@context":"https:\/\/schema.org","@graph":[{"@type":"WebSite","@id":"https:\/\/vacances-seasonova.com\/fr\/#website","url":"https:\/\/vacances-seasonova.com\/fr\/","name":"Seasonova","description":"","potentialAction":[{"@type":"SearchAction","target":{"@type":"EntryPoint","urlTemplate":"https:\/\/vacances-seasonova.com\/fr\/?s={search_term_string}"},"query-input":"required name=search_term_string"}],"inLanguage":"nl"},{"@type":"ImageObject","@id":"https:\/\/vacances-seasonova.com\/fr\/les-enveloppes-slow-day\/#primaryimage","inLanguage":"nl","url":"https:\/\/vacances-seasonova.com\/wp-content\/uploads\/2022\/05\/dsc05985-scaled.jpg","contentUrl":"https:\/\/vacances-seasonova.com\/wp-content\/uploads\/2022\/05\/dsc05985-scaled.jpg","width":2560,"height":1707},{"@type":"WebPage","@id":"https:\/\/vacances-seasonova.com\/fr\/les-enveloppes-slow-day\/#webpage","url":"https:\/\/vacances-seasonova.com\/fr\/les-enveloppes-slow-day\/","name":"Exp\u00e9rience Slow Life","isPartOf":{"@id":"https:\/\/vacances-seasonova.com\/fr\/#website"},"primaryImageOfPage":{"@id":"https:\/\/vacances-seasonova.com\/fr\/les-enveloppes-slow-day\/#primaryimage"},"datePublished":"2022-05-18T08:30:49+00:00","dateModified":"2026-01-12T14:04:26+00:00","description":"Profitez de vos vacances pour vivre une Exp\u00e9rience Slow Life dans les Campings SEASONOVA. Nous avons con\u00e7u pour vous un programme in\u00e9dit...","breadcrumb":{"@id":"https:\/\/vacances-seasonova.com\/fr\/les-enveloppes-slow-day\/#breadcrumb"},"inLanguage":"nl","potentialAction":[{"@type":"ReadAction","target":["https:\/\/vacances-seasonova.com\/fr\/les-enveloppes-slow-day\/"]}]},{"@type":"BreadcrumbList","@id":"https:\/\/vacances-seasonova.com\/fr\/les-enveloppes-slow-day\/#breadcrumb","itemListElement":[{"@type":"ListItem","position":1,"name":"Accueil","item":"https:\/\/vacances-seasonova.com\/nl\/"},{"@type":"ListItem","position":2,"name":"Les Enveloppes Slow Day"}]}]}},"_links":{"self":[{"href":"https:\/\/vacances-seasonova.com\/nl\/wp-json\/wp\/v2\/pages\/27644"}],"collection":[{"href":"https:\/\/vacances-seasonova.com\/nl\/wp-json\/wp\/v2\/pages"}],"about":[{"href":"https:\/\/vacances-seasonova.com\/nl\/wp-json\/wp\/v2\/types\/page"}],"author":[{"embeddable":true,"href":"https:\/\/vacances-seasonova.com\/nl\/wp-json\/wp\/v2\/users\/2"}],"replies":[{"embeddable":true,"href":"https:\/\/vacances-seasonova.com\/nl\/wp-json\/wp\/v2\/comments?post=27644"}],"version-history":[{"count":64,"href":"https:\/\/vacances-seasonova.com\/nl\/wp-json\/wp\/v2\/pages\/27644\/revisions"}],"predecessor-version":[{"id":51764,"href":"https:\/\/vacances-seasonova.com\/nl\/wp-json\/wp\/v2\/pages\/27644\/revisions\/51764"}],"wp:featuredmedia":[{"embeddable":true,"href":"https:\/\/vacances-seasonova.com\/nl\/wp-json\/wp\/v2\/media\/27566"}],"wp:attachment":[{"href":"https:\/\/vacances-seasonova.com\/nl\/wp-json\/wp\/v2\/media?parent=27644"}],"curies":[{"name":"wp","href":"https:\/\/api.w.org\/{rel}","templated":true}]}}