    {"id":3718,"date":"2017-07-19T15:57:49","date_gmt":"2017-07-19T14:57:49","guid":{"rendered":"http:\/\/vacances-seasonova.com\/?page_id=3718"},"modified":"2023-08-02T10:23:15","modified_gmt":"2023-08-02T08:23:15","slug":"culture-patrimoine","status":"publish","type":"page","link":"https:\/\/vacances-seasonova.com\/nl\/cultuur-en-erfgoed-van-normandie\/","title":{"rendered":"Cultuur &#038; erfgoed"},"content":{"rendered":"<p><\/p>\n<h3>WAT TE DOEN TIJDENS EEN VAKANTIE IN NORMANDI\u00cb?<\/h3>\n<h2>Het kasteel van Caen<\/h2>\n<div class=\"row\">\n<div class=\"col-lg-4\"><img src=\"https:\/\/vacances-seasonova.com\/wp-content\/uploads\/2017\/08\/CAEN-CHATEAU.png\" \/><\/div>\n<div class=\"col-lg-8\" style=\"text-align: left;\">Het kasteel van Caen biedt een prachtig uitzicht op de stad vanaf de uitkijktoren op de gerestaureerde poorten en stadsmuren. Het kasteel is rond 1060 gebouwd door Willen de Veroveraar, hertog van Normandi\u00eb. Eenmaal door de versterkte poorten betreed je het museumterrein. Hier vind je Mus\u00e9e des Beaux-Arts, de Salle d&#8217;\u00e9chiquier en het Mus\u00e9e de Normandie met tentoonstellingen, voorstellingen en historische ontdekkingen.<\/div>\n<\/div>\n<h2>Het kasteel van Vendeuvre<\/h2>\n<div class=\"row\">\n<div class=\"col-lg-4\"><img src=\"https:\/\/vacances-seasonova.com\/wp-content\/uploads\/2017\/08\/VENDEUVRE-PAYSDAUGE-CHATEAU-PATRIMOINE-PARC-JARDIN410-L.DURAND-CALVADOS-TOURISME-LIBRE.jpg\" \/><\/div>\n<div class=\"col-lg-8\">Het kasteel van Vendeurve is een officieel 18e-eeuws historisch monument en behoort dus tot het lokale erfgoed. Het gebouw wordt nog steeds bewoond door de familie Vendeuvre. In het museum is &#8217;s werelds eerste collectie miniatuurmeubels te vinden. Binnen loop je door ingerichte vertrekken en krijg je een indruk van het het leven in de 18e eeuw. Duur van de rondleiding: 1,30 uur\/2 uur.<a href=\"https:\/\/www.vendeuvre.com\">https:\/\/www.vendeuvre.com<\/a><\/div>\n<\/div>\n<h2>Het gedenkteken<\/h2>\n<div class=\"row\">\n<div class=\"col-lg-4\">\n<p><img src=\"https:\/\/vacances-seasonova.com\/wp-content\/uploads\/2017\/08\/CAEN-MUSEE-MEMORIAL-DEBARQUEMENT-07031-L.DURAND-CALVADOS-TOURISME-LIBRE.png\" \/>&#8220;De pijn brak me, de broederschap voedde me op, een rivier van vrijheid ontsprong uit mijn wond&#8221;.<\/p>\n<\/div>\n<div class=\"col-lg-8\">\n<p><em>zin van Paul Dorey (dichter), geschreven op de voorgevel<\/em><br \/>\nHet Caen gedenkteken is gebouwd op een voormalige bunker. Deze schuilplaats was de voormalige Duitse commandopost, van generaal Richter. Je kunt dit Normandische gedenkteken bezoeken met kinderen vanaf 10-12 jaar oud. Het bezoek is leerzaam, dit museum gaat niet alleen over de Tweede Wereldoorlog, maar ook over de loopgravenoorlog en de Koude Oorlog.<\/p>\n<p>Voor meer informatie:\u00a0<a href=\"https:\/\/www.memorial-caen.fr\">https:\/\/www.memorial-caen.fr<\/a><\/p>\n<\/div>\n<\/div>\n<h2>D-Day Stranden &#8211; 6 juni 1944<\/h2>\n<div class=\"row\">\n<div class=\"col-lg-4\"><img src=\"https:\/\/vacances-seasonova.com\/wp-content\/uploads\/2016\/08\/carte-plage-debarquement.jpg\" \/><\/div>\n<div class=\"col-lg-8\">\n<p>Het noorden van Frankrijk, de kust in Normandi\u00eb, is het toneel van een beslissend hoofdstuk in de geschiedenis. Beslissend voor de uitkomst van de Tweede Wereldoorlog en beslissend voor de geschiedenis van de wereld.<\/p>\n<\/div>\n<\/div>\n<h2>Mus\u00e9e Memorial Omaha Beach<\/h2>\n<div class=\"row\">\n<div class=\"col-lg-4\"><img src=\"https:\/\/vacances-seasonova.com\/wp-content\/uploads\/2016\/09\/MUSEE-MEMORIAL-D-OMAHA-BEACH-JPG.jpg\" \/><\/div>\n<div class=\"col-lg-8\">\n<p>Het Mus\u00e9e Memorial Omaha Beach in Saint-Laurent-sur-Mer, Normandi\u00eb is opgericht ter herinnering aan en uit het respect voor iedereen die destijds op Omaha Beach in Noord-Frankrijk is geland en gestrand. Het is bedoeld om de herinnering te bewaren aan alle jonge mensen die in 1944 tijdens de D-DAY zijn omgekomen en die wij ons willen blijven herinneren, zodat de jongere generaties nooit zullen vergeten tegen welke prijs we onze vrijheid hebben verkregen.<\/p>\n<\/div>\n<\/div>\n<h2>Riva Bella, een bekende badplaats<\/h2>\n<div class=\"row\">\n<div class=\"col-lg-4\"><img src=\"https:\/\/vacances-seasonova.com\/wp-content\/uploads\/2016\/10\/\u00a9-Ville-Ouistreham-Riva-Bella-8.jpg\" \/><\/div>\n<div class=\"col-lg-8\">\n<p>Gelegen aan de C\u00f4te de Nacre, zijn er het hele jaar door activiteiten in Ouistreham.<br \/>\nKom en geniet van het 2 km lange zandstrand ,het casino, de midgetgolf, watersporten, de manege&#8230;&#8230; Neem de tijd om langs de haven en over de dagelijkse vismarkt te slenteren en bewonder de vuurtoren van 1905 als je erlangs loopt.<\/p>\n<\/div>\n<\/div>\n<hr \/>\n<h3 style=\"margin-top: 10%;\">CULTUUR EN ERFGOED VAN DE PAYS DE LOIRE<\/h3>\n<h2>Natuur- en ontdekkingsreizen<\/h2>\n<div class=\"row\">\n<div class=\"col-lg-4\"><img src=\"https:\/\/vacances-seasonova.com\/wp-content\/uploads\/2016\/09\/Ledrakkar.jpg\" \/><\/div>\n<div class=\"col-lg-8\">\n<h4>DE PARKEN<\/h4>\n<ul>\n<li>Puy du Fou<\/li>\n<li>Terra Botanica<\/li>\n<li>L\u2019Arche<\/li>\n<\/ul>\n<\/div>\n<\/div>\n<p><\/p>","protected":false},"excerpt":{"rendered":"<p>WAT TE DOEN TIJDENS EEN VAKANTIE IN NORMANDI\u00cb? Het kasteel van Caen Het kasteel van Caen biedt een prachtig uitzicht op de stad vanaf de uitkijktoren op de gerestaureerde poorten en stadsmuren. Het kasteel is rond 1060 [&#8230;]<\/p>\n","protected":false},"author":2,"featured_media":3866,"parent":0,"menu_order":0,"comment_status":"closed","ping_status":"closed","template":"page.php","meta":[],"yoast_head":"<!-- This site is optimized with the Yoast SEO plugin v18.1 - https:\/\/yoast.com\/wordpress\/plugins\/seo\/ -->\n<meta name=\"robots\" content=\"index, follow, max-snippet:-1, max-image-preview:large, max-video-preview:-1\" \/>\n<link rel=\"canonical\" href=\"https:\/\/vacances-seasonova.com\/nl\/geschichte-kulturelles-erbe\/\" \/>\n<meta property=\"og:locale\" content=\"nl_NL\" \/>\n<meta property=\"og:type\" content=\"article\" \/>\n<meta property=\"og:title\" content=\"Cultuur &#038; erfgoed - Seasonova\" \/>\n<meta property=\"og:description\" content=\"WAT TE DOEN TIJDENS EEN VAKANTIE IN NORMANDI\u00cb? Het kasteel van Caen Het kasteel van Caen biedt een prachtig uitzicht op de stad vanaf de uitkijktoren op de gerestaureerde poorten en stadsmuren. Het kasteel is rond 1060 [...]\" \/>\n<meta property=\"og:url\" content=\"https:\/\/vacances-seasonova.com\/de\/geschichte-kulturelles-erbe\/\" \/>\n<meta property=\"og:site_name\" content=\"Seasonova\" \/>\n<meta property=\"article:modified_time\" content=\"2023-08-02T08:23:15+00:00\" \/>\n<meta property=\"og:image\" content=\"https:\/\/vacances-seasonova.com\/wp-content\/uploads\/2017\/07\/culture-patrimoine-1.png\" \/>\n\t<meta property=\"og:image:width\" content=\"1500\" \/>\n\t<meta property=\"og:image:height\" content=\"400\" \/>\n\t<meta property=\"og:image:type\" content=\"image\/png\" \/>\n<meta name=\"twitter:card\" content=\"summary\" \/>\n<meta name=\"twitter:label1\" content=\"Geschatte leestijd\" \/>\n\t<meta name=\"twitter:data1\" content=\"7 minuten\" \/>\n<script type=\"application\/ld+json\" class=\"yoast-schema-graph\">{\"@context\":\"https:\/\/schema.org\",\"@graph\":[{\"@type\":\"WebSite\",\"@id\":\"https:\/\/vacances-seasonova.com\/fr\/#website\",\"url\":\"https:\/\/vacances-seasonova.com\/fr\/\",\"name\":\"Seasonova\",\"description\":\"\",\"potentialAction\":[{\"@type\":\"SearchAction\",\"target\":{\"@type\":\"EntryPoint\",\"urlTemplate\":\"https:\/\/vacances-seasonova.com\/fr\/?s={search_term_string}\"},\"query-input\":\"required name=search_term_string\"}],\"inLanguage\":\"nl\"},{\"@type\":\"ImageObject\",\"@id\":\"https:\/\/vacances-seasonova.com\/de\/geschichte-kulturelles-erbe\/#primaryimage\",\"inLanguage\":\"nl\",\"url\":\"https:\/\/vacances-seasonova.com\/wp-content\/uploads\/2017\/07\/culture-patrimoine-1.png\",\"contentUrl\":\"https:\/\/vacances-seasonova.com\/wp-content\/uploads\/2017\/07\/culture-patrimoine-1.png\",\"width\":1500,\"height\":400,\"caption\":\"culture-patrimoine\"},{\"@type\":\"WebPage\",\"@id\":\"https:\/\/vacances-seasonova.com\/de\/geschichte-kulturelles-erbe\/#webpage\",\"url\":\"https:\/\/vacances-seasonova.com\/de\/geschichte-kulturelles-erbe\/\",\"name\":\"Cultuur &#038; erfgoed - Seasonova\",\"isPartOf\":{\"@id\":\"https:\/\/vacances-seasonova.com\/fr\/#website\"},\"primaryImageOfPage\":{\"@id\":\"https:\/\/vacances-seasonova.com\/de\/geschichte-kulturelles-erbe\/#primaryimage\"},\"datePublished\":\"2017-07-19T14:57:49+00:00\",\"dateModified\":\"2023-08-02T08:23:15+00:00\",\"breadcrumb\":{\"@id\":\"https:\/\/vacances-seasonova.com\/de\/geschichte-kulturelles-erbe\/#breadcrumb\"},\"inLanguage\":\"nl\",\"potentialAction\":[{\"@type\":\"ReadAction\",\"target\":[\"https:\/\/vacances-seasonova.com\/de\/geschichte-kulturelles-erbe\/\"]}]},{\"@type\":\"BreadcrumbList\",\"@id\":\"https:\/\/vacances-seasonova.com\/de\/geschichte-kulturelles-erbe\/#breadcrumb\",\"itemListElement\":[{\"@type\":\"ListItem\",\"position\":1,\"name\":\"Accueil\",\"item\":\"https:\/\/vacances-seasonova.com\/nl\/\"},{\"@type\":\"ListItem\",\"position\":2,\"name\":\"Cultuur &#038; erfgoed\"}]}]}<\/script>\n<!-- \/ Yoast SEO plugin. -->","yoast_head_json":{"robots":{"index":"index","follow":"follow","max-snippet":"max-snippet:-1","max-image-preview":"max-image-preview:large","max-video-preview":"max-video-preview:-1"},"canonical":"https:\/\/vacances-seasonova.com\/nl\/geschichte-kulturelles-erbe\/","og_locale":"nl_NL","og_type":"article","og_title":"Cultuur &#038; erfgoed - Seasonova","og_description":"WAT TE DOEN TIJDENS EEN VAKANTIE IN NORMANDI\u00cb? Het kasteel van Caen Het kasteel van Caen biedt een prachtig uitzicht op de stad vanaf de uitkijktoren op de gerestaureerde poorten en stadsmuren. Het kasteel is rond 1060 [...]","og_url":"https:\/\/vacances-seasonova.com\/de\/geschichte-kulturelles-erbe\/","og_site_name":"Seasonova","article_modified_time":"2023-08-02T08:23:15+00:00","og_image":[{"width":1500,"height":400,"url":"https:\/\/vacances-seasonova.com\/wp-content\/uploads\/2017\/07\/culture-patrimoine-1.png","type":"image\/png"}],"twitter_card":"summary","twitter_misc":{"Geschatte leestijd":"7 minuten"},"schema":{"@context":"https:\/\/schema.org","@graph":[{"@type":"WebSite","@id":"https:\/\/vacances-seasonova.com\/fr\/#website","url":"https:\/\/vacances-seasonova.com\/fr\/","name":"Seasonova","description":"","potentialAction":[{"@type":"SearchAction","target":{"@type":"EntryPoint","urlTemplate":"https:\/\/vacances-seasonova.com\/fr\/?s={search_term_string}"},"query-input":"required name=search_term_string"}],"inLanguage":"nl"},{"@type":"ImageObject","@id":"https:\/\/vacances-seasonova.com\/de\/geschichte-kulturelles-erbe\/#primaryimage","inLanguage":"nl","url":"https:\/\/vacances-seasonova.com\/wp-content\/uploads\/2017\/07\/culture-patrimoine-1.png","contentUrl":"https:\/\/vacances-seasonova.com\/wp-content\/uploads\/2017\/07\/culture-patrimoine-1.png","width":1500,"height":400,"caption":"culture-patrimoine"},{"@type":"WebPage","@id":"https:\/\/vacances-seasonova.com\/de\/geschichte-kulturelles-erbe\/#webpage","url":"https:\/\/vacances-seasonova.com\/de\/geschichte-kulturelles-erbe\/","name":"Cultuur &#038; erfgoed - Seasonova","isPartOf":{"@id":"https:\/\/vacances-seasonova.com\/fr\/#website"},"primaryImageOfPage":{"@id":"https:\/\/vacances-seasonova.com\/de\/geschichte-kulturelles-erbe\/#primaryimage"},"datePublished":"2017-07-19T14:57:49+00:00","dateModified":"2023-08-02T08:23:15+00:00","breadcrumb":{"@id":"https:\/\/vacances-seasonova.com\/de\/geschichte-kulturelles-erbe\/#breadcrumb"},"inLanguage":"nl","potentialAction":[{"@type":"ReadAction","target":["https:\/\/vacances-seasonova.com\/de\/geschichte-kulturelles-erbe\/"]}]},{"@type":"BreadcrumbList","@id":"https:\/\/vacances-seasonova.com\/de\/geschichte-kulturelles-erbe\/#breadcrumb","itemListElement":[{"@type":"ListItem","position":1,"name":"Accueil","item":"https:\/\/vacances-seasonova.com\/nl\/"},{"@type":"ListItem","position":2,"name":"Cultuur &#038; erfgoed"}]}]}},"_links":{"self":[{"href":"https:\/\/vacances-seasonova.com\/nl\/wp-json\/wp\/v2\/pages\/3718"}],"collection":[{"href":"https:\/\/vacances-seasonova.com\/nl\/wp-json\/wp\/v2\/pages"}],"about":[{"href":"https:\/\/vacances-seasonova.com\/nl\/wp-json\/wp\/v2\/types\/page"}],"author":[{"embeddable":true,"href":"https:\/\/vacances-seasonova.com\/nl\/wp-json\/wp\/v2\/users\/2"}],"replies":[{"embeddable":true,"href":"https:\/\/vacances-seasonova.com\/nl\/wp-json\/wp\/v2\/comments?post=3718"}],"version-history":[{"count":5,"href":"https:\/\/vacances-seasonova.com\/nl\/wp-json\/wp\/v2\/pages\/3718\/revisions"}],"predecessor-version":[{"id":38245,"href":"https:\/\/vacances-seasonova.com\/nl\/wp-json\/wp\/v2\/pages\/3718\/revisions\/38245"}],"wp:featuredmedia":[{"embeddable":true,"href":"https:\/\/vacances-seasonova.com\/nl\/wp-json\/wp\/v2\/media\/3866"}],"wp:attachment":[{"href":"https:\/\/vacances-seasonova.com\/nl\/wp-json\/wp\/v2\/media?parent=3718"}],"curies":[{"name":"wp","href":"https:\/\/api.w.org\/{rel}","templated":true}]}}