    {"id":7531,"date":"2018-07-16T14:17:30","date_gmt":"2018-07-16T13:17:30","guid":{"rendered":"http:\/\/vacances-seasonova.com\/?page_id=7531"},"modified":"2025-08-28T16:57:09","modified_gmt":"2025-08-28T14:57:09","slug":"seminaires-entreprise","status":"publish","type":"page","link":"https:\/\/vacances-seasonova.com\/nl\/vakantiewoningen-in-frankrijk\/bedrijfsseminars\/","title":{"rendered":"S\u00e9minaires d\u2019Entreprise"},"content":{"rendered":"<p><\/p>\n<h2>ORGANISEER EEN SEMINAR<\/h2>\n<p>Zoek je een locatie voor je volgende bedrijfsseminar? Ver weg van de gebruikelijke vergaderzalen geniet je hier van een natuurlijke omgeving die de concentratie bevordert en van recreatieve faciliteiten die de ideale voorwaarden bieden voor de organisatie van seminars en andere zakelijke bijeenkomsten.<br \/>\nBied je teams een Slow Life-seminar: de garantie van een gedenkwaardige ervaring die je bedrijf versterkt.<\/p>\n<p class=\"block-img btn-brochure-seminaire\">\n  <a href=\"https:\/\/vacances-seasonova.com\/wp-content\/uploads\/2023\/10\/brochure_seminaire_generale_fr.pdf\" target=\"_blank\" rel=\"noopener\">Download onze brochure<\/a>\n<\/p>\n<div class=\"row\">\n<div class=\"col-lg-4 col-md-4 block-offre-tarif\">\n<p class=\"block-img\"><img loading=\"lazy\" src=\"https:\/\/vacances-seasonova.com\/wp-content\/uploads\/2019\/05\/vignette-vivez-insolite3-300x300.png\" alt=\"\" width=\"300\" height=\"300\" \/><\/p>\n<h3 class=\"titre-promo-tarif\">EEN BIJZONDER VERBLIJF<\/h3>\n<p class=\"block-img\">De belofte om terug te keren naar de essentie \u2014 beleef opnieuw je kindertijd door in bomen te klimmen of Robinson te spelen.<\/p>\n<\/div>\n<div class=\"col-lg-4 col-md-4 block-offre-tarif\">\n<p class=\"block-img\"><img loading=\"lazy\" src=\"https:\/\/vacances-seasonova.com\/wp-content\/uploads\/2018\/07\/vign-TEAMBUILDING.png\" alt=\"\" width=\"300\" height=\"221\" \/><\/p>\n<h3 class=\"titre-promo-tarif\">VERSTERK JE TEAM<\/h3>\n<p class=\"block-img\">Cre\u00eber of versterk de band tussen je medewerkers via onze activiteiten en gedeelde accommodaties.<\/p>\n<\/div>\n<div class=\"col-lg-4 col-md-4 block-offre-tarif\">\n<p class=\"block-img\"><img loading=\"lazy\" src=\"https:\/\/vacances-seasonova.com\/wp-content\/uploads\/2018\/07\/vign-services-et-equip.png\" alt=\"\" width=\"300\" height=\"211\" \/><\/p>\n<h3 class=\"titre-promo-tarif\">GENIET VAN DE LOCATIE<\/h3>\n<p class=\"block-img\">Profiteer buiten je vergaderingen van alle diensten en faciliteiten die onze locaties te bieden hebben.<\/p>\n<\/div>\n<div class=\"col-lg-4 col-md-4 block-offre-tarif\">\n<p class=\"block-img\"><img loading=\"lazy\" src=\"https:\/\/vacances-seasonova.com\/wp-content\/uploads\/2018\/07\/vign-rest.jpg\" alt=\"\" width=\"300\" height=\"211\" \/><\/p>\n<h3 class=\"titre-promo-tarif\">CATERING<\/h3>\n<p class=\"block-img\">Wij voorzien ook in je cateringbehoeften voor ontbijt, lunch of diner, met verschillende formules (buffet, menu\u2019s en diverse traiteurs). Probeer Slow Food voor een perfecte ontspanning.<\/p>\n<\/div>\n<div class=\"col-lg-4 col-md-4 block-offre-tarif\">\n<p class=\"block-img\"><img loading=\"lazy\" src=\"https:\/\/vacances-seasonova.com\/wp-content\/uploads\/2018\/07\/vign-HEB.jpg\" alt=\"\" width=\"300\" height=\"221\" \/><\/p>\n<h3 class=\"titre-promo-tarif\">ACCOMMODATIE<\/h3>\n<p class=\"block-img\">Breng je teams samen in eco-ontworpen accommodaties en herontdek de eenvoudige geneugten en gezelligheid van natuurcampings.<\/p>\n<\/div>\n<div class=\"col-lg-4 col-md-4 block-offre-tarif\">\n<p class=\"block-img\"><img loading=\"lazy\" src=\"https:\/\/vacances-seasonova.com\/wp-content\/uploads\/2023\/02\/vign-cadre.png\" alt=\"\" width=\"300\" height=\"221\" \/><\/p>\n<h3 class=\"titre-promo-tarif\">FOCUS<\/h3>\n<p class=\"block-img\">Vergader in een speciale ruimte die concentratie bevordert en aangepast kan worden aan je materiaal en behoeften.<\/p>\n<\/div>\n<p><img class=\"banniere responsive-image\" src=\"https:\/\/vacances-seasonova.com\/wp-content\/uploads\/2018\/07\/ban-sem-dest.png\" alt=\"\" \/><\/p>\n<\/div>\n<h3 style=\"text-align: center;\">De SEASONOVA-groep biedt verschillende bestemmingen aan om je seminar te organiseren, volgens je wensen en geografische voorkeuren.<\/h3>\n<div class=\"btn-reservation-promo\">\n<div class=\"col-lg-4 col-md-4 block-offre-tarif\">\n<p class=\"block-img\" style=\"text-align: center;\"><img loading=\"lazy\" src=\"https:\/\/vacances-seasonova.com\/wp-content\/uploads\/2023\/10\/foret.jpg\" alt=\"\" width=\"306\" height=\"306\" \/><\/p>\n<p class=\"block-text-align\"><span class=\"number sous-title-promo\">&#x2693; Sill\u00e9 Le Guillaume \u2013 Seminar in het bos<\/span><\/p>\n<p class=\"center\">Op een steenworp van Coco Plage ligt onze locatie midden in het bos. Wij bieden je een werkpauze in een rustige en originele omgeving op onze camping La For\u00eat. Meer informatie op +33 2 36 81 00 01.<\/p>\n<\/div>\n<\/div>\n<div class=\"btn-reservation-promo\">\n<div class=\"col-lg-4 col-md-4 block-offre-tarif\">\n<p class=\"block-img\" style=\"text-align: center;\"><a href=\"https:\/\/vacances-seasonova.com\/wp-content\/uploads\/2023\/10\/brochure_seminaire_stmichel.pdf\" target=\"_blank\" rel=\"noopener\"><img loading=\"lazy\" src=\"https:\/\/vacances-seasonova.com\/wp-content\/uploads\/2023\/10\/saint-michel.jpg\" alt=\"\" width=\"306\" height=\"306\" \/><\/a><\/p>\n<p class=\"block-text-align\"><span class=\"number sous-title-promo\">&#x2693; Saint-Michel \u2013 Seminar in Normandi\u00eb<\/span><\/p>\n<p class=\"center\">Gelegen op slechts 9 km van de beroemde Mont-Saint-Michel verwelkomt de camping Saint-Michel je in het hart van Normandi\u00eb met een breed aanbod aan activiteiten. Een perfecte bestemming voor een authentiek en rustig seminar.<\/p>\n<\/div>\n<\/div>\n<div class=\"btn-reservation-promo\">\n<div class=\"col-lg-4 col-md-4 block-offre-tarif\">\n<p class=\"block-img\" style=\"text-align: center;\"><img loading=\"lazy\" src=\"https:\/\/vacances-seasonova.com\/wp-content\/uploads\/2023\/10\/domaine-saane-mer.jpg\" alt=\"\" width=\"306\" height=\"306\" \/><\/p>\n<p class=\"block-text-align\"><span class=\"number sous-title-promo\">&#x2693; Quiberville (Domaine Sa\u00e2ne-et-Mer)<\/span><\/p>\n<p class=\"center\">Dicht bij de prachtige Albastkust ligt onze camping Domaine Sa\u00e2ne-et-Mer. Hier bieden we je de kans om werk en ontspanning te combineren in een rustige omgeving omgeven door zeelucht \u2014 ideaal voor je seminars.<\/p>\n<\/div>\n<\/div>\n<div class=\"btn-reservation-promo\">\n<div class=\"col-lg-4 col-md-4 block-offre-tarif\">\n<p class=\"block-img\" style=\"text-align: center;\"><img loading=\"lazy\" src=\"https:\/\/vacances-seasonova.com\/wp-content\/uploads\/2023\/10\/vosges_nord.jpg\" alt=\"\" width=\"306\" height=\"306\" \/><\/p>\n<p class=\"block-text-align\"><span class=\"number sous-title-promo\">&#x2693; Oberbronn (Noord-Vogezen)<\/span><\/p>\n<p class=\"center\">De camping van de Noord-Vogezen is veel meer dan een ontmoetingsplaats. Het is een toevluchtsoord in het hart van de bergen, waar rust en sereniteit heersen, zodat je je volledig kunt concentreren op je professionele activiteiten.<\/p>\n<\/div>\n<\/div>\n<p><img class=\"banniere responsive-image\" src=\"https:\/\/vacances-seasonova.com\/wp-content\/uploads\/2018\/07\/confiance-sem.png\" alt=\"\" \/><\/p>","protected":false},"excerpt":{"rendered":"<p>ORGANISEER EEN SEMINAR Zoek je een locatie voor je volgende bedrijfsseminar? Ver weg van de gebruikelijke vergaderzalen geniet je hier van een natuurlijke omgeving die de concentratie bevordert en van recreatieve [&#8230;]<\/p>\n","protected":false},"author":2,"featured_media":7539,"parent":61,"menu_order":0,"comment_status":"closed","ping_status":"closed","template":"page-promo.php","meta":[],"yoast_head":"<!-- This site is optimized with the Yoast SEO plugin v18.1 - https:\/\/yoast.com\/wordpress\/plugins\/seo\/ -->\n<meta name=\"robots\" content=\"index, follow, max-snippet:-1, max-image-preview:large, max-video-preview:-1\" \/>\n<link rel=\"canonical\" href=\"https:\/\/vacances-seasonova.com\/nl\/vakantiewoningen-in-frankrijk\/bedrijfsseminars\/\" \/>\n<meta property=\"og:locale\" content=\"nl_NL\" \/>\n<meta property=\"og:type\" content=\"article\" \/>\n<meta property=\"og:title\" content=\"Bedrijfsseminars - Seasonova\" \/>\n<meta property=\"og:description\" content=\"ORGANISEER EEN SEMINAR Zoek je een locatie voor je volgende bedrijfsseminar? Ver weg van de gebruikelijke vergaderzalen geniet je hier van een natuurlijke omgeving die de concentratie bevordert en van recreatieve [...]\" \/>\n<meta property=\"og:url\" content=\"https:\/\/vacances-seasonova.com\/nl\/vakantiewoningen-in-frankrijk\/bedrijfsseminars\/\" \/>\n<meta property=\"og:site_name\" content=\"Seasonova\" \/>\n<meta property=\"article:modified_time\" content=\"2025-08-28T14:57:09+00:00\" \/>\n<meta property=\"og:image\" content=\"https:\/\/vacances-seasonova.com\/wp-content\/uploads\/2018\/07\/bannierese\u0301minaire-3.png\" \/>\n\t<meta property=\"og:image:width\" content=\"2000\" \/>\n\t<meta property=\"og:image:height\" content=\"600\" \/>\n\t<meta property=\"og:image:type\" content=\"image\/png\" \/>\n<meta name=\"twitter:card\" content=\"summary\" \/>\n<meta name=\"twitter:label1\" content=\"Geschatte leestijd\" \/>\n\t<meta name=\"twitter:data1\" content=\"6 minuten\" \/>\n<script type=\"application\/ld+json\" class=\"yoast-schema-graph\">{\"@context\":\"https:\/\/schema.org\",\"@graph\":[{\"@type\":\"WebSite\",\"@id\":\"https:\/\/vacances-seasonova.com\/fr\/#website\",\"url\":\"https:\/\/vacances-seasonova.com\/fr\/\",\"name\":\"Seasonova\",\"description\":\"\",\"potentialAction\":[{\"@type\":\"SearchAction\",\"target\":{\"@type\":\"EntryPoint\",\"urlTemplate\":\"https:\/\/vacances-seasonova.com\/fr\/?s={search_term_string}\"},\"query-input\":\"required name=search_term_string\"}],\"inLanguage\":\"nl\"},{\"@type\":\"ImageObject\",\"@id\":\"https:\/\/vacances-seasonova.com\/nl\/vakantiewoningen-in-frankrijk\/bedrijfsseminars\/#primaryimage\",\"inLanguage\":\"nl\",\"url\":\"https:\/\/vacances-seasonova.com\/wp-content\/uploads\/2018\/07\/bannierese\u0301minaire-3.png\",\"contentUrl\":\"https:\/\/vacances-seasonova.com\/wp-content\/uploads\/2018\/07\/bannierese\u0301minaire-3.png\",\"width\":2000,\"height\":600,\"caption\":\"organiser un s\u00e9minaire camping seasonova colloque location de salle r\u00e9ception \u00e9v\u00e8nement\"},{\"@type\":\"WebPage\",\"@id\":\"https:\/\/vacances-seasonova.com\/nl\/vakantiewoningen-in-frankrijk\/bedrijfsseminars\/#webpage\",\"url\":\"https:\/\/vacances-seasonova.com\/nl\/vakantiewoningen-in-frankrijk\/bedrijfsseminars\/\",\"name\":\"Bedrijfsseminars - Seasonova\",\"isPartOf\":{\"@id\":\"https:\/\/vacances-seasonova.com\/fr\/#website\"},\"primaryImageOfPage\":{\"@id\":\"https:\/\/vacances-seasonova.com\/nl\/vakantiewoningen-in-frankrijk\/bedrijfsseminars\/#primaryimage\"},\"datePublished\":\"2018-07-16T13:17:30+00:00\",\"dateModified\":\"2025-08-28T14:57:09+00:00\",\"breadcrumb\":{\"@id\":\"https:\/\/vacances-seasonova.com\/nl\/vakantiewoningen-in-frankrijk\/bedrijfsseminars\/#breadcrumb\"},\"inLanguage\":\"nl\",\"potentialAction\":[{\"@type\":\"ReadAction\",\"target\":[\"https:\/\/vacances-seasonova.com\/nl\/vakantiewoningen-in-frankrijk\/bedrijfsseminars\/\"]}]},{\"@type\":\"BreadcrumbList\",\"@id\":\"https:\/\/vacances-seasonova.com\/nl\/vakantiewoningen-in-frankrijk\/bedrijfsseminars\/#breadcrumb\",\"itemListElement\":[{\"@type\":\"ListItem\",\"position\":1,\"name\":\"Accueil\",\"item\":\"https:\/\/vacances-seasonova.com\/nl\/\"},{\"@type\":\"ListItem\",\"position\":2,\"name\":\"Locations de vacances\",\"item\":\"https:\/\/vacances-seasonova.com\/nl\/vakantiewoningen-in-frankrijk\/\"},{\"@type\":\"ListItem\",\"position\":3,\"name\":\"S\u00e9minaires d\u2019Entreprise\"}]}]}<\/script>\n<!-- \/ Yoast SEO plugin. -->","yoast_head_json":{"robots":{"index":"index","follow":"follow","max-snippet":"max-snippet:-1","max-image-preview":"max-image-preview:large","max-video-preview":"max-video-preview:-1"},"canonical":"https:\/\/vacances-seasonova.com\/nl\/vakantiewoningen-in-frankrijk\/bedrijfsseminars\/","og_locale":"nl_NL","og_type":"article","og_title":"Bedrijfsseminars - Seasonova","og_description":"ORGANISEER EEN SEMINAR Zoek je een locatie voor je volgende bedrijfsseminar? Ver weg van de gebruikelijke vergaderzalen geniet je hier van een natuurlijke omgeving die de concentratie bevordert en van recreatieve [...]","og_url":"https:\/\/vacances-seasonova.com\/nl\/vakantiewoningen-in-frankrijk\/bedrijfsseminars\/","og_site_name":"Seasonova","article_modified_time":"2025-08-28T14:57:09+00:00","og_image":[{"width":2000,"height":600,"url":"https:\/\/vacances-seasonova.com\/wp-content\/uploads\/2018\/07\/bannierese\u0301minaire-3.png","type":"image\/png"}],"twitter_card":"summary","twitter_misc":{"Geschatte leestijd":"6 minuten"},"schema":{"@context":"https:\/\/schema.org","@graph":[{"@type":"WebSite","@id":"https:\/\/vacances-seasonova.com\/fr\/#website","url":"https:\/\/vacances-seasonova.com\/fr\/","name":"Seasonova","description":"","potentialAction":[{"@type":"SearchAction","target":{"@type":"EntryPoint","urlTemplate":"https:\/\/vacances-seasonova.com\/fr\/?s={search_term_string}"},"query-input":"required name=search_term_string"}],"inLanguage":"nl"},{"@type":"ImageObject","@id":"https:\/\/vacances-seasonova.com\/nl\/vakantiewoningen-in-frankrijk\/bedrijfsseminars\/#primaryimage","inLanguage":"nl","url":"https:\/\/vacances-seasonova.com\/wp-content\/uploads\/2018\/07\/bannierese\u0301minaire-3.png","contentUrl":"https:\/\/vacances-seasonova.com\/wp-content\/uploads\/2018\/07\/bannierese\u0301minaire-3.png","width":2000,"height":600,"caption":"organiser un s\u00e9minaire camping seasonova colloque location de salle r\u00e9ception \u00e9v\u00e8nement"},{"@type":"WebPage","@id":"https:\/\/vacances-seasonova.com\/nl\/vakantiewoningen-in-frankrijk\/bedrijfsseminars\/#webpage","url":"https:\/\/vacances-seasonova.com\/nl\/vakantiewoningen-in-frankrijk\/bedrijfsseminars\/","name":"Bedrijfsseminars - Seasonova","isPartOf":{"@id":"https:\/\/vacances-seasonova.com\/fr\/#website"},"primaryImageOfPage":{"@id":"https:\/\/vacances-seasonova.com\/nl\/vakantiewoningen-in-frankrijk\/bedrijfsseminars\/#primaryimage"},"datePublished":"2018-07-16T13:17:30+00:00","dateModified":"2025-08-28T14:57:09+00:00","breadcrumb":{"@id":"https:\/\/vacances-seasonova.com\/nl\/vakantiewoningen-in-frankrijk\/bedrijfsseminars\/#breadcrumb"},"inLanguage":"nl","potentialAction":[{"@type":"ReadAction","target":["https:\/\/vacances-seasonova.com\/nl\/vakantiewoningen-in-frankrijk\/bedrijfsseminars\/"]}]},{"@type":"BreadcrumbList","@id":"https:\/\/vacances-seasonova.com\/nl\/vakantiewoningen-in-frankrijk\/bedrijfsseminars\/#breadcrumb","itemListElement":[{"@type":"ListItem","position":1,"name":"Accueil","item":"https:\/\/vacances-seasonova.com\/nl\/"},{"@type":"ListItem","position":2,"name":"Locations de vacances","item":"https:\/\/vacances-seasonova.com\/nl\/vakantiewoningen-in-frankrijk\/"},{"@type":"ListItem","position":3,"name":"S\u00e9minaires d\u2019Entreprise"}]}]}},"_links":{"self":[{"href":"https:\/\/vacances-seasonova.com\/nl\/wp-json\/wp\/v2\/pages\/7531"}],"collection":[{"href":"https:\/\/vacances-seasonova.com\/nl\/wp-json\/wp\/v2\/pages"}],"about":[{"href":"https:\/\/vacances-seasonova.com\/nl\/wp-json\/wp\/v2\/types\/page"}],"author":[{"embeddable":true,"href":"https:\/\/vacances-seasonova.com\/nl\/wp-json\/wp\/v2\/users\/2"}],"replies":[{"embeddable":true,"href":"https:\/\/vacances-seasonova.com\/nl\/wp-json\/wp\/v2\/comments?post=7531"}],"version-history":[{"count":77,"href":"https:\/\/vacances-seasonova.com\/nl\/wp-json\/wp\/v2\/pages\/7531\/revisions"}],"predecessor-version":[{"id":51800,"href":"https:\/\/vacances-seasonova.com\/nl\/wp-json\/wp\/v2\/pages\/7531\/revisions\/51800"}],"up":[{"embeddable":true,"href":"https:\/\/vacances-seasonova.com\/nl\/wp-json\/wp\/v2\/pages\/61"}],"wp:featuredmedia":[{"embeddable":true,"href":"https:\/\/vacances-seasonova.com\/nl\/wp-json\/wp\/v2\/media\/7539"}],"wp:attachment":[{"href":"https:\/\/vacances-seasonova.com\/nl\/wp-json\/wp\/v2\/media?parent=7531"}],"curies":[{"name":"wp","href":"https:\/\/api.w.org\/{rel}","templated":true}]}}