    {"id":85,"date":"2016-09-19T14:16:07","date_gmt":"2016-09-19T13:16:07","guid":{"rendered":"http:\/\/vacances-seasonova.com\/?page_id=85"},"modified":"2025-08-28T16:34:21","modified_gmt":"2025-08-28T14:34:21","slug":"les-espaces-baignades","status":"publish","type":"page","link":"https:\/\/vacances-seasonova.com\/nl\/kampeervakantiein-frankrijk\/campings-met-zwembad-normandie-bretagne-elzas-ile-de-re\/","title":{"rendered":"Campings avec piscine"},"content":{"rendered":"<p><\/p>\n<h2>Ontdek onze heerlijke campings met zwembad in Frankrijk!<\/h2>\n<p style=\"text-align: center;\"><div id=\"metaslider-id-548\" style=\"max-width: 850px;\" class=\"ml-slider-3-61-0 metaslider metaslider-flex metaslider-548 ml-slider ms-theme-default\" role=\"region\" aria-roledescription=\"Slideshow\" aria-label=\"baignade\">\n    <div id=\"metaslider_container_548\">\n        <div id=\"metaslider_548\">\n            <ul aria-live=\"polite\" class=\"slides\">\n                <li style=\"display: block; width: 100%;\" class=\"slide-3521 ms-image \" aria-roledescription=\"slide\" aria-label=\"slide-3521\"><img src=\"https:\/\/vacances-seasonova.com\/wp-content\/uploads\/2017\/07\/Le-Point-Du-Jour-1.png\" height=\"500\" width=\"850\" alt=\"\" class=\"slider-548 slide-3521\" \/><\/li>\n                <li style=\"display: none; width: 100%;\" class=\"slide-3502 ms-image \" aria-roledescription=\"slide\" aria-label=\"slide-3502\"><img src=\"https:\/\/vacances-seasonova.com\/wp-content\/uploads\/2017\/07\/etennemare-1.png\" height=\"500\" width=\"850\" alt=\"\" class=\"slider-548 slide-3502\" \/><\/li>\n                <li style=\"display: none; width: 100%;\" class=\"slide-3500 ms-image \" aria-roledescription=\"slide\" aria-label=\"slide-3500\"><img src=\"https:\/\/vacances-seasonova.com\/wp-content\/uploads\/2017\/07\/lesMouettes-850x500.png\" height=\"500\" width=\"850\" alt=\"\" class=\"slider-548 slide-3500\" \/><\/li>\n                <li style=\"display: none; width: 100%;\" class=\"slide-3509 ms-image \" aria-roledescription=\"slide\" aria-label=\"slide-3509\"><img src=\"https:\/\/vacances-seasonova.com\/wp-content\/uploads\/2017\/07\/portes_alsaces-850x500.png\" height=\"500\" width=\"850\" alt=\"portes_alsaces\" class=\"slider-548 slide-3509\" \/><\/li>\n                <li style=\"display: none; width: 100%;\" class=\"slide-3515 ms-image \" aria-roledescription=\"slide\" aria-label=\"slide-3515\"><img src=\"https:\/\/vacances-seasonova.com\/wp-content\/uploads\/2017\/07\/photo-piscine-decouverte-3-1-scaled-850x500.jpg\" height=\"500\" width=\"850\" alt=\"camping_Les-7-Iles\" class=\"slider-548 slide-3515\" \/><\/li>\n            <\/ul>\n        <\/div>\n        \n    <\/div>\n<\/div><\/p>\n<p>Of je nu met het gezin reist of gewoon wilt ontspannen en afkoelen tijdens warme zomerdagen, de zwembaden bij onze campings in Frankrijk bieden verfrissing en plezier voor alle kampeerders. Van grote, verwarmde zwembaden met glijbanen en watervallen tot rustige, afgelegen zwembaden omringd door groen, er is voor elk wat wils. Geniet van een verfrissende duik, ontspan op een ligstoel aan de rand van het zwembad of speel een spelletje in het water. De zwembaden vormen een welkome toevoeging aan de kampeerervaring in Frankrijk en zorgen voor plezier en verkoeling voor het hele gezin.<\/p>\n<p>Onze bewaakte zwembaden zijn voorzien van een zwemgedeelte, een bubbelbad en een peuterbad voor het plezier van de kleintjes en de rust van de ouders \u2026<\/p>\n<p>Ontdek onze campings met verwarmde zwembaden, voor optimaal comfort het hele seizoen:<\/p>\n<ul>\n<li class=\"p1\">Bij<span class=\"Apple-converted-space\">\u00a0<\/span><a href=\"https:\/\/vacances-seasonova.com\/camping\/camping-le-point-du-jour\/\">Camping Le Point du jour \u00e0 Merville Franceville Plage &#8211; Calvados &#8211; Normandie<\/a><\/li>\n<li class=\"p1\">Bij<span class=\"Apple-converted-space\">\u00a0<\/span><a href=\"https:\/\/vacances-seasonova.com\/camping\/camping-les-mouettes\/\">Camping Les Mouettes \u00e0 Veules les Roses &#8211; Seine maritime &#8211; Normandie<\/a><\/li>\n<li class=\"p1\">Bij <a href=\"https:\/\/vacances-seasonova.com\/camping\/camping-les-portes-dalsace\/\">Camping Les Portes d&#8217;Alsace Camping \u00e0 Saverne &#8211; Bas Rhin &#8211; Alsace<\/a><\/li>\n<li class=\"p1\">Bij<a href=\"https:\/\/vacances-seasonova.com\/camping\/camping-les-plages-de-loire\/\">Camping Les Plages de Loire Camping \u00e0 Rochefort sur Loire Pays de Loire<\/a><\/li>\n<li class=\"p1\">Bij<a href=\"https:\/\/vacances-seasonova.com\/camping\/camping-etennemare\/\">Camping d&#8217;Etennemare \u00e0 Saint Val\u00e9ry en Caux- Seine Maritime &#8211; Normandie<\/a><\/li>\n<li class=\"p1\">Bij <a href=\"https:\/\/vacances-seasonova.com\/camping\/camping-les-7-iles\/\">Camping des 7 Iles \u00e0 Tr\u00e9l\u00e9vern-Bretagne<\/a><\/li>\n<\/ul>\n<h2>Natuurlijk zwemmen in Frankrijk<\/h2>\n<p>Bij verschillende campings van Seasonova is het ook mogelijk om in natuurlijk water te zwemmen. Denk hierbij aan de zee, een meer of een rivier. Geniet van de verkoeling van het water en kies voor een dagje spetteren in natuurlijk water. Laat je meeslepen door de azuurblauwe wateren, voel het zachte zand tussen je tenen en geniet van de verkwikkende golven die over je heen spoelen.<\/p>\n<p>Frankrijk is gezegend met prachtige kustlijnen en biedt kampeerders de mogelijkheid om te genieten van verfrissend zwemmen in de zee. Kies voor een weekend in Normandi\u00eb voor de fijne zandstranden van Merville-Franceville Plage of de kiezelstranden van Veules-les-Roses of Saint-Valery-en-Caux. Onze bewaakte stranden in juli en augustus garanderen plezier voor jong en oud.<\/p>\n<ul>\n<li class=\"p1\">au <a href=\"https:\/\/vacances-seasonova.com\/camping\/camping-le-point-du-jour\/\">Camping de Merville-Franceville, Le point du Jour<\/a> (Calvados)<\/li>\n<li class=\"p1\">au <a href=\"https:\/\/vacances-seasonova.com\/camping\/camping-etennemare\/\">Camping de Saint-Valerie-en-Caux, \u00c9tennemare<\/a> (Seine-Maritime)<\/li>\n<li class=\"p1\">au <a href=\"https:\/\/vacances-seasonova.com\/camping\/camping-les-mouettes\/\">Camping de Veules-les-Roses, Les Mouettes<\/a> (Seine-Maritime)<\/li>\n<\/ul>\n<p><\/p>","protected":false},"excerpt":{"rendered":"<p>Ontdek onze heerlijke campings met zwembad in Frankrijk! Of je nu met het gezin reist of gewoon wilt ontspannen en afkoelen tijdens warme zomerdagen, de zwembaden bij onze campings in Frankrijk bieden verfrissing en plezier [&#8230;]<\/p>\n","protected":false},"author":3,"featured_media":25987,"parent":53,"menu_order":5,"comment_status":"closed","ping_status":"closed","template":"page.php","meta":[],"yoast_head":"<!-- This site is optimized with the Yoast SEO plugin v18.1 - https:\/\/yoast.com\/wordpress\/plugins\/seo\/ -->\n<meta name=\"robots\" content=\"index, follow, max-snippet:-1, max-image-preview:large, max-video-preview:-1\" \/>\n<link rel=\"canonical\" href=\"https:\/\/vacances-seasonova.com\/nl\/kampeervakantiein-frankrijk\/campings-met-zwembad-normandie-bretagne-elzas-ile-de-re\/\" \/>\n<meta property=\"og:locale\" content=\"nl_NL\" \/>\n<meta property=\"og:type\" content=\"article\" \/>\n<meta property=\"og:title\" content=\"Campings met zwembad - Seasonova\" \/>\n<meta property=\"og:description\" content=\"Ontdek onze heerlijke campings met zwembad in Frankrijk! Of je nu met het gezin reist of gewoon wilt ontspannen en afkoelen tijdens warme zomerdagen, de zwembaden bij onze campings in Frankrijk bieden verfrissing en plezier [...]\" \/>\n<meta property=\"og:url\" content=\"https:\/\/vacances-seasonova.com\/nl\/kampeervakantiein-frankrijk\/campings-met-zwembad-normandie-bretagne-elzas-ile-de-re\/\" \/>\n<meta property=\"og:site_name\" content=\"Seasonova\" \/>\n<meta property=\"article:modified_time\" content=\"2025-08-28T14:34:21+00:00\" \/>\n<meta property=\"og:image\" content=\"https:\/\/vacances-seasonova.com\/wp-content\/uploads\/2022\/02\/camping-haliotis_011-scaled.jpg\" \/>\n\t<meta property=\"og:image:width\" content=\"2560\" \/>\n\t<meta property=\"og:image:height\" content=\"1707\" \/>\n\t<meta property=\"og:image:type\" content=\"image\/jpeg\" \/>\n<meta name=\"twitter:card\" content=\"summary\" \/>\n<meta name=\"twitter:label1\" content=\"Geschatte leestijd\" \/>\n\t<meta name=\"twitter:data1\" content=\"6 minuten\" \/>\n<script type=\"application\/ld+json\" class=\"yoast-schema-graph\">{\"@context\":\"https:\/\/schema.org\",\"@graph\":[{\"@type\":\"WebSite\",\"@id\":\"https:\/\/vacances-seasonova.com\/fr\/#website\",\"url\":\"https:\/\/vacances-seasonova.com\/fr\/\",\"name\":\"Seasonova\",\"description\":\"\",\"potentialAction\":[{\"@type\":\"SearchAction\",\"target\":{\"@type\":\"EntryPoint\",\"urlTemplate\":\"https:\/\/vacances-seasonova.com\/fr\/?s={search_term_string}\"},\"query-input\":\"required name=search_term_string\"}],\"inLanguage\":\"nl\"},{\"@type\":\"ImageObject\",\"@id\":\"https:\/\/vacances-seasonova.com\/nl\/kampeervakantiein-frankrijk\/campings-met-zwembad-normandie-bretagne-elzas-ile-de-re\/#primaryimage\",\"inLanguage\":\"nl\",\"url\":\"https:\/\/vacances-seasonova.com\/wp-content\/uploads\/2022\/02\/camping-haliotis_011-scaled.jpg\",\"contentUrl\":\"https:\/\/vacances-seasonova.com\/wp-content\/uploads\/2022\/02\/camping-haliotis_011-scaled.jpg\",\"width\":2560,\"height\":1707},{\"@type\":\"WebPage\",\"@id\":\"https:\/\/vacances-seasonova.com\/nl\/kampeervakantiein-frankrijk\/campings-met-zwembad-normandie-bretagne-elzas-ile-de-re\/#webpage\",\"url\":\"https:\/\/vacances-seasonova.com\/nl\/kampeervakantiein-frankrijk\/campings-met-zwembad-normandie-bretagne-elzas-ile-de-re\/\",\"name\":\"Campings met zwembad - Seasonova\",\"isPartOf\":{\"@id\":\"https:\/\/vacances-seasonova.com\/fr\/#website\"},\"primaryImageOfPage\":{\"@id\":\"https:\/\/vacances-seasonova.com\/nl\/kampeervakantiein-frankrijk\/campings-met-zwembad-normandie-bretagne-elzas-ile-de-re\/#primaryimage\"},\"datePublished\":\"2016-09-19T13:16:07+00:00\",\"dateModified\":\"2025-08-28T14:34:21+00:00\",\"breadcrumb\":{\"@id\":\"https:\/\/vacances-seasonova.com\/nl\/kampeervakantiein-frankrijk\/campings-met-zwembad-normandie-bretagne-elzas-ile-de-re\/#breadcrumb\"},\"inLanguage\":\"nl\",\"potentialAction\":[{\"@type\":\"ReadAction\",\"target\":[\"https:\/\/vacances-seasonova.com\/nl\/kampeervakantiein-frankrijk\/campings-met-zwembad-normandie-bretagne-elzas-ile-de-re\/\"]}]},{\"@type\":\"BreadcrumbList\",\"@id\":\"https:\/\/vacances-seasonova.com\/nl\/kampeervakantiein-frankrijk\/campings-met-zwembad-normandie-bretagne-elzas-ile-de-re\/#breadcrumb\",\"itemListElement\":[{\"@type\":\"ListItem\",\"position\":1,\"name\":\"Accueil\",\"item\":\"https:\/\/vacances-seasonova.com\/nl\/\"},{\"@type\":\"ListItem\",\"position\":2,\"name\":\"Vacances en camping Seasonova\",\"item\":\"https:\/\/vacances-seasonova.com\/nl\/kampeervakantiein-frankrijk\/\"},{\"@type\":\"ListItem\",\"position\":3,\"name\":\"Campings avec piscine\"}]}]}<\/script>\n<!-- \/ Yoast SEO plugin. -->","yoast_head_json":{"robots":{"index":"index","follow":"follow","max-snippet":"max-snippet:-1","max-image-preview":"max-image-preview:large","max-video-preview":"max-video-preview:-1"},"canonical":"https:\/\/vacances-seasonova.com\/nl\/kampeervakantiein-frankrijk\/campings-met-zwembad-normandie-bretagne-elzas-ile-de-re\/","og_locale":"nl_NL","og_type":"article","og_title":"Campings met zwembad - Seasonova","og_description":"Ontdek onze heerlijke campings met zwembad in Frankrijk! Of je nu met het gezin reist of gewoon wilt ontspannen en afkoelen tijdens warme zomerdagen, de zwembaden bij onze campings in Frankrijk bieden verfrissing en plezier [...]","og_url":"https:\/\/vacances-seasonova.com\/nl\/kampeervakantiein-frankrijk\/campings-met-zwembad-normandie-bretagne-elzas-ile-de-re\/","og_site_name":"Seasonova","article_modified_time":"2025-08-28T14:34:21+00:00","og_image":[{"width":2560,"height":1707,"url":"https:\/\/vacances-seasonova.com\/wp-content\/uploads\/2022\/02\/camping-haliotis_011-scaled.jpg","type":"image\/jpeg"}],"twitter_card":"summary","twitter_misc":{"Geschatte leestijd":"6 minuten"},"schema":{"@context":"https:\/\/schema.org","@graph":[{"@type":"WebSite","@id":"https:\/\/vacances-seasonova.com\/fr\/#website","url":"https:\/\/vacances-seasonova.com\/fr\/","name":"Seasonova","description":"","potentialAction":[{"@type":"SearchAction","target":{"@type":"EntryPoint","urlTemplate":"https:\/\/vacances-seasonova.com\/fr\/?s={search_term_string}"},"query-input":"required name=search_term_string"}],"inLanguage":"nl"},{"@type":"ImageObject","@id":"https:\/\/vacances-seasonova.com\/nl\/kampeervakantiein-frankrijk\/campings-met-zwembad-normandie-bretagne-elzas-ile-de-re\/#primaryimage","inLanguage":"nl","url":"https:\/\/vacances-seasonova.com\/wp-content\/uploads\/2022\/02\/camping-haliotis_011-scaled.jpg","contentUrl":"https:\/\/vacances-seasonova.com\/wp-content\/uploads\/2022\/02\/camping-haliotis_011-scaled.jpg","width":2560,"height":1707},{"@type":"WebPage","@id":"https:\/\/vacances-seasonova.com\/nl\/kampeervakantiein-frankrijk\/campings-met-zwembad-normandie-bretagne-elzas-ile-de-re\/#webpage","url":"https:\/\/vacances-seasonova.com\/nl\/kampeervakantiein-frankrijk\/campings-met-zwembad-normandie-bretagne-elzas-ile-de-re\/","name":"Campings met zwembad - Seasonova","isPartOf":{"@id":"https:\/\/vacances-seasonova.com\/fr\/#website"},"primaryImageOfPage":{"@id":"https:\/\/vacances-seasonova.com\/nl\/kampeervakantiein-frankrijk\/campings-met-zwembad-normandie-bretagne-elzas-ile-de-re\/#primaryimage"},"datePublished":"2016-09-19T13:16:07+00:00","dateModified":"2025-08-28T14:34:21+00:00","breadcrumb":{"@id":"https:\/\/vacances-seasonova.com\/nl\/kampeervakantiein-frankrijk\/campings-met-zwembad-normandie-bretagne-elzas-ile-de-re\/#breadcrumb"},"inLanguage":"nl","potentialAction":[{"@type":"ReadAction","target":["https:\/\/vacances-seasonova.com\/nl\/kampeervakantiein-frankrijk\/campings-met-zwembad-normandie-bretagne-elzas-ile-de-re\/"]}]},{"@type":"BreadcrumbList","@id":"https:\/\/vacances-seasonova.com\/nl\/kampeervakantiein-frankrijk\/campings-met-zwembad-normandie-bretagne-elzas-ile-de-re\/#breadcrumb","itemListElement":[{"@type":"ListItem","position":1,"name":"Accueil","item":"https:\/\/vacances-seasonova.com\/nl\/"},{"@type":"ListItem","position":2,"name":"Vacances en camping Seasonova","item":"https:\/\/vacances-seasonova.com\/nl\/kampeervakantiein-frankrijk\/"},{"@type":"ListItem","position":3,"name":"Campings avec piscine"}]}]}},"_links":{"self":[{"href":"https:\/\/vacances-seasonova.com\/nl\/wp-json\/wp\/v2\/pages\/85"}],"collection":[{"href":"https:\/\/vacances-seasonova.com\/nl\/wp-json\/wp\/v2\/pages"}],"about":[{"href":"https:\/\/vacances-seasonova.com\/nl\/wp-json\/wp\/v2\/types\/page"}],"author":[{"embeddable":true,"href":"https:\/\/vacances-seasonova.com\/nl\/wp-json\/wp\/v2\/users\/3"}],"replies":[{"embeddable":true,"href":"https:\/\/vacances-seasonova.com\/nl\/wp-json\/wp\/v2\/comments?post=85"}],"version-history":[{"count":11,"href":"https:\/\/vacances-seasonova.com\/nl\/wp-json\/wp\/v2\/pages\/85\/revisions"}],"predecessor-version":[{"id":51772,"href":"https:\/\/vacances-seasonova.com\/nl\/wp-json\/wp\/v2\/pages\/85\/revisions\/51772"}],"up":[{"embeddable":true,"href":"https:\/\/vacances-seasonova.com\/nl\/wp-json\/wp\/v2\/pages\/53"}],"wp:featuredmedia":[{"embeddable":true,"href":"https:\/\/vacances-seasonova.com\/nl\/wp-json\/wp\/v2\/media\/25987"}],"wp:attachment":[{"href":"https:\/\/vacances-seasonova.com\/nl\/wp-json\/wp\/v2\/media?parent=85"}],"curies":[{"name":"wp","href":"https:\/\/api.w.org\/{rel}","templated":true}]}}