    {"id":9881,"date":"2019-02-27T14:22:51","date_gmt":"2019-02-27T13:22:51","guid":{"rendered":"https:\/\/vacances-seasonova.com\/?page_id=9881"},"modified":"2021-03-30T14:10:18","modified_gmt":"2021-03-30T12:10:18","slug":"formule-privilege-ce","status":"publish","type":"page","link":"https:\/\/vacances-seasonova.com\/nl\/speciale-aanbiedingen-package-seizoensgebonden-aanbiedingen\/","title":{"rendered":"Formule Privil\u00e8ge CE"},"content":{"rendered":"<p class=\"qtranxs-available-languages-message qtranxs-available-languages-message-nl\">Onze verontschuldigingen, dit bericht is alleen beschikbaar in het <a href=\"https:\/\/vacances-seasonova.com\/fr\/wp-json\/wp\/v2\/pages\/9881\" class=\"qtranxs-available-language-link qtranxs-available-language-link-fr\" title=\"Fran\u00e7ais\">Frans<\/a> en <a href=\"https:\/\/vacances-seasonova.com\/de\/wp-json\/wp\/v2\/pages\/9881\" class=\"qtranxs-available-language-link qtranxs-available-language-link-de\" title=\"Deutsch\">Duits<\/a>.<\/p><p><\/p>\n<h3>Sans risque et sans engagement, elle permet d\u2019obtenir des r\u00e9ductions sur tous les campings Seasonova et tout au long de la saison.<\/h3>\n<p>Sur les locatifs :<br \/>\n&#8211; 10% de remise en basse et moyenne saison sur tout s\u00e9jour de 7 nuits minimum<br \/>\n&#8211; 5% de remise en haute saison sur tout s\u00e9jour de 7 nuits minimum<br \/>\n-15% de remise pour toute r\u00e9servation r\u00e9alis\u00e9e avant le 30 mars<\/p>\n<h3>Sur les emplacements \u00ab l\u2019offre Authentik Camp \u00bb<\/h3>\n<p><strong>La formule AUTHENTIK CAMP<\/strong> permet aux campeurs disposant de leur propre mat\u00e9riel<br \/>\n(camping car, caravane, tente\u2026) de b\u00e9n\u00e9ficier d\u2019un tarif unique en basse saison :<br \/>\n<strong>14.00 EUR, 16.00 EUR, 18.00 EUR<\/strong> en fonction des campings.<\/p>\n<p>(Emplacement, 2 personnes, \u00e9lectricit\u00e9, 1 chien) du 1er avril \u00e0 la veille des vacances d\u2019\u00e9t\u00e9<br \/>\net de la derni\u00e8re semaine des vacances d\u2019\u00e9t\u00e9 au 30 octobre.<\/p>\n<p>Recevez en exclusivit\u00e9 nos meilleures offres et bons plans des campings Seasonova.<\/p>\n<h3>Frais de r\u00e9servation offert !<\/h3>\n<p><\/p>","protected":false},"excerpt":{"rendered":"<p>Onze verontschuldigingen, dit bericht is alleen beschikbaar in het Frans en Duits. Sans risque et sans engagement, elle permet d\u2019obtenir des r\u00e9ductions sur tous les campings Seasonova et tout au long de la saison. Sur [&#8230;]<\/p>\n","protected":false},"author":3,"featured_media":52,"parent":0,"menu_order":0,"comment_status":"closed","ping_status":"closed","template":"page-promo.php","meta":[],"yoast_head":"<!-- This site is optimized with the Yoast SEO plugin v18.1 - https:\/\/yoast.com\/wordpress\/plugins\/seo\/ -->\n<meta name=\"robots\" content=\"index, follow, max-snippet:-1, max-image-preview:large, max-video-preview:-1\" \/>\n<link rel=\"canonical\" href=\"https:\/\/vacances-seasonova.com\/nl\/formule-privilege-ce\/\" \/>\n<meta property=\"og:locale\" content=\"nl_NL\" \/>\n<meta property=\"og:type\" content=\"article\" \/>\n<meta property=\"og:title\" content=\"Formule Privil\u00e8ge CE - Seasonova\" \/>\n<meta property=\"og:description\" content=\"Onze verontschuldigingen, dit bericht is alleen beschikbaar in het Frans en Duits. Sans risque et sans engagement, elle permet d\u2019obtenir des r\u00e9ductions sur tous les campings Seasonova et tout au long de la saison. Sur [...]\" \/>\n<meta property=\"og:url\" content=\"https:\/\/vacances-seasonova.com\/fr\/formule-privilege-ce\/\" \/>\n<meta property=\"og:site_name\" content=\"Seasonova\" \/>\n<meta property=\"article:modified_time\" content=\"2021-03-30T12:10:18+00:00\" \/>\n<meta property=\"og:image\" content=\"https:\/\/vacances-seasonova.com\/wp-content\/uploads\/2016\/09\/bg-esprit-seasonova.jpg\" \/>\n\t<meta property=\"og:image:width\" content=\"1480\" \/>\n\t<meta property=\"og:image:height\" content=\"450\" \/>\n\t<meta property=\"og:image:type\" content=\"image\/jpeg\" \/>\n<meta name=\"twitter:card\" content=\"summary\" \/>\n<meta name=\"twitter:label1\" content=\"Geschatte leestijd\" \/>\n\t<meta name=\"twitter:data1\" content=\"1 minuut\" \/>\n<script type=\"application\/ld+json\" class=\"yoast-schema-graph\">{\"@context\":\"https:\/\/schema.org\",\"@graph\":[{\"@type\":\"WebSite\",\"@id\":\"https:\/\/vacances-seasonova.com\/fr\/#website\",\"url\":\"https:\/\/vacances-seasonova.com\/fr\/\",\"name\":\"Seasonova\",\"description\":\"\",\"potentialAction\":[{\"@type\":\"SearchAction\",\"target\":{\"@type\":\"EntryPoint\",\"urlTemplate\":\"https:\/\/vacances-seasonova.com\/fr\/?s={search_term_string}\"},\"query-input\":\"required name=search_term_string\"}],\"inLanguage\":\"nl\"},{\"@type\":\"ImageObject\",\"@id\":\"https:\/\/vacances-seasonova.com\/fr\/formule-privilege-ce\/#primaryimage\",\"inLanguage\":\"nl\",\"url\":\"https:\/\/vacances-seasonova.com\/wp-content\/uploads\/2016\/09\/bg-esprit-seasonova.jpg\",\"contentUrl\":\"https:\/\/vacances-seasonova.com\/wp-content\/uploads\/2016\/09\/bg-esprit-seasonova.jpg\",\"width\":1480,\"height\":450,\"caption\":\"FAQ camping nature Seasonova\"},{\"@type\":\"WebPage\",\"@id\":\"https:\/\/vacances-seasonova.com\/fr\/formule-privilege-ce\/#webpage\",\"url\":\"https:\/\/vacances-seasonova.com\/fr\/formule-privilege-ce\/\",\"name\":\"Formule Privil\u00e8ge CE - Seasonova\",\"isPartOf\":{\"@id\":\"https:\/\/vacances-seasonova.com\/fr\/#website\"},\"primaryImageOfPage\":{\"@id\":\"https:\/\/vacances-seasonova.com\/fr\/formule-privilege-ce\/#primaryimage\"},\"datePublished\":\"2019-02-27T13:22:51+00:00\",\"dateModified\":\"2021-03-30T12:10:18+00:00\",\"breadcrumb\":{\"@id\":\"https:\/\/vacances-seasonova.com\/fr\/formule-privilege-ce\/#breadcrumb\"},\"inLanguage\":\"nl\",\"potentialAction\":[{\"@type\":\"ReadAction\",\"target\":[\"https:\/\/vacances-seasonova.com\/fr\/formule-privilege-ce\/\"]}]},{\"@type\":\"BreadcrumbList\",\"@id\":\"https:\/\/vacances-seasonova.com\/fr\/formule-privilege-ce\/#breadcrumb\",\"itemListElement\":[{\"@type\":\"ListItem\",\"position\":1,\"name\":\"Accueil\",\"item\":\"https:\/\/vacances-seasonova.com\/nl\/\"},{\"@type\":\"ListItem\",\"position\":2,\"name\":\"Formule Privil\u00e8ge CE\"}]}]}<\/script>\n<!-- \/ Yoast SEO plugin. -->","yoast_head_json":{"robots":{"index":"index","follow":"follow","max-snippet":"max-snippet:-1","max-image-preview":"max-image-preview:large","max-video-preview":"max-video-preview:-1"},"canonical":"https:\/\/vacances-seasonova.com\/nl\/formule-privilege-ce\/","og_locale":"nl_NL","og_type":"article","og_title":"Formule Privil\u00e8ge CE - Seasonova","og_description":"Onze verontschuldigingen, dit bericht is alleen beschikbaar in het Frans en Duits. Sans risque et sans engagement, elle permet d\u2019obtenir des r\u00e9ductions sur tous les campings Seasonova et tout au long de la saison. Sur [...]","og_url":"https:\/\/vacances-seasonova.com\/fr\/formule-privilege-ce\/","og_site_name":"Seasonova","article_modified_time":"2021-03-30T12:10:18+00:00","og_image":[{"width":1480,"height":450,"url":"https:\/\/vacances-seasonova.com\/wp-content\/uploads\/2016\/09\/bg-esprit-seasonova.jpg","type":"image\/jpeg"}],"twitter_card":"summary","twitter_misc":{"Geschatte leestijd":"1 minuut"},"schema":{"@context":"https:\/\/schema.org","@graph":[{"@type":"WebSite","@id":"https:\/\/vacances-seasonova.com\/fr\/#website","url":"https:\/\/vacances-seasonova.com\/fr\/","name":"Seasonova","description":"","potentialAction":[{"@type":"SearchAction","target":{"@type":"EntryPoint","urlTemplate":"https:\/\/vacances-seasonova.com\/fr\/?s={search_term_string}"},"query-input":"required name=search_term_string"}],"inLanguage":"nl"},{"@type":"ImageObject","@id":"https:\/\/vacances-seasonova.com\/fr\/formule-privilege-ce\/#primaryimage","inLanguage":"nl","url":"https:\/\/vacances-seasonova.com\/wp-content\/uploads\/2016\/09\/bg-esprit-seasonova.jpg","contentUrl":"https:\/\/vacances-seasonova.com\/wp-content\/uploads\/2016\/09\/bg-esprit-seasonova.jpg","width":1480,"height":450,"caption":"FAQ camping nature Seasonova"},{"@type":"WebPage","@id":"https:\/\/vacances-seasonova.com\/fr\/formule-privilege-ce\/#webpage","url":"https:\/\/vacances-seasonova.com\/fr\/formule-privilege-ce\/","name":"Formule Privil\u00e8ge CE - Seasonova","isPartOf":{"@id":"https:\/\/vacances-seasonova.com\/fr\/#website"},"primaryImageOfPage":{"@id":"https:\/\/vacances-seasonova.com\/fr\/formule-privilege-ce\/#primaryimage"},"datePublished":"2019-02-27T13:22:51+00:00","dateModified":"2021-03-30T12:10:18+00:00","breadcrumb":{"@id":"https:\/\/vacances-seasonova.com\/fr\/formule-privilege-ce\/#breadcrumb"},"inLanguage":"nl","potentialAction":[{"@type":"ReadAction","target":["https:\/\/vacances-seasonova.com\/fr\/formule-privilege-ce\/"]}]},{"@type":"BreadcrumbList","@id":"https:\/\/vacances-seasonova.com\/fr\/formule-privilege-ce\/#breadcrumb","itemListElement":[{"@type":"ListItem","position":1,"name":"Accueil","item":"https:\/\/vacances-seasonova.com\/nl\/"},{"@type":"ListItem","position":2,"name":"Formule Privil\u00e8ge CE"}]}]}},"_links":{"self":[{"href":"https:\/\/vacances-seasonova.com\/nl\/wp-json\/wp\/v2\/pages\/9881"}],"collection":[{"href":"https:\/\/vacances-seasonova.com\/nl\/wp-json\/wp\/v2\/pages"}],"about":[{"href":"https:\/\/vacances-seasonova.com\/nl\/wp-json\/wp\/v2\/types\/page"}],"author":[{"embeddable":true,"href":"https:\/\/vacances-seasonova.com\/nl\/wp-json\/wp\/v2\/users\/3"}],"replies":[{"embeddable":true,"href":"https:\/\/vacances-seasonova.com\/nl\/wp-json\/wp\/v2\/comments?post=9881"}],"version-history":[{"count":0,"href":"https:\/\/vacances-seasonova.com\/nl\/wp-json\/wp\/v2\/pages\/9881\/revisions"}],"wp:featuredmedia":[{"embeddable":true,"href":"https:\/\/vacances-seasonova.com\/nl\/wp-json\/wp\/v2\/media\/52"}],"wp:attachment":[{"href":"https:\/\/vacances-seasonova.com\/nl\/wp-json\/wp\/v2\/media?parent=9881"}],"curies":[{"name":"wp","href":"https:\/\/api.w.org\/{rel}","templated":true}]}}